{"id":12274,"date":"2023-05-30T15:47:24","date_gmt":"2023-05-30T13:47:24","guid":{"rendered":"https:\/\/antiquewhite-gerbil-448984.hostingersite.com\/?post_type=product&#038;p=12274"},"modified":"2023-05-31T16:49:04","modified_gmt":"2023-05-31T14:49:04","slug":"poele-a-granules-ventile-canalisable-evacalor-beatrice-15-kw","status":"publish","type":"product","link":"https:\/\/troncybois.com\/?product=poele-a-granules-ventile-canalisable-evacalor-beatrice-15-kw","title":{"rendered":"Po\u00eale \u00e0 granules ventil\u00e9 canalisable &#8211; EVACALOR Beatrice 15 kW"},"content":{"rendered":"<div class=\"fiche-produit\">\n<p><strong>Le po\u00eale \u00e0 granules pas cher ventil\u00e9 Beatrice 15 kW <\/strong>de la marque<strong> EVA CALOR<\/strong> peut chauffer une pi\u00e8ce jusqu&rsquo;\u00e0 300 m3. Avec son r\u00e9servoir d&rsquo;une capacit\u00e9 de 15kg, ce <strong>po\u00eale \u00e0 pellets canalisable<\/strong> permet de chauffer une ou plusieurs pi\u00e8ces en plus de l\u00e0 o\u00f9 est install\u00e9 l&rsquo;appareil pour en faire b\u00e9n\u00e9ficier tout l&rsquo;habitat. Pour plus de facilit\u00e9 au niveau des r\u00e9glages et de la programmation de votre appareil de chauffage, vous retrouverez en option, le module Wifi compatible avec ce mod\u00e8le.<\/p>\n<h2>Informations cl\u00e9s sur le Po\u00eale \u00e0 granules ventil\u00e9 canalisable &#8211; EVA CALOR Beatrice 15 kW<\/h2>\n<ul>\n<li>Rev\u00eatement en pierre<\/li>\n<li>Porte en verre s\u00e9rigraphi\u00e9 noir<\/li>\n<li>Ventilation frontale<\/li>\n<li>Brasier en acier inox<\/li>\n<li>5 puissances de fonctionnement<\/li>\n<li>Chambre de combustion en fonte<\/li>\n<li>Tiroir \u00e0 cendres amovible<\/li>\n<li>Poign\u00e9e amovible<\/li>\n<li>Pr\u00e9disposition pour thermostat ext\u00e9rieur<\/li>\n<li>Thermostat de s\u00e9curit\u00e9<\/li>\n<li>Pressostat de s\u00e9curit\u00e9<\/li>\n<li>Double ventilation<\/li>\n<li>Chrono-thermostat<\/li>\n<li>\u00c9vacuation des fum\u00e9es : Arri\u00e8re<\/li>\n<li>T\u00e9l\u00e9commande\u00a0: OPTION<\/li>\n<li>Module Wifi\u00a0: OPTION<\/li>\n<\/ul>\n<h2>Caract\u00e9ristiques techniques du Po\u00eale \u00e0 granules ventil\u00e9 canalisable &#8211; EVA CALOR Beatrice 15 kW<\/h2>\n<ul>\n<li>Puissance brul\u00e9e : Pmax 15,4 kW \/ Pmin 4,2 kW<\/li>\n<li>Puissance nominale : Pmax 14,0 kW \/ Pmin 4 kW<\/li>\n<li>Rendement : Pmax 88,4% \/ Pmin 95%<\/li>\n<li>CO \u00e9missions \u00e0 13% O2: Pmax 0,014% \u2013 Pmin 0,023%<\/li>\n<li>Consommation : de 0.9 \u00e0 3.4 kg\/h<\/li>\n<li>Capacit\u00e9 du r\u00e9servoir : 22 kg<\/li>\n<li>Volume de chauffe : de 240 \u00e0 320 m3<\/li>\n<li>Distance minimale des surfaces inflammables : c\u00f4t\u00e9 30cm \/ arri\u00e8re 20cm \/ avant 100cm<\/li>\n<li>Tension \/ Fr\u00e9quence: 230 V \/ 50 Hz<\/li>\n<li>Puissance nominale \u00e9lectrique: 340 W<\/li>\n<li>Dimensions : L 562 x P 555 x H 1172 mm<\/li>\n<li>Poids : 191 kg<\/li>\n<li>Diam\u00e8tre sortie des fum\u00e9es : 80mm<\/li>\n<li>Diam\u00e8tre sortie canalisable : 80mm<\/li>\n<li>Est conforme aux: EN14785 &#8211; BImSchV II &#8211; 15a B-VG &#8211; LRV\/VKF<\/li>\n<\/ul>\n<h3>Sch\u00e9ma explicatif du Po\u00eale \u00e0 granules ventil\u00e9 canalisable &#8211; EVA CALOR Beatrice 15 kW<\/h3>\n<p><img fetchpriority=\"high\" decoding=\"async\" src=\"https:\/\/www.poelediscount.com\/img\/cms\/beatrice.png\" alt=\"\" width=\"618\" height=\"480\" \/><\/p>\n<h3>Mode de fonctionnement du <strong>po\u00eale \u00e0 pellets ventil\u00e9 canalisable &#8211; EVA CALOR Beatrice 15 kW<\/strong><\/h3>\n<ul>\n<li>Le syst\u00e8me <span style=\"text-decoration: underline;\">Eco-Stop (StandBy)<\/span> qui permet au <strong>po\u00eale \u00e0 granul\u00e9s<\/strong> de s&rsquo;\u00e9teindre une fois la temp\u00e9rature souhait\u00e9e atteinte et de red\u00e9marrer lorsque celle ci aura diminuer.<\/li>\n<li>Le syst\u00e8me <span style=\"text-decoration: underline;\">Modulation<\/span> qui permet au <strong>po\u00eale \u00e0 granules<\/strong> de fonctionner en continu afin d&rsquo;\u00e9viter les red\u00e9marrages, lorsque la temp\u00e9rature demand\u00e9e est atteinte celui ci va se r\u00e9guler automatiquement afin de diminuer sa puissance au minimum tout en maintenant la temp\u00e9rature.<\/li>\n<li>Le syst\u00e8me <span style=\"text-decoration: underline;\">Programmable<\/span> permettant de d\u00e9marrer et d&rsquo;\u00e9teindre le <strong>po\u00eale<\/strong> \u00e0 un moment pr\u00e9cis de la journ\u00e9e.<\/li>\n<\/ul>\n<p>Il faut savoir que tout les modes peuvent fonctionner ensemble, en m\u00eame temps.<\/p>\n<h3>Les diff\u00e9rents syst\u00e8mes du <strong>po\u00eale \u00e0 granul\u00e9s ventil\u00e9 canalisable &#8211; EVA CALOR Beatrice 15 kW<\/strong><\/h3>\n<p><span style=\"text-decoration: underline;\">ECODESIGN 2022<\/span> : Ce produit r\u00e9pond aux crit\u00e8res du label Ecodesign 2022 qui \u00e9tablit les normes d&rsquo;un projet \u00e9co-compatible, ses m\u00e9thodes de calculs et d&rsquo;\u00e9valuation dans le but de r\u00e9duire les \u00e9missions dans l&rsquo;atmosph\u00e8re.<\/p>\n<p><span style=\"text-decoration: underline;\">CLASSIFICATION ENVIRONNEMENTALE<\/span> : Le produit est conforme aux normatives environnementales les plus strictes et classifi\u00e9 5 \u00e9toiles.<\/p>\n<p><span style=\"text-decoration: underline;\">SHU<\/span> : Le symbole SHU indique que le po\u00eale est pourvu d\u2019une poign\u00e9e amovible. C\u2019est une pr\u00e9caution de s\u00e9curit\u00e9 pour \u00e9viter l\u2019ouverture accidentelle et\/ou involontaire de la porte du foyer.<\/p>\n<p><strong>A propos du fabricant :<\/strong> La marque italienne Eva Cal\u00f2r est une entreprise qui produit dans ses propres usines une ligne compl\u00e8te de produits pour la production de chaleur r\u00e9alis\u00e9e par du personnel dot\u00e9 d\u2019une grande exp\u00e9rience. Cela garantit une qualit\u00e9 du produit excellente et certifi\u00e9e, avec des po\u00eales extr\u00eamement fiables et silencieux.<\/p>\n<\/div>\n<p>&nbsp;<\/p>\n<div>\n<p><strong><u>Garantie<\/u>\u00a0:\u00a0<\/strong>Nous vous rappelons que pour la garantie, l&rsquo;installation doit \u00eatre conforme au mode d&#8217;emploi (pr\u00e9conisation du fabricant) et doit respecter les normes en vigueur du pays, pour la France DTU 24.1 ou 24.2.<br \/>\nDe plus, comme pour tous les po\u00eales \u00e0 granul\u00e9s, les appareils sont \u00e0 r\u00e9gler en fonction du tirage naturel de l&rsquo;installation choisie.<\/p>\n<\/div>\n<div class=\"row\" style=\"padding-top: 20px;\">\n<div class=\"col-xs-12 col-sm-12 col-md-12 col-lg-4\" style=\"text-align: center; padding: 15px 2px 25px 2px;\">Questions fr\u00e9quentes<\/div>\n<div class=\"col-xs-12 col-sm-12 col-md-12 col-lg-4\" style=\"text-align: center; padding: 15px 2px 25px 2px;\">Quelle puissance choisir ?<\/div>\n<div class=\"col-xs-12 col-sm-12 col-md-12 col-lg-4\" style=\"text-align: center; padding: 15px 2px 25px 2px;\">Livraison<\/div>\n<\/div>\n","protected":false},"excerpt":{"rendered":"<p id=\"product_reference\"><label>R\u00e9f\u00e9rence<\/label><\/p>\n<p><span class=\"editable\">648400<\/span><\/p>\n<p id=\"product_condition\"><label>\u00c9tat : <\/label><br \/>\n<span class=\"editable\">Neuf<\/span><\/p>\n<p id=\"product_ean13\"><label>Ean13: <\/label><br \/>\n8029728636034<\/p>\n<div id=\"short_description_block\">\n<div id=\"short_description_content\" class=\"rte align_justify\">\n<ul>\n<li>Marque : EVACALOR<\/li>\n<li>Garantie 2 ans pi\u00e8ces<\/li>\n<li>Fabriqu\u00e9 en Italie<\/li>\n<li>Programmable &#8211; Eco-stop (StandBy)<\/li>\n<li>Non \u00e9tanche : Zone 1<\/li>\n<li>EcoDesign 2022<\/li>\n<li>\u00c9quivalence flamme verte 7*<\/li>\n<\/ul>\n<p><strong><span style=\"color: #218e53;\">D\u00e9lai de disponibilit\u00e9 : 5 \u00e0 12 jours<\/span><\/strong><\/p>\n<p><span style=\"text-decoration: underline;\"><strong>LIVRAISON GRATUITE<\/strong><\/span> (Partout en Europe)<\/p>\n<\/div>\n<\/div>\n","protected":false},"featured_media":12311,"comment_status":"open","ping_status":"closed","template":"","meta":[],"product_brand":[],"product_cat":[113],"product_tag":[],"class_list":{"0":"post-12274","1":"product","2":"type-product","3":"status-publish","4":"has-post-thumbnail","6":"product_cat-poeles-granules","8":"first","9":"instock","10":"sale","11":"purchasable","12":"product-type-simple"},"jetpack_sharing_enabled":true,"_links":{"self":[{"href":"https:\/\/troncybois.com\/index.php?rest_route=\/wp\/v2\/product\/12274","targetHints":{"allow":["GET"]}}],"collection":[{"href":"https:\/\/troncybois.com\/index.php?rest_route=\/wp\/v2\/product"}],"about":[{"href":"https:\/\/troncybois.com\/index.php?rest_route=\/wp\/v2\/types\/product"}],"replies":[{"embeddable":true,"href":"https:\/\/troncybois.com\/index.php?rest_route=%2Fwp%2Fv2%2Fcomments&post=12274"}],"version-history":[{"count":1,"href":"https:\/\/troncybois.com\/index.php?rest_route=\/wp\/v2\/product\/12274\/revisions"}],"predecessor-version":[{"id":12315,"href":"https:\/\/troncybois.com\/index.php?rest_route=\/wp\/v2\/product\/12274\/revisions\/12315"}],"wp:featuredmedia":[{"embeddable":true,"href":"https:\/\/troncybois.com\/index.php?rest_route=\/wp\/v2\/media\/12311"}],"wp:attachment":[{"href":"https:\/\/troncybois.com\/index.php?rest_route=%2Fwp%2Fv2%2Fmedia&parent=12274"}],"wp:term":[{"taxonomy":"product_brand","embeddable":true,"href":"https:\/\/troncybois.com\/index.php?rest_route=%2Fwp%2Fv2%2Fproduct_brand&post=12274"},{"taxonomy":"product_cat","embeddable":true,"href":"https:\/\/troncybois.com\/index.php?rest_route=%2Fwp%2Fv2%2Fproduct_cat&post=12274"},{"taxonomy":"product_tag","embeddable":true,"href":"https:\/\/troncybois.com\/index.php?rest_route=%2Fwp%2Fv2%2Fproduct_tag&post=12274"}],"curies":[{"name":"wp","href":"https:\/\/api.w.org\/{rel}","templated":true}]}}