{"id":12156,"date":"2023-05-30T15:45:17","date_gmt":"2023-05-30T13:45:17","guid":{"rendered":"https:\/\/antiquewhite-gerbil-448984.hostingersite.com\/?post_type=product&#038;p=12156"},"modified":"2024-06-07T16:01:48","modified_gmt":"2024-06-07T14:01:48","slug":"evacalor-frida-17-5-kw-poele-a-granules-hydraulique-2","status":"publish","type":"product","link":"https:\/\/troncybois.com\/?product=evacalor-frida-17-5-kw-poele-a-granules-hydraulique-2","title":{"rendered":"EVACALOR Frida 17.5 kw &#8211; Po\u00eale \u00e0 granules hydraulique"},"content":{"rendered":"<div class=\"fiche-produit\">\n<h4 class=\"titolo_h4 brevetesto_scheda_prodotto\">Sobri\u00e9t\u00e9 et efficacit\u00e9<\/h4>\n<p>Le mod\u00e8le Frida est un po\u00eale 17.5kW qui, gr\u00e2ce \u00e0 sa ligne sobre et ses dimensions r\u00e9duites, d\u00e9vient un \u00e9l\u00e9ment de d\u00e9coration discret. Gr\u00e2ce \u00e0 un petit ventilateur \u00e0 bord, il permet de chauffer tr\u00e8s rapidement la pi\u00e8ce o\u00f9 il est install\u00e9.<\/p>\n<p><!--StartFragment-->R\u00e9serve de pellet de 23 kg<br \/>\n5 puissances de fonctionnement<br \/>\nAfficheur avec menu dans 6 langues<br \/>\nTiroir \u00e0 cendres amovible pour r\u00e9cup\u00e9ration de cendres<br \/>\nPoign\u00e9e amovible<br \/>\nT\u00e9l\u00e9commande fournie<br \/>\nThermostat de s\u00e9curit\u00e9<br \/>\nPr\u00e9disposition pour thermostat ext\u00e9rieur<br \/>\nPressostat de s\u00e9curit\u00e9<br \/>\nSoupape de s\u00e9curit\u00e9 3 Bars<br \/>\nChrono thermostat<br \/>\nPompe de circulation<br \/>\nVase d\u2019expansion<br \/>\nVanne de s\u00e9curit\u00e9<!--EndFragment--><\/p>\n<p><!--StartFragment--><br \/>\n<!--EndFragment--><\/p>\n<p style=\"text-align: center;\"><strong><!--StartFragment-->Puissance brul\u00e9e :\u00a0 max 17,5 kW \u2013 min 4,5 kW<br \/>\nPuissance nominale : max 16 kW \u2013 min 4 kW<br \/>\nPuissance \u00e0 l\u2019eau : max 13 kW \u2013 min 2,5 kW<br \/>\nRendement : Pmax 91,5% \u2013 Pmin 95,5%<br \/>\nCO \u00e9missions \u00e0 13% O2 : Pmax 0,008% \u2013 Pmin 0,007%<br \/>\nConsommation de pellets : max 3,7 kg\/h \u2013 min 0,9 kg\/h<br \/>\nCapacit\u00e9 du r\u00e9servoir : 23 kg<br \/>\nVolume de chauffe : 250 \u2013 350 m3<br \/>\nDistance minimale des surfaces inflammables : c\u00f4t\u00e9: 20 cm &#8211; arri\u00e8re : 20 cm &#8211; avant : 100 cm<br \/>\nTension \/ Fr\u00e9quence : 230 V \/ 50 Hz<br \/>\nPuissance nominale \u00e9lectrique : 450 W<br \/>\nDimensions : L 48,4 x P 55,3 x H 105,3 cm<br \/>\nPoids : 130 kg<br \/>\nChambre de combustion en acier<br \/>\nFoyer en acier inox<br \/>\nConforme aux normes : EN14785 &#8211; BImSchV II &#8211; 15a B-VG &#8211; LRV\/VKF &#8211; BAFA<br \/>\nT\u00e9l\u00e9commande : Incluse<br \/>\nModule WIFI pour la t\u00e9l\u00e9commande : En option<br \/>\nTiroir amovible pour la r\u00e9cup\u00e9ration des cendres<br \/>\n\u00c9vacuation des fum\u00e9es : Arri\u00e8re<!--EndFragment--><br \/>\n<\/strong><\/p>\n<p style=\"text-align: center;\"><img decoding=\"async\" class=\"imageFloatLeft\" src=\"https:\/\/cdn2.poelediscount.com\/2057-thickbox_default\/evacalor-frida-175-kw-poele-a-granules-hydraulique.jpg\" alt=\"\" \/><\/p>\n<\/div>\n<p>&nbsp;<\/p>\n<div>\n<p><strong><u>Garantie<\/u>\u00a0:\u00a0<\/strong>Nous vous rappelons que pour la garantie, l&rsquo;installation doit \u00eatre conforme au mode d&#8217;emploi (pr\u00e9conisation du fabricant) et doit respecter les normes en vigueur du pays, pour la France DTU 24.1 ou 24.2.<br \/>\nDe plus, comme pour tous les po\u00eales \u00e0 granul\u00e9s, les appareils sont \u00e0 r\u00e9gler en fonction du tirage naturel de l&rsquo;installation choisie.<\/p>\n<\/div>\n<div class=\"row\" style=\"padding-top: 20px;\">\n<div class=\"col-xs-12 col-sm-12 col-md-12 col-lg-4\" style=\"text-align: center; padding: 15px 2px 25px 2px;\">Questions fr\u00e9quentes<\/div>\n<div class=\"col-xs-12 col-sm-12 col-md-12 col-lg-4\" style=\"text-align: center; padding: 15px 2px 25px 2px;\">Quelle puissance choisir ?<\/div>\n<div class=\"col-xs-12 col-sm-12 col-md-12 col-lg-4\" style=\"text-align: center; padding: 15px 2px 25px 2px;\">Livraison<\/div>\n<\/div>\n","protected":false},"excerpt":{"rendered":"<p>PO\u00caLES \u00c0 GRANULES CHAUFFAGE CENTRAL,<\/p>\n<p id=\"product_reference\"><label>R\u00e9f\u00e9rence <\/label><br \/>\n<span class=\"editable\">901680300<\/span><\/p>\n<p id=\"product_condition\"><label>\u00c9tat : <\/label><br \/>\n<span class=\"editable\">Neuf<\/span><\/p>\n<p id=\"product_ean13\"><label>Ean13: <\/label><br \/>\n8029728008411<\/p>\n<div id=\"short_description_block\">\n<div id=\"short_description_content\" class=\"rte align_justify\">\n<p>Po\u00eale \u00e0 granules hydraulique <strong>EVACALOR Frida 17.5 kw<\/strong><\/p>\n<p><!--StartFragment--><\/p>\n<p><strong><strong>Garantie : 2 ans pi\u00e8ces<\/strong><\/strong><\/p>\n<p><!--EndFragment--><\/p>\n<p><!--StartFragment--><\/p>\n<p><strong><span style=\"color: #218e53;\">D\u00e9lai de disponibilit\u00e9 : 3-4\u00a0\u00a0jours ouvr\u00e9s\u00a0<\/span><\/strong><\/p>\n<p><strong><strong><strong><strong><strong><span style=\"text-decoration: underline;\"><strong><strong><strong><strong><strong><strong><strong><span style=\"text-decoration: underline;\">LIVRAISON COMPRISE<\/span><\/strong><\/strong><\/strong><\/strong><\/strong> (Uniquement en France )<\/strong><\/strong><\/span><\/strong><\/strong><\/strong><\/strong><\/strong><\/p>\n<\/div>\n<\/div>\n","protected":false},"featured_media":10120,"comment_status":"open","ping_status":"closed","template":"","meta":[],"product_brand":[],"product_cat":[113],"product_tag":[],"class_list":{"0":"post-12156","1":"product","2":"type-product","3":"status-publish","4":"has-post-thumbnail","6":"product_cat-poeles-granules","8":"first","9":"instock","10":"sale","11":"purchasable","12":"product-type-simple"},"jetpack_sharing_enabled":true,"_links":{"self":[{"href":"https:\/\/troncybois.com\/index.php?rest_route=\/wp\/v2\/product\/12156","targetHints":{"allow":["GET"]}}],"collection":[{"href":"https:\/\/troncybois.com\/index.php?rest_route=\/wp\/v2\/product"}],"about":[{"href":"https:\/\/troncybois.com\/index.php?rest_route=\/wp\/v2\/types\/product"}],"replies":[{"embeddable":true,"href":"https:\/\/troncybois.com\/index.php?rest_route=%2Fwp%2Fv2%2Fcomments&post=12156"}],"version-history":[{"count":3,"href":"https:\/\/troncybois.com\/index.php?rest_route=\/wp\/v2\/product\/12156\/revisions"}],"predecessor-version":[{"id":14267,"href":"https:\/\/troncybois.com\/index.php?rest_route=\/wp\/v2\/product\/12156\/revisions\/14267"}],"wp:featuredmedia":[{"embeddable":true,"href":"https:\/\/troncybois.com\/index.php?rest_route=\/wp\/v2\/media\/10120"}],"wp:attachment":[{"href":"https:\/\/troncybois.com\/index.php?rest_route=%2Fwp%2Fv2%2Fmedia&parent=12156"}],"wp:term":[{"taxonomy":"product_brand","embeddable":true,"href":"https:\/\/troncybois.com\/index.php?rest_route=%2Fwp%2Fv2%2Fproduct_brand&post=12156"},{"taxonomy":"product_cat","embeddable":true,"href":"https:\/\/troncybois.com\/index.php?rest_route=%2Fwp%2Fv2%2Fproduct_cat&post=12156"},{"taxonomy":"product_tag","embeddable":true,"href":"https:\/\/troncybois.com\/index.php?rest_route=%2Fwp%2Fv2%2Fproduct_tag&post=12156"}],"curies":[{"name":"wp","href":"https:\/\/api.w.org\/{rel}","templated":true}]}}