{"id":12098,"date":"2023-05-30T15:44:21","date_gmt":"2023-05-30T13:44:21","guid":{"rendered":"https:\/\/antiquewhite-gerbil-448984.hostingersite.com\/?post_type=product&#038;p=12098"},"modified":"2023-05-31T16:49:07","modified_gmt":"2023-05-31T14:49:07","slug":"poele-a-granules-ceramique-ventile-lincar-monella-930-10-kw","status":"publish","type":"product","link":"https:\/\/troncybois.com\/?product=poele-a-granules-ceramique-ventile-lincar-monella-930-10-kw","title":{"rendered":"Po\u00eale \u00e0 granules c\u00e9ramique ventil\u00e9 &#8211; LINCAR Monella 930 10 kW"},"content":{"rendered":"<div class=\"fiche-produit\">\n<p><strong>Le po\u00eale \u00e0 granules ventil\u00e9 Monella 930<\/strong> de la marque<strong> LINCAR<\/strong> peut chauffer une pi\u00e8ce jusqu&rsquo;\u00e0 253 m3. Avec son <strong>grand r\u00e9servoir \u00e0 pellets<\/strong> d&rsquo;une capacit\u00e9 de 30 kg, ce<strong> po\u00eale \u00e0 granul\u00e9s<\/strong> vous promet une chaleur durable.<\/p>\n<p>Ce <strong>po\u00eale \u00e0 granules ventil\u00e9<\/strong> permet aussi de diminuer la consommation d&rsquo;\u00e9nergie tout en promettant une chaleur durable et confortable. Laissez-vous s\u00e9duire par son design original ! Il poss\u00e8de un ventilateur frontal ce qui permettra de chauffer plus rapidement votre maison.<\/p>\n<p>Retrouvez le m\u00eame mod\u00e8le en version po\u00eale \u00e0 bois : Monella 184N<\/p>\n<h2>Informations cl\u00e9s sur le Po\u00eale \u00e0 granules ventil\u00e9 &#8211; LINCAR Monella 930 10\u00a0 kW<\/h2>\n<ul>\n<li>Rev\u00eatement en fonte et en c\u00e9ramique<\/li>\n<li>Brasier en fonte<\/li>\n<li>Foyer en vermiculite<\/li>\n<li>Syst\u00e8me de nettoyage automatique du brasier<\/li>\n<li>Ventilation frontale<\/li>\n<li>Vitroc\u00e9ramique<\/li>\n<li>Panneau de commande digitale<\/li>\n<li>Sorties des fum\u00e9es : Arri\u00e8re<\/li>\n<\/ul>\n<h2>Caract\u00e9ristiques techniques du Po\u00eale \u00e0 granules ventil\u00e9 &#8211; LINCAR Monella 930 10 kW<\/h2>\n<ul>\n<li>Puissance br\u00fbl\u00e9e : Pmin 3 \/ Pmax 10.4 kW<\/li>\n<li>Puissance nominale :<!--StartFragment--> Pmin 2.8 \/ Pmax 9.6 kW<\/li>\n<li>Rendement : min 91.1 \/ max 92.2 %<\/li>\n<li>Consommation : de 0.5 \u00e0 1.9 kg\/h<\/li>\n<li>Classe \u00e9nerg\u00e9tique : A+<\/li>\n<li>Poids : 180 kg<\/li>\n<li>Volume de chauffe : 253 m3<\/li>\n<li>Capacit\u00e9 du r\u00e9servoir : 30 kg<\/li>\n<li>Diam\u00e8tre sortie des fum\u00e9es : 80 mm<\/li>\n<li>Dimensions : L 660 x P 560 x H 1180 mm<\/li>\n<\/ul>\n<h3>Sch\u00e9ma explicatif du Po\u00eale \u00e0 granules ventil\u00e9 &#8211; LINCAR Monella 930 10 kW<\/h3>\n<p><img fetchpriority=\"high\" decoding=\"async\" src=\"https:\/\/www.poelediscount.com\/img\/cms\/monella930.png\" alt=\"\" width=\"1003\" height=\"381\" \/><\/p>\n<h3>Mode de fonctionnement du <strong>po\u00eale \u00e0 pellets ventil\u00e9 &#8211; LINCAR Monella 930 10 kW<br \/>\n<\/strong><\/h3>\n<ul>\n<li>Le syst\u00e8me <span style=\"text-decoration: underline;\">Eco-Stop (StandBy)<\/span> qui permet au <strong>po\u00eale \u00e0 granul\u00e9s<\/strong> de s&rsquo;\u00e9teindre une fois la temp\u00e9rature souhait\u00e9e atteinte et de red\u00e9marrer lorsque celle ci aura diminuer.<\/li>\n<li>Le syst\u00e8me <span style=\"text-decoration: underline;\">Modulation<\/span> qui permet au <strong>po\u00eale \u00e0 granules<\/strong> de fonctionner en continu afin d&rsquo;\u00e9viter les red\u00e9marrages, lorsque la temp\u00e9rature demand\u00e9e est atteinte celui ci va se r\u00e9guler automatiquement afin de diminuer sa puissance au minimum tout en maintenant la temp\u00e9rature.<\/li>\n<li>Le syst\u00e8me <span style=\"text-decoration: underline;\">Programmable<\/span> permettant de d\u00e9marrer et d&rsquo;\u00e9teindre l&rsquo;appareil de chauffage \u00e0 un moment pr\u00e9cis de la journ\u00e9e.<\/li>\n<\/ul>\n<p>Il faut savoir que tout les modes peuvent fonctionner ensemble, en m\u00eame temps.<\/p>\n<p><strong>A propos du fabricant :<\/strong> Depuis plus de 50 ans, la marque LINCAR r\u00e9alise des produits fiables, de haute technologie. Engag\u00e9e \u00e9cologiquement, cette marque vous propose une large gamme design avec des mat\u00e9riaux innovants, plus respectueux de l&rsquo;environnement en ayant comme point d&rsquo;honneur la s\u00e9curit\u00e9.<\/p>\n<\/div>\n<p>&nbsp;<\/p>\n<div>\n<p><strong><u>Garantie<\/u>\u00a0:\u00a0<\/strong>Nous vous rappelons que pour la garantie, l&rsquo;installation doit \u00eatre conforme au mode d&#8217;emploi (pr\u00e9conisation du fabricant) et doit respecter les normes en vigueur du pays, pour la France DTU 24.1 ou 24.2.<br \/>\nDe plus, comme pour tous les po\u00eales \u00e0 granul\u00e9s, les appareils sont \u00e0 r\u00e9gler en fonction du tirage naturel de l&rsquo;installation choisie.<\/p>\n<\/div>\n<div class=\"row\" style=\"padding-top: 20px;\">\n<div class=\"col-xs-12 col-sm-12 col-md-12 col-lg-4\" style=\"text-align: center; padding: 15px 2px 25px 2px;\">Questions fr\u00e9quentes<\/div>\n<div class=\"col-xs-12 col-sm-12 col-md-12 col-lg-4\" style=\"text-align: center; padding: 15px 2px 25px 2px;\">Quelle puissance choisir ?<\/div>\n<div class=\"col-xs-12 col-sm-12 col-md-12 col-lg-4\" style=\"text-align: center; padding: 15px 2px 25px 2px;\">Livraison<\/div>\n<\/div>\n","protected":false},"excerpt":{"rendered":"<p id=\"product_reference\"><label>R\u00e9f\u00e9rence <\/label><br \/>\n<span class=\"editable\">6321048<\/span><\/p>\n<p id=\"product_condition\"><label>\u00c9tat : <\/label><br \/>\n<span class=\"editable\">Neuf<\/span><\/p>\n<p id=\"product_ean13\"><label>Ean13: <\/label><br \/>\n8020034350188<\/p>\n<div id=\"short_description_block\">\n<div id=\"short_description_content\" class=\"rte align_justify\">\n<ul>\n<li>Marque LINCAR<\/li>\n<li>Garantie 2 ans pi\u00e8ces<\/li>\n<li>Fabriqu\u00e9 en Italie<\/li>\n<li>Programmable &#8211; Eco-stop (StandBy)<\/li>\n<li>Non \u00e9tanche : Zone 1<\/li>\n<li>EcoDesign 2022<\/li>\n<\/ul>\n<p><strong><span style=\"color: #218e53;\">D\u00e9lai de disponibilit\u00e9 : 5 \u00e0 12 jours<\/span><\/strong><\/p>\n<p><span style=\"text-decoration: underline;\"><strong>LIVRAISON GRATUITE<\/strong><\/span> (Partout en Europe)<\/p>\n<p id=\"availability_date\" style=\"display: none;\"><span id=\"availability_label\" style=\"color: #d0121a; font-weight: bold; text-transform: uppercase;\"><u>Disponible le<\/u>\u00a0:<\/span><\/p>\n<\/div>\n<\/div>\n","protected":false},"featured_media":12149,"comment_status":"open","ping_status":"closed","template":"","meta":[],"product_brand":[],"product_cat":[113],"product_tag":[],"class_list":{"0":"post-12098","1":"product","2":"type-product","3":"status-publish","4":"has-post-thumbnail","6":"product_cat-poeles-granules","8":"first","9":"instock","10":"sale","11":"purchasable","12":"product-type-simple"},"jetpack_sharing_enabled":true,"_links":{"self":[{"href":"https:\/\/troncybois.com\/index.php?rest_route=\/wp\/v2\/product\/12098","targetHints":{"allow":["GET"]}}],"collection":[{"href":"https:\/\/troncybois.com\/index.php?rest_route=\/wp\/v2\/product"}],"about":[{"href":"https:\/\/troncybois.com\/index.php?rest_route=\/wp\/v2\/types\/product"}],"replies":[{"embeddable":true,"href":"https:\/\/troncybois.com\/index.php?rest_route=%2Fwp%2Fv2%2Fcomments&post=12098"}],"version-history":[{"count":1,"href":"https:\/\/troncybois.com\/index.php?rest_route=\/wp\/v2\/product\/12098\/revisions"}],"predecessor-version":[{"id":12155,"href":"https:\/\/troncybois.com\/index.php?rest_route=\/wp\/v2\/product\/12098\/revisions\/12155"}],"wp:featuredmedia":[{"embeddable":true,"href":"https:\/\/troncybois.com\/index.php?rest_route=\/wp\/v2\/media\/12149"}],"wp:attachment":[{"href":"https:\/\/troncybois.com\/index.php?rest_route=%2Fwp%2Fv2%2Fmedia&parent=12098"}],"wp:term":[{"taxonomy":"product_brand","embeddable":true,"href":"https:\/\/troncybois.com\/index.php?rest_route=%2Fwp%2Fv2%2Fproduct_brand&post=12098"},{"taxonomy":"product_cat","embeddable":true,"href":"https:\/\/troncybois.com\/index.php?rest_route=%2Fwp%2Fv2%2Fproduct_cat&post=12098"},{"taxonomy":"product_tag","embeddable":true,"href":"https:\/\/troncybois.com\/index.php?rest_route=%2Fwp%2Fv2%2Fproduct_tag&post=12098"}],"curies":[{"name":"wp","href":"https:\/\/api.w.org\/{rel}","templated":true}]}}