{"id":12073,"date":"2023-05-30T15:43:51","date_gmt":"2023-05-30T13:43:51","guid":{"rendered":"https:\/\/antiquewhite-gerbil-448984.hostingersite.com\/?post_type=product&#038;p=12073"},"modified":"2023-05-31T16:49:07","modified_gmt":"2023-05-31T14:49:07","slug":"poele-a-granules-rond-etanche-debrayable-evacalor-trinity-10-5kw","status":"publish","type":"product","link":"https:\/\/troncybois.com\/?product=poele-a-granules-rond-etanche-debrayable-evacalor-trinity-10-5kw","title":{"rendered":"Po\u00eale \u00e0 granules rond \u00e9tanche d\u00e9brayable &#8211; EVACALOR Trinity 10.5kw"},"content":{"rendered":"<div class=\"fiche-produit\">\n<p><strong>Le po\u00eale \u00e0 granules rond \u00e9tanche d\u00e9brayable Trinity 10.5 kW<\/strong> peut devenir silencieux gr\u00e2ce \u00e0 sa fonction<strong> d\u00e9brayable<\/strong> qui permet de le convertir en <strong>po\u00eale \u00e0 granules \u00e0 convection naturelle<\/strong>. Muni d&rsquo;un motor\u00e9ducteur \u00e0 tour continu, le po\u00eale reste silencieux m\u00eame lorsqu&rsquo;il est en mode ventil\u00e9.<br \/>\nCe po\u00eale utilise des <strong>granul\u00e9s de bois<\/strong> comme source d\u2019\u00e9nergie, ce qui permet de chauffer rapidement et rentablement une pi\u00e8ce. Dispos\u00e9 dans le r\u00e9servoir \u00e0 pellets, ce moyen de chauffe permet une combustion plus lente. Gr\u00e2ce \u00e0 son ventilateur int\u00e9gr\u00e9 ce po\u00eale diffuse la chaleur de mani\u00e8re homog\u00e8ne pour une meilleure r\u00e9partition de celle-ci. Cette ventilation permet d\u2019atteindre rapidement la temp\u00e9rature souhait\u00e9e. Ce <strong>po\u00eale \u00e0 granules<\/strong> ventil\u00e9 permet aussi de diminuer la consommation d&rsquo;\u00e9nergie tout en promettant une chaleur durable et confortable.<br \/>\nCe <strong>po\u00eale \u00e0 pellets \u00e9tanche<\/strong> permet une installation dans les zones 1 (sortie 40 cm au dessus du toit), 2 (sortie toiture) ou 3 (sortie fa\u00e7ade, ventouse). Ce po\u00eale r\u00e9cup\u00e8re l&rsquo;air ext\u00e9rieur de l&rsquo;habitation. Ce syst\u00e8me tr\u00e8s performant permet donc de pr\u00e9server la qualit\u00e9 de l&rsquo;air int\u00e9rieur car son \u00e9tanch\u00e9it\u00e9 r\u00e9duit consid\u00e9rablement les \u00e9missions de poussi\u00e8res de combustion. Ainsi, on ne constate aucune d\u00e9perdition de chaleur, ni aucune fuite d&rsquo;air. Les <strong>po\u00eales \u00e0 granul\u00e9s d\u00e9brayable<\/strong> offrent la possibilit\u00e9 de couper la ventilation au besoin pour travailler en convection naturelle c&rsquo;est \u00e0 dire que le combustible est br\u00fbl\u00e9 dans le corps de chauffe du po\u00eale, ce qui entra\u00eene une production de chaleur. Dans la partie inf\u00e9rieure de l&rsquo;appareil, l&rsquo;air frais rentre. Il se r\u00e9chauffe \u00e0 l&rsquo;int\u00e9rieur du po\u00eale et sort par la partie sup\u00e9rieure. Comme l&rsquo;air chaud est plus l\u00e9ger que l&rsquo;air froid, il va naturellement monter dans la pi\u00e8ce et repousser l&rsquo;air froid vers le bas. Il se cr\u00e9e alors une circulation naturelle de l&rsquo;air qui am\u00e8ne cet air froid vers le po\u00eale.<\/p>\n<h2>Informations cl\u00e9s du Po\u00eale \u00e0 granul\u00e9s rond \u00e9tanche d\u00e9brayable &#8211; EVACALOR Trinity 10.5 kw<\/h2>\n<ul>\n<li>Rev\u00eatement en acier de forme cylindrique<\/li>\n<li>Plateau sup\u00e9rieur de 5 mm d\u2019\u00e9paisseur<\/li>\n<li>Convection naturelle avec possibilit\u00e9 d\u2019activer la ventilation forc\u00e9e<\/li>\n<li>Extr\u00eamement silencieux en mode convection naturelle<\/li>\n<li>5 puissances de fonctionnement<\/li>\n<li>EcoStop (StandBy)<\/li>\n<li>Afficheur avec menu dans 6 langues<\/li>\n<li>Chambre de combustion en fonte<\/li>\n<li>Foyer autonettoyant<\/li>\n<li>Syst\u00e8me d\u2019acheminement du pellet qui n\u2019a pas br\u00fbl\u00e9<\/li>\n<li>Combustion autor\u00e9gul\u00e9e avec contr\u00f4le de l\u2019air (DFCS)<\/li>\n<li>Po\u00eale herm\u00e9tique<\/li>\n<li>Fonctionnement continu du moteur de la vis sans fin pour un silence maximal<\/li>\n<li>Tiroir des cendres amovible pour la r\u00e9cup\u00e9ration des cendres dans un compartiment s\u00e9par\u00e9<\/li>\n<li>Poign\u00e9e amovible<\/li>\n<li>Entretien minimis\u00e9<\/li>\n<li>\u00c9vacuation des fum\u00e9es vers le haut &#8211; vers l\u2019arri\u00e8re<\/li>\n<li>Radiocommande fournie<\/li>\n<li>Thermostat de s\u00e9curit\u00e9<\/li>\n<li>Pr\u00e9disposition pour thermostat ext\u00e9rieur<\/li>\n<li>Pressostat de s\u00e9curit\u00e9<\/li>\n<li>Chrono thermostat<\/li>\n<li>Chambre de combustion en fonte<\/li>\n<li>Brasier autonettoyant<\/li>\n<li>Module wifi : En option<\/li>\n<li>Thermostat connect\u00e9 : En option<\/li>\n<li>Kits de fumisterie : En option<\/li>\n<\/ul>\n<h2>Caract\u00e9ristiques techniques du Po\u00eale \u00e0 granul\u00e9s rond \u00e9tanche d\u00e9brayable &#8211; EVACALOR Trinity 10.5 kw<\/h2>\n<ul>\n<li>Puissance brul\u00e9: Pmax 10,5 kW \u2013 Pmin 3,2 kW<\/li>\n<li>Puissance nominale: Pmax 9,0 kW \u2013 Pmin 3,0 kW<\/li>\n<li>Classe d\u2019efficacit\u00e9 \u00e9nerg\u00e9tique: A+<\/li>\n<li>Rendement: Pmax 90,0% \u2013 Pmin 96,0%<\/li>\n<li>CO \u00e9missions \u00e0 13% O2: Pmax 0,008% \u2013 Pmin 0,011%<\/li>\n<li>Consommation de pellets: Pmax 2,2 kg\/h \u2013 Pmin 0,7 kg\/h<\/li>\n<li>Capacit\u00e9 du r\u00e9servoir: 15 kg<\/li>\n<li>Volume de chauffe: de 160 \u00e0 220 m3<\/li>\n<li>Distance minimale des surfaces inflammables: c\u00f4t\u00e9: 30 cm &#8211; arri\u00e8re: 15 cm &#8211; avant: 100 cm<\/li>\n<li>Tension \/ Fr\u00e9quence: 230 V \/ 50 Hz<\/li>\n<li>Puissance nominale \u00e9lectrique: 350 W<\/li>\n<li>Mesures: L 56,2 x P 56,2 x H 112 cm<\/li>\n<li>Poids: 136 kg<\/li>\n<li>Est conforme aux: EN14785 &#8211; BImSchV II &#8211; 15a B-VG &#8211; LRV\/VKF<\/li>\n<\/ul>\n<h3>Sch\u00e9ma technique du Po\u00eale \u00e0 granul\u00e9s rond \u00e9tanche d\u00e9brayable &#8211; EVACALOR Trinity 10.5 kw<\/h3>\n<p><img fetchpriority=\"high\" decoding=\"async\" src=\"https:\/\/www.poelediscount.com\/img\/cms\/Sch%C3%A9ma%20technique\/trinity.png\" alt=\"\" width=\"532\" height=\"377\" \/><\/p>\n<h3>Mode de fonctionnement du <strong>po\u00eale \u00e0 pellets<\/strong> rond \u00e9tanche d\u00e9brayable &#8211; EVA CALOR Trinity 10.5 kw<\/h3>\n<ul>\n<li>Le syst\u00e8me <span style=\"text-decoration: underline;\">Eco-Stop (StandBy)<\/span> qui permet au <strong>po\u00eale \u00e0 granul\u00e9s<\/strong> de s&rsquo;\u00e9teindre une fois la temp\u00e9rature souhait\u00e9e atteinte et de red\u00e9marrer lorsque celle ci aura diminuer.<\/li>\n<li>Le syst\u00e8me <span style=\"text-decoration: underline;\">Modulation<\/span> qui permet au <strong>po\u00eale \u00e0 granules<\/strong> de fonctionner en continu afin d&rsquo;\u00e9viter les red\u00e9marrages, lorsque la temp\u00e9rature demand\u00e9e est atteinte celui ci va se r\u00e9guler automatiquement afin de diminuer sa puissance au minimum tout en maintenant la temp\u00e9rature.<\/li>\n<li>Le syst\u00e8me <span style=\"text-decoration: underline;\">Programmable<\/span> permettant de d\u00e9marrer et d&rsquo;\u00e9teindre le <strong>po\u00eale<\/strong> \u00e0 un moment pr\u00e9cis de la journ\u00e9e.<\/li>\n<\/ul>\n<p>Il faut savoir que tout les modes peuvent fonctionner ensemble, en m\u00eame temps.<\/p>\n<h3>Les diff\u00e9rents syst\u00e8mes du <strong>po\u00eale \u00e0 granul\u00e9s rond <\/strong>\u00e9tanche d\u00e9brayable &#8211; EVA CALOR Trinity 10.5 kw<\/h3>\n<p><span style=\"text-decoration: underline;\">ECODESIGN 2022<\/span><br \/>\nCe produit r\u00e9pond aux crit\u00e8res du label Ecodesign 2022 qui \u00e9tablit les normes d&rsquo;un projet \u00e9co-compatible, ses m\u00e9thodes de calculs et d&rsquo;\u00e9valuation dans le but de r\u00e9duire les \u00e9missions dans l&rsquo;atmosph\u00e8re.<\/p>\n<p><span style=\"text-decoration: underline;\">CLASSIFICATION ENVIRONNEMENTALE<\/span><br \/>\nLe produit est conforme aux normatives environnementales les plus strictes et classifi\u00e9 4 \u00e9toiles.<\/p>\n<p><span style=\"text-decoration: underline;\">CONVECTION NATURELLE<\/span><br \/>\nLa convection naturelle engendre dans son ambiance des variations de temp\u00e9rature qui g\u00e9n\u00e8rent naturellement des d\u00e9placements de l&rsquo;air attirant les courants d&rsquo;air froid en les convertissant en courants d&rsquo;air chaud. La diffusion homog\u00e8ne de la temp\u00e9rature et la pr\u00e9servation du silence en l&rsquo;absence de syst\u00e8me ventil\u00e9 m\u00e9canique garantissent un confort au plus haut niveau.<\/p>\n<div class=\"col-lg-8 col-md-8 col-sm-8 col-xs-9\" style=\"padding-left: 0px;\">\n<p><span style=\"text-decoration: underline;\">DFCS<\/span><br \/>\nLe Dynamic Flow Control System contr\u00f4le automatiquement l&rsquo;air de combustion. Ce syst\u00e8me permet une r\u00e9gulation automatique de l&rsquo;air du po\u00eale en fonction des diff\u00e9rents types d&rsquo;installation ou des diff\u00e9rentes qualit\u00e9s de combustible, afin de toujours garantir une polyvalence maximale lors de son utilisation quotidienne et une optimisation de la consommation.<\/p>\n<p><span style=\"text-decoration: underline;\">SHS<\/span><br \/>\nLe symbole SHS identifie les po\u00eales dot\u00e9s d&rsquo;un syst\u00e8me de combustion herm\u00e9tique. Avec ce syst\u00e8me, l&rsquo;air n\u00e9cessaire \u00e0 la combustion n\u2019est pas pr\u00e9lev\u00e9 dans la pi\u00e8ce o\u00f9 est install\u00e9 le po\u00eale. Cette fonction non seulement offre de meilleures performances et optimise la diffusion de la chaleur, mais renforce \u00e9galement la s\u00e9curit\u00e9 d&rsquo;utilisation du po\u00eale, qui peut donc \u00eatre install\u00e9 dans une chambre \u00e0 coucher, un studio ou une salle de bain.<\/p>\n<p><span style=\"text-decoration: underline;\">SHU<\/span><br \/>\nLe symbole SHU indique que le po\u00eale est pourvu d\u2019une poign\u00e9e amovible. C\u2019est une pr\u00e9caution de s\u00e9curit\u00e9 pour \u00e9viter l\u2019ouverture accidentelle et\/ou involontaire de la porte du foyer.<\/p>\n<p>Sp\u00e9cialis\u00e9e dans la chaleur \u00e9cologique et \u00e9conomique, la marque italienne <strong>Eva calor<\/strong> c\u2019est impos\u00e9 au niveau international. Tr\u00e8s ax\u00e9s sur la fiabilit\u00e9 et la s\u00e9curit\u00e9, les produits sont test\u00e9s et contr\u00f4l\u00e9s tout les jours.<\/p>\n<\/div>\n<p>Besoin de pi\u00e8ces d\u00e9tach\u00e9es pour le mod\u00e8le Trinity? Retrouvez ici nos Pi\u00e8ces d\u00e9tach\u00e9es<\/p>\n<p>D\u00e9couvrez ici nos po\u00eales \u00e0 granules \u00e9tanches<\/p>\n<p>Orientez vous vers nos po\u00eales \u00e0 granules d\u00e9brayables<\/p>\n<p>Vous aimez la marque EVA CALOR? D\u00e9couvrez nos po\u00eales \u00e0 granul\u00e9s EVA CALOR<\/p>\n<p>Poelediscount.com le leader des po\u00eales \u00e0 granul\u00e9s pas chers<\/p>\n<\/div>\n<p>&nbsp;<\/p>\n<div>\n<p><strong><u>Garantie<\/u>\u00a0:\u00a0<\/strong>Nous vous rappelons que pour la garantie, l&rsquo;installation doit \u00eatre conforme au mode d&#8217;emploi (pr\u00e9conisation du fabricant) et doit respecter les normes en vigueur du pays, pour la France DTU 24.1 ou 24.2.<br \/>\nDe plus, comme pour tous les po\u00eales \u00e0 granul\u00e9s, les appareils sont \u00e0 r\u00e9gler en fonction du tirage naturel de l&rsquo;installation choisie.<\/p>\n<\/div>\n<div class=\"row\" style=\"padding-top: 20px;\">\n<div class=\"col-xs-12 col-sm-12 col-md-12 col-lg-4\" style=\"text-align: center; padding: 15px 2px 25px 2px;\">Questions fr\u00e9quentes<\/div>\n<div class=\"col-xs-12 col-sm-12 col-md-12 col-lg-4\" style=\"text-align: center; padding: 15px 2px 25px 2px;\">Quelle puissance choisir ?<\/div>\n<div class=\"col-xs-12 col-sm-12 col-md-12 col-lg-4\" style=\"text-align: center; padding: 15px 2px 25px 2px;\">Livraison<\/div>\n<\/div>\n","protected":false},"excerpt":{"rendered":"<p id=\"product_reference\"><label>R\u00e9f\u00e9rence <\/label><br \/>\n<span class=\"editable\">691000<\/span><\/p>\n<p id=\"product_condition\"><label>\u00c9tat : <\/label><br \/>\n<span class=\"editable\">Neuf<\/span><\/p>\n<p id=\"product_ean13\"><label>Ean13: <\/label><br \/>\n8029728012807<\/p>\n<div id=\"short_description_block\">\n<div id=\"short_description_content\" class=\"rte align_justify\">\n<ul>\n<li>Marque EVA CALOR<\/li>\n<li>Fabriqu\u00e9 en Italie<\/li>\n<li>Garantie 2 ans pi\u00e8ces<\/li>\n<li>Programmable &#8211; Eco-stop (StandBy)<\/li>\n<li>\u00c9tanche : zone 1, zone 2, zone 3<\/li>\n<li>\u00c9quivalence Flamme Verte 6*<\/li>\n<\/ul>\n<p><strong><span style=\"color: #218e53;\">D\u00e9lai de disponibilit\u00e9 : 5 \u00e0 12 jours<\/span><\/strong><\/p>\n<p><span style=\"text-decoration: underline;\"><strong>LIVRAISON GRATUITE<\/strong><\/span> (Partout en Europe)<\/p>\n<\/div>\n<\/div>\n","protected":false},"featured_media":12117,"comment_status":"open","ping_status":"closed","template":"","meta":[],"product_brand":[],"product_cat":[113],"product_tag":[],"class_list":{"0":"post-12073","1":"product","2":"type-product","3":"status-publish","4":"has-post-thumbnail","6":"product_cat-poeles-granules","8":"first","9":"instock","10":"sale","11":"purchasable","12":"product-type-simple"},"jetpack_sharing_enabled":true,"_links":{"self":[{"href":"https:\/\/troncybois.com\/index.php?rest_route=\/wp\/v2\/product\/12073","targetHints":{"allow":["GET"]}}],"collection":[{"href":"https:\/\/troncybois.com\/index.php?rest_route=\/wp\/v2\/product"}],"about":[{"href":"https:\/\/troncybois.com\/index.php?rest_route=\/wp\/v2\/types\/product"}],"replies":[{"embeddable":true,"href":"https:\/\/troncybois.com\/index.php?rest_route=%2Fwp%2Fv2%2Fcomments&post=12073"}],"version-history":[{"count":1,"href":"https:\/\/troncybois.com\/index.php?rest_route=\/wp\/v2\/product\/12073\/revisions"}],"predecessor-version":[{"id":12124,"href":"https:\/\/troncybois.com\/index.php?rest_route=\/wp\/v2\/product\/12073\/revisions\/12124"}],"wp:featuredmedia":[{"embeddable":true,"href":"https:\/\/troncybois.com\/index.php?rest_route=\/wp\/v2\/media\/12117"}],"wp:attachment":[{"href":"https:\/\/troncybois.com\/index.php?rest_route=%2Fwp%2Fv2%2Fmedia&parent=12073"}],"wp:term":[{"taxonomy":"product_brand","embeddable":true,"href":"https:\/\/troncybois.com\/index.php?rest_route=%2Fwp%2Fv2%2Fproduct_brand&post=12073"},{"taxonomy":"product_cat","embeddable":true,"href":"https:\/\/troncybois.com\/index.php?rest_route=%2Fwp%2Fv2%2Fproduct_cat&post=12073"},{"taxonomy":"product_tag","embeddable":true,"href":"https:\/\/troncybois.com\/index.php?rest_route=%2Fwp%2Fv2%2Fproduct_tag&post=12073"}],"curies":[{"name":"wp","href":"https:\/\/api.w.org\/{rel}","templated":true}]}}