{"id":12002,"date":"2023-05-30T15:42:37","date_gmt":"2023-05-30T13:42:37","guid":{"rendered":"https:\/\/antiquewhite-gerbil-448984.hostingersite.com\/?post_type=product&#038;p=12002"},"modified":"2023-05-31T16:49:08","modified_gmt":"2023-05-31T14:49:08","slug":"poele-a-granules-ventile-canalisable-extraflame-teorema-plus-13-kw","status":"publish","type":"product","link":"https:\/\/troncybois.com\/?product=poele-a-granules-ventile-canalisable-extraflame-teorema-plus-13-kw","title":{"rendered":"Po\u00eale \u00e0 granul\u00e9s ventil\u00e9 canalisable &#8211; EXTRAFLAME Teorema Plus 13 kW"},"content":{"rendered":"<div class=\"fiche-produit\">\n<p><strong>Le po\u00eale \u00e0 granules ventil\u00e9 canalisable Teorema Plus<\/strong> de la marque<strong> EXTRAFLAME<\/strong> peut chauffer une maison jusqu&rsquo;\u00e0 344 m3. \u00c9quip\u00e9 du syst\u00e8me de modulation, ce <strong>po\u00eale \u00e0 granul\u00e9s pas che<\/strong>r fonctionne en continu afin d&rsquo;\u00e9viter les red\u00e9marrages.<\/p>\n<p>Ce <strong>po\u00eale canalisable<\/strong> permet de chauffer une ou plusieurs pi\u00e8ces en plus de l\u00e0 o\u00f9 il est install\u00e9 pour en faire b\u00e9n\u00e9ficier tout l&rsquo;habitat. Ce mod\u00e8le poss\u00e8de aussi une fonction Confort sur sa ventilation int\u00e9gr\u00e9e, qui r\u00e9duit la vitesse du ventilateur de l&rsquo;appareil afin d&rsquo;avoir moins de nuisances sonores.<\/p>\n<h2>Informations cl\u00e9s sur le Po\u00eale \u00e0 granules ventil\u00e9 canalisable &#8211; EXTRAFLAME Teorema Plus 13 kW<\/h2>\n<ul>\n<li>Rev\u00eatement en acier \u00e9maill\u00e9<\/li>\n<li>Couverture en c\u00e9ramique<\/li>\n<li>Foyer et brasier en fonte<\/li>\n<li>Porte du foyer en fonte<\/li>\n<li>Large vue sur la flamme<\/li>\n<li>Poign\u00e9e ergonomique<\/li>\n<li>Thermostat de s\u00e9curit\u00e9<\/li>\n<li>Programmateur hebdomadaire<\/li>\n<li>R\u00e9-allumage automatique apr\u00e8s coupure de courant<\/li>\n<li>Ventilation frontale avec fonction Confort<\/li>\n<li>Double canalisation<\/li>\n<li>2 canalisations avec moteurs d\u00e9di\u00e9s jusqu&rsquo;\u00e0 8 m\u00e8tres de port\u00e9e, d\u00e9sactivable<\/li>\n<li>\u00c9vacuation des fum\u00e9es : Sup\u00e9rieur \/ Arri\u00e8re<\/li>\n<li>T\u00e9l\u00e9commande : INCLUSE<\/li>\n<li>Module WIFI : OPTION<\/li>\n<\/ul>\n<h2>Caract\u00e9ristiques techniques du Po\u00eale \u00e0 granules ventil\u00e9 canalisable &#8211; EXTRAFLAME Teorema Plus 13 kW<\/h2>\n<ul>\n<li>Puissance nominale : Pmin 3.5 \/ Pmax 12 kW<\/li>\n<li>Puissance br\u00fbl\u00e9e : Pmin 3.9 \/ Pmax 13 kW<\/li>\n<li>Rendement : min 90.5 \/ max 92.1 %<\/li>\n<li>Consommation : de 0.8 \u00e0 2.7 Kg\/h<\/li>\n<li>Dimensions : L 525 x H 1080 x P 652 mm<\/li>\n<li>Poids : 177 kg<\/li>\n<li>Volume de chauffe : 344 m3<\/li>\n<li>Diam\u00e8tre sortie de fum\u00e9es : 80 mm<\/li>\n<li>Diam\u00e8tre prise d&rsquo;air : 50 mm<\/li>\n<li>Capacit\u00e9 du r\u00e9servoir : 30 kg<\/li>\n<li>Classe \u00e9nerg\u00e9tique : A+<\/li>\n<\/ul>\n<h3>Sch\u00e9ma explicatif du Po\u00eale \u00e0 granules ventil\u00e9 canalisable &#8211; EXTRAFLAME Teorema Plus 13 kW<\/h3>\n<p>Cliquez sur le lien suivant pour retrouver le Manuel Utilisateur : T\u00c9L\u00c9CHARGER LE MANUEL<\/p>\n<p><img fetchpriority=\"high\" decoding=\"async\" src=\"https:\/\/www.poelediscount.com\/img\/cms\/Sch%C3%A9ma%20technique\/PO%C3%8ALES%20EXTRAFLAME\/TEOREMA%20PLUS%20TECH.png\" alt=\"\" width=\"1186\" height=\"444\" \/><\/p>\n<h3>Mode de fonctionnement du P<strong>o\u00eale \u00e0 pellets ventil\u00e9 canalisable &#8211; EXTRAFLAME Teorema Plus 13 kW<\/strong><\/h3>\n<ul>\n<li>Le syst\u00e8me <span style=\"text-decoration: underline;\">Eco-Stop (StandBy)<\/span> qui permet au <strong>po\u00eale \u00e0 granul\u00e9s<\/strong> de s&rsquo;\u00e9teindre une fois la temp\u00e9rature souhait\u00e9e atteinte et de red\u00e9marrer lorsque celle ci aura diminuer.<\/li>\n<li>Le syst\u00e8me <span style=\"text-decoration: underline;\">Modulation<\/span> qui permet au <strong>po\u00eale \u00e0 granules<\/strong> de fonctionner en continu afin d&rsquo;\u00e9viter les red\u00e9marrages, lorsque la temp\u00e9rature demand\u00e9e est atteinte celui ci va se r\u00e9guler automatiquement afin de diminuer sa puissance au minimum tout en maintenant la temp\u00e9rature.<\/li>\n<li>Le syst\u00e8me <span style=\"text-decoration: underline;\">Programmable<\/span> permettant de d\u00e9marrer et d&rsquo;\u00e9teindre le <strong>po\u00eale<\/strong> \u00e0 un moment pr\u00e9cis de la journ\u00e9e.<\/li>\n<\/ul>\n<p>Il faut savoir que tout les modes peuvent fonctionner ensemble, en m\u00eame temps.<\/p>\n<h3>Les diff\u00e9rents syst\u00e8mes du P<strong>o\u00eale \u00e0 granul\u00e9s ventil\u00e9 canalisable &#8211; EXTRAFLAME Teorema Plus 13 kW<\/strong><\/h3>\n<p><img decoding=\"async\" src=\"https:\/\/www.poelediscount.com\/img\/cms\/Sch%C3%A9ma%20technique\/LOGOS%20syst%C3%A8mes%20Nordica%20Extraflame\/TeoremaPlus_syst%C3%A8mes.png\" alt=\"Syst\u00e8mes du Teorema Plus Extraflamme\" width=\"1521\" height=\"186\" \/><\/p>\n<p><strong>A propos du fabricant :<\/strong> Avec des po\u00eales \u00e0 granul\u00e9s \u00e0 la pointe de la technologie la marque italienne <strong>Extraflame<\/strong> est le leader du march\u00e9. S\u2019\u00e9tant impos\u00e9 dans 50 pays du monde l\u2019entreprise ne cesse de s\u2019accro\u00eetre et d\u2019augment\u00e9s ses parts de march\u00e9s. Elle se distingue par sa recherche constante afin d\u2019innover ses produits mais aussi sur la fiabilit\u00e9 et la qualit\u00e9.<\/p>\n<ul>\n<li>Vous aimez ce genre de produits ? Retrouvez nos po\u00eales \u00e0 granules ventil\u00e9s canalisables<\/li>\n<li>D\u00e9couvrez nos po\u00eales \u00e0 granules ventil\u00e9s<\/li>\n<li>La marque EXTRAFLAME vous pla\u00eet ? D\u00e9couvrez nos produits de la marque EXTRAFLAME<\/li>\n<li>Poelediscount.com le leader des po\u00eales \u00e0 granul\u00e9s pas chers<\/li>\n<\/ul>\n<\/div>\n<p>&nbsp;<\/p>\n<div>\n<p><strong><u>Garantie<\/u>\u00a0:\u00a0<\/strong>Nous vous rappelons que pour la garantie, l&rsquo;installation doit \u00eatre conforme au mode d&#8217;emploi (pr\u00e9conisation du fabricant) et doit respecter les normes en vigueur du pays, pour la France DTU 24.1 ou 24.2.<br \/>\nDe plus, comme pour tous les po\u00eales \u00e0 granul\u00e9s, les appareils sont \u00e0 r\u00e9gler en fonction du tirage naturel de l&rsquo;installation choisie.<\/p>\n<p class=\"fiche-produit\">Les r\u00e9glages et la mise en service de ce produit doivent \u00eatre effectu\u00e9s par un professionnel agr\u00e9\u00e9 CAT La Nordica-Extraflame, le listing se trouve ici : https:\/\/www.lanordica-extraflame.com\/fr\/cat\/services-apres-vente.<br \/>\nPensez \u00e0 v\u00e9rifier la disponibilit\u00e9 d&rsquo;un professionnel pr\u00e8s de chez vous.<\/p>\n<\/div>\n<div class=\"row\" style=\"padding-top: 20px;\">\n<div class=\"col-xs-12 col-sm-12 col-md-12 col-lg-4\" style=\"text-align: center; padding: 15px 2px 25px 2px;\">Questions fr\u00e9quentes<\/div>\n<div class=\"col-xs-12 col-sm-12 col-md-12 col-lg-4\" style=\"text-align: center; padding: 15px 2px 25px 2px;\">Quelle puissance choisir ?<\/div>\n<div class=\"col-xs-12 col-sm-12 col-md-12 col-lg-4\" style=\"text-align: center; padding: 15px 2px 25px 2px;\">Livraison<\/div>\n<\/div>\n","protected":false},"excerpt":{"rendered":"<p id=\"product_reference\"><label>R\u00e9f\u00e9rence <\/label><br \/>\n<span class=\"editable\">284151<\/span><\/p>\n<p id=\"product_condition\"><label>\u00c9tat : <\/label><br \/>\n<span class=\"editable\">Neuf<\/span><\/p>\n<p id=\"product_ean13\"><label>Ean13: <\/label><br \/>\n8008269004397<\/p>\n<div id=\"short_description_block\">\n<div id=\"short_description_content\" class=\"rte align_justify\">\n<ul>\n<li>Marque EXTRAFLAME<\/li>\n<li>Garantie 2 en pi\u00e8ces<\/li>\n<li>Fabriqu\u00e9 en Italie<\/li>\n<li>Programmable &#8211; Eco-stop (StandBy)<\/li>\n<li>Non \u00e9tanche : Zone 1<\/li>\n<li>Flamme Verte<\/li>\n<li>EcoDesign 2022<\/li>\n<\/ul>\n<p><strong><span style=\"color: #218e53;\">D\u00e9lai de disponibilit\u00e9 : 5 \u00e0 12 jours<\/span><\/strong><\/p>\n<p><span style=\"text-decoration: underline;\"><strong>LIVRAISON GRATUITE<\/strong><\/span> (Partout en Europe)<\/p>\n<\/div>\n<\/div>\n","protected":false},"featured_media":12034,"comment_status":"open","ping_status":"closed","template":"","meta":[],"product_brand":[],"product_cat":[113],"product_tag":[],"class_list":{"0":"post-12002","1":"product","2":"type-product","3":"status-publish","4":"has-post-thumbnail","6":"product_cat-poeles-granules","8":"first","9":"instock","10":"sale","11":"purchasable","12":"product-type-simple"},"jetpack_sharing_enabled":true,"_links":{"self":[{"href":"https:\/\/troncybois.com\/index.php?rest_route=\/wp\/v2\/product\/12002","targetHints":{"allow":["GET"]}}],"collection":[{"href":"https:\/\/troncybois.com\/index.php?rest_route=\/wp\/v2\/product"}],"about":[{"href":"https:\/\/troncybois.com\/index.php?rest_route=\/wp\/v2\/types\/product"}],"replies":[{"embeddable":true,"href":"https:\/\/troncybois.com\/index.php?rest_route=%2Fwp%2Fv2%2Fcomments&post=12002"}],"version-history":[{"count":1,"href":"https:\/\/troncybois.com\/index.php?rest_route=\/wp\/v2\/product\/12002\/revisions"}],"predecessor-version":[{"id":12040,"href":"https:\/\/troncybois.com\/index.php?rest_route=\/wp\/v2\/product\/12002\/revisions\/12040"}],"wp:featuredmedia":[{"embeddable":true,"href":"https:\/\/troncybois.com\/index.php?rest_route=\/wp\/v2\/media\/12034"}],"wp:attachment":[{"href":"https:\/\/troncybois.com\/index.php?rest_route=%2Fwp%2Fv2%2Fmedia&parent=12002"}],"wp:term":[{"taxonomy":"product_brand","embeddable":true,"href":"https:\/\/troncybois.com\/index.php?rest_route=%2Fwp%2Fv2%2Fproduct_brand&post=12002"},{"taxonomy":"product_cat","embeddable":true,"href":"https:\/\/troncybois.com\/index.php?rest_route=%2Fwp%2Fv2%2Fproduct_cat&post=12002"},{"taxonomy":"product_tag","embeddable":true,"href":"https:\/\/troncybois.com\/index.php?rest_route=%2Fwp%2Fv2%2Fproduct_tag&post=12002"}],"curies":[{"name":"wp","href":"https:\/\/api.w.org\/{rel}","templated":true}]}}