{"id":11987,"date":"2023-05-30T15:42:15","date_gmt":"2023-05-30T13:42:15","guid":{"rendered":"https:\/\/antiquewhite-gerbil-448984.hostingersite.com\/?post_type=product&#038;p=11987"},"modified":"2024-06-07T15:58:52","modified_gmt":"2024-06-07T13:58:52","slug":"cheminee-a-granules-ventile-evacalor-raffaello-11-5-kw","status":"publish","type":"product","link":"https:\/\/troncybois.com\/?product=cheminee-a-granules-ventile-evacalor-raffaello-11-5-kw","title":{"rendered":"Chemin\u00e9e \u00e0 granul\u00e9s ventil\u00e9 &#8211; EVACALOR Raffaello 11.5 kW"},"content":{"rendered":"<div class=\"fiche-produit\">\n<p><strong>La chemin\u00e9e \u00e0 granul\u00e9s ventil\u00e9 Raffaello<\/strong> est un insert \u00e0 granul\u00e9s d&rsquo;angle de 11.5 kW. La caract\u00e9ristique\u00a0principale du Raffaello est celle de pouvoir l\u2019installer dans\u00a0un coin \u00e9conomisant ainsi les encombrements qu&rsquo;ont normalement\u00a0les autres chemin\u00e9es. En plus, gr\u00e2ce \u00e0 la position optimale\u00a0dans l\u2019espace, il est en mesure de diffuser la chaleur avec une plus\u00a0grande uniformit\u00e9. La chemin\u00e9e comprend le corps de l\u2019appareil,\u00a0la cape et la base qui suivent une ligne courb\u00e9e arrondissant une\u00a0zone normalement carr\u00e9e de la maison.<\/p>\n<h2>Informations cl\u00e9s sur la Chemin\u00e9e \u00e0 granules ventil\u00e9 EVA CALOR &#8211; Raffaello 11.5 kW<\/h2>\n<ul>\n<li>Rev\u00eatement en acier fa\u00e7onn\u00e9 et fini \u00e0 la main<\/li>\n<li>Fa\u00e7ade porte en verre s\u00e9rigraphi\u00e9 noir<\/li>\n<li>Encombrement r\u00e9duit<\/li>\n<li>Ventilation forc\u00e9e<\/li>\n<li>R\u00e9serve de pellet sous la chambre de combustion<\/li>\n<li>5 puissances de fonctionnement<\/li>\n<li>Afficheur avec menu dans 6 langues<\/li>\n<li>Structure autoportante rapide \u00e0 installer<\/li>\n<li>Poign\u00e9e amovible<\/li>\n<li>\u00c9vacuation des fum\u00e9es vers le haut &#8211; vers l\u2019arri\u00e8re<\/li>\n<li>T\u00e9l\u00e9commande fournie<\/li>\n<li>Thermostat de s\u00e9curit\u00e9<\/li>\n<li>Pr\u00e9disposition pour thermostat<\/li>\n<li>Pressostat de s\u00e9curit\u00e9<\/li>\n<li>Chrono thermostat<\/li>\n<li>EcoStop (StandBy)<\/li>\n<li>Chambre de combustion en acier<\/li>\n<li>Brasier en acier inox<\/li>\n<li>Module WIFI (EN OPTION)<\/li>\n<li>Thermostat connect\u00e9 (EN OPTION)<\/li>\n<\/ul>\n<h2>Caract\u00e9ristiques techniques de la Chemin\u00e9e \u00e0 granules ventil\u00e9 &#8211; EVA CALOR Raffaello 11.5 kW<\/h2>\n<ul>\n<li>Puissance brul\u00e9e : Pmax 11.5 kW \u2013 Pmin 4.8 kW<\/li>\n<li>Puissance nominale : Pmax 10 kW \u2013 Pmin 4.5 kW<\/li>\n<li>Rendement : Pmax 88.5% \u2013 Pmin 93%<\/li>\n<li>CO \u00e9missions \u00e0 13% O2(%) : Pmax 0,014% \u2013 Pmin 0,019%<\/li>\n<li>Consommation de pellets : Pmax 2,4 kg\/h \u2013 Pmin 1,0 kg\/h<\/li>\n<li>Capacit\u00e9 du r\u00e9servoir : 13 kg<\/li>\n<li>Volume de chauffe : de 180 \u00e0 270 m3<\/li>\n<li>Distance minimale des surfaces inflammables : avant: 100 cm<\/li>\n<li>Tension \/ Fr\u00e9quence : 230V \u2013 50 Hz<\/li>\n<li>Puissance nominale \u00e9lectrique : 410 W<\/li>\n<li>Dimensions : L 118 x W 67,7 x H 210,5 cm<\/li>\n<li>Poids : 190 kg<\/li>\n<li>Classe d&rsquo;efficacit\u00e9 \u00e9nerg\u00e9tique : A+<\/li>\n<li>Conforme aux normes : EN14785 &#8211; BImSchV II &#8211; 15a B-VG &#8211; LRV\/VKF<\/li>\n<\/ul>\n<h3>Sch\u00e9ma explicatif de la Chemin\u00e9e \u00e0 granules ventil\u00e9 &#8211; EVA CALOR Raffello 11.5 kW<\/h3>\n<p><img fetchpriority=\"high\" decoding=\"async\" src=\"https:\/\/www.poelediscount.com\/img\/cms\/Sch%C3%A9ma%20technique\/EVA%20CALOR\/Raffaello.png\" alt=\"\" width=\"583\" height=\"388\" \/><\/p>\n<h3>Mode de fonctionnement d<strong>e la Chemin\u00e9e \u00e0 pellets ventil\u00e9 &#8211; EVA CALOR Raffaello 11.5 kW<br \/>\n<\/strong><\/h3>\n<ul>\n<li>Le syst\u00e8me <span style=\"text-decoration: underline;\">Eco-Stop (StandBy)<\/span> qui permet <strong>\u00e0 la chemin\u00e9e \u00e0 granul\u00e9s<\/strong> de s&rsquo;\u00e9teindre une fois la temp\u00e9rature souhait\u00e9e atteinte et de red\u00e9marrer lorsque celle ci aura diminuer.<\/li>\n<li>Le syst\u00e8me <span style=\"text-decoration: underline;\">Modulation<\/span> qui permet <strong>\u00e0 la chemin\u00e9e \u00e0 granules<\/strong> de fonctionner en continu afin d&rsquo;\u00e9viter les red\u00e9marrages, lorsque la temp\u00e9rature demand\u00e9e est atteinte celui ci va se r\u00e9guler automatiquement afin de diminuer sa puissance au minimum tout en maintenant la temp\u00e9rature.<\/li>\n<li>Le syst\u00e8me <span style=\"text-decoration: underline;\">Programmable<\/span> permettant de d\u00e9marrer et d&rsquo;\u00e9teindre <strong>la chemin\u00e9e<\/strong> \u00e0 un moment pr\u00e9cis de la journ\u00e9e.<\/li>\n<\/ul>\n<p>Il faut savoir que tout les modes peuvent fonctionner ensemble, en m\u00eame temps.<\/p>\n<h3>Les diff\u00e9rents syst\u00e8mes d<strong>e la Chemin\u00e9e \u00e0 granules ventil\u00e9 &#8211; EVA CALOR Raffaello 11.5 kW<br \/>\n<\/strong><\/h3>\n<p><span style=\"text-decoration: underline;\">ECODESIGN 2022<\/span><br \/>\nCe produit r\u00e9pond aux crit\u00e8res du label Ecodesign 2022 qui \u00e9tablit les normes d&rsquo;un projet \u00e9co-compatible, ses m\u00e9thodes de calculs et d&rsquo;\u00e9valuation dans le but de r\u00e9duire les \u00e9missions dans l&rsquo;atmosph\u00e8re.<\/p>\n<p><span style=\"text-decoration: underline;\">SHU<\/span><br \/>\nLe symbole SHU indique que le po\u00eale est pourvu d\u2019une poign\u00e9e amovible. C\u2019est une pr\u00e9caution de s\u00e9curit\u00e9 pour \u00e9viter l\u2019ouverture accidentelle et\/ou involontaire de la porte du foyer.<\/p>\n<p><strong>\u00c0 propos du fabricant : Eva calor<\/strong> est une entreprise italienne qui s\u2019identifie au monde du chauffage. Poss\u00e9dant des ann\u00e9es d\u2019exp\u00e9rience l\u2019entreprise mise sur la qualit\u00e9, la fiabilit\u00e9 et la s\u00e9curit\u00e9 de ses produits.<\/p>\n<\/div>\n<p>&nbsp;<\/p>\n<div>\n<p><strong><u>Garantie<\/u>\u00a0:\u00a0<\/strong>Nous vous rappelons que pour la garantie, l&rsquo;installation doit \u00eatre conforme au mode d&#8217;emploi (pr\u00e9conisation du fabricant) et doit respecter les normes en vigueur du pays, pour la France DTU 24.1 ou 24.2.<br \/>\nDe plus, comme pour tous les po\u00eales \u00e0 granul\u00e9s, les appareils sont \u00e0 r\u00e9gler en fonction du tirage naturel de l&rsquo;installation choisie.<\/p>\n<\/div>\n<div class=\"row\" style=\"padding-top: 20px;\">\n<div class=\"col-xs-12 col-sm-12 col-md-12 col-lg-4\" style=\"text-align: center; padding: 15px 2px 25px 2px;\">Questions fr\u00e9quentes<\/div>\n<div class=\"col-xs-12 col-sm-12 col-md-12 col-lg-4\" style=\"text-align: center; padding: 15px 2px 25px 2px;\">Quelle puissance choisir ?<\/div>\n<div class=\"col-xs-12 col-sm-12 col-md-12 col-lg-4\" style=\"text-align: center; padding: 15px 2px 25px 2px;\">Livraison<\/div>\n<\/div>\n","protected":false},"excerpt":{"rendered":"<p id=\"product_reference\"><label>R\u00e9f\u00e9rence <\/label><br \/>\n<span class=\"editable\">632104<\/span><\/p>\n<p id=\"product_condition\"><label>\u00c9tat : <\/label><br \/>\n<span class=\"editable\">Neuf<\/span><\/p>\n<p id=\"product_ean13\"><label>Ean13: <\/label><br \/>\n8029728638663<\/p>\n<div id=\"short_description_block\">\n<div id=\"short_description_content\" class=\"rte align_justify\">\n<ul>\n<li>Marque EVA CALOR<\/li>\n<li>Garantie 2 ans pi\u00e8ces<\/li>\n<li>Fabriqu\u00e9 en Italie<\/li>\n<li>Programmable &#8211; Eco-stop (StandBy)<\/li>\n<li>Non \u00e9tanche : Zone 1<\/li>\n<li>EcoDesign 2022<\/li>\n<\/ul>\n<p><strong><span style=\"color: #218e53;\">D\u00e9lai de disponibilit\u00e9 : 3-4\u00a0\u00a0jours ouvr\u00e9s\u00a0<\/span><\/strong><\/p>\n<p><span style=\"text-decoration: underline;\"><strong>LIVRAISON GRATUITE<\/strong><\/span> (Uniquement en France )<\/p>\n<\/div>\n<\/div>\n","protected":false},"featured_media":12019,"comment_status":"open","ping_status":"closed","template":"","meta":[],"product_brand":[],"product_cat":[113],"product_tag":[],"class_list":{"0":"post-11987","1":"product","2":"type-product","3":"status-publish","4":"has-post-thumbnail","6":"product_cat-poeles-granules","8":"first","9":"instock","10":"sale","11":"purchasable","12":"product-type-simple"},"jetpack_sharing_enabled":true,"_links":{"self":[{"href":"https:\/\/troncybois.com\/index.php?rest_route=\/wp\/v2\/product\/11987","targetHints":{"allow":["GET"]}}],"collection":[{"href":"https:\/\/troncybois.com\/index.php?rest_route=\/wp\/v2\/product"}],"about":[{"href":"https:\/\/troncybois.com\/index.php?rest_route=\/wp\/v2\/types\/product"}],"replies":[{"embeddable":true,"href":"https:\/\/troncybois.com\/index.php?rest_route=%2Fwp%2Fv2%2Fcomments&post=11987"}],"version-history":[{"count":2,"href":"https:\/\/troncybois.com\/index.php?rest_route=\/wp\/v2\/product\/11987\/revisions"}],"predecessor-version":[{"id":14265,"href":"https:\/\/troncybois.com\/index.php?rest_route=\/wp\/v2\/product\/11987\/revisions\/14265"}],"wp:featuredmedia":[{"embeddable":true,"href":"https:\/\/troncybois.com\/index.php?rest_route=\/wp\/v2\/media\/12019"}],"wp:attachment":[{"href":"https:\/\/troncybois.com\/index.php?rest_route=%2Fwp%2Fv2%2Fmedia&parent=11987"}],"wp:term":[{"taxonomy":"product_brand","embeddable":true,"href":"https:\/\/troncybois.com\/index.php?rest_route=%2Fwp%2Fv2%2Fproduct_brand&post=11987"},{"taxonomy":"product_cat","embeddable":true,"href":"https:\/\/troncybois.com\/index.php?rest_route=%2Fwp%2Fv2%2Fproduct_cat&post=11987"},{"taxonomy":"product_tag","embeddable":true,"href":"https:\/\/troncybois.com\/index.php?rest_route=%2Fwp%2Fv2%2Fproduct_tag&post=11987"}],"curies":[{"name":"wp","href":"https:\/\/api.w.org\/{rel}","templated":true}]}}