{"id":11984,"date":"2023-05-30T15:42:14","date_gmt":"2023-05-30T13:42:14","guid":{"rendered":"https:\/\/antiquewhite-gerbil-448984.hostingersite.com\/?post_type=product&#038;p=11984"},"modified":"2023-05-31T16:49:09","modified_gmt":"2023-05-31T14:49:09","slug":"poele-a-granules-hydraulique-evacalor-hydro-slim-16-kw-2","status":"publish","type":"product","link":"https:\/\/troncybois.com\/?product=poele-a-granules-hydraulique-evacalor-hydro-slim-16-kw-2","title":{"rendered":"Po\u00eale a granules hydraulique &#8211; EVACALOR Hydro Slim 16 kW"},"content":{"rendered":"<div class=\"fiche-produit\">\n<p>Encombrement r\u00e9duit<br \/>\n5 puissances de fonctionnement<br \/>\nAfficheur avec menu dans 6 langues<br \/>\nTiroir \u00e0 cendres amovible pour<br \/>\nr\u00e9cup\u00e9ration de cendres<br \/>\n\u00c9vacuation des fum\u00e9es ver le haut &#8211; vers l\u2019arri\u00e8re<br \/>\nT\u00e9l\u00e9commande fournie<br \/>\nThermostat de s\u00e9curit\u00e9<br \/>\nPr\u00e9disposition pour thermostat ext\u00e9rieur<br \/>\nPressostat de s\u00e9curit\u00e9<br \/>\nTransducteur de pression pour l\u2019eau<br \/>\nChronothermostat<br \/>\nPompe de circulation<br \/>\nVase d\u2019expansion<br \/>\nVanne de s\u00e9curit\u00e9<\/p>\n<p style=\"text-align: center;\"><strong>Puissance brul\u00e9: max 16 kW \u2013 min 4,3 kW<\/strong><br \/>\n<strong>Puissance nominale: max 14,5 kW \u2013 min 4 kW<\/strong><br \/>\n<strong>Puissance a l\u2019eau: max 12 kW \u2013 min 2,5 kW<\/strong><br \/>\n<strong>Rendement: Pmax 90,5% \u2013 Pmin 93,5%<\/strong><br \/>\n<strong>CO \u00e9missions \u00e0 13% O2: Pmax 0,010% \u2013 Pmin 0,013%<\/strong><br \/>\n<strong>Consommation de pellets: max 3,3 kg\/h \u2013 min 0,9 kg\/h<\/strong><br \/>\n<strong>Capacit\u00e9 du r\u00e9servoir: 18 kg<\/strong><br \/>\n<strong>Volume de chauffe: 200 \u2013 300 mc<\/strong><br \/>\n<strong>Distance minimale des surfaces inflammables: c\u00f4t\u00e9: 30 cm &#8211; arri\u00e8re: 20 cm &#8211; avant: 100 cm<\/strong><br \/>\n<strong>Tension \/ Fr\u00e9quence: 230 V \/ 50 Hz<\/strong><br \/>\n<strong>Puissance nominale \u00e9lectrique: 360 W<\/strong><br \/>\n<strong>Mesures: L 92,5 x P 30 x H 95,5 cm<\/strong><br \/>\n<strong>Poids: 160,4 kg<\/strong><br \/>\n<strong>Chambre de combustion en acier<\/strong><br \/>\n<strong>Foyer en acier inox<\/strong><br \/>\n<strong>Est conforme aux: EN14785 &#8211; BImSchV II &#8211; 15a B-VG &#8211; LRV\/VKF &#8211; BAFA<\/strong><br \/>\n<strong>T\u00e9l\u00e9commande: Inclus<\/strong><br \/>\n<strong>Module WIFI pour la t\u00e9l\u00e9commande: Option<\/strong><br \/>\n<strong>Tiroir amovible pour la r\u00e9cup\u00e9ration des cendres<\/strong><br \/>\n<strong>\u00c9vacuation des fum\u00e9es: Sup\u00e9rieur &#8211; Arri\u00e8re<\/strong><br \/>\n<strong>Plates-formes de protection: Option<\/strong><br \/>\n<strong>Chauffe-eau: Option<\/strong><\/p>\n<p style=\"text-align: center;\"><strong><img decoding=\"async\" class=\"imageFloatLeft\" src=\"https:\/\/cdn1.poelediscount.com\/2427-thickbox_default\/poele-a-granules-hydraulique-evacalor-hydro-slim-16-kw.jpg\" alt=\"\" \/><\/strong><\/p>\n<\/div>\n<p>&nbsp;<\/p>\n<div>\n<p><strong><u>Garantie<\/u>\u00a0:\u00a0<\/strong>Nous vous rappelons que pour la garantie, l&rsquo;installation doit \u00eatre conforme au mode d&#8217;emploi (pr\u00e9conisation du fabricant) et doit respecter les normes en vigueur du pays, pour la France DTU 24.1 ou 24.2.<br \/>\nDe plus, comme pour tous les po\u00eales \u00e0 granul\u00e9s, les appareils sont \u00e0 r\u00e9gler en fonction du tirage naturel de l&rsquo;installation choisie.<\/p>\n<\/div>\n<div class=\"row\" style=\"padding-top: 20px;\">\n<div class=\"col-xs-12 col-sm-12 col-md-12 col-lg-4\" style=\"text-align: center; padding: 15px 2px 25px 2px;\">Questions fr\u00e9quentes<\/div>\n<div class=\"col-xs-12 col-sm-12 col-md-12 col-lg-4\" style=\"text-align: center; padding: 15px 2px 25px 2px;\">Quelle puissance choisir ?<\/div>\n<div class=\"col-xs-12 col-sm-12 col-md-12 col-lg-4\" style=\"text-align: center; padding: 15px 2px 25px 2px;\">Livraison<\/div>\n<\/div>\n","protected":false},"excerpt":{"rendered":"<p id=\"product_reference\"><label>R\u00e9f\u00e9rence <\/label><br \/>\n<span class=\"editable\">KU56201<\/span><\/p>\n<p id=\"product_condition\"><label>\u00c9tat : <\/label><br \/>\n<span class=\"editable\">Neuf<\/span><\/p>\n<p id=\"product_ean13\"><label>Ean13: <\/label><br \/>\n8029728638168<\/p>\n<div id=\"short_description_block\">\n<div id=\"short_description_content\" class=\"rte align_justify\">\n<p>Po\u00eale a granules hydraulique <strong>EVACALOR Hydro slim 16 kw<\/strong><\/p>\n<p><strong><strong>Garantie : 2 ans pi\u00e8ces<\/strong><\/strong><\/p>\n<p><strong><span style=\"color: #218e53;\">D\u00e9lai de disponibilit\u00e9 : 5 \u00e0 12 jours<\/span><\/strong><\/p>\n<p><strong><strong><strong><strong><strong><span style=\"text-decoration: underline;\"><strong><strong><strong><strong><strong><span style=\"text-decoration: underline;\"><strong><strong><strong><strong><strong><strong><strong><span style=\"text-decoration: underline;\">LIVRAISON COMPRISE<\/span><\/strong><\/strong><\/strong><\/strong><\/strong> (Partout en Europe)<\/strong><\/strong><\/span><\/strong><\/strong><\/strong><\/strong><\/strong><\/span><\/strong><\/strong><\/strong><\/strong><\/strong><\/p>\n<p id=\"availability_date\" style=\"display: none;\"><span id=\"availability_label\" style=\"color: #d0121a; font-weight: bold; text-transform: uppercase;\"><u>Disponible le<\/u>\u00a0:<\/span><\/p>\n<\/div>\n<\/div>\n","protected":false},"featured_media":10112,"comment_status":"open","ping_status":"closed","template":"","meta":[],"product_brand":[],"product_cat":[113],"product_tag":[],"class_list":{"0":"post-11984","1":"product","2":"type-product","3":"status-publish","4":"has-post-thumbnail","6":"product_cat-poeles-granules","8":"first","9":"instock","10":"sale","11":"purchasable","12":"product-type-simple"},"jetpack_sharing_enabled":true,"_links":{"self":[{"href":"https:\/\/troncybois.com\/index.php?rest_route=\/wp\/v2\/product\/11984","targetHints":{"allow":["GET"]}}],"collection":[{"href":"https:\/\/troncybois.com\/index.php?rest_route=\/wp\/v2\/product"}],"about":[{"href":"https:\/\/troncybois.com\/index.php?rest_route=\/wp\/v2\/types\/product"}],"replies":[{"embeddable":true,"href":"https:\/\/troncybois.com\/index.php?rest_route=%2Fwp%2Fv2%2Fcomments&post=11984"}],"version-history":[{"count":1,"href":"https:\/\/troncybois.com\/index.php?rest_route=\/wp\/v2\/product\/11984\/revisions"}],"predecessor-version":[{"id":12001,"href":"https:\/\/troncybois.com\/index.php?rest_route=\/wp\/v2\/product\/11984\/revisions\/12001"}],"wp:featuredmedia":[{"embeddable":true,"href":"https:\/\/troncybois.com\/index.php?rest_route=\/wp\/v2\/media\/10112"}],"wp:attachment":[{"href":"https:\/\/troncybois.com\/index.php?rest_route=%2Fwp%2Fv2%2Fmedia&parent=11984"}],"wp:term":[{"taxonomy":"product_brand","embeddable":true,"href":"https:\/\/troncybois.com\/index.php?rest_route=%2Fwp%2Fv2%2Fproduct_brand&post=11984"},{"taxonomy":"product_cat","embeddable":true,"href":"https:\/\/troncybois.com\/index.php?rest_route=%2Fwp%2Fv2%2Fproduct_cat&post=11984"},{"taxonomy":"product_tag","embeddable":true,"href":"https:\/\/troncybois.com\/index.php?rest_route=%2Fwp%2Fv2%2Fproduct_tag&post=11984"}],"curies":[{"name":"wp","href":"https:\/\/api.w.org\/{rel}","templated":true}]}}