{"id":11983,"date":"2023-05-30T15:42:14","date_gmt":"2023-05-30T13:42:14","guid":{"rendered":"https:\/\/antiquewhite-gerbil-448984.hostingersite.com\/?post_type=product&#038;p=11983"},"modified":"2023-05-31T16:49:09","modified_gmt":"2023-05-31T14:49:09","slug":"poele-a-granules-hydraulique-evacalor-tosca-20-kw-2","status":"publish","type":"product","link":"https:\/\/troncybois.com\/?product=poele-a-granules-hydraulique-evacalor-tosca-20-kw-2","title":{"rendered":"Po\u00eale \u00e0 granules hydraulique &#8211; EVACALOR Tosca 20 kw"},"content":{"rendered":"<div class=\"fiche-produit\">\n<p>la technologie utilis\u00e9e pour la\u00a0construction de ce produit est synonyme de grande qualit\u00e9 gr\u00e2ce \u00e0 ses \u00e9changeurs en\u00a0acier Corten, plus r\u00e9sistant et durable.<\/p>\n<p>R\u00e9serve de pellet de 25 kg<br \/>\n5 puissances de fonctionnement<br \/>\nAfficheur avec menu dans 6 langues<br \/>\nTiroir \u00e0 cendres amovible pour r\u00e9cup\u00e9ration de cendres<br \/>\nPoign\u00e9e amovible<br \/>\nT\u00e9l\u00e9commande fournie<br \/>\nThermostat de s\u00e9curit\u00e9<br \/>\nPr\u00e9disposition pour thermostat ext\u00e9rieur<br \/>\nPressostat de s\u00e9curit\u00e9<br \/>\nTransducteur de pression pour l\u2019eau<br \/>\nChronothermostat<br \/>\nPompe de circulation<br \/>\nVase d\u2019expansion<br \/>\nVanne de s\u00e9curit\u00e9<\/p>\n<p style=\"text-align: center;\"><strong>Puissance brul\u00e9: max 20 kW \u2013 min 5,3 kW<br \/>\nPuissance nominale: max 18,5 kW \u2013 min 5 kW<br \/>\nPuissance a l\u2019eau: max 16 kW \u2013 min 3,5 kW<br \/>\nRendement: Pmax 91,5% \u2013 Pmin 94,5%<br \/>\nCO \u00e9missions \u00e0 13% O2: Pmax 0,020% \u2013 Pmin 0,020%<br \/>\nConsommation de pellets: max 4,3 kg\/h \u2013 min 1,1 kg\/h<br \/>\nCapacit\u00e9 du r\u00e9servoir: 25 kg<br \/>\nVolume de chauffe: 300 \u2013 400 mc<br \/>\nDistance minimale des surfaces inflammables: c\u00f4t\u00e9: 20 cm &#8211; arri\u00e8re: 20 cm &#8211; avant: 100 cm<br \/>\nTension \/ Fr\u00e9quence: 230 V \/ 50 Hz<br \/>\nPuissance nominale \u00e9lectrique: 330 W<br \/>\nMesures: L 60,6 x P 60,5 x H 120,3 cm<br \/>\nPoids: 157,5 kg<br \/>\nChambre de combustion en acier<br \/>\nFoyer en acier inox<br \/>\nEst conforme aux: EN14785 &#8211; BImSchV II &#8211; 15a B-VG &#8211; LRV\/VKF &#8211; BAFA<br \/>\nT\u00e9l\u00e9commande: Inclus<br \/>\nModule WIFI pour la t\u00e9l\u00e9commande: Option<br \/>\nTiroir amovible pour la r\u00e9cup\u00e9ration des cendres<br \/>\n\u00c9vacuation des fum\u00e9es: Arri\u00e8re<br \/>\nPlates-formes de protection: Option<br \/>\nChauffe-eau: Option<\/strong><\/p>\n<p style=\"text-align: center;\"><strong><img decoding=\"async\" class=\"imageFloatLeft\" src=\"https:\/\/cdn2.poelediscount.com\/2431-thickbox_default\/poele-a-granules-hydraulique-evacalor-tosca-20-kw.jpg\" alt=\"\" \/><\/strong><\/p>\n<\/div>\n<p>&nbsp;<\/p>\n<div>\n<p><strong><u>Garantie<\/u>\u00a0:\u00a0<\/strong>Nous vous rappelons que pour la garantie, l&rsquo;installation doit \u00eatre conforme au mode d&#8217;emploi (pr\u00e9conisation du fabricant) et doit respecter les normes en vigueur du pays, pour la France DTU 24.1 ou 24.2.<br \/>\nDe plus, comme pour tous les po\u00eales \u00e0 granul\u00e9s, les appareils sont \u00e0 r\u00e9gler en fonction du tirage naturel de l&rsquo;installation choisie.<\/p>\n<\/div>\n<div class=\"row\" style=\"padding-top: 20px;\">\n<div class=\"col-xs-12 col-sm-12 col-md-12 col-lg-4\" style=\"text-align: center; padding: 15px 2px 25px 2px;\">Questions fr\u00e9quentes<\/div>\n<div class=\"col-xs-12 col-sm-12 col-md-12 col-lg-4\" style=\"text-align: center; padding: 15px 2px 25px 2px;\">Quelle puissance choisir ?<\/div>\n<div class=\"col-xs-12 col-sm-12 col-md-12 col-lg-4\" style=\"text-align: center; padding: 15px 2px 25px 2px;\">Livraison<\/div>\n<\/div>\n","protected":false},"excerpt":{"rendered":"<p id=\"product_reference\"><label>R\u00e9f\u00e9rence <\/label><br \/>\n<span class=\"editable\">28600<\/span><\/p>\n<p id=\"product_condition\"><label>\u00c9tat : <\/label><br \/>\n<span class=\"editable\">Neuf<\/span><\/p>\n<p id=\"product_ean13\"><label>Ean13: <\/label><br \/>\n8029728638861<\/p>\n<div id=\"short_description_block\">\n<div id=\"short_description_content\" class=\"rte align_justify\">\n<p>Po\u00eale \u00e0 granules hydraulique EVACALOR Tosca 20 kw<\/p>\n<p><strong><strong>Garantie : 2 ans pi\u00e8ces<\/strong><\/strong><\/p>\n<p><strong><span style=\"color: #218e53;\">D\u00e9lai de disponibilit\u00e9 : 5 \u00e0 12 jours<\/span><\/strong><\/p>\n<p><strong><strong><strong><strong><strong><span style=\"text-decoration: underline;\"><strong><strong><strong><strong><strong><strong><strong><span style=\"text-decoration: underline;\">LIVRAISON COMPRISE<\/span><\/strong><\/strong><\/strong><\/strong><\/strong> (Partout en Europe)<\/strong><\/strong><\/span><\/strong><\/strong><\/strong><\/strong><\/strong><\/p>\n<p id=\"availability_date\" style=\"display: none;\"><span id=\"availability_label\" style=\"color: #d0121a; font-weight: bold; text-transform: uppercase;\"><u>Disponible le<\/u>\u00a0:<\/span><\/p>\n<\/div>\n<\/div>\n","protected":false},"featured_media":10107,"comment_status":"open","ping_status":"closed","template":"","meta":[],"product_brand":[],"product_cat":[113],"product_tag":[],"class_list":{"0":"post-11983","1":"product","2":"type-product","3":"status-publish","4":"has-post-thumbnail","6":"product_cat-poeles-granules","8":"first","9":"instock","10":"sale","11":"purchasable","12":"product-type-simple"},"jetpack_sharing_enabled":true,"_links":{"self":[{"href":"https:\/\/troncybois.com\/index.php?rest_route=\/wp\/v2\/product\/11983","targetHints":{"allow":["GET"]}}],"collection":[{"href":"https:\/\/troncybois.com\/index.php?rest_route=\/wp\/v2\/product"}],"about":[{"href":"https:\/\/troncybois.com\/index.php?rest_route=\/wp\/v2\/types\/product"}],"replies":[{"embeddable":true,"href":"https:\/\/troncybois.com\/index.php?rest_route=%2Fwp%2Fv2%2Fcomments&post=11983"}],"version-history":[{"count":1,"href":"https:\/\/troncybois.com\/index.php?rest_route=\/wp\/v2\/product\/11983\/revisions"}],"predecessor-version":[{"id":12000,"href":"https:\/\/troncybois.com\/index.php?rest_route=\/wp\/v2\/product\/11983\/revisions\/12000"}],"wp:featuredmedia":[{"embeddable":true,"href":"https:\/\/troncybois.com\/index.php?rest_route=\/wp\/v2\/media\/10107"}],"wp:attachment":[{"href":"https:\/\/troncybois.com\/index.php?rest_route=%2Fwp%2Fv2%2Fmedia&parent=11983"}],"wp:term":[{"taxonomy":"product_brand","embeddable":true,"href":"https:\/\/troncybois.com\/index.php?rest_route=%2Fwp%2Fv2%2Fproduct_brand&post=11983"},{"taxonomy":"product_cat","embeddable":true,"href":"https:\/\/troncybois.com\/index.php?rest_route=%2Fwp%2Fv2%2Fproduct_cat&post=11983"},{"taxonomy":"product_tag","embeddable":true,"href":"https:\/\/troncybois.com\/index.php?rest_route=%2Fwp%2Fv2%2Fproduct_tag&post=11983"}],"curies":[{"name":"wp","href":"https:\/\/api.w.org\/{rel}","templated":true}]}}