{"id":11960,"date":"2023-05-30T15:41:44","date_gmt":"2023-05-30T13:41:44","guid":{"rendered":"https:\/\/antiquewhite-gerbil-448984.hostingersite.com\/?post_type=product&#038;p=11960"},"modified":"2023-05-31T16:49:09","modified_gmt":"2023-05-31T14:49:09","slug":"poele-a-granules-ventile-etanche-extraflame-pamela-steel-9-kw","status":"publish","type":"product","link":"https:\/\/troncybois.com\/?product=poele-a-granules-ventile-etanche-extraflame-pamela-steel-9-kw","title":{"rendered":"Po\u00eale \u00e0 granul\u00e9s ventil\u00e9 \u00e9tanche &#8211; EXTRAFLAME Pamela Steel 9 kW"},"content":{"rendered":"<div class=\"fiche-produit\">\n<p><strong>Le po\u00eale \u00e0 granules ventil\u00e9 \u00e9tanche Pamela Steel <\/strong>de la marque<strong> EXTRAFLAME<\/strong> \u00e0 prix discount ne consomme que 0.6 kg\/h de granul\u00e9s \u00e0 puissance minimale. Avec sa puissance nominale de 8 kW il peut chauffer une pi\u00e8ce jusqu&rsquo;\u00e0 230 m3. Le mod\u00e8le Pamela Steel poss\u00e8de un r\u00e9servoir \u00e0 pellets d&rsquo;une capacit\u00e9 de 24 litres.<\/p>\n<p>Ce <strong>po\u00eale \u00e0 granul\u00e9s \u00e9tanche<\/strong> est programmable soit par le tableau de commande situ\u00e9 sur l&rsquo;appareil ou bien \u00e0 l&rsquo;aide de la t\u00e9l\u00e9commande qui est incluse avec ce mod\u00e8le. Cela vous permettra de chauffer lorsque vous en avez vraiment l&rsquo;utilit\u00e9 afin d&rsquo;\u00e9conomiser un maximum de combustible. Ce <strong>po\u00eale \u00e0 pellets est \u00e9tanche<\/strong> et permet une installation en sortie ventouse\/fa\u00e7ade, sortie toiture ou en sortie toiture \u00e0 plus de 40cm du fa\u00eetage.<\/p>\n<p>Ce mod\u00e8le dispose d&rsquo;une fonction Confort sur le ventilateur frontal, ce qui r\u00e9duit la vitesse de ventilation afin d&rsquo;avoir moins de nuisances sonores.<\/p>\n<h2>Informations cl\u00e9s sur le Po\u00eale \u00e0 granules ventil\u00e9 \u00e9tanche &#8211; EXTRAFLAME Pamela Steel 9 kW<\/h2>\n<ul>\n<li>Rev\u00eatement c\u00f4t\u00e9s en acier<\/li>\n<li>Bougie en c\u00e9ramique<\/li>\n<li>Foyer et brasier en fonte<\/li>\n<li>Porte du foyer en fonte<\/li>\n<li>Double porte<\/li>\n<li>Vitre externe du foyer en verre tremp\u00e9e<\/li>\n<li>Ventilation frontale avec fonction Confort<\/li>\n<li>R\u00e9-allumage automatique apr\u00e8s coupure de courant<\/li>\n<li>Thermostat de s\u00e9curit\u00e9<\/li>\n<li>Programmateur hebdomadaire<\/li>\n<li>Pressostat de s\u00e9curit\u00e9<\/li>\n<li>\u00c9vacuation des fum\u00e9es : Arri\u00e8re<\/li>\n<li>T\u00e9l\u00e9commande tactile avec fonction thermostat\u00a0: INCLUS<\/li>\n<li>Module WIFI : OPTION<\/li>\n<\/ul>\n<h2>Caract\u00e9ristiques techniques du Po\u00eale \u00e0 granules ventil\u00e9 \u00e9tanche &#8211; EXTRAFLAME Pamela Steel 9 kW<\/h2>\n<ul>\n<li>Puissance nominale : Pmin 2,5 \/ Pmax 8 kW<\/li>\n<li>Puissance br\u00fbl\u00e9e : Pmin 2.7 \/ Pmax 8.8 kW<\/li>\n<li>Rendement : min 91.2 \/ max 92.6 %<\/li>\n<li>Consommation : de 0,6 \u00e0 1,8 Kg\/h<\/li>\n<li>Dimensions : L 470 x H 1197 x 470 mm<\/li>\n<li>Poids : 130 kg<\/li>\n<li>Volume de chauffe : 230 m3<\/li>\n<li>Diam\u00e8tre sortie de fum\u00e9es : 80 mm<\/li>\n<li>Diam\u00e8tre arriv\u00e9e d&rsquo;air : 60 mm<\/li>\n<li>Capacit\u00e9 du r\u00e9servoir : 15 kg<\/li>\n<li>Classe \u00e9nerg\u00e9tique : A +<\/li>\n<\/ul>\n<h3>Sch\u00e9ma explicatif du Po\u00eale \u00e0 granules ventil\u00e9 \u00e9tanche &#8211; EXTRAFLAME Pamela Steel 9 kW<\/h3>\n<p>Cliquez sur le lien suivant pour retrouver le Manuel Utilisateur : T\u00c9L\u00c9CHARGER LE MANUEL<\/p>\n<p><img fetchpriority=\"high\" decoding=\"async\" src=\"https:\/\/www.poelediscount.com\/img\/cms\/pamela%20steel.png\" alt=\"\" width=\"887\" height=\"566\" \/><\/p>\n<h3>Mode de fonctionnement du P<strong>o\u00eale \u00e0 pellets ventil\u00e9 \u00e9tanche &#8211; EXTRAFLAME Pamela Steel 9 kW<\/strong><\/h3>\n<ul>\n<li>Le syst\u00e8me <span style=\"text-decoration: underline;\">Eco-Stop (StandBy)<\/span> qui permet au <strong>po\u00eale \u00e0 granul\u00e9s<\/strong> de s&rsquo;\u00e9teindre une fois la temp\u00e9rature souhait\u00e9e atteinte et de red\u00e9marrer lorsque celle ci aura diminuer.<\/li>\n<li>Le syst\u00e8me <span style=\"text-decoration: underline;\">Modulation<\/span> qui permet au <strong>po\u00eale \u00e0 granules<\/strong> de fonctionner en continu afin d&rsquo;\u00e9viter les red\u00e9marrages, lorsque la temp\u00e9rature demand\u00e9e est atteinte celui ci va se r\u00e9guler automatiquement afin de diminuer sa puissance au minimum tout en maintenant la temp\u00e9rature.<\/li>\n<li>Le syst\u00e8me <span style=\"text-decoration: underline;\">Programmable<\/span> permettant de d\u00e9marrer et d&rsquo;\u00e9teindre le <strong>po\u00eale<\/strong> \u00e0 un moment pr\u00e9cis de la journ\u00e9e.<\/li>\n<\/ul>\n<p>Il faut savoir que tout les modes peuvent fonctionner ensemble, en m\u00eame temps.<\/p>\n<h3>Les diff\u00e9rents syst\u00e8mes du P<strong>o\u00eale \u00e0 granul\u00e9s ventil\u00e9 \u00e9tanche &#8211; EXTRAFLAME Pamela Steel 9 kW<\/strong><\/h3>\n<p><img decoding=\"async\" src=\"https:\/\/www.poelediscount.com\/img\/cms\/Sch%C3%A9ma%20technique\/LOGOS%20syst%C3%A8mes%20Nordica%20Extraflame\/Pamela_Syst%C3%A8mes.png\" alt=\"Syst\u00e8mes du PAMELA extraflamme\" width=\"1842\" height=\"207\" \/><\/p>\n<p><strong>A propos du fabricant :<\/strong> La marque italienne <strong>EXTRAFLAME<\/strong> a \u00e9t\u00e9 cr\u00e9e en 1968 et propose une large gamme de produits destin\u00e9s au chauffage domestique comme des po\u00eales \u00e0 granul\u00e9s, chemin\u00e9es, cuisini\u00e8res \u00e0 bois et chaudi\u00e8res.<\/p>\n<ul>\n<li>Vous recherchez un produit similaire ? Retrouvez un autre mod\u00e8le de po\u00eale \u00e0 granules \u00e9tanche<\/li>\n<li>Vous aimez ce genre de produits ? Retrouvez nos po\u00eales \u00e0 granules ventil\u00e9s<\/li>\n<li>D\u00e9couvrez nos po\u00eales \u00e0 granules \u00e9tanche<\/li>\n<li>La marque EXTRAFLAME vous pla\u00eet ? D\u00e9couvrez nos produits de la marque EXTRAFLAME<\/li>\n<li>Poelediscount.com le leader des po\u00eales \u00e0 granul\u00e9s pas chers<\/li>\n<\/ul>\n<\/div>\n<p>&nbsp;<\/p>\n<div>\n<p><strong><u>Garantie<\/u>\u00a0:\u00a0<\/strong>Nous vous rappelons que pour la garantie, l&rsquo;installation doit \u00eatre conforme au mode d&#8217;emploi (pr\u00e9conisation du fabricant) et doit respecter les normes en vigueur du pays, pour la France DTU 24.1 ou 24.2.<br \/>\nDe plus, comme pour tous les po\u00eales \u00e0 granul\u00e9s, les appareils sont \u00e0 r\u00e9gler en fonction du tirage naturel de l&rsquo;installation choisie.<\/p>\n<p class=\"fiche-produit\">Les r\u00e9glages et la mise en service de ce produit doivent \u00eatre effectu\u00e9s par un professionnel agr\u00e9\u00e9 CAT La Nordica-Extraflame, le listing se trouve ici : https:\/\/www.lanordica-extraflame.com\/fr\/cat\/services-apres-vente.<br \/>\nPensez \u00e0 v\u00e9rifier la disponibilit\u00e9 d&rsquo;un professionnel pr\u00e8s de chez vous.<\/p>\n<\/div>\n<div class=\"row\" style=\"padding-top: 20px;\">\n<div class=\"col-xs-12 col-sm-12 col-md-12 col-lg-4\" style=\"text-align: center; padding: 15px 2px 25px 2px;\">Questions fr\u00e9quentes<\/div>\n<div class=\"col-xs-12 col-sm-12 col-md-12 col-lg-4\" style=\"text-align: center; padding: 15px 2px 25px 2px;\">Quelle puissance choisir ?<\/div>\n<div class=\"col-xs-12 col-sm-12 col-md-12 col-lg-4\" style=\"text-align: center; padding: 15px 2px 25px 2px;\">Livraison<\/div>\n<\/div>\n","protected":false},"excerpt":{"rendered":"<p id=\"product_reference\"><label>R\u00e9f\u00e9rence <\/label><br \/>\n<span class=\"editable\">285400<\/span><\/p>\n<p id=\"product_condition\"><label>\u00c9tat : <\/label><br \/>\n<span class=\"editable\">Neuf<\/span><\/p>\n<p id=\"product_ean13\"><label>Ean13: <\/label><br \/>\n8008269005615<\/p>\n<div id=\"short_description_block\">\n<div id=\"short_description_content\" class=\"rte align_justify\">\n<ul>\n<li>Marque EXTRAFLAME<\/li>\n<li>Garantie 2 ans pi\u00e8ces<\/li>\n<li>Fabriqu\u00e9 en Italie<\/li>\n<li>Programmable &#8211; Eco-stop (StandBy)<\/li>\n<li>\u00c9tanche : Zone 1,2,3<\/li>\n<li>Flamme Verte<\/li>\n<li>EcoDesign 2022<\/li>\n<\/ul>\n<p><span style=\"color: #218e53;\"><strong>D\u00e9lai de disponibilit\u00e9 : 5 \u00e0 12 jours<\/strong><\/span><\/p>\n<p><span style=\"text-decoration: underline;\"><strong>LIVRAISON GRATUITE<\/strong><\/span> (Partout en Europe)<\/p>\n<\/div>\n<\/div>\n","protected":false},"featured_media":11994,"comment_status":"open","ping_status":"closed","template":"","meta":[],"product_brand":[],"product_cat":[113],"product_tag":[],"class_list":{"0":"post-11960","1":"product","2":"type-product","3":"status-publish","4":"has-post-thumbnail","6":"product_cat-poeles-granules","8":"first","9":"instock","10":"sale","11":"purchasable","12":"product-type-simple"},"jetpack_sharing_enabled":true,"_links":{"self":[{"href":"https:\/\/troncybois.com\/index.php?rest_route=\/wp\/v2\/product\/11960","targetHints":{"allow":["GET"]}}],"collection":[{"href":"https:\/\/troncybois.com\/index.php?rest_route=\/wp\/v2\/product"}],"about":[{"href":"https:\/\/troncybois.com\/index.php?rest_route=\/wp\/v2\/types\/product"}],"replies":[{"embeddable":true,"href":"https:\/\/troncybois.com\/index.php?rest_route=%2Fwp%2Fv2%2Fcomments&post=11960"}],"version-history":[{"count":1,"href":"https:\/\/troncybois.com\/index.php?rest_route=\/wp\/v2\/product\/11960\/revisions"}],"predecessor-version":[{"id":11999,"href":"https:\/\/troncybois.com\/index.php?rest_route=\/wp\/v2\/product\/11960\/revisions\/11999"}],"wp:featuredmedia":[{"embeddable":true,"href":"https:\/\/troncybois.com\/index.php?rest_route=\/wp\/v2\/media\/11994"}],"wp:attachment":[{"href":"https:\/\/troncybois.com\/index.php?rest_route=%2Fwp%2Fv2%2Fmedia&parent=11960"}],"wp:term":[{"taxonomy":"product_brand","embeddable":true,"href":"https:\/\/troncybois.com\/index.php?rest_route=%2Fwp%2Fv2%2Fproduct_brand&post=11960"},{"taxonomy":"product_cat","embeddable":true,"href":"https:\/\/troncybois.com\/index.php?rest_route=%2Fwp%2Fv2%2Fproduct_cat&post=11960"},{"taxonomy":"product_tag","embeddable":true,"href":"https:\/\/troncybois.com\/index.php?rest_route=%2Fwp%2Fv2%2Fproduct_tag&post=11960"}],"curies":[{"name":"wp","href":"https:\/\/api.w.org\/{rel}","templated":true}]}}