{"id":11959,"date":"2023-05-30T15:41:44","date_gmt":"2023-05-30T13:41:44","guid":{"rendered":"https:\/\/antiquewhite-gerbil-448984.hostingersite.com\/?post_type=product&#038;p=11959"},"modified":"2023-05-31T16:49:09","modified_gmt":"2023-05-31T14:49:09","slug":"poele-a-granules-ventile-evacalor-tiziano-6-5-kw","status":"publish","type":"product","link":"https:\/\/troncybois.com\/?product=poele-a-granules-ventile-evacalor-tiziano-6-5-kw","title":{"rendered":"Po\u00eale \u00e0 granul\u00e9s ventil\u00e9 &#8211; EVACALOR Tiziano 6.5 kW"},"content":{"rendered":"<div class=\"fiche-produit\">\n<p><strong>Le po\u00eale \u00e0 granul\u00e9s ventil\u00e9 6.5<\/strong><strong> kW<\/strong> de la marque <strong>EVACALOR<\/strong> est un appareil qui vous offrira la possibilit\u00e9 de chauffer un volume jusqu&rsquo;\u00e0 160 m3. Gr\u00e2ce \u00e0 son design original, ce mod\u00e8le de <strong>po\u00eale \u00e0 granul\u00e9s<\/strong> vous offre la possibilit\u00e9 de repeindre enti\u00e8rement les diff\u00e9rentes faces en b\u00e9ton, de quoi laisser libre cours \u00e0 votre imagination !<\/p>\n<h2>Informations cl\u00e9s sur le Po\u00eale \u00e0 granul\u00e9s ventil\u00e9 &#8211; EVACALOR Tiziano <strong>6.5<\/strong> kW<\/h2>\n<ul>\n<li>Ventilation forc\u00e9e<\/li>\n<li>Chambre de combustion en acier<\/li>\n<li>Brasier en acier<\/li>\n<li>\u00c9cran LED 6 touches<\/li>\n<li>Vitre en verre s\u00e9rigraphi\u00e9e noire<\/li>\n<li>Structure autoportante rapide \u00e0 installer<\/li>\n<li>Poign\u00e9e amovible<\/li>\n<li>Pr\u00e9disposition pour le thermostat ext\u00e9rieur<\/li>\n<li>Pressostat de s\u00e9curit\u00e9<\/li>\n<li>Chrono-thermostat<\/li>\n<li>\u00c9vacuation des fum\u00e9es : Sup\u00e9rieur \/ Arri\u00e8re<\/li>\n<li>T\u00e9l\u00e9commande : INCLUSE<\/li>\n<li>Module WIFI\u00a0: OPTION<\/li>\n<li>Thermostat connect\u00e9\u00a0: OPTION<\/li>\n<\/ul>\n<h2>Description technique du Po\u00eale \u00e0 granul\u00e9s ventil\u00e9 &#8211; EVACALOR Tiziano 6.5 kW<\/h2>\n<ul>\n<li>Puissance nominale : Pmax 6.5 kW \/ Pmin 3.5 kW<\/li>\n<li>Puissance brul\u00e9e : Pmax 7.5 kW \/ Pmin 3 kW<\/li>\n<li>Rendement : Pmax 88.5% \/ Pmin 90.5%<\/li>\n<li>Consommation de pellets : de 0.8 \u00e0 1.6 kg\/h<\/li>\n<li>Capacit\u00e9 du r\u00e9servoir : 20 kg<\/li>\n<li>Volume de chauffe : de 70 \u00e0 160 m3<\/li>\n<li>Poids : 150 kg<\/li>\n<li>Dimensions : L 938 x P 540 x H 1127 mm<\/li>\n<li>Diam\u00e8tre sortie des fum\u00e9es : 80 mm<\/li>\n<\/ul>\n<h3>Sch\u00e9ma technique du Po\u00eale \u00e0 ventil\u00e9s &#8211; EVACALOR <strong>Tiziano 6.5<\/strong> kW<\/h3>\n<p><img fetchpriority=\"high\" decoding=\"async\" src=\"https:\/\/www.poelediscount.com\/img\/cms\/tiziano%20sch%C3%A9ma%20technique.png\" alt=\"\" width=\"1018\" height=\"578\" \/><\/p>\n<h3>Les diff\u00e9rents syst\u00e8mes du Po\u00eale \u00e0 granul\u00e9s ventil\u00e9<strong> &#8211; EVACALOR Tiziano 6.5 kW<br \/>\n<\/strong><\/h3>\n<p><strong>SHU :<br \/>\n<\/strong>Le symbole SHU indique que le po\u00eale est pourvu d\u2019une poign\u00e9e amovible. C\u2019est une pr\u00e9caution de s\u00e9curit\u00e9 pour \u00e9viter l\u2019ouverture accidentelle et\/ou involontaire de la porte du foyer.<\/p>\n<p><strong>ECODESIGN 2022 :<\/strong><br \/>\nCe produit r\u00e9pond aux crit\u00e8res du label Ecodesign 2022 qui \u00e9tablit les normes d&rsquo;un projet \u00e9co-compatible, ses m\u00e9thodes de calculs et d&rsquo;\u00e9valuation sont \u00e9tablis dans le but de r\u00e9duire les \u00e9missions dans l&rsquo;atmosph\u00e8re.<strong><br \/>\n<\/strong><\/p>\n<p><strong>A propos du fabricant : <\/strong>EVA CALOR est une entreprise italienne sp\u00e9cialis\u00e9e dans la confection d&rsquo;appareils de chauffage. Elle propose une large gamme de po\u00eales \u00e0 granul\u00e9s, insert, cuisini\u00e8res de qualit\u00e9. \u00c9cologiquement responsable la marque fait subir tout un tas de test et de contr\u00f4les \u00e0 ses produits afin de garantir la fiabilit\u00e9 et la s\u00e9curit\u00e9.<\/p>\n<ul>\n<li>Vous aimez la marque EVA CALOR ? Retrouvez d&rsquo;autres mod\u00e8les de\u00a0po\u00eale \u00e0 granul\u00e9s slim de la marque.<\/li>\n<li>Vous cherchez un autre mod\u00e8le de\u00a0po\u00eales \u00e0 granul\u00e9s design ?<\/li>\n<\/ul>\n<\/div>\n<p>&nbsp;<\/p>\n<div>\n<p><strong><u>Garantie<\/u>\u00a0:\u00a0<\/strong>Nous vous rappelons que pour la garantie, l&rsquo;installation doit \u00eatre conforme au mode d&#8217;emploi (pr\u00e9conisation du fabricant) et doit respecter les normes en vigueur du pays, pour la France DTU 24.1 ou 24.2.<br \/>\nDe plus, comme pour tous les po\u00eales \u00e0 granul\u00e9s, les appareils sont \u00e0 r\u00e9gler en fonction du tirage naturel de l&rsquo;installation choisie.<\/p>\n<\/div>\n<div class=\"row\" style=\"padding-top: 20px;\">\n<div class=\"col-xs-12 col-sm-12 col-md-12 col-lg-4\" style=\"text-align: center; padding: 15px 2px 25px 2px;\">Questions fr\u00e9quentes<\/div>\n<div class=\"col-xs-12 col-sm-12 col-md-12 col-lg-4\" style=\"text-align: center; padding: 15px 2px 25px 2px;\">Quelle puissance choisir ?<\/div>\n<div class=\"col-xs-12 col-sm-12 col-md-12 col-lg-4\" style=\"text-align: center; padding: 15px 2px 25px 2px;\">Livraison<\/div>\n<\/div>\n","protected":false},"excerpt":{"rendered":"<p id=\"product_reference\"><label>R\u00e9f\u00e9rence <\/label><br \/>\n<span class=\"editable\">28600<\/span><\/p>\n<p id=\"product_condition\"><label>\u00c9tat : <\/label><br \/>\n<span class=\"editable\">Neuf<\/span><\/p>\n<p><span style=\"font-family: var(--global-body-font-family); font-size: 16px; font-weight: normal;\">Marque EVACALOR<\/span><\/p>\n<div id=\"short_description_block\">\n<div id=\"short_description_content\" class=\"rte align_justify\">\n<ul>\n<li>Fabriqu\u00e9 en Italie<\/li>\n<li>Garantie : 2 ans pi\u00e8ces<\/li>\n<li>EcoDesign 2022<\/li>\n<li>Non \u00e9tanche : Zone 1<\/li>\n<\/ul>\n<p><strong><span style=\"color: #218e53;\">D\u00e9lai de disponibilit\u00e9 : 5 \u00e0 12 jours<\/span><\/strong><\/p>\n<p><strong> LIVRAISON GRATUITE (Partout en Europe)<\/strong><\/p>\n<\/div>\n<\/div>\n","protected":false},"featured_media":11988,"comment_status":"open","ping_status":"closed","template":"","meta":[],"product_brand":[],"product_cat":[113],"product_tag":[],"class_list":{"0":"post-11959","1":"product","2":"type-product","3":"status-publish","4":"has-post-thumbnail","6":"product_cat-poeles-granules","8":"first","9":"instock","10":"sale","11":"purchasable","12":"product-type-simple"},"jetpack_sharing_enabled":true,"_links":{"self":[{"href":"https:\/\/troncybois.com\/index.php?rest_route=\/wp\/v2\/product\/11959","targetHints":{"allow":["GET"]}}],"collection":[{"href":"https:\/\/troncybois.com\/index.php?rest_route=\/wp\/v2\/product"}],"about":[{"href":"https:\/\/troncybois.com\/index.php?rest_route=\/wp\/v2\/types\/product"}],"replies":[{"embeddable":true,"href":"https:\/\/troncybois.com\/index.php?rest_route=%2Fwp%2Fv2%2Fcomments&post=11959"}],"version-history":[{"count":1,"href":"https:\/\/troncybois.com\/index.php?rest_route=\/wp\/v2\/product\/11959\/revisions"}],"predecessor-version":[{"id":11993,"href":"https:\/\/troncybois.com\/index.php?rest_route=\/wp\/v2\/product\/11959\/revisions\/11993"}],"wp:featuredmedia":[{"embeddable":true,"href":"https:\/\/troncybois.com\/index.php?rest_route=\/wp\/v2\/media\/11988"}],"wp:attachment":[{"href":"https:\/\/troncybois.com\/index.php?rest_route=%2Fwp%2Fv2%2Fmedia&parent=11959"}],"wp:term":[{"taxonomy":"product_brand","embeddable":true,"href":"https:\/\/troncybois.com\/index.php?rest_route=%2Fwp%2Fv2%2Fproduct_brand&post=11959"},{"taxonomy":"product_cat","embeddable":true,"href":"https:\/\/troncybois.com\/index.php?rest_route=%2Fwp%2Fv2%2Fproduct_cat&post=11959"},{"taxonomy":"product_tag","embeddable":true,"href":"https:\/\/troncybois.com\/index.php?rest_route=%2Fwp%2Fv2%2Fproduct_tag&post=11959"}],"curies":[{"name":"wp","href":"https:\/\/api.w.org\/{rel}","templated":true}]}}