{"id":11958,"date":"2023-05-30T15:41:44","date_gmt":"2023-05-30T13:41:44","guid":{"rendered":"https:\/\/antiquewhite-gerbil-448984.hostingersite.com\/?post_type=product&#038;p=11958"},"modified":"2023-05-31T16:49:09","modified_gmt":"2023-05-31T14:49:09","slug":"poele-a-granules-ventile-ceramique-evacalor-maria-13-5-kw","status":"publish","type":"product","link":"https:\/\/troncybois.com\/?product=poele-a-granules-ventile-ceramique-evacalor-maria-13-5-kw","title":{"rendered":"Po\u00eale \u00e0 granules ventil\u00e9 c\u00e9ramique &#8211; EVACALOR Maria 13.5 kW"},"content":{"rendered":"<div class=\"fiche-produit\">\n<p><strong>Le po\u00eale \u00e0 granules ventil\u00e9 c\u00e9ramique Maria 13.5 kW<\/strong> aux d\u00e9corations recherch\u00e9es a une puissance de 13.5kw et chauffe les espaces en leur conf\u00e9rant la touche classique et confortable qu\u2019inspire depuis toujours <strong>le rev\u00eatement c\u00e9ramique<\/strong>. Ce <strong>po\u00eale<\/strong> utilise des <strong>granul\u00e9s de bois<\/strong> comme source d\u2019\u00e9nergie, ce qui permet de chauffer rapidement et rentablement une pi\u00e8ce. Dispos\u00e9 dans le r\u00e9servoir \u00e0<strong> pellets<\/strong>, ce moyen de chauffe permet une combustion plus lente. Gr\u00e2ce \u00e0 son ventilateur int\u00e9gr\u00e9 ce po\u00eale diffuse la chaleur de mani\u00e8re homog\u00e8ne pour une meilleure r\u00e9partition de celle-ci. Cette ventilation permet d\u2019atteindre rapidement la temp\u00e9rature souhait\u00e9e. Ce <strong>po\u00eale \u00e0 granules ventil\u00e9<\/strong> permet aussi de diminuer la consommation d&rsquo;\u00e9nergie tout en promettant une chaleur durable et confortable. Son rev\u00eatement enti\u00e8rement en <strong>c\u00e9ramique<\/strong> permet de garder la chaleur.<\/p>\n<h2>Informations cl\u00e9s sur le Po\u00eale \u00e0 granules ventil\u00e9 c\u00e9ramique &#8211; EVA CALOR Maria 13.5 kW<\/h2>\n<ul>\n<li>Rev\u00eatement en c\u00e9ramique assembl\u00e9 \u00e0 la main<\/li>\n<li>Chambre de combustion en fonte<\/li>\n<li>Brasier en acier inox<\/li>\n<li>Poign\u00e9e amovible<\/li>\n<li>Ventilation forc\u00e9e<\/li>\n<li>5 puissances de fonctionnement<\/li>\n<li>Afficheur avec menu dans 6 langues<\/li>\n<li>Tiroir \u00e0 cendres amovible pour r\u00e9cup\u00e9ration de cendres<\/li>\n<li>Thermostat de s\u00e9curit\u00e9<\/li>\n<li>Pr\u00e9disposition pour thermostat ext\u00e9rieur<\/li>\n<li>Pressostat de s\u00e9curit\u00e9<\/li>\n<li>Chrono-thermostat<\/li>\n<li>Display 6 touches LED<\/li>\n<li>T\u00e9l\u00e9commande pour po\u00eale \u00e0 granul\u00e9s EVA CALOR<\/li>\n<li>Module Wifi pour po\u00eale \u00e0 granul\u00e9s ventil\u00e9 EVACALOR<\/li>\n<li>Thermostat connect\u00e9 pour po\u00eale \u00e0 granul\u00e9s EVA CALOR<\/li>\n<li>Pi\u00e8ces d\u00e9tach\u00e9es pour po\u00eale \u00e0 granul\u00e9s ventil\u00e9 c\u00e9ramique EVACALOR Maria<\/li>\n<\/ul>\n<h2>Caract\u00e9ristiques techniques du Po\u00eale \u00e0 granules ventil\u00e9 c\u00e9ramique &#8211; EVA CALOR Maria 13.5 kW<\/h2>\n<ul>\n<li>Puissance brul\u00e9e : Pmax 13.5 kW \/ Pmin 4 kW<\/li>\n<li>Puissance nominale : Pmax 11.5 kW \/ Pmin 3,5 kW<\/li>\n<li>Rendement : Pmax 89,5% \/ Pmin 93.5%<\/li>\n<li>CO \u00e9missions \u00e0 13% O2 : Pmax 0,013% \/ Pmin 0,022%<\/li>\n<li>Consommation de pellets : Pmax 2,9 kg\/h \/ Pmin 0,9 kg\/h<\/li>\n<li>Capacit\u00e9 du r\u00e9servoir : 20 kg<\/li>\n<li>Volume de chauffe : de 200 \u00e0 300 m3<\/li>\n<li>Distance minimale des surfaces inflammables : c\u00f4t\u00e9 30cm \/ arri\u00e8re 20cm \/ avant 100cm<\/li>\n<li>Tension \/ Fr\u00e9quence : 230 V \/ 50 Hz<\/li>\n<li>Puissance nominale \u00e9lectrique : 320 W<\/li>\n<li>Dimensions : L 731 x P 586 x H 1129 mm<\/li>\n<li>Poids : 210 kg<\/li>\n<li>Classe \u00e9nerg\u00e9tique: A +<\/li>\n<li>Conforme aux normes : EN14785 &#8211; BImSchV II &#8211; 15a B-VG &#8211; LRV\/VKF<\/li>\n<li>Diam\u00e8tre sortie des fum\u00e9es : 80 mm<\/li>\n<li>Diam\u00e8tre arriv\u00e9e d&rsquo;air : 51 mm<\/li>\n<\/ul>\n<h3>Sch\u00e9ma explicatif du Po\u00eale \u00e0 granules ventil\u00e9 c\u00e9ramique &#8211; EVA CALOR Maria 13.5 kW<\/h3>\n<p><img fetchpriority=\"high\" decoding=\"async\" src=\"https:\/\/www.poelediscount.com\/img\/cms\/Sch%C3%A9ma%20technique\/EVA%20CALOR\/MARIA.png\" alt=\"\" width=\"667\" height=\"501\" \/><\/p>\n<h3>Mode de fonctionnement du <strong>po\u00eale \u00e0 pellets ventil\u00e9 c\u00e9ramique &#8211; EVA CALOR Maria 13.5 kW<\/strong><\/h3>\n<ul>\n<li>Le syst\u00e8me <span style=\"text-decoration: underline;\">Eco-Stop (StandBy)<\/span> qui permet au <strong>po\u00eale \u00e0 granul\u00e9s<\/strong> de s&rsquo;\u00e9teindre une fois la temp\u00e9rature souhait\u00e9e atteinte et de red\u00e9marrer lorsque celle ci aura diminuer.<\/li>\n<li>Le syst\u00e8me <span style=\"text-decoration: underline;\">Modulation<\/span> qui permet au <strong>po\u00eale \u00e0 granules<\/strong> de fonctionner en continu afin d&rsquo;\u00e9viter les red\u00e9marrages, lorsque la temp\u00e9rature demand\u00e9e est atteinte celui ci va se r\u00e9guler automatiquement afin de diminuer sa puissance au minimum tout en maintenant la temp\u00e9rature.<\/li>\n<li>Le syst\u00e8me <span style=\"text-decoration: underline;\">Programmable<\/span> permettant de d\u00e9marrer et d&rsquo;\u00e9teindre le <strong>po\u00eale<\/strong> \u00e0 un moment pr\u00e9cis de la journ\u00e9e.<\/li>\n<\/ul>\n<p>Il faut savoir que tout les modes peuvent fonctionner ensemble, en m\u00eame temps.<\/p>\n<h3>Les diff\u00e9rents syst\u00e8mes du <strong>po\u00eale \u00e0 granul\u00e9s ventil\u00e9 c\u00e9ramique &#8211; EVA CALOR Maria 13.5 kW<\/strong><\/h3>\n<p><span style=\"text-decoration: underline;\">ECODESIGN 2022<\/span><br \/>\nCe produit r\u00e9pond aux crit\u00e8res du label Ecodesign 2022 qui \u00e9tablit les normes d&rsquo;un projet \u00e9co-compatible, ses m\u00e9thodes de calculs et d&rsquo;\u00e9valuation dans le but de r\u00e9duire les \u00e9missions dans l&rsquo;atmosph\u00e8re.<\/p>\n<p><span style=\"text-decoration: underline;\">SHU<\/span><br \/>\nLe symbole SHU indique que le po\u00eale est pourvu d\u2019une poign\u00e9e amovible. C\u2019est une pr\u00e9caution de s\u00e9curit\u00e9 pour \u00e9viter l\u2019ouverture accidentelle et\/ou involontaire de la porte du foyer.<\/p>\n<p><strong>A propos du fabricant :<\/strong> \u00c9cologiquement responsable,<strong> Eva calor<\/strong> respecte l\u2019environnement. Ayant acquis des ann\u00e9es d\u2019exp\u00e9riences, l\u2019entreprise italienne propose des produits de qualit\u00e9s fiable pour une chaleur \u00e9conomique et \u00e9cologique.<\/p>\n<ul>\n<li>Retrouvez un produit similaire de\u00a0po\u00eale \u00e0 granules ventil\u00e9 c\u00e9ramique avec coupole<\/li>\n<li>D\u00e9couvrez nos po\u00eale \u00e0 granules ventil\u00e9 c\u00e9ramique<\/li>\n<li>La marque Eva Calor vous pla\u00eet ? Orientez vous vers les produits EVA CALOR<\/li>\n<li>Poelediscount.com le leader des po\u00eales \u00e0 granul\u00e9s pas chers<\/li>\n<\/ul>\n<\/div>\n<p>&nbsp;<\/p>\n<div>\n<p><strong><u>Garantie<\/u>\u00a0:\u00a0<\/strong>Nous vous rappelons que pour la garantie, l&rsquo;installation doit \u00eatre conforme au mode d&#8217;emploi (pr\u00e9conisation du fabricant) et doit respecter les normes en vigueur du pays, pour la France DTU 24.1 ou 24.2.<br \/>\nDe plus, comme pour tous les po\u00eales \u00e0 granul\u00e9s, les appareils sont \u00e0 r\u00e9gler en fonction du tirage naturel de l&rsquo;installation choisie.<\/p>\n<\/div>\n<div class=\"row\" style=\"padding-top: 20px;\">\n<div class=\"col-xs-12 col-sm-12 col-md-12 col-lg-4\" style=\"text-align: center; padding: 15px 2px 25px 2px;\">Questions fr\u00e9quentes<\/div>\n<div class=\"col-xs-12 col-sm-12 col-md-12 col-lg-4\" style=\"text-align: center; padding: 15px 2px 25px 2px;\">Quelle puissance choisir ?<\/div>\n<div class=\"col-xs-12 col-sm-12 col-md-12 col-lg-4\" style=\"text-align: center; padding: 15px 2px 25px 2px;\">Livraison<\/div>\n<\/div>\n","protected":false},"excerpt":{"rendered":"<p id=\"product_reference\"><label>R\u00e9f\u00e9rence <\/label><br \/>\n<span class=\"editable\">90163<\/span><\/p>\n<p id=\"product_condition\"><label>\u00c9tat : <\/label><br \/>\n<span class=\"editable\">Neuf<\/span><\/p>\n<p id=\"product_ean13\"><label>Ean13: <\/label><br \/>\n8029728638885<\/p>\n<div id=\"short_description_block\">\n<div id=\"short_description_content\" class=\"rte align_justify\">\n<ul>\n<li>Marque EVA CALOR<\/li>\n<li>Garantie 2 ans pi\u00e8ces<\/li>\n<li>Fabriqu\u00e9 en Italie<\/li>\n<li>Programmable &#8211; Eco-stop (StandBy)<\/li>\n<li>Non \u00e9tanche : Zone 1<\/li>\n<li>EcoDesign 2022<\/li>\n<\/ul>\n<p><strong><span style=\"color: #218e53;\">D\u00e9lai de disponibilit\u00e9 : 5 \u00e0 12 jours<\/span><\/strong><\/p>\n<p><span style=\"text-decoration: underline;\"><strong>LIVRAISON GRATUITE <\/strong><\/span>(Partout en Europe)<\/p>\n<\/div>\n<\/div>\n","protected":false},"featured_media":11973,"comment_status":"open","ping_status":"closed","template":"","meta":[],"product_brand":[],"product_cat":[113],"product_tag":[],"class_list":{"0":"post-11958","1":"product","2":"type-product","3":"status-publish","4":"has-post-thumbnail","6":"product_cat-poeles-granules","8":"first","9":"instock","10":"sale","11":"purchasable","12":"product-type-simple"},"jetpack_sharing_enabled":true,"_links":{"self":[{"href":"https:\/\/troncybois.com\/index.php?rest_route=\/wp\/v2\/product\/11958","targetHints":{"allow":["GET"]}}],"collection":[{"href":"https:\/\/troncybois.com\/index.php?rest_route=\/wp\/v2\/product"}],"about":[{"href":"https:\/\/troncybois.com\/index.php?rest_route=\/wp\/v2\/types\/product"}],"replies":[{"embeddable":true,"href":"https:\/\/troncybois.com\/index.php?rest_route=%2Fwp%2Fv2%2Fcomments&post=11958"}],"version-history":[{"count":1,"href":"https:\/\/troncybois.com\/index.php?rest_route=\/wp\/v2\/product\/11958\/revisions"}],"predecessor-version":[{"id":11982,"href":"https:\/\/troncybois.com\/index.php?rest_route=\/wp\/v2\/product\/11958\/revisions\/11982"}],"wp:featuredmedia":[{"embeddable":true,"href":"https:\/\/troncybois.com\/index.php?rest_route=\/wp\/v2\/media\/11973"}],"wp:attachment":[{"href":"https:\/\/troncybois.com\/index.php?rest_route=%2Fwp%2Fv2%2Fmedia&parent=11958"}],"wp:term":[{"taxonomy":"product_brand","embeddable":true,"href":"https:\/\/troncybois.com\/index.php?rest_route=%2Fwp%2Fv2%2Fproduct_brand&post=11958"},{"taxonomy":"product_cat","embeddable":true,"href":"https:\/\/troncybois.com\/index.php?rest_route=%2Fwp%2Fv2%2Fproduct_cat&post=11958"},{"taxonomy":"product_tag","embeddable":true,"href":"https:\/\/troncybois.com\/index.php?rest_route=%2Fwp%2Fv2%2Fproduct_tag&post=11958"}],"curies":[{"name":"wp","href":"https:\/\/api.w.org\/{rel}","templated":true}]}}