{"id":11913,"date":"2023-05-30T15:40:48","date_gmt":"2023-05-30T13:40:48","guid":{"rendered":"https:\/\/antiquewhite-gerbil-448984.hostingersite.com\/?post_type=product&#038;p=11913"},"modified":"2024-06-07T15:52:29","modified_gmt":"2024-06-07T13:52:29","slug":"cheminee-a-granules-ventile-evacalor-dante-75-kw","status":"publish","type":"product","link":"https:\/\/troncybois.com\/?product=cheminee-a-granules-ventile-evacalor-dante-75-kw","title":{"rendered":"Chemin\u00e9e \u00e0 granul\u00e9s ventil\u00e9 &#8211; EVACALOR Dante 7,5 kW"},"content":{"rendered":"<div class=\"fiche-produit\">\n<p style=\"text-align: left;\">Cette <strong>chemin\u00e9e \u00e0 granul\u00e9s EVA CALOR Dante 7.5 kW<\/strong> est facile \u00e0 installer en raison de sa cape t\u00e9lescopique qui allonge la chemin\u00e9e jusqu\u2019au plafond. Son design arrondi s\u2019adapte parfaitement tant aux espaces modernes qu\u2019aux espaces classiques. Ses finitions soign\u00e9es dans les moindres d\u00e9tails et son design recherch\u00e9 le classe parmi les produits haut de gamme. Dispos\u00e9 dans le r\u00e9servoir \u00e0 granul\u00e9s, les <strong>granul\u00e9s de bois<\/strong> sont utilis\u00e9s comme source de chaleur. Ceux-ci permettent de chauffer efficacement une pi\u00e8ce de vie gr\u00e2ce \u00e0 une combustion plus lente. Gr\u00e2ce \u00e0 son ventilateur int\u00e9gr\u00e9 cette chemin\u00e9e diffuse la chaleur de mani\u00e8re homog\u00e8ne pour une meilleure r\u00e9partition de celle-ci. Cette <strong>chemin\u00e9e \u00e0 granules ventil\u00e9<\/strong> permet aussi de diminuer la consommation d&rsquo;\u00e9nergie tout en promettant une chaleur durable et confortable.<\/p>\n<h2 style=\"text-align: left;\">Informations cl\u00e9s sur la chemin\u00e9e \u00e0 granules ventil\u00e9 &#8211; EVACALOR Dante 7,5 kW<\/h2>\n<ul style=\"text-align: left;\">\n<li>Rev\u00eatement en acier<\/li>\n<li>Plateau sup\u00e9rieur de 6 mm d&rsquo;\u00e9paisseur<\/li>\n<li>Porte en verre s\u00e9rigraphi\u00e9 noir<\/li>\n<li>Ventilation forc\u00e9e<\/li>\n<li>5 puissances de fonctionnement<\/li>\n<li>Afficheur avec menu dans 6 langues<\/li>\n<li>Display 6 touches LED<\/li>\n<li>Eco-Stop (Standby)<\/li>\n<li>Hotte t\u00e9lescopique<\/li>\n<li>Structure autoportante rapide \u00e0 installer<\/li>\n<li>Poign\u00e9e amovible<\/li>\n<li>\u00c9vacuation des fum\u00e9es : Sup\u00e9rieure ou Arri\u00e8re<\/li>\n<li>Thermostat de s\u00e9curit\u00e9<\/li>\n<li>Pr\u00e9disposition pour thermostat ext\u00e9rieur<\/li>\n<li>Pressostat de s\u00e9curit\u00e9<\/li>\n<li>Chronothermostat<\/li>\n<li>T\u00e9l\u00e9commande : (INCLUSE)<\/li>\n<\/ul>\n<h2 style=\"text-align: left;\">Caract\u00e9ristiques techniques de la chemin\u00e9e \u00e0 granules ventil\u00e9 &#8211; EVACALOR Dante 7,5 kW<\/h2>\n<ul style=\"text-align: left;\">\n<li>Puissance brul\u00e9e : Pmax 7.5 kW \u2013 Pmin 3.5 kW<\/li>\n<li>Puissance nominale : Pmax 6.5 kW \u2013 Pmin 3 kW<\/li>\n<li>Rendement : Pmax 88.5% \u2013 Pmin 90.5%<\/li>\n<li>CO \u00e9missions \u00e0 13% O2 : Pmax 0,012% &#8211; Pmin 0,021%<\/li>\n<li>Consommation de pellets : Pmax 1.6 kg\/h &#8211; Pmin 0.8 kg\/h<\/li>\n<li>Capacit\u00e9 du r\u00e9servoir : 20 kg<\/li>\n<li>Volume de chauffe : de 70 \u00e0 160 m3<\/li>\n<li>Tension \/ Fr\u00e9quence : 230 V \/ 50 Hz<\/li>\n<li>Puissance nominale \u00e9lectrique: 350 W<\/li>\n<li>Mesures: L 91 x P 64.3 x H 265min- 280max cm<\/li>\n<li>Poids : 146 kg<\/li>\n<li>Distance minimale des surfaces inflammables : avant 100 cm<\/li>\n<li>Classe d\u2019efficacit\u00e9 \u00e9nerg\u00e9tique : A +<\/li>\n<li>Est conforme aux normes : EN14785 &#8211; BImSchV II &#8211; 15a B-VG &#8211; LRV\/VKF<\/li>\n<\/ul>\n<h3 style=\"text-align: left;\">Sch\u00e9ma explicatif de la chemin\u00e9e \u00e0 granules ventil\u00e9 &#8211; EVACALOR Dante 7,5 kW<\/h3>\n<p style=\"text-align: left;\"><img fetchpriority=\"high\" decoding=\"async\" src=\"https:\/\/www.poelediscount.com\/img\/cms\/Sch%C3%A9ma%20technique\/dANTE.png\" alt=\"\" width=\"886\" height=\"597\" \/><\/p>\n<h3 style=\"text-align: left;\">Mode de fonctionnement d<strong>e la chemin\u00e9e \u00e0 pellets ventil\u00e9 &#8211; EVACALOR Dante 7,5 kW<\/strong><\/h3>\n<ul style=\"text-align: left;\">\n<li>Le syst\u00e8me <span style=\"text-decoration: underline;\">Eco-Stop (StandBy)<\/span> qui permet au <strong>po\u00eale \u00e0 granul\u00e9s<\/strong> de s&rsquo;\u00e9teindre une fois la temp\u00e9rature souhait\u00e9e atteinte et de red\u00e9marrer lorsque celle ci aura diminuer.<\/li>\n<li>Le syst\u00e8me <span style=\"text-decoration: underline;\">Modulation<\/span> qui permet au <strong>po\u00eale \u00e0 granules<\/strong> de fonctionner en continu afin d&rsquo;\u00e9viter les red\u00e9marrages, lorsque la temp\u00e9rature demand\u00e9e est atteinte celui ci va se r\u00e9guler automatiquement afin de diminuer sa puissance au minimum tout en maintenant la temp\u00e9rature.<\/li>\n<li>Le syst\u00e8me <span style=\"text-decoration: underline;\">Programmable<\/span> permettant de d\u00e9marrer et d&rsquo;\u00e9teindre le <strong>po\u00eale<\/strong> \u00e0 un moment pr\u00e9cis de la journ\u00e9e.<\/li>\n<\/ul>\n<p style=\"text-align: left;\">Il faut savoir que tout les modes peuvent fonctionner ensemble, en m\u00eame temps.<\/p>\n<h3 style=\"text-align: left;\">Les diff\u00e9rents syst\u00e8mes d<strong>e la chemin\u00e9e \u00e0 granules ventil\u00e9 &#8211; EVA CALOR Dante 7,5 kW<\/strong><\/h3>\n<p style=\"text-align: left;\"><span style=\"text-decoration: underline;\">ECODESIGN 2022<\/span><br \/>\nCe produit r\u00e9pond aux crit\u00e8res du label Ecodesign 2022 qui \u00e9tablit les normes d&rsquo;un projet \u00e9co-compatible, ses m\u00e9thodes de calculs et d&rsquo;\u00e9valuation dans le but de r\u00e9duire les \u00e9missions dans l&rsquo;atmosph\u00e8re.<\/p>\n<p><span style=\"text-decoration: underline;\">CLASSIFICATION ENVIRONNEMENTALE<\/span><br \/>\nLe produit est conforme aux normatives environnementales les plus strictes et classifi\u00e9 4 \u00e9toiles.<\/p>\n<p><span style=\"text-decoration: underline;\">SHU<\/span><br \/>\nLe symbole SHU indique que le po\u00eale est pourvu d\u2019une poign\u00e9e amovible. C\u2019est une pr\u00e9caution de s\u00e9curit\u00e9 pour \u00e9viter l\u2019ouverture accidentelle et\/ou involontaire de la porte du foyer.<\/p>\n<p style=\"text-align: left;\"><strong>Eva Calor<\/strong> est une entreprise italienne qui poss\u00e8dent des ann\u00e9es d\u2019exp\u00e9rience dans le monde du chauffage. Ses produits d\u2019une technologie moderne sont adapt\u00e9s \u00e0 tout type de besoins. Eva Calor met un point d\u2019honneur sur le respect de l\u2019environnement, la s\u00e9curit\u00e9 et la fiabilit\u00e9.<\/p>\n<p style=\"text-align: left;\">Vous souhaiteriez un produit plus grand et plus puissant ? D\u00e9couvrez notre chemin\u00e9e \u00e0 granul\u00e9s ventil\u00e9 Michelangelo<\/p>\n<p style=\"text-align: left;\">Retrouvez nos inserts \/ chemin\u00e9es \u00e0 granules ventil\u00e9s<\/p>\n<p style=\"text-align: left;\">Vous aimez la marque EVA CALOR ? D\u00e9couvrez nos po\u00eales \u00e0 granul\u00e9s EVA CALOR<\/p>\n<p style=\"text-align: left;\">Poelediscount.com le leader des po\u00eales \u00e0 granul\u00e9s pas chers<\/p>\n<\/div>\n<div style=\"text-align: left;\">\n<p><strong><u>Garantie<\/u>\u00a0:\u00a0<\/strong>Nous vous rappelons que pour la garantie, l&rsquo;installation doit \u00eatre conforme au mode d&#8217;emploi (pr\u00e9conisation du fabricant) et doit respecter les normes en vigueur du pays, pour la France DTU 24.1 ou 24.2.<br \/>\nDe plus, comme pour tous les po\u00eales \u00e0 granul\u00e9s, les appareils sont \u00e0 r\u00e9gler en fonction du tirage naturel de l&rsquo;installation choisie.<\/p>\n<\/div>\n<div class=\"row\" style=\"padding-top: 20px;\">\n<div class=\"col-xs-12 col-sm-12 col-md-12 col-lg-4\" style=\"padding: 15px 2px 25px; text-align: left;\">Questions fr\u00e9quentes<\/div>\n<div class=\"col-xs-12 col-sm-12 col-md-12 col-lg-4\" style=\"padding: 15px 2px 25px; text-align: left;\">Quelle puissance choisir ?<\/div>\n<div class=\"col-xs-12 col-sm-12 col-md-12 col-lg-4\" style=\"padding: 15px 2px 25px; text-align: left;\">Livraison<\/div>\n<\/div>\n","protected":false},"excerpt":{"rendered":"<p id=\"product_reference\"><label>R\u00e9f\u00e9rence <\/label><br \/>\n<span class=\"editable\">17400<\/span><\/p>\n<p id=\"product_condition\"><label>\u00c9tat : <\/label><br \/>\n<span class=\"editable\">Neuf<\/span><\/p>\n<p id=\"product_ean13\"><label>Ean13: <\/label><br \/>\n8029728021793<\/p>\n<div id=\"short_description_block\">\n<div id=\"short_description_content\" class=\"rte align_justify\">\n<ul>\n<li>Marque EVA CALOR<\/li>\n<li>Garantie 2 ans pi\u00e8ces<\/li>\n<li>Fabriqu\u00e9 en Italie<\/li>\n<li>Programmable &#8211; Eco-stop (StandBy)<\/li>\n<li>Non \u00e9tanche : Zone 1<\/li>\n<li>\u00c9quivalence Flamme Verte 6*<\/li>\n<\/ul>\n<p><strong><span style=\"color: #218e53;\">D\u00e9lai de disponibilit\u00e9 : 3 \u00e0 4\u00a0\u00a0jours ouvr\u00e9s\u00a0<\/span><\/strong><\/p>\n<p><span style=\"text-decoration: underline;\"><strong>LIVRAISON GRATUITE (Uniquement en France )<\/strong><\/span><\/p>\n<\/div>\n<\/div>\n","protected":false},"featured_media":11950,"comment_status":"open","ping_status":"closed","template":"","meta":[],"product_brand":[],"product_cat":[113],"product_tag":[],"class_list":{"0":"post-11913","1":"product","2":"type-product","3":"status-publish","4":"has-post-thumbnail","6":"product_cat-poeles-granules","8":"first","9":"instock","10":"sale","11":"purchasable","12":"product-type-simple"},"jetpack_sharing_enabled":true,"_links":{"self":[{"href":"https:\/\/troncybois.com\/index.php?rest_route=\/wp\/v2\/product\/11913","targetHints":{"allow":["GET"]}}],"collection":[{"href":"https:\/\/troncybois.com\/index.php?rest_route=\/wp\/v2\/product"}],"about":[{"href":"https:\/\/troncybois.com\/index.php?rest_route=\/wp\/v2\/types\/product"}],"replies":[{"embeddable":true,"href":"https:\/\/troncybois.com\/index.php?rest_route=%2Fwp%2Fv2%2Fcomments&post=11913"}],"version-history":[{"count":2,"href":"https:\/\/troncybois.com\/index.php?rest_route=\/wp\/v2\/product\/11913\/revisions"}],"predecessor-version":[{"id":14262,"href":"https:\/\/troncybois.com\/index.php?rest_route=\/wp\/v2\/product\/11913\/revisions\/14262"}],"wp:featuredmedia":[{"embeddable":true,"href":"https:\/\/troncybois.com\/index.php?rest_route=\/wp\/v2\/media\/11950"}],"wp:attachment":[{"href":"https:\/\/troncybois.com\/index.php?rest_route=%2Fwp%2Fv2%2Fmedia&parent=11913"}],"wp:term":[{"taxonomy":"product_brand","embeddable":true,"href":"https:\/\/troncybois.com\/index.php?rest_route=%2Fwp%2Fv2%2Fproduct_brand&post=11913"},{"taxonomy":"product_cat","embeddable":true,"href":"https:\/\/troncybois.com\/index.php?rest_route=%2Fwp%2Fv2%2Fproduct_cat&post=11913"},{"taxonomy":"product_tag","embeddable":true,"href":"https:\/\/troncybois.com\/index.php?rest_route=%2Fwp%2Fv2%2Fproduct_tag&post=11913"}],"curies":[{"name":"wp","href":"https:\/\/api.w.org\/{rel}","templated":true}]}}