{"id":11865,"date":"2023-05-30T15:39:55","date_gmt":"2023-05-30T13:39:55","guid":{"rendered":"https:\/\/antiquewhite-gerbil-448984.hostingersite.com\/?post_type=product&#038;p=11865"},"modified":"2023-05-31T16:49:11","modified_gmt":"2023-05-31T14:49:11","slug":"poele-a-granules-ventile-ceramique-evacalor-rosy-13-5-kw","status":"publish","type":"product","link":"https:\/\/troncybois.com\/?product=poele-a-granules-ventile-ceramique-evacalor-rosy-13-5-kw","title":{"rendered":"Po\u00eale \u00e0 granules ventil\u00e9 c\u00e9ramique &#8211; EVACALOR Rosy 13.5 kw"},"content":{"rendered":"<div class=\"fiche-produit\">\n<p><strong>Le po\u00eale \u00e0 granules ventil\u00e9 c\u00e9ramique Rosy 13.5 kW<\/strong>\u00a0est l&rsquo;une des versions les plus puissantes de la gamme en fa\u00efence avec\u00a0une ligne \u00e9lanc\u00e9e et trois couleurs possibles de rev\u00eatement. La\u00a0coupole est couleur cr\u00e8me, couleur dominante du po\u00eale en plus d\u2019embellir l\u2019esth\u00e9tique elle a \u00e9galement pour fonction\u00a0l\u2019augmentation de la capacit\u00e9 de pellets dans le r\u00e9servoir augmentant\u00a0ainsi l\u2019autonomie totale.<\/p>\n<h2>Informations cl\u00e9s sur le Po\u00eale \u00e0 granules ventil\u00e9 c\u00e9ramique EVA CALOR Rosy 13.5 kW<\/h2>\n<ul>\n<li>Rev\u00eatement en fa\u00efence fait main<\/li>\n<li>Ventilation forc\u00e9e<\/li>\n<li>R\u00e9serve de pellet de 25 kg<\/li>\n<li>5 puissances de fonctionnement<\/li>\n<li>Afficheur avec menu dans 6 langues<\/li>\n<li>Chambre de combustion en fonte<\/li>\n<li>Bloc en fa\u00efence assembl\u00e9 sur une structure autoportante<\/li>\n<li>Tiroir \u00e0 cendres amovible pour r\u00e9cup\u00e9ration de cendres<\/li>\n<li>Poign\u00e9e amovible<\/li>\n<li>Thermostat de s\u00e9curit\u00e9<\/li>\n<li>Pr\u00e9disposition pour thermostat ext\u00e9rieur<\/li>\n<li>Pressostat de s\u00e9curit\u00e9<\/li>\n<li>Chrono-thermostat<\/li>\n<li>\u00c9vacuation des fum\u00e9es : Arri\u00e8re<\/li>\n<li>Display 6 touches LED<\/li>\n<li>T\u00e9l\u00e9commande pour po\u00eale \u00e0 granul\u00e9s EVACALOR<\/li>\n<li>Module Wifi pour po\u00eale \u00e0 granul\u00e9s ventil\u00e9 EVACALOR<\/li>\n<li>Thermostat connect\u00e9 pour po\u00eale \u00e0 granul\u00e9s ventil\u00e9 EVA CALOR<\/li>\n<li>Pi\u00e8ces d\u00e9tach\u00e9es pour po\u00eale \u00e0 granul\u00e9s ventil\u00e9 c\u00e9ramique EVACALOR Rosy 13.5 kW<\/li>\n<\/ul>\n<h2>Caract\u00e9ristiques techniques du Po\u00eale \u00e0 granules ventil\u00e9 c\u00e9ramique EVA CALOR Rosy 13.5 kW<\/h2>\n<ul>\n<li>Puissance brul\u00e9e : Pmax 13.5 kW \u2013 Pmin 4 kW<\/li>\n<li>Puissance nominale : Pmax 11,5 kW \u2013 Pmin 3,5 kW<\/li>\n<li>Rendement : Pmax 89,5% \u2013 Pmin 93.5%<\/li>\n<li>CO \u00e9missions \u00e0 13% O2 : Pmax 0,013% \u2013 Pmin 0,022%<\/li>\n<li>Consommation de pellets : Pmax 2,9 kg\/h \u2013 Pmin 0,9 kg\/h<\/li>\n<li>Capacit\u00e9 du r\u00e9servoir : 25 kg<\/li>\n<li>Volume de chauffe : 200 \u2013 300 m3<\/li>\n<li>Distance minimale des surfaces inflammables : c\u00f4t\u00e9 : 30 cm &#8211; arri\u00e8re : 20 cm &#8211; avant : 100 cm<\/li>\n<li>Tension \/ Fr\u00e9quence : 230 V \/ 50 Hz<\/li>\n<li>Puissance nominale \u00e9lectrique : 320 W<\/li>\n<li>Dimensions : L 73,1 x P 58,6 x H 136,8 cm<\/li>\n<li>Poids : 226 kg<\/li>\n<li>Conforme aux normes : EN14785 &#8211; BImSchV II &#8211; 15a B-VG &#8211; LRV\/VKF<\/li>\n<li>Classe d\u2019efficacit\u00e9 \u00e9nerg\u00e9tique: A+<\/li>\n<\/ul>\n<h3>Sch\u00e9ma explicatif du Po\u00eale \u00e0 granules ventil\u00e9 c\u00e9ramique EVA CALOR Rosy 13.5 kW<\/h3>\n<p><img fetchpriority=\"high\" decoding=\"async\" src=\"https:\/\/www.poelediscount.com\/img\/cms\/Sch%C3%A9ma%20technique\/EVA%20CALOR\/Rosy.png\" alt=\"\" width=\"657\" height=\"501\" \/><\/p>\n<h3>Mode de fonctionnement du <strong>po\u00eale \u00e0 pellets ventil\u00e9 c\u00e9ramique EVA CALOR Rosy 13.5 kW<br \/>\n<\/strong><\/h3>\n<ul>\n<li>Le syst\u00e8me <span style=\"text-decoration: underline;\">Eco-Stop (StandBy)<\/span> qui permet au <strong>po\u00eale \u00e0 granul\u00e9s<\/strong> de s&rsquo;\u00e9teindre une fois la temp\u00e9rature souhait\u00e9e atteinte et de red\u00e9marrer lorsque celle ci aura diminuer.<\/li>\n<li>Le syst\u00e8me <span style=\"text-decoration: underline;\">Modulation<\/span> qui permet au <strong>po\u00eale \u00e0 granules<\/strong> de fonctionner en continu afin d&rsquo;\u00e9viter les red\u00e9marrages, lorsque la temp\u00e9rature demand\u00e9e est atteinte celui ci va se r\u00e9guler automatiquement afin de diminuer sa puissance au minimum tout en maintenant la temp\u00e9rature.<\/li>\n<li>Le syst\u00e8me <span style=\"text-decoration: underline;\">Programmable<\/span> permettant de d\u00e9marrer et d&rsquo;\u00e9teindre le <strong>po\u00eale<\/strong> \u00e0 un moment pr\u00e9cis de la journ\u00e9e.<\/li>\n<\/ul>\n<p>Il faut savoir que tout les modes peuvent fonctionner ensemble, en m\u00eame temps.<\/p>\n<h3>Les diff\u00e9rents syst\u00e8mes du <strong>po\u00eale \u00e0 granul\u00e9s ventil\u00e9 c\u00e9ramique EVA CALOR Rosy 13.5 kW<br \/>\n<\/strong><\/h3>\n<p><span style=\"text-decoration: underline;\">ECODESIGN 2022<\/span><br \/>\nCe produit r\u00e9pond aux crit\u00e8res du label Ecodesign 2022 qui \u00e9tablit les normes d&rsquo;un projet \u00e9co-compatible, ses m\u00e9thodes de calculs et d&rsquo;\u00e9valuation dans le but de r\u00e9duire les \u00e9missions dans l&rsquo;atmosph\u00e8re.<\/p>\n<p><span style=\"text-decoration: underline;\">SHU<\/span><br \/>\nLe symbole SHU indique que le po\u00eale est pourvu d\u2019une poign\u00e9e amovible. C\u2019est une pr\u00e9caution de s\u00e9curit\u00e9 pour \u00e9viter l\u2019ouverture accidentelle et\/ou involontaire de la porte du foyer.<\/p>\n<p>Vous proposant une large gamme de produits adapt\u00e9s \u00e0 tout types de besoins <strong>Eva calor<\/strong> s\u2019identifie au monde du chauffage. Retrouvez des po\u00eales, inserts, cuisini\u00e8res, chaudi\u00e8res de qualit\u00e9s et extr\u00eamement fiables soumis \u00e0 de nombreux test et contr\u00f4les afin de vous garantir la s\u00e9curit\u00e9 et le respect de l\u2019environnement.<\/p>\n<ul>\n<li>Ce produit vous int\u00e9resse ? Retrouvez un produit similaire de po\u00eale \u00e0 granules ventil\u00e9 c\u00e9ramique<\/li>\n<li>D\u00e9couvrez ici un mod\u00e8le similaire de\u00a0po\u00eale \u00e0 granules ventil\u00e9 c\u00e9ramique sans coupole<\/li>\n<li>Orientez vous vers les produis en po\u00eale \u00e0 granules ventil\u00e9 c\u00e9ramique<\/li>\n<li>La marque EVA CALOR vous pla\u00eet ? Appr\u00e9ciez nos mod\u00e8les EVA CALOR<\/li>\n<li>Poelediscount.com le leader des po\u00eales \u00e0 granul\u00e9s pas chers<\/li>\n<\/ul>\n<\/div>\n<p>&nbsp;<\/p>\n<div>\n<p><strong><u>Garantie<\/u>\u00a0:\u00a0<\/strong>Nous vous rappelons que pour la garantie, l&rsquo;installation doit \u00eatre conforme au mode d&#8217;emploi (pr\u00e9conisation du fabricant) et doit respecter les normes en vigueur du pays, pour la France DTU 24.1 ou 24.2.<br \/>\nDe plus, comme pour tous les po\u00eales \u00e0 granul\u00e9s, les appareils sont \u00e0 r\u00e9gler en fonction du tirage naturel de l&rsquo;installation choisie.<\/p>\n<\/div>\n<div class=\"row\" style=\"padding-top: 20px;\">\n<div class=\"col-xs-12 col-sm-12 col-md-12 col-lg-4\" style=\"text-align: center; padding: 15px 2px 25px 2px;\">Questions fr\u00e9quentes<\/div>\n<div class=\"col-xs-12 col-sm-12 col-md-12 col-lg-4\" style=\"text-align: center; padding: 15px 2px 25px 2px;\">Quelle puissance choisir ?<\/div>\n<div class=\"col-xs-12 col-sm-12 col-md-12 col-lg-4\" style=\"text-align: center; padding: 15px 2px 25px 2px;\">Livraison<\/div>\n<\/div>\n","protected":false},"excerpt":{"rendered":"<p id=\"product_reference\"><label>R\u00e9f\u00e9rence <\/label><br \/>\n<span class=\"editable\">639300<\/span><\/p>\n<p id=\"product_condition\"><label>\u00c9tat : <\/label><br \/>\n<span class=\"editable\">Neuf<\/span><\/p>\n<p id=\"product_ean13\"><label>Ean13: <\/label><br \/>\n8029728638922<\/p>\n<div id=\"short_description_block\">\n<div id=\"short_description_content\" class=\"rte align_justify\">\n<ul>\n<li>Marque EVA CALOR<\/li>\n<li>Garantie 2 ans pi\u00e8ces<\/li>\n<li>Fabriqu\u00e9 en Italie<\/li>\n<li>Programmable &#8211; Eco-stop (StandBy)<\/li>\n<li>Non \u00e9tanche : Zone 1<\/li>\n<li>EcoDesign 2022<\/li>\n<\/ul>\n<p><strong><span style=\"color: #218e53;\">D\u00e9lai de disponibilit\u00e9 : 5 \u00e0 12 jours<\/span><\/strong><\/p>\n<p><span style=\"text-decoration: underline;\"><strong>LIVRAISON GRATUITE<\/strong><\/span> (Partout en Europe)<\/p>\n<\/div>\n<\/div>\n","protected":false},"featured_media":11898,"comment_status":"open","ping_status":"closed","template":"","meta":[],"product_brand":[],"product_cat":[113],"product_tag":[],"class_list":{"0":"post-11865","1":"product","2":"type-product","3":"status-publish","4":"has-post-thumbnail","6":"product_cat-poeles-granules","8":"first","9":"instock","10":"sale","11":"purchasable","12":"product-type-simple"},"jetpack_sharing_enabled":true,"_links":{"self":[{"href":"https:\/\/troncybois.com\/index.php?rest_route=\/wp\/v2\/product\/11865","targetHints":{"allow":["GET"]}}],"collection":[{"href":"https:\/\/troncybois.com\/index.php?rest_route=\/wp\/v2\/product"}],"about":[{"href":"https:\/\/troncybois.com\/index.php?rest_route=\/wp\/v2\/types\/product"}],"replies":[{"embeddable":true,"href":"https:\/\/troncybois.com\/index.php?rest_route=%2Fwp%2Fv2%2Fcomments&post=11865"}],"version-history":[{"count":1,"href":"https:\/\/troncybois.com\/index.php?rest_route=\/wp\/v2\/product\/11865\/revisions"}],"predecessor-version":[{"id":11907,"href":"https:\/\/troncybois.com\/index.php?rest_route=\/wp\/v2\/product\/11865\/revisions\/11907"}],"wp:featuredmedia":[{"embeddable":true,"href":"https:\/\/troncybois.com\/index.php?rest_route=\/wp\/v2\/media\/11898"}],"wp:attachment":[{"href":"https:\/\/troncybois.com\/index.php?rest_route=%2Fwp%2Fv2%2Fmedia&parent=11865"}],"wp:term":[{"taxonomy":"product_brand","embeddable":true,"href":"https:\/\/troncybois.com\/index.php?rest_route=%2Fwp%2Fv2%2Fproduct_brand&post=11865"},{"taxonomy":"product_cat","embeddable":true,"href":"https:\/\/troncybois.com\/index.php?rest_route=%2Fwp%2Fv2%2Fproduct_cat&post=11865"},{"taxonomy":"product_tag","embeddable":true,"href":"https:\/\/troncybois.com\/index.php?rest_route=%2Fwp%2Fv2%2Fproduct_tag&post=11865"}],"curies":[{"name":"wp","href":"https:\/\/api.w.org\/{rel}","templated":true}]}}