{"id":11864,"date":"2023-05-30T15:39:55","date_gmt":"2023-05-30T13:39:55","guid":{"rendered":"https:\/\/antiquewhite-gerbil-448984.hostingersite.com\/?post_type=product&#038;p=11864"},"modified":"2023-05-31T16:49:11","modified_gmt":"2023-05-31T14:49:11","slug":"poele-a-granules-ventile-etanche-extraflame-debby-10-kw","status":"publish","type":"product","link":"https:\/\/troncybois.com\/?product=poele-a-granules-ventile-etanche-extraflame-debby-10-kw","title":{"rendered":"Po\u00eale \u00e0 granules ventil\u00e9 \u00e9tanche &#8211; EXTRAFLAME Debby 10 kW"},"content":{"rendered":"<div class=\"fiche-produit\">\n<p><strong>Le po\u00eale \u00e0 granules ventil\u00e9 \u00e9tanche Debby<\/strong> de la marque<strong> EXTRAFLAME<\/strong> poss\u00e8de une puissance nominale de 9 kW ce qui vous permettra de chauffer votre maison jusqu&rsquo;\u00e0 258 m3. Son excellent rendement de plus de 92 % vous promettra de belles \u00e9conomies de combustible. Ce <strong>po\u00eale<\/strong> utilise des <strong>granul\u00e9s de bois<\/strong> comme source d\u2019\u00e9nergie, ce qui permet de chauffer rapidement et \u00e9conomiquement votre logement.<\/p>\n<p>Cet appareil poss\u00e8de une ventilation sup\u00e9rieure avec une fonction Confort qui r\u00e9duit la vitesse de ventilation de l&rsquo;appareil afin d&rsquo;avoir moins de nuisances sonores.<\/p>\n<p>Ce <strong>po\u00eale \u00e0 pellets \u00e9tanche<\/strong> permet une installation en zone 1 (sortie 40 cm au dessus du toit), zone 2 (sortie toiture) ou zone 3 (sortie fa\u00e7ade, ventouse). Ce po\u00eale r\u00e9cup\u00e8re l&rsquo;air ext\u00e9rieur de l&rsquo;habitation. Ce syst\u00e8me tr\u00e8s performant permet donc de pr\u00e9server la qualit\u00e9 de l&rsquo;air int\u00e9rieur car son <strong>\u00e9tanch\u00e9it\u00e9<\/strong> r\u00e9duit consid\u00e9rablement les \u00e9missions de poussi\u00e8res de combustion. Ainsi, on ne constate aucune d\u00e9perdition de chaleur, ni aucune fuite d&rsquo;air.<\/p>\n<h2>Informations cl\u00e9s sur le Po\u00eale \u00e0 granules ventil\u00e9 \u00e9tanche &#8211; EXTRAFLAME Debby 10 kW<\/h2>\n<ul>\n<li>Rev\u00eatement en acier ou en pierre naturelle<\/li>\n<li>Couverture en c\u00e9ramique ou en pierre naturelle<\/li>\n<li>Foyer et brasier en fonte<\/li>\n<li>Porte du foyer en fonte<\/li>\n<li>Bougie en c\u00e9ramique<\/li>\n<li>Porte arrondie \u00e0 l\u2019ext\u00e9rieur en verre tremp\u00e9<\/li>\n<li>Double porte<\/li>\n<li>Pressostat de s\u00e9curit\u00e9<\/li>\n<li>Thermostat d\u2019ambiance hebdomadaire<\/li>\n<li>R\u00e9-allumage automatique apr\u00e8s coupure de courant<\/li>\n<li>Ventilation sup\u00e9rieure avec fonction Confort<\/li>\n<li>\u00c9vacuation des fum\u00e9es : Sup\u00e9rieur \/ Arri\u00e8re<\/li>\n<li>Tuyau T pour l&rsquo;inspection int\u00e9gr\u00e9 dans le produit<\/li>\n<li>T\u00e9l\u00e9commande tactile avec fonction thermostat\u00a0: INCLUS<\/li>\n<li>Module WIFI : OPTION<\/li>\n<\/ul>\n<h2 class=\"page-title\">Caract\u00e9ristiques techniques du Po\u00eale \u00e0 granules ventil\u00e9 \u00e9tanche &#8211; EXTRAFLAME Debby 10 kW<\/h2>\n<ul>\n<li>Puissance nominale : Pmin 3.8 \/ Pmax 9 kW<\/li>\n<li>Puissance br\u00fbl\u00e9e : Pmin 4.2 \/ Pmax 9.7 kW<\/li>\n<li>Volume de chauffe : 258 m3<\/li>\n<li>Rendement : min 92.2 \/ max 92.7 %<\/li>\n<li>Consommation : de 0.9 \u00e0 2.0 Kg\/h<\/li>\n<li>Dimensions\u00a0 : L 550 x H 1200 x P 573 mm<\/li>\n<li>Poids : 141 kg en acier \/ 167 kg en pierre naturelle<\/li>\n<li>Capacit\u00e9 du r\u00e9servoir : 18 kg<\/li>\n<li>Diam\u00e8tre sortie de fum\u00e9es : 80 mm<\/li>\n<li>Diam\u00e8tre arriv\u00e9e d&rsquo;air : 60 mm<\/li>\n<li>Classe \u00e9nerg\u00e9tique A+<\/li>\n<\/ul>\n<h3>Sch\u00e9ma explicatif du Po\u00eale \u00e0 granules ventil\u00e9 \u00e9tanche &#8211; EXTRAFLAME Debby 10 kW<\/h3>\n<p>Cliquez sur le lien suivant pour retrouver le Manuel Utilisateur : T\u00c9L\u00c9CHARGER LE MANUEL<\/p>\n<p><img fetchpriority=\"high\" decoding=\"async\" src=\"https:\/\/www.poelediscount.com\/img\/cms\/Sch%C3%A9ma%20technique\/PO%C3%8ALES%20EXTRAFLAME\/DEBBY%20TECH.png\" alt=\"\" width=\"977\" height=\"542\" \/><\/p>\n<h3>Mode de fonctionnement du Po\u00eale \u00e0 granules ventil\u00e9 \u00e9tanche &#8211; EXTRAFLAME Debby 10 kW<\/h3>\n<ul>\n<li>Le syst\u00e8me <span style=\"text-decoration: underline;\">Eco-Stop (StandBy)<\/span> qui permet au <strong>po\u00eale \u00e0 granul\u00e9s<\/strong> de s&rsquo;\u00e9teindre une fois la temp\u00e9rature souhait\u00e9e atteinte et de red\u00e9marrer lorsque celle ci aura diminuer.<\/li>\n<li>Le syst\u00e8me <span style=\"text-decoration: underline;\">Modulation<\/span> qui permet au <strong>po\u00eale \u00e0 granules<\/strong> de fonctionner en continu afin d&rsquo;\u00e9viter les red\u00e9marrages, lorsque la temp\u00e9rature demand\u00e9e est atteinte celui ci va se r\u00e9guler automatiquement afin de diminuer sa puissance au minimum tout en maintenant la temp\u00e9rature.<\/li>\n<li>Le syst\u00e8me <span style=\"text-decoration: underline;\">Programmable<\/span> permettant de d\u00e9marrer et d&rsquo;\u00e9teindre le <strong>po\u00eale<\/strong> \u00e0 un moment pr\u00e9cis de la journ\u00e9e.<\/li>\n<\/ul>\n<p>Il faut savoir que tout les modes peuvent fonctionner ensemble, en m\u00eame temps.<\/p>\n<h3>Les diff\u00e9rents syst\u00e8mes du Po\u00eale \u00e0 granules ventil\u00e9 \u00e9tanche &#8211; EXTRAFLAME Debby 10 kW<\/h3>\n<p><img decoding=\"async\" src=\"https:\/\/www.poelediscount.com\/img\/cms\/Sch%C3%A9ma%20technique\/LOGOS%20syst%C3%A8mes%20Nordica%20Extraflame\/Ilary_Syst%C3%A8mes.png\" alt=\"Syst\u00e8me du DEBBY extraflamme\" width=\"1833\" height=\"200\" \/><\/p>\n<p><strong>A propos du fabricant :<\/strong> La marque italienne<strong> EXTRAFLAME <\/strong>est distribu\u00e9 dans 50 pays du monde. Depuis 1968, elle propose une large gamme de produit de qualit\u00e9. Leurs 5 usines de production ont permis \u00e0 la marque d\u2019obtenir une position prestigieuse au niveau international.<\/p>\n<\/div>\n<p>&nbsp;<\/p>\n<div>\n<p><strong><u>Garantie<\/u>\u00a0:\u00a0<\/strong>Nous vous rappelons que pour la garantie, l&rsquo;installation doit \u00eatre conforme au mode d&#8217;emploi (pr\u00e9conisation du fabricant) et doit respecter les normes en vigueur du pays, pour la France DTU 24.1 ou 24.2.<br \/>\nDe plus, comme pour tous les po\u00eales \u00e0 granul\u00e9s, les appareils sont \u00e0 r\u00e9gler en fonction du tirage naturel de l&rsquo;installation choisie.<\/p>\n<p class=\"fiche-produit\">Les r\u00e9glages et la mise en service de ce produit doivent \u00eatre effectu\u00e9s par un professionnel agr\u00e9\u00e9 CAT La Nordica-Extraflame, le listing se trouve ici : https:\/\/www.lanordica-extraflame.com\/fr\/cat\/services-apres-vente.<br \/>\nPensez \u00e0 v\u00e9rifier la disponibilit\u00e9 d&rsquo;un professionnel pr\u00e8s de chez vous.<\/p>\n<\/div>\n<div class=\"row\" style=\"padding-top: 20px;\">\n<div class=\"col-xs-12 col-sm-12 col-md-12 col-lg-4\" style=\"text-align: center; padding: 15px 2px 25px 2px;\">Questions fr\u00e9quentes<\/div>\n<div class=\"col-xs-12 col-sm-12 col-md-12 col-lg-4\" style=\"text-align: center; padding: 15px 2px 25px 2px;\">Quelle puissance choisir ?<\/div>\n<div class=\"col-xs-12 col-sm-12 col-md-12 col-lg-4\" style=\"text-align: center; padding: 15px 2px 25px 2px;\">Livraison<\/div>\n<\/div>\n","protected":false},"excerpt":{"rendered":"<p id=\"product_reference\"><label>R\u00e9f\u00e9rence <\/label><br \/>\n<span class=\"editable\">1283603<\/span><\/p>\n<p id=\"product_condition\"><label>\u00c9tat : <\/label><br \/>\n<span class=\"editable\">Neuf<\/span><\/p>\n<p id=\"product_ean13\"><label>Ean13: <\/label><br \/>\n8008269003901<\/p>\n<div id=\"short_description_block\">\n<div id=\"short_description_content\" class=\"rte align_justify\">\n<ul>\n<li>Marque EXTRAFLAME<\/li>\n<li>Garantie 2 ans pi\u00e8ces<\/li>\n<li>Fabriqu\u00e9 en Italie<\/li>\n<li>Programmable &#8211; Eco-stop (StandBy)<\/li>\n<li>\u00c9tanche : Zone 1,2,3<\/li>\n<li>Flamme Verte<\/li>\n<li>EcoDesign 2022<\/li>\n<\/ul>\n<p><strong><span style=\"color: #218e53;\">D\u00e9lai de disponibilit\u00e9 : 5 \u00e0 12 jours<\/span><\/strong><\/p>\n<p><span style=\"text-decoration: underline;\"><strong>LIVRAISON GRATUITE<\/strong><\/span> (Partout en Europe)<\/p>\n<\/div>\n<\/div>\n","protected":false},"featured_media":11890,"comment_status":"open","ping_status":"closed","template":"","meta":[],"product_brand":[],"product_cat":[113],"product_tag":[],"class_list":{"0":"post-11864","1":"product","2":"type-product","3":"status-publish","4":"has-post-thumbnail","6":"product_cat-poeles-granules","8":"first","9":"instock","10":"sale","11":"purchasable","12":"product-type-simple"},"jetpack_sharing_enabled":true,"_links":{"self":[{"href":"https:\/\/troncybois.com\/index.php?rest_route=\/wp\/v2\/product\/11864","targetHints":{"allow":["GET"]}}],"collection":[{"href":"https:\/\/troncybois.com\/index.php?rest_route=\/wp\/v2\/product"}],"about":[{"href":"https:\/\/troncybois.com\/index.php?rest_route=\/wp\/v2\/types\/product"}],"replies":[{"embeddable":true,"href":"https:\/\/troncybois.com\/index.php?rest_route=%2Fwp%2Fv2%2Fcomments&post=11864"}],"version-history":[{"count":1,"href":"https:\/\/troncybois.com\/index.php?rest_route=\/wp\/v2\/product\/11864\/revisions"}],"predecessor-version":[{"id":11897,"href":"https:\/\/troncybois.com\/index.php?rest_route=\/wp\/v2\/product\/11864\/revisions\/11897"}],"wp:featuredmedia":[{"embeddable":true,"href":"https:\/\/troncybois.com\/index.php?rest_route=\/wp\/v2\/media\/11890"}],"wp:attachment":[{"href":"https:\/\/troncybois.com\/index.php?rest_route=%2Fwp%2Fv2%2Fmedia&parent=11864"}],"wp:term":[{"taxonomy":"product_brand","embeddable":true,"href":"https:\/\/troncybois.com\/index.php?rest_route=%2Fwp%2Fv2%2Fproduct_brand&post=11864"},{"taxonomy":"product_cat","embeddable":true,"href":"https:\/\/troncybois.com\/index.php?rest_route=%2Fwp%2Fv2%2Fproduct_cat&post=11864"},{"taxonomy":"product_tag","embeddable":true,"href":"https:\/\/troncybois.com\/index.php?rest_route=%2Fwp%2Fv2%2Fproduct_tag&post=11864"}],"curies":[{"name":"wp","href":"https:\/\/api.w.org\/{rel}","templated":true}]}}