{"id":11828,"date":"2023-05-30T15:38:58","date_gmt":"2023-05-30T13:38:58","guid":{"rendered":"https:\/\/antiquewhite-gerbil-448984.hostingersite.com\/?post_type=product&#038;p=11828"},"modified":"2023-05-31T16:49:12","modified_gmt":"2023-05-31T14:49:12","slug":"poele-a-granules-ventile-etanche-extraflame-debby-cx-10-kw","status":"publish","type":"product","link":"https:\/\/troncybois.com\/?product=poele-a-granules-ventile-etanche-extraflame-debby-cx-10-kw","title":{"rendered":"Po\u00eale \u00e0 granules ventil\u00e9 \u00e9tanche &#8211; EXTRAFLAME Debby CX 10 kW"},"content":{"rendered":"<div class=\"fiche-produit\">\n<p><strong>Le po\u00eale \u00e0 granul\u00e9s rond \u00e9tanche Debby CX <\/strong>de la marque<strong> EXTRAFLAME <\/strong>est capable de chauffer un volume jusqu&rsquo;\u00e0 258 m3 gr\u00e2ce \u00e0 sa puissance nominale de 9 kW. Il poss\u00e8de la particularit\u00e9 de pouvoir \u00eatre install\u00e9 directement en conduit coaxial POUJOULAT de diam\u00e8tre 80\/130 mm gr\u00e2ce aux \u00e9l\u00e9ments de fumisterie internes de s\u00e9rie. Son r\u00e9servoir d&rsquo;une capacit\u00e9 de 18 kilos, vous offrira une belle autonomie.<\/p>\n<p>Le mod\u00e8le de <strong>po\u00eale \u00e0 granul\u00e9s rond \u00e9tanche<\/strong> Debby CX poss\u00e8de un ventilateur frontal ce qui permets \u00e0 la chaleur de se r\u00e9partir rapidement dans votre maison de mani\u00e8re homog\u00e8ne. Vous aurez gr\u00e2ce \u00e0 la fonction Confort la possibilit\u00e9 de r\u00e9duire la ventilation afin de privil\u00e9gier le silence de l&rsquo;appareil.<\/p>\n<p>De plus, cet appareil est \u00e9tanche ce qui vous offre la possibilit\u00e9 de l&rsquo;installer dans les 3 zones.<\/p>\n<h2>Informations cl\u00e9s sur le Po\u00eale \u00e0 granules ventil\u00e9 \u00e9tanche &#8211; EXTRAFLAME Debby CX 10 kW<\/h2>\n<ul>\n<li>Rev\u00eatement en acier<\/li>\n<li>Couverture en c\u00e9ramique<\/li>\n<li>Foyer et brasier en fonte<\/li>\n<li>Porte du foyer en fonte<\/li>\n<li>Bougie en c\u00e9ramique<\/li>\n<li>Porte arrondie \u00e0 l\u2019ext\u00e9rieur en verre tremp\u00e9<\/li>\n<li>Double porte<\/li>\n<li>Chrono-thermostat hebdomadaire<\/li>\n<li>Pressostat de s\u00e9curit\u00e9<\/li>\n<li>R\u00e9-allumage automatique apr\u00e8s coupure de courant<\/li>\n<li>Ventilation sup\u00e9rieure avec fonction Confort<\/li>\n<li>\u00c9vacuation des fum\u00e9es : Sup\u00e9rieur<\/li>\n<li>T\u00e9l\u00e9commande tactile avec fonction thermostat\u00a0: INCLUS<\/li>\n<li>Module WIFI : OPTION<\/li>\n<li>Thermostat connect\u00e9\u00a0: OPTION<\/li>\n<\/ul>\n<p><span style=\"text-decoration: underline;\"><strong>! Attention !<\/strong><\/span> : Le mod\u00e8le DEBBY CX est <span style=\"text-decoration: underline;\"><em><strong>uniquement<\/strong> compatible avec la fumisterie POUJOULAT.<\/em><\/span> Sur Po\u00ealeDiscount nous ne vendons que la fumisterie DINAK, non compatible avec ce mod\u00e8le.<\/p>\n<h2 class=\"page-title\">Caract\u00e9ristiques techniques du Po\u00eale \u00e0 granules ventil\u00e9 \u00e9tanche &#8211; EXTRAFLAME Debby CX 10 kW<\/h2>\n<ul>\n<li>Puissance nominale : Pmin 3.8 \/ Pmax 9 kW<\/li>\n<li>Puissance br\u00fbl\u00e9e : Pmin 4.2 \/ Pmax 9.7 kW<\/li>\n<li>Volume de chauffe : 258 m3<\/li>\n<li>Rendement : min 92.2 \/ max 92.7 %<\/li>\n<li>Consommation : de 0.9 \u00e0 2.0 Kg\/h<\/li>\n<li>Dimensions\u00a0 : L 550 x H 1200 x P 573 mm<\/li>\n<li>Poids : 141 kg en acier<\/li>\n<li>Diam\u00e8tre sortie de fum\u00e9es : 80-130 mm avec chemin\u00e9e coaxiale<\/li>\n<li>Capacit\u00e9 du r\u00e9servoir : 18 kg<\/li>\n<li>Classe \u00e9nerg\u00e9tique : A+<\/li>\n<\/ul>\n<h3>Sch\u00e9ma explicatif du Po\u00eale \u00e0 granules ventil\u00e9 \u00e9tanche &#8211; EXTRAFLAME Debby CX 10 kW<\/h3>\n<p>Cliquez sur le lien suivant pour retrouver le Manuel Utilisateur : T\u00c9L\u00c9CHARGER LE MANUEL<\/p>\n<p><img fetchpriority=\"high\" decoding=\"async\" src=\"https:\/\/www.poelediscount.com\/img\/cms\/Sch%C3%A9ma%20technique\/PO%C3%8ALES%20EXTRAFLAME\/DEBBY%20CX%20TECH.png\" alt=\"\" width=\"1492\" height=\"697\" \/><\/p>\n<h3>Mode de fonctionnement du Po\u00eale \u00e0 granules ventil\u00e9 \u00e9tanche &#8211; EXTRAFLAME Debby CX 10 kW<\/h3>\n<ul>\n<li>Le syst\u00e8me <span style=\"text-decoration: underline;\">Eco-Stop (StandBy)<\/span> qui permet au <strong>po\u00eale \u00e0 granul\u00e9s<\/strong> de s&rsquo;\u00e9teindre une fois la temp\u00e9rature souhait\u00e9e atteinte et de red\u00e9marrer lorsque celle ci aura diminuer.<\/li>\n<li>Le syst\u00e8me <span style=\"text-decoration: underline;\">Modulation<\/span> qui permet au <strong>po\u00eale \u00e0 granules<\/strong> de fonctionner en continu afin d&rsquo;\u00e9viter les red\u00e9marrages, lorsque la temp\u00e9rature demand\u00e9e est atteinte celui ci va se r\u00e9guler automatiquement afin de diminuer sa puissance au minimum tout en maintenant la temp\u00e9rature.<\/li>\n<li>Le syst\u00e8me <span style=\"text-decoration: underline;\">Programmable<\/span> permettant de d\u00e9marrer et d&rsquo;\u00e9teindre le <strong>po\u00eale<\/strong> \u00e0 un moment pr\u00e9cis de la journ\u00e9e.<\/li>\n<\/ul>\n<p>Il faut savoir que tout les modes peuvent fonctionner ensemble, en m\u00eame temps.<\/p>\n<h3>Les diff\u00e9rents syst\u00e8mes du Po\u00eale \u00e0 granules ventil\u00e9 \u00e9tanche &#8211; EXTRAFLAME Debby CX 10 kW<\/h3>\n<p><img decoding=\"async\" src=\"https:\/\/www.poelediscount.com\/img\/cms\/Sch%C3%A9ma%20technique\/LOGOS%20syst%C3%A8mes%20Nordica%20Extraflame\/Ilary_Syst%C3%A8mes.png\" alt=\"Syst\u00e8mes du DEBBY extraflamme\" width=\"1833\" height=\"200\" \/><\/p>\n<p><strong>A propos du fabricant : EXTRAFLAME<\/strong> est une marque Italienne qui propose toute sorte d\u2019appareils de chauffage de tr\u00e8s grande qualit\u00e9, depuis 1968. R\u00e9put\u00e9e et en constante \u00e9volution, elle vous sugg\u00e8re aujourd\u2019hui une large gamme de po\u00eales \u00e0 bois, cuisini\u00e8res\u00a0, po\u00eales \u00e0 granul\u00e9s performants avec de tr\u00e8s bons taux de rendement.<\/p>\n<\/div>\n<p>&nbsp;<\/p>\n<div>\n<p><strong><u>Garantie<\/u>\u00a0:\u00a0<\/strong>Nous vous rappelons que pour la garantie, l&rsquo;installation doit \u00eatre conforme au mode d&#8217;emploi (pr\u00e9conisation du fabricant) et doit respecter les normes en vigueur du pays, pour la France DTU 24.1 ou 24.2.<br \/>\nDe plus, comme pour tous les po\u00eales \u00e0 granul\u00e9s, les appareils sont \u00e0 r\u00e9gler en fonction du tirage naturel de l&rsquo;installation choisie.<\/p>\n<p class=\"fiche-produit\">Les r\u00e9glages et la mise en service de ce produit doivent \u00eatre effectu\u00e9s par un professionnel agr\u00e9\u00e9 CAT La Nordica-Extraflame, le listing se trouve ici : https:\/\/www.lanordica-extraflame.com\/fr\/cat\/services-apres-vente.<br \/>\nPensez \u00e0 v\u00e9rifier la disponibilit\u00e9 d&rsquo;un professionnel pr\u00e8s de chez vous.<\/p>\n<\/div>\n<div class=\"row\" style=\"padding-top: 20px;\">\n<div class=\"col-xs-12 col-sm-12 col-md-12 col-lg-4\" style=\"text-align: center; padding: 15px 2px 25px 2px;\">Questions fr\u00e9quentes<\/div>\n<div class=\"col-xs-12 col-sm-12 col-md-12 col-lg-4\" style=\"text-align: center; padding: 15px 2px 25px 2px;\">Quelle puissance choisir ?<\/div>\n<div class=\"col-xs-12 col-sm-12 col-md-12 col-lg-4\" style=\"text-align: center; padding: 15px 2px 25px 2px;\">Livraison<\/div>\n<\/div>\n","protected":false},"excerpt":{"rendered":"<p id=\"product_reference\"><label>R\u00e9f\u00e9rence <\/label><br \/>\n<span class=\"editable\">1283601<\/span><\/p>\n<p id=\"product_condition\"><label>\u00c9tat : <\/label><br \/>\n<span class=\"editable\">Neuf<\/span><\/p>\n<p id=\"product_ean13\"><label>Ean13: <\/label><br \/>\n8008269003833<\/p>\n<div id=\"short_description_block\">\n<div id=\"short_description_content\" class=\"rte align_justify\">\n<ul>\n<li>Marque EXTRAFLAME<\/li>\n<li>Garantie 2 ans pi\u00e8ces<\/li>\n<li>Fabriqu\u00e9 en Italie<\/li>\n<li>Programmable &#8211; Eco-stop (StandBy)<\/li>\n<li>\u00c9tanche : Zone 1,2,3<\/li>\n<li>Flamme Verte<\/li>\n<li>EcoDesign 2022<\/li>\n<\/ul>\n<p><strong><span style=\"color: #218e53;\">D\u00e9lai de disponibilit\u00e9 : 5 \u00e0 12 jours<\/span><\/strong><\/p>\n<p><span style=\"text-decoration: underline;\"><strong>LIVRAISON GRATUITE<\/strong><\/span> (Partout en Europe)<\/p>\n<\/div>\n<\/div>\n","protected":false},"featured_media":11872,"comment_status":"open","ping_status":"closed","template":"","meta":[],"product_brand":[],"product_cat":[113],"product_tag":[],"class_list":{"0":"post-11828","1":"product","2":"type-product","3":"status-publish","4":"has-post-thumbnail","6":"product_cat-poeles-granules","8":"first","9":"instock","10":"sale","11":"purchasable","12":"product-type-simple"},"jetpack_sharing_enabled":true,"_links":{"self":[{"href":"https:\/\/troncybois.com\/index.php?rest_route=\/wp\/v2\/product\/11828","targetHints":{"allow":["GET"]}}],"collection":[{"href":"https:\/\/troncybois.com\/index.php?rest_route=\/wp\/v2\/product"}],"about":[{"href":"https:\/\/troncybois.com\/index.php?rest_route=\/wp\/v2\/types\/product"}],"replies":[{"embeddable":true,"href":"https:\/\/troncybois.com\/index.php?rest_route=%2Fwp%2Fv2%2Fcomments&post=11828"}],"version-history":[{"count":1,"href":"https:\/\/troncybois.com\/index.php?rest_route=\/wp\/v2\/product\/11828\/revisions"}],"predecessor-version":[{"id":11878,"href":"https:\/\/troncybois.com\/index.php?rest_route=\/wp\/v2\/product\/11828\/revisions\/11878"}],"wp:featuredmedia":[{"embeddable":true,"href":"https:\/\/troncybois.com\/index.php?rest_route=\/wp\/v2\/media\/11872"}],"wp:attachment":[{"href":"https:\/\/troncybois.com\/index.php?rest_route=%2Fwp%2Fv2%2Fmedia&parent=11828"}],"wp:term":[{"taxonomy":"product_brand","embeddable":true,"href":"https:\/\/troncybois.com\/index.php?rest_route=%2Fwp%2Fv2%2Fproduct_brand&post=11828"},{"taxonomy":"product_cat","embeddable":true,"href":"https:\/\/troncybois.com\/index.php?rest_route=%2Fwp%2Fv2%2Fproduct_cat&post=11828"},{"taxonomy":"product_tag","embeddable":true,"href":"https:\/\/troncybois.com\/index.php?rest_route=%2Fwp%2Fv2%2Fproduct_tag&post=11828"}],"curies":[{"name":"wp","href":"https:\/\/api.w.org\/{rel}","templated":true}]}}