{"id":11827,"date":"2023-05-30T15:38:58","date_gmt":"2023-05-30T13:38:58","guid":{"rendered":"https:\/\/antiquewhite-gerbil-448984.hostingersite.com\/?post_type=product&#038;p=11827"},"modified":"2023-05-31T16:49:11","modified_gmt":"2023-05-31T14:49:11","slug":"poele-a-granules-ventile-debrayable-etanche-extraflame-sinfony-12-kw","status":"publish","type":"product","link":"https:\/\/troncybois.com\/?product=poele-a-granules-ventile-debrayable-etanche-extraflame-sinfony-12-kw","title":{"rendered":"Po\u00eale \u00e0 granul\u00e9s ventil\u00e9 d\u00e9brayable \u00e9tanche &#8211; EXTRAFLAME Sinfony 12 kW"},"content":{"rendered":"<div class=\"fiche-produit\">\n<p><strong>Le po\u00eale \u00e0 granules ventil\u00e9 \u00e9tanche d\u00e9brayable Sinfony 12 kW<\/strong> de la marque<strong> EXTRAFLAME<\/strong> poss\u00e8de une puissance nominale de 11 kW et peut chauffer un volume jusqu&rsquo;\u00e0 315 m3.<\/p>\n<p>Ce <strong>po\u00eale \u00e0 granul\u00e9s \u00e9tanche<\/strong> se distingue des autres produits en r\u00e9cup\u00e9rant l\u2019air \u00e0 l\u2019ext\u00e9rieur de l\u2019habitat. De cette mani\u00e8re, le po\u00eale n\u2019interf\u00e8re pas avec l\u2019air int\u00e9rieur. Il permet une installation dans les zones 1 (sortie 40 cm au dessus du toit), 2 (sortie toiture) ou 3 (sortie fa\u00e7ade, ventouse). En pr\u00e9servant la qualit\u00e9 de l\u2019air int\u00e9rieur, son <strong>\u00e9tanch\u00e9it\u00e9<\/strong> r\u00e9duit les \u00e9missions de poussi\u00e8re de combustion. Ainsi, on ne constate aucune d\u00e9perdition de chaleur, ni aucune fuite d\u2019air.<\/p>\n<h2>Informations cl\u00e9s sur le Po\u00eale \u00e0 granules ventil\u00e9 \u00e9tanche d\u00e9brayable &#8211; EXTRAFLAME Sinfony 12 kW<\/h2>\n<ul>\n<li>Rev\u00eatement en acier et c\u00e9ramique<\/li>\n<li>Bougie d&rsquo;allumage en c\u00e9ramique<\/li>\n<li>Foyer, porte en fonte<\/li>\n<li>Brasier en fonte<\/li>\n<li>Ventilation forc\u00e9e sup\u00e9rieure (d\u00e9sactivable)<\/li>\n<li>Tiroir \u00e0 cendre amovible<\/li>\n<li>Poign\u00e9e amovible<\/li>\n<li>Porte simple avec double verre double vitroc\u00e9ramique<\/li>\n<li>Pressostat de s\u00e9curit\u00e9 dans le cendrier<\/li>\n<li>Nettoyage automatique du brasier<\/li>\n<li>Motor\u00e9ducteur Brushless pour le chargement des granul\u00e9s (vis sans fin externe)<\/li>\n<li>Sortie des fum\u00e9es : Arri\u00e8re<\/li>\n<li>T\u00e9l\u00e9commande tactile avec fonction thermostat\u00a0: INCLUSE<\/li>\n<li>Module wifi\u00a0: OPTION<\/li>\n<\/ul>\n<h2>Caract\u00e9ristiques techniques du Po\u00eale \u00e0 granules ventil\u00e9 \u00e9tanche d\u00e9brayable &#8211; EXTRAFLAME Sinfony 12 kW<\/h2>\n<ul>\n<li>Puissance nominale : Pmin 3.4 &#8211; Pmax 11 kW<\/li>\n<li>Puissance br\u00fbl\u00e9e : Pmin 4 &#8211; Pmax 12 kW<\/li>\n<li>Rendement : Pmin 93.9 &#8211; Pmax 91.4 kW<\/li>\n<li>Consommation : Pmin 0.8 &#8211; Pmax 2.5 Kg\/h<\/li>\n<li>Dimensions : L 480 x H 1140 x P 560 mm<\/li>\n<li>Poids : 173 Kg<\/li>\n<li>Volume de chauffe : 315 m3<\/li>\n<li>Diam\u00e8tre sortie de fum\u00e9es : 80mm<\/li>\n<li>Diam\u00e8tre de prise d&rsquo;air : 50mm<\/li>\n<li>Capacit\u00e9 du r\u00e9servoir : 22 kg<\/li>\n<li>Classe \u00e9nerg\u00e9tique : A+<\/li>\n<\/ul>\n<h3>Sch\u00e9ma explicatif du Po\u00eale \u00e0 granules ventil\u00e9 \u00e9tanche silencieux &#8211; EXTRAFLAME Sinfony 12 kW<\/h3>\n<p><img fetchpriority=\"high\" decoding=\"async\" src=\"https:\/\/www.poelediscount.com\/img\/cms\/sinfony.png\" alt=\"\" width=\"1045\" height=\"472\" \/><\/p>\n<h3>Mode de fonctionnement du <strong>po\u00eale \u00e0 pellets ventil\u00e9 \u00e9tanche silencieux &#8211; EXTRAFLAME Sinfony 12 kW<\/strong><\/h3>\n<ul>\n<li>Le syst\u00e8me <span style=\"text-decoration: underline;\">Eco-Stop (StandBy)<\/span> qui permet au <strong>po\u00eale \u00e0 granul\u00e9s<\/strong> de s&rsquo;\u00e9teindre une fois la temp\u00e9rature souhait\u00e9e atteinte et de red\u00e9marrer lorsque celle ci aura diminuer.<\/li>\n<li>Le syst\u00e8me <span style=\"text-decoration: underline;\">Modulation<\/span> qui permet au <strong>po\u00eale \u00e0 granules<\/strong> de fonctionner en continu afin d&rsquo;\u00e9viter les red\u00e9marrages, lorsque la temp\u00e9rature demand\u00e9e est atteinte celui ci va se r\u00e9guler automatiquement afin de diminuer sa puissance au minimum tout en maintenant la temp\u00e9rature.<\/li>\n<li>Le syst\u00e8me <span style=\"text-decoration: underline;\">Programmable<\/span> permettant de d\u00e9marrer et d&rsquo;\u00e9teindre le <strong>po\u00eale<\/strong> \u00e0 un moment pr\u00e9cis de la journ\u00e9e.<\/li>\n<\/ul>\n<p>Il faut savoir que tout les modes peuvent fonctionner ensemble, en m\u00eame temps.<\/p>\n<h3>Les diff\u00e9rents syst\u00e8mes du <strong>po\u00eale \u00e0 granul\u00e9s ventil\u00e9 \u00e9tanche silencieux &#8211; EXTRAFLAME Sinfony 12 kW<\/strong><\/h3>\n<p><img decoding=\"async\" src=\"https:\/\/www.poelediscount.com\/img\/cms\/Sch%C3%A9ma%20technique\/LOGOS%20syst%C3%A8mes%20Nordica%20Extraflame\/1SINFONY_Syst%C3%A8mes.png\" alt=\"Syst\u00e8mes du SINFONY Extraflamme\" width=\"1680\" height=\"185\" \/><span style=\"text-decoration: underline;\"><br \/>\n<\/span><\/p>\n<ul>\n<li>Vous recherchez un produit similaire? Retrouvez un autre mod\u00e8le de po\u00eale \u00e0 granules ventil\u00e9 \u00e9tanche<\/li>\n<li>Vous aimez ce genre de produits ? Retrouvez nos po\u00eales \u00e0 granules ventil\u00e9s<\/li>\n<li>D\u00e9couvrez nos po\u00eales \u00e0 granules \u00e9tanche<\/li>\n<li>La marque EXTRAFLAME vous pla\u00eet ? D\u00e9couvrez nos produits de la marque EXTRAFLAME<\/li>\n<li>Poelediscount.com le leader des po\u00eales \u00e0 granul\u00e9s pas chers<\/li>\n<\/ul>\n<\/div>\n<p>&nbsp;<\/p>\n<div>\n<p><strong><u>Garantie<\/u>\u00a0:\u00a0<\/strong>Nous vous rappelons que pour la garantie, l&rsquo;installation doit \u00eatre conforme au mode d&#8217;emploi (pr\u00e9conisation du fabricant) et doit respecter les normes en vigueur du pays, pour la France DTU 24.1 ou 24.2.<br \/>\nDe plus, comme pour tous les po\u00eales \u00e0 granul\u00e9s, les appareils sont \u00e0 r\u00e9gler en fonction du tirage naturel de l&rsquo;installation choisie.<\/p>\n<p class=\"fiche-produit\">Les r\u00e9glages et la mise en service de ce produit doivent \u00eatre effectu\u00e9s par un professionnel agr\u00e9\u00e9 CAT La Nordica-Extraflame, le listing se trouve ici : https:\/\/www.lanordica-extraflame.com\/fr\/cat\/services-apres-vente.<br \/>\nPensez \u00e0 v\u00e9rifier la disponibilit\u00e9 d&rsquo;un professionnel pr\u00e8s de chez vous.<\/p>\n<\/div>\n<div class=\"row\" style=\"padding-top: 20px;\">\n<div class=\"col-xs-12 col-sm-12 col-md-12 col-lg-4\" style=\"text-align: center; padding: 15px 2px 25px 2px;\">Questions fr\u00e9quentes<\/div>\n<div class=\"col-xs-12 col-sm-12 col-md-12 col-lg-4\" style=\"text-align: center; padding: 15px 2px 25px 2px;\">Quelle puissance choisir ?<\/div>\n<div class=\"col-xs-12 col-sm-12 col-md-12 col-lg-4\" style=\"text-align: center; padding: 15px 2px 25px 2px;\">Livraison<\/div>\n<\/div>\n","protected":false},"excerpt":{"rendered":"<p id=\"product_reference\"><label>R\u00e9f\u00e9rence <\/label><br \/>\n<span class=\"editable\">54120<\/span><\/p>\n<p id=\"product_condition\"><label>\u00c9tat : <\/label><br \/>\n<span class=\"editable\">Neuf<\/span><\/p>\n<p id=\"product_ean13\"><label>Ean13: <\/label><br \/>\n8008269005035<\/p>\n<div id=\"short_description_block\">\n<div id=\"short_description_content\" class=\"rte align_justify\">\n<ul>\n<li>Marque EXTRAFLAME<\/li>\n<li>Garantie 2 ans pi\u00e8ces<\/li>\n<li>Fabriqu\u00e9 en Italie<\/li>\n<li>Programmable &#8211; Eco-stop (StandBy)<\/li>\n<li>\u00c9tanche : Zone 1,2,3<\/li>\n<li>Flamme Verte 7*<\/li>\n<li>Ecodesign 2022<\/li>\n<\/ul>\n<p><strong><span style=\"color: #218e53;\">D\u00e9lai de disponibilit\u00e9 : 5 \u00e0 12 jours<\/span><\/strong><\/p>\n<p><span style=\"text-decoration: underline;\"><strong>LIVRAISON GRATUITE (Partout en Europe<\/strong><\/span><\/p>\n<p id=\"availability_date\" style=\"display: none;\"><span id=\"availability_label\" style=\"color: #d0121a; font-weight: bold; text-transform: uppercase;\"><u>Disponible le<\/u>\u00a0:<\/span><\/p>\n<\/div>\n<\/div>\n","protected":false},"featured_media":11867,"comment_status":"open","ping_status":"closed","template":"","meta":[],"product_brand":[],"product_cat":[113],"product_tag":[],"class_list":{"0":"post-11827","1":"product","2":"type-product","3":"status-publish","4":"has-post-thumbnail","6":"product_cat-poeles-granules","8":"first","9":"instock","10":"sale","11":"purchasable","12":"product-type-simple"},"jetpack_sharing_enabled":true,"_links":{"self":[{"href":"https:\/\/troncybois.com\/index.php?rest_route=\/wp\/v2\/product\/11827","targetHints":{"allow":["GET"]}}],"collection":[{"href":"https:\/\/troncybois.com\/index.php?rest_route=\/wp\/v2\/product"}],"about":[{"href":"https:\/\/troncybois.com\/index.php?rest_route=\/wp\/v2\/types\/product"}],"replies":[{"embeddable":true,"href":"https:\/\/troncybois.com\/index.php?rest_route=%2Fwp%2Fv2%2Fcomments&post=11827"}],"version-history":[{"count":1,"href":"https:\/\/troncybois.com\/index.php?rest_route=\/wp\/v2\/product\/11827\/revisions"}],"predecessor-version":[{"id":11871,"href":"https:\/\/troncybois.com\/index.php?rest_route=\/wp\/v2\/product\/11827\/revisions\/11871"}],"wp:featuredmedia":[{"embeddable":true,"href":"https:\/\/troncybois.com\/index.php?rest_route=\/wp\/v2\/media\/11867"}],"wp:attachment":[{"href":"https:\/\/troncybois.com\/index.php?rest_route=%2Fwp%2Fv2%2Fmedia&parent=11827"}],"wp:term":[{"taxonomy":"product_brand","embeddable":true,"href":"https:\/\/troncybois.com\/index.php?rest_route=%2Fwp%2Fv2%2Fproduct_brand&post=11827"},{"taxonomy":"product_cat","embeddable":true,"href":"https:\/\/troncybois.com\/index.php?rest_route=%2Fwp%2Fv2%2Fproduct_cat&post=11827"},{"taxonomy":"product_tag","embeddable":true,"href":"https:\/\/troncybois.com\/index.php?rest_route=%2Fwp%2Fv2%2Fproduct_tag&post=11827"}],"curies":[{"name":"wp","href":"https:\/\/api.w.org\/{rel}","templated":true}]}}