{"id":11572,"date":"2023-05-30T15:28:00","date_gmt":"2023-05-30T13:28:00","guid":{"rendered":"https:\/\/antiquewhite-gerbil-448984.hostingersite.com\/?post_type=product&#038;p=11572"},"modified":"2024-06-07T15:56:40","modified_gmt":"2024-06-07T13:56:40","slug":"cheminee-a-granules-ventile-evacalor-michelangelo-12-kw","status":"publish","type":"product","link":"https:\/\/troncybois.com\/?product=cheminee-a-granules-ventile-evacalor-michelangelo-12-kw","title":{"rendered":"Chemin\u00e9e a granules ventil\u00e9 &#8211; EVACALOR Michelangelo 12 kw"},"content":{"rendered":"<div class=\"fiche-produit\">\n<p>Si l\u2019on souhaite disposer d\u2019une chemin\u00e9e qui meuble la pi\u00e8ce sans avoir recours \u00e0 aucun travail de ma\u00e7onnerie, la <strong>chemin\u00e9e \u00e0 granules ventil\u00e9 Michelangelo<\/strong> constitue un choix optimal. Cette chemin\u00e9e \u00e0 granul\u00e9s est facile \u00e0 installer en raison de sa cape t\u00e9lescopique qui allonge la chemin\u00e9e jusqu\u2019au plafond. Son design arrondi s\u2019adapte parfaitement tant aux espaces modernes qu\u2019aux espaces classiques. Ses finitions soign\u00e9es dans les moindres d\u00e9tails et son design recherch\u00e9 le classent parmi les produits haut de gamme. Les <strong>granul\u00e9s de bois<\/strong> sont utilis\u00e9s comme source d\u2019\u00e9nergie et permettent de r\u00e9chauffer \u00e9conomiquement et rapidement une pi\u00e8ce de vie gr\u00e2ce \u00e0 sa combustion plus lente. Gr\u00e2ce \u00e0 son ventilateur int\u00e9gr\u00e9 cette <strong>chemin\u00e9e<\/strong> diffuse la chaleur de mani\u00e8re homog\u00e8ne pour une meilleure r\u00e9partition de celle-ci. Cette <strong>chemin\u00e9e \u00e0 granules ventil\u00e9<\/strong> permet aussi de diminuer la consommation d&rsquo;\u00e9nergie tout en promettant une chaleur durable et confortable.Deux caract\u00e9ristiques \u00e0 ne pas n\u00e9gliger\u00a0: son astucieux syst\u00e8me de chargement des granul\u00e9s et sa t\u00e9l\u00e9commande de r\u00e9glage fournie.<\/p>\n<h2>Informations cl\u00e9s sur la chemin\u00e9e \u00e0 granules ventil\u00e9 &#8211; EVACALOR Michelangelo 12 kw :<\/h2>\n<ul>\n<li>Rev\u00eatement en acier fa\u00e7onn\u00e9 et fini \u00e0 la main<\/li>\n<li>Fa\u00e7ade porte en verre transparent s\u00e9rigraphi\u00e9 noir<\/li>\n<li>Ventilation forc\u00e9e<\/li>\n<li>5 puissances de fonctionnement<\/li>\n<li>Afficheur avec menu dans 6 langues<\/li>\n<li>Hotte t\u00e9lescopique<\/li>\n<li>Structure autoportante rapide \u00e0 installer<\/li>\n<li>Poign\u00e9e amovible<\/li>\n<li>\u00c9vacuation des fum\u00e9es vers le haut &#8211; vers l\u2019arri\u00e8re<\/li>\n<li>Radiocommande fournie<\/li>\n<li>EcoStop (StandBy)<\/li>\n<li>Thermostat de s\u00e9curit\u00e9<\/li>\n<li>Pr\u00e9disposition pour thermostat<\/li>\n<li>Pressostat de s\u00e9curit\u00e9<\/li>\n<li>T\u00e9l\u00e9commande : Inclus<\/li>\n<li>Chronothermostat<\/li>\n<li>Chambre de combustion en acier<\/li>\n<li>Brasier en acier inox<\/li>\n<li>Module WIFI (EN OPTION)<\/li>\n<li>Thermostat connect\u00e9 (EN OPTION)<\/li>\n<\/ul>\n<h2>Caract\u00e9ristiques techniques de la chemin\u00e9e \u00e0 granules ventil\u00e9 &#8211; EVACALOR Michelangelo 12 kw :<\/h2>\n<ul>\n<li>Puissance brul\u00e9e : Pmax 11.5 kW \u2013 Pmin 4.8 kW<\/li>\n<li>Puissance nominale : Pmax 10 kW \u2013 Pmin 4.5 kW<\/li>\n<li>Rendement : Pmax 88.5% \u2013 Pmin 93%<\/li>\n<li>CO \u00e9missions \u00e0 13% O2 : Pmax 0,014% &#8211; Pmin 0,019%<\/li>\n<li>Consommation de pellets : Pmax 2,4 kg\/h &#8211; Pmin 1,0 kg\/h<\/li>\n<li>Capacit\u00e9 du r\u00e9servoir : 15 kg<\/li>\n<li>Volume de chauffe : 180 \u2013 270 mc<\/li>\n<li>Distance minimale des surfaces inflammables : avant : 100 cm<\/li>\n<li>Tension \/ Fr\u00e9quence : 230 V \/ 50 Hz<\/li>\n<li>Puissance nominale \u00e9lectrique: 410 W<\/li>\n<li>Mesures: L 130,3 x P 71,2 x H 267min. &#8211; 280max cm<\/li>\n<li>Poids : 310 kg<\/li>\n<li>Classe d\u2019efficacit\u00e9 \u00e9nerg\u00e9tique : A+<\/li>\n<li>Est conforme aux normes : EN14785 &#8211; BImSchV II &#8211; 15a B-VG &#8211; LRV\/VKF<\/li>\n<\/ul>\n<h3>Sch\u00e9ma explicatif de la chemin\u00e9e \u00e0 granules ventil\u00e9 &#8211; EVACALOR Michelangelo 12 kw<\/h3>\n<p><img fetchpriority=\"high\" decoding=\"async\" src=\"https:\/\/www.poelediscount.com\/img\/cms\/Sch%C3%A9ma%20technique\/michelangelo-shema-technique-evacalor.jpg\" alt=\"\" width=\"650\" height=\"428\" \/><\/p>\n<h3>Mode de fonctionnement d<strong>e la chemin\u00e9e \u00e0 pellets ventil\u00e9 &#8211; EVACALOR Michelangelo 12 kw<\/strong><\/h3>\n<ul>\n<li>Le syst\u00e8me <span style=\"text-decoration: underline;\">Eco-Stop (StandBy)<\/span> qui permet au <strong>po\u00eale \u00e0 granul\u00e9s<\/strong> de s&rsquo;\u00e9teindre une fois la temp\u00e9rature souhait\u00e9e atteinte et de red\u00e9marrer lorsque celle ci aura diminuer.<\/li>\n<li>Le syst\u00e8me <span style=\"text-decoration: underline;\">Modulation<\/span> qui permet au <strong>po\u00eale \u00e0 granules<\/strong> de fonctionner en continu afin d&rsquo;\u00e9viter les red\u00e9marrages, lorsque la temp\u00e9rature demand\u00e9e est atteinte celui ci va se r\u00e9guler automatiquement afin de diminuer sa puissance au minimum tout en maintenant la temp\u00e9rature.<\/li>\n<li>Le syst\u00e8me <span style=\"text-decoration: underline;\">Programmable<\/span> permettant de d\u00e9marrer et d&rsquo;\u00e9teindre le <strong>po\u00eale<\/strong> \u00e0 un moment pr\u00e9cis de la journ\u00e9e.<\/li>\n<\/ul>\n<p>Il faut savoir que tout les modes peuvent fonctionner ensemble, en m\u00eame temps.<\/p>\n<h3>Les diff\u00e9rents syst\u00e8mes d<strong>e la chemin\u00e9e \u00e0 granules ventil\u00e9 &#8211; EVA CALOR Michelangelo 12 kw<\/strong><\/h3>\n<p><span style=\"text-decoration: underline;\">ECODESIGN 2022<\/span><br \/>\nCe produit r\u00e9pond aux crit\u00e8res du label Ecodesign 2022 qui \u00e9tablit les normes d&rsquo;un projet \u00e9co-compatible, ses m\u00e9thodes de calculs et d&rsquo;\u00e9valuation dans le but de r\u00e9duire les \u00e9missions dans l&rsquo;atmosph\u00e8re.<\/p>\n<p><span style=\"text-decoration: underline;\">CLASSIFICATION ENVIRONNEMENTALE<\/span><br \/>\nLe produit est conforme aux normatives environnementales les plus strictes et classifi\u00e9 4 \u00e9toiles.<\/p>\n<p><span style=\"text-decoration: underline;\">SHU<\/span><br \/>\nLe symbole SHU indique que le po\u00eale est pourvu d\u2019une poign\u00e9e amovible. C\u2019est une pr\u00e9caution de s\u00e9curit\u00e9 pour \u00e9viter l\u2019ouverture accidentelle et\/ou involontaire de la porte du foyer.<\/p>\n<p>L\u2019entreprise italienne <strong>Eva calor<\/strong> vous propose des produits de chauffes technologique et moderne. Tr\u00e8s ax\u00e9 sur la s\u00e9curit\u00e9 et la fiabilit\u00e9 la marque teste et contr\u00f4le tous ses produits tout en respectant l\u2019environnement.<\/p>\n<p>Retrouvez ici les pi\u00e8ces d\u00e9tach\u00e9es de la chemin\u00e9e \u00e0 granules ventil\u00e9 EVACALOR MichelAngelo<\/p>\n<p>Orientez vous vers nos inserts\/chemin\u00e9es \u00e0 granules<\/p>\n<p>D\u00e9couvrez un mod\u00e8le similaire de chemin\u00e9e \u00e0 granules ventil\u00e9<\/p>\n<p>Vous avez aimez ce produit? Appr\u00e9ciez un produit similaire de chemin\u00e9e \u00e0 granules ventil\u00e9<\/p>\n<p>Vous aimez la marque EVA CALOR ? Retrouvez ici tout nos produits de la marque EVA CALOR<\/p>\n<p>Poelediscount.com le leader des po\u00eales \u00e0 granul\u00e9s pas chers<\/p>\n<\/div>\n<p>&nbsp;<\/p>\n<div>\n<p><strong><u>Garantie<\/u>\u00a0:\u00a0<\/strong>Nous vous rappelons que pour la garantie, l&rsquo;installation doit \u00eatre conforme au mode d&#8217;emploi (pr\u00e9conisation du fabricant) et doit respecter les normes en vigueur du pays, pour la France DTU 24.1 ou 24.2.<br \/>\nDe plus, comme pour tous les po\u00eales \u00e0 granul\u00e9s, les appareils sont \u00e0 r\u00e9gler en fonction du tirage naturel de l&rsquo;installation choisie.<\/p>\n<\/div>\n<div class=\"row\" style=\"padding-top: 20px;\">\n<div class=\"col-xs-12 col-sm-12 col-md-12 col-lg-4\" style=\"text-align: center; padding: 15px 2px 25px 2px;\">Questions fr\u00e9quentes<\/div>\n<div class=\"col-xs-12 col-sm-12 col-md-12 col-lg-4\" style=\"text-align: center; padding: 15px 2px 25px 2px;\">Quelle puissance choisir ?<\/div>\n<div class=\"col-xs-12 col-sm-12 col-md-12 col-lg-4\" style=\"text-align: center; padding: 15px 2px 25px 2px;\">Livraison<\/div>\n<\/div>\n","protected":false},"excerpt":{"rendered":"<p id=\"product_reference\"><label>R\u00e9f\u00e9rence <\/label><br \/>\n<span class=\"editable\">301245<\/span><\/p>\n<p id=\"product_condition\"><label>\u00c9tat : <\/label><br \/>\n<span class=\"editable\">Neuf<\/span><\/p>\n<p id=\"product_ean13\"><label>Ean13: <\/label><br \/>\n8029728639936<\/p>\n<div id=\"short_description_block\">\n<div id=\"short_description_content\" class=\"rte align_justify\">\n<ul>\n<li>Marque EVA CALOR<\/li>\n<li>Garantie 2\u00a0ans pi\u00e8ces<\/li>\n<li>Fabriqu\u00e9 en Italie<\/li>\n<li>Programmable &#8211; Eco-stop (StandBy)<\/li>\n<li>Non \u00e9tanche : zone 1<\/li>\n<li>Equivalence Flamme Verte 6*<\/li>\n<\/ul>\n<p><strong><span style=\"color: #218e53;\">D\u00e9lai de disponibilit\u00e9 :\u00a03 \u00e0 4\u00a0\u00a0jours ouvr\u00e9s\u00a0\u00a0<\/span><\/strong><\/p>\n<p><span style=\"text-decoration: underline;\"><strong>LIVRAISON GRATUITE (Uniquement en France )<\/strong><\/span><\/p>\n<\/div>\n<\/div>\n","protected":false},"featured_media":11660,"comment_status":"open","ping_status":"closed","template":"","meta":[],"product_brand":[],"product_cat":[113],"product_tag":[],"class_list":{"0":"post-11572","1":"product","2":"type-product","3":"status-publish","4":"has-post-thumbnail","6":"product_cat-poeles-granules","8":"first","9":"instock","10":"sale","11":"purchasable","12":"product-type-simple"},"jetpack_sharing_enabled":true,"_links":{"self":[{"href":"https:\/\/troncybois.com\/index.php?rest_route=\/wp\/v2\/product\/11572","targetHints":{"allow":["GET"]}}],"collection":[{"href":"https:\/\/troncybois.com\/index.php?rest_route=\/wp\/v2\/product"}],"about":[{"href":"https:\/\/troncybois.com\/index.php?rest_route=\/wp\/v2\/types\/product"}],"replies":[{"embeddable":true,"href":"https:\/\/troncybois.com\/index.php?rest_route=%2Fwp%2Fv2%2Fcomments&post=11572"}],"version-history":[{"count":2,"href":"https:\/\/troncybois.com\/index.php?rest_route=\/wp\/v2\/product\/11572\/revisions"}],"predecessor-version":[{"id":14264,"href":"https:\/\/troncybois.com\/index.php?rest_route=\/wp\/v2\/product\/11572\/revisions\/14264"}],"wp:featuredmedia":[{"embeddable":true,"href":"https:\/\/troncybois.com\/index.php?rest_route=\/wp\/v2\/media\/11660"}],"wp:attachment":[{"href":"https:\/\/troncybois.com\/index.php?rest_route=%2Fwp%2Fv2%2Fmedia&parent=11572"}],"wp:term":[{"taxonomy":"product_brand","embeddable":true,"href":"https:\/\/troncybois.com\/index.php?rest_route=%2Fwp%2Fv2%2Fproduct_brand&post=11572"},{"taxonomy":"product_cat","embeddable":true,"href":"https:\/\/troncybois.com\/index.php?rest_route=%2Fwp%2Fv2%2Fproduct_cat&post=11572"},{"taxonomy":"product_tag","embeddable":true,"href":"https:\/\/troncybois.com\/index.php?rest_route=%2Fwp%2Fv2%2Fproduct_tag&post=11572"}],"curies":[{"name":"wp","href":"https:\/\/api.w.org\/{rel}","templated":true}]}}