{"id":11197,"date":"2023-05-30T14:04:38","date_gmt":"2023-05-30T12:04:38","guid":{"rendered":"https:\/\/antiquewhite-gerbil-448984.hostingersite.com\/?post_type=product&#038;p=11197"},"modified":"2023-05-31T16:38:33","modified_gmt":"2023-05-31T14:38:33","slug":"poele-a-bois-ceramique-vulcania-rina-5-5-kw","status":"publish","type":"product","link":"https:\/\/troncybois.com\/?product=poele-a-bois-ceramique-vulcania-rina-5-5-kw","title":{"rendered":"Po\u00eale \u00e0 bois c\u00e9ramique &#8211; VULCANIA Rina 5.5 kW"},"content":{"rendered":"<div class=\"fiche-produit\">\n<p>Le petit po\u00eale \u00e0 bois en c\u00e9ramique Rina de la marque VULCANIA peut chauffer un volume jusqu&rsquo;\u00e0 147 m3. Ce petit po\u00eale \u00e0 bois s&rsquo;adaptera parfaitement \u00e0 tous les int\u00e9rieurs. Laissez-vous s\u00e9duire par son design et sa c\u00e9ramique de couleur beige.<\/p>\n<p>Informations cl\u00e9s sur le Po\u00eale \u00e0 bois c\u00e9ramique &#8211; VULCANIA Rina 5.5 kW<br \/>\nRev\u00eatement en c\u00e9ramique beige<br \/>\nPorte en fonte<br \/>\nFa\u00e7ade en fonte<br \/>\nFoyer en vermiculite<br \/>\nVitroc\u00e9ramique<br \/>\nCouvercle avec cercles en fonte \u00e9maill\u00e9e<br \/>\nTiroir de r\u00e9cup\u00e9ration des cendres<br \/>\n\u00c9vacuation des fum\u00e9es : Sup\u00e9rieur<br \/>\nTaille des b\u00fbches : 33 cm<br \/>\nTisonnier : INCLUS<br \/>\nGant : INCLUS<br \/>\nCaract\u00e9ristiques techniques du Po\u00eale \u00e0 bois c\u00e9ramique &#8211; VULCANIA Rina 5.5 kW<br \/>\nPuissance br\u00fbl\u00e9e : 6.6 kW<br \/>\nPuissance nominale : 5.6 kW<br \/>\nRendement : 85.6 %<br \/>\nVolume de chauffe : 147 m3<br \/>\nClasse \u00e9nerg\u00e9tique : A+<br \/>\nDiam\u00e8tre sortie des fum\u00e9es : 130 mm<br \/>\nDimensions du foyer : L 230 x H 380 x P 315 mm<br \/>\nDimensions : L 470 x P 490 x H 970 mm<br \/>\nPoids : 106 kg<br \/>\nSch\u00e9ma explicatif du Po\u00eale \u00e0 bois c\u00e9ramique &#8211; VULCANIA Rina 5.<\/p>\n<p><strong><img fetchpriority=\"high\" decoding=\"async\" src=\"https:\/\/www.poelediscount.com\/img\/cms\/alice%20480.png\" alt=\"\" width=\"837\" height=\"290\" \/><\/strong><\/p>\n<\/div>\n<div class=\"row\" style=\"padding-top: 20px;\">\n<div class=\"col-xs-12 col-sm-12 col-md-12 col-lg-4\" style=\"text-align: center; padding: 15px 2px 25px 2px;\">\n<p style=\"text-align: left;\">A propos du fabricant : La marque VULCANIA fabrique des appareils de chauffage \u00e0 granul\u00e9s et \u00e0 bois en mettant toujours au premier rang, la s\u00e9curit\u00e9 de leurs produits lors de leurs conceptions. La marque, fait partie du groupe Corisit et propose des finitions diff\u00e9rentes et plus \u00e9conomiques afin de r\u00e9pondre \u00e0 toutes les attentes.<\/p>\n<p style=\"text-align: left;\">Garantie : Nous vous rappelons que pour la garantie, l&rsquo;installation doit \u00eatre conforme au mode d&#8217;emploi (pr\u00e9conisation du fabricant) et doit respecter les normes en vigueur du pays, pour la France DTU 24.1 ou 24.2.<br \/>\nDe plus, comme pour tous les po\u00eales \u00e0 granul\u00e9s, les appareils sont \u00e0 r\u00e9gler en fonction du tirage naturel de l&rsquo;installation choisie.<\/p>\n<p style=\"text-align: left;\">Questions fr\u00e9quentes<br \/>\nQuelle puissance choisir ?<br \/>\nLivraison<\/p>\n<\/div>\n<\/div>\n","protected":false},"excerpt":{"rendered":"<div><\/div>\n<p id=\"product_reference\"><label>R\u00e9f\u00e9rence <\/label><br \/>\n<span class=\"editable\">STOCK-RINABEIGE<\/span><\/p>\n<p id=\"product_condition\"><label>\u00c9tat : <\/label><br \/>\n<span class=\"editable\">Neuf<\/span><\/p>\n<div id=\"short_description_block\">\n<div id=\"short_description_content\" class=\"rte align_justify\">\n<ul>\n<li>Marque VULCANIA<\/li>\n<li>Garantie 2 ans pi\u00e8ces<\/li>\n<li>Fabriqu\u00e9 en Italie<\/li>\n<li>EcoDesign 2022<\/li>\n<li>Non \u00e9tanche : Zone 1<\/li>\n<li>B\u00fbches de 33 cm<\/li>\n<\/ul>\n<p><span style=\"color: #218e53;\"><strong>D\u00e9lai de livraison : 5 \u00e0 12 jours (jours ouvr\u00e9s)<br \/>\n<\/strong><\/span><\/p>\n<p><span style=\"text-decoration: underline;\"><strong>LIVRAISON GRATUITE<\/strong><\/span> (Partout en Europe)<\/p>\n<p id=\"availability_date\" style=\"display: none;\"><span id=\"availability_label\" style=\"color: #d0121a; font-weight: bold; text-transform: uppercase;\"><u>Disponible le<\/u>\u00a0:<\/span><\/p>\n<\/div>\n<\/div>\n","protected":false},"featured_media":11400,"comment_status":"open","ping_status":"closed","template":"","meta":[],"product_brand":[],"product_cat":[107],"product_tag":[],"class_list":{"0":"post-11197","1":"product","2":"type-product","3":"status-publish","4":"has-post-thumbnail","6":"product_cat-poeles-bois","8":"first","9":"instock","10":"purchasable","11":"product-type-simple"},"jetpack_sharing_enabled":true,"_links":{"self":[{"href":"https:\/\/troncybois.com\/index.php?rest_route=\/wp\/v2\/product\/11197","targetHints":{"allow":["GET"]}}],"collection":[{"href":"https:\/\/troncybois.com\/index.php?rest_route=\/wp\/v2\/product"}],"about":[{"href":"https:\/\/troncybois.com\/index.php?rest_route=\/wp\/v2\/types\/product"}],"replies":[{"embeddable":true,"href":"https:\/\/troncybois.com\/index.php?rest_route=%2Fwp%2Fv2%2Fcomments&post=11197"}],"version-history":[{"count":1,"href":"https:\/\/troncybois.com\/index.php?rest_route=\/wp\/v2\/product\/11197\/revisions"}],"predecessor-version":[{"id":11412,"href":"https:\/\/troncybois.com\/index.php?rest_route=\/wp\/v2\/product\/11197\/revisions\/11412"}],"wp:featuredmedia":[{"embeddable":true,"href":"https:\/\/troncybois.com\/index.php?rest_route=\/wp\/v2\/media\/11400"}],"wp:attachment":[{"href":"https:\/\/troncybois.com\/index.php?rest_route=%2Fwp%2Fv2%2Fmedia&parent=11197"}],"wp:term":[{"taxonomy":"product_brand","embeddable":true,"href":"https:\/\/troncybois.com\/index.php?rest_route=%2Fwp%2Fv2%2Fproduct_brand&post=11197"},{"taxonomy":"product_cat","embeddable":true,"href":"https:\/\/troncybois.com\/index.php?rest_route=%2Fwp%2Fv2%2Fproduct_cat&post=11197"},{"taxonomy":"product_tag","embeddable":true,"href":"https:\/\/troncybois.com\/index.php?rest_route=%2Fwp%2Fv2%2Fproduct_tag&post=11197"}],"curies":[{"name":"wp","href":"https:\/\/api.w.org\/{rel}","templated":true}]}}