{"id":11195,"date":"2023-05-30T14:04:38","date_gmt":"2023-05-30T12:04:38","guid":{"rendered":"https:\/\/antiquewhite-gerbil-448984.hostingersite.com\/?post_type=product&#038;p=11195"},"modified":"2023-05-31T16:38:33","modified_gmt":"2023-05-31T14:38:33","slug":"poele-a-bois-dangle-panadero-sintra-7-kw","status":"publish","type":"product","link":"https:\/\/troncybois.com\/?product=poele-a-bois-dangle-panadero-sintra-7-kw","title":{"rendered":"Po\u00eale \u00e0 bois d&rsquo;angle &#8211; PANADERO Sintra 7 kW"},"content":{"rendered":"<div class=\"fiche-produit\">\n<p><strong>Le po\u00eale \u00e0 bois d&rsquo;angle Sintra 7 kW <\/strong>de la marque<strong> PANADERO <\/strong>vous d\u2019ins\u00e9rer des b\u00fbches allant jusqu&rsquo;\u00e0 60 cm. Son design vous permettra de l&rsquo;installer facilement dans un angle de votre pi\u00e8ce de vie afin de pouvoir chauffer un volume allant jusqu&rsquo;\u00e0 210 m3. Son syst\u00e8me de triple combustion permet \u00e0 ce <strong>po\u00eale \u00e0 bois<\/strong> d&rsquo;atteindre un excellent rendement de 80.7%.<\/p>\n<p style=\"text-align: left;\"><iframe style=\"width: 800px; height: 450px;\" src=\"https:\/\/player.vimeo.com\/video\/572071202?title=0&amp;byline=0&amp;portrait=0\" frameborder=\"0\"><\/iframe><\/p>\n<\/div>\n<div class=\"row\" style=\"padding-top: 20px;\">\n<div class=\"col-xs-12 col-sm-12 col-md-12 col-lg-4\" style=\"text-align: center; padding: 15px 2px 25px 2px;\">\n<p style=\"text-align: left;\">Informations cl\u00e9s du po\u00eale \u00e0 bois d&rsquo;angle &#8211; PANADERO Sintra 7 kW<\/p>\n<p style=\"text-align: left;\">Fabriqu\u00e9 en acier<br \/>\nRange-b\u00fbches<br \/>\nGrille en fonte<br \/>\nPorte en fonte<br \/>\nVerre vitroc\u00e9ramique<br \/>\nTiroir de cendres<br \/>\nTaille des b\u00fbches : 60 cm<br \/>\n\u00c9vacuation des fum\u00e9es : Sup\u00e9rieur<br \/>\nDescription technique du po\u00eale \u00e0 bois d&rsquo;angle &#8211; PANADERO Sintra 7 kW<br \/>\nTechnologie de Verre Propre (TVP)<br \/>\nTechnologie de Triple Combustion (STC)<br \/>\nVolume chauff\u00e9 : jusqu&rsquo;\u00e0 210 m3<br \/>\nRendement : 80.7 %<br \/>\nPuissance : 7 kW<br \/>\nPoids : 99 kg<br \/>\nDiam\u00e8tre des sorties des fum\u00e9es : 150 mm<br \/>\nOuverture du foyer : L 305 x H 325 mm<br \/>\nDimensions : L 810 x H 800 x P 574 mm<br \/>\nClasse \u00e9nerg\u00e9tique : A +<br \/>\nSch\u00e9ma technique du po\u00eale \u00e0 bois d&rsquo;angle &#8211; PANADERO Sintra 7 kW<\/p>\n<p style=\"text-align: left;\">Les diff\u00e9rents syst\u00e8mes technologiques du po\u00eale \u00e0 bois d&rsquo;angle &#8211; PANADERO Sintra 7 kW<\/p>\n<p style=\"text-align: left;\">Technologie de Verre Propre (TVP) : Consiste en l\u2019entr\u00e9e d\u2019air de l\u2019ext\u00e9rieur de l\u2019appareil (air secondaire) dirig\u00e9e vers la face interne du verre, am\u00e9liorant ainsi la combustion, emp\u00eachant le verre de noircir rapidement, l&rsquo;entretien est facilit\u00e9.<\/p>\n<p style=\"text-align: left;\">Technologie de Triple Combustion (STC) : Gr\u00e2ce \u00e0 cette technologie, il est possible d&rsquo;obtenir une troisi\u00e8me combustion des gaz non br\u00fbl\u00e9s lors les pr\u00e9c\u00e9dentes. L&rsquo;air est amen\u00e9 au niveau du brasier ce qui entra\u00eene une troisi\u00e8me combustion des gaz non br\u00fbl\u00e9s pr\u00e9c\u00e9demment. De cette mani\u00e8re, l&rsquo;appareil consume presque toute la quantit\u00e9 de gaz et cela permet d&rsquo;obtenir de meilleurs rendements mais \u00e9galement de r\u00e9duire consid\u00e9rablement les \u00e9missions de C02. On obtient donc une haute efficacit\u00e9 et des \u00e9conomies de combustible \u00e9lev\u00e9es.<\/p>\n<p style=\"text-align: left;\">\u00c0 propos du fournisseur : Entreprise familiale depuis plus de 5 g\u00e9n\u00e9rations, la marque PANADERO fabrique \u00e0 partir des mati\u00e8res premi\u00e8res enti\u00e8rement ses po\u00eales \u00e0 bois dans leur usine, sans aucune sous-traitance. L&rsquo;entreprise, emploi actuellement plus d&rsquo;une centaine de personnes hautement qualifi\u00e9es qui d\u00e9veloppent continuellement de nouvelles technologies afin de vous offrir les meilleurs produits possible.<\/p>\n<p style=\"text-align: left;\">Garantie : Nous vous rappelons que pour la garantie, l&rsquo;installation doit \u00eatre conforme au mode d&#8217;emploi (pr\u00e9conisation du fabricant) et doit respecter les normes en vigueur du pays, pour la France DTU 24.1 ou 24.2.<br \/>\nDe plus, comme pour tous les po\u00eales \u00e0 granul\u00e9s, les appareils sont \u00e0 r\u00e9gler en fonction du tirage naturel de l&rsquo;installation choisie.<\/p>\n<p style=\"text-align: left;\">Questions fr\u00e9quentes<br \/>\nQuelle puissance choisir ?<br \/>\nLivraison<\/p>\n<\/div>\n<\/div>\n","protected":false},"excerpt":{"rendered":"<div><\/div>\n<p id=\"product_reference\"><label>R\u00e9f\u00e9rence <\/label><br \/>\n<span class=\"editable\">PANADERO18615<\/span><\/p>\n<p id=\"product_condition\"><label>\u00c9tat : <\/label><br \/>\n<span class=\"editable\">Neuf<\/span><\/p>\n<p id=\"product_ean13\"><label>Ean13: <\/label><br \/>\n8426964186154<\/p>\n<div id=\"short_description_block\">\n<div id=\"short_description_content\" class=\"rte align_justify\">\n<ul>\n<li>Marque PANADERO<\/li>\n<li>Fabriqu\u00e9 en Espagne<\/li>\n<li>Garantie 5 ans<\/li>\n<li>Flamme Verte<\/li>\n<li>EcoDesign 2022<\/li>\n<li>Non \u00e9tanche : Zone 1<\/li>\n<\/ul>\n<p><strong><span style=\"color: #218e53;\">D\u00e9lai de disponibilit\u00e9 : 5 \u00e0 12 jours<\/span><\/strong><\/p>\n<p><span style=\"text-decoration: underline;\"><strong>LIVRAISON GRATUITE<\/strong><\/span> (Partout en Europe)<\/p>\n<p><span style=\"font-family: var(--global-body-font-family);\">)<\/span><\/p>\n<p id=\"availability_date\" style=\"display: none;\"><span id=\"availability_label\" style=\"color: #d0121a; font-weight: bold; text-transform: uppercase;\"><u>Disponible le<\/u>\u00a0:<\/span><\/p>\n<\/div>\n<\/div>\n","protected":false},"featured_media":10666,"comment_status":"open","ping_status":"closed","template":"","meta":[],"product_brand":[],"product_cat":[107],"product_tag":[],"class_list":{"0":"post-11195","1":"product","2":"type-product","3":"status-publish","4":"has-post-thumbnail","6":"product_cat-poeles-bois","8":"first","9":"instock","10":"purchasable","11":"product-type-simple"},"jetpack_sharing_enabled":true,"_links":{"self":[{"href":"https:\/\/troncybois.com\/index.php?rest_route=\/wp\/v2\/product\/11195","targetHints":{"allow":["GET"]}}],"collection":[{"href":"https:\/\/troncybois.com\/index.php?rest_route=\/wp\/v2\/product"}],"about":[{"href":"https:\/\/troncybois.com\/index.php?rest_route=\/wp\/v2\/types\/product"}],"replies":[{"embeddable":true,"href":"https:\/\/troncybois.com\/index.php?rest_route=%2Fwp%2Fv2%2Fcomments&post=11195"}],"version-history":[{"count":1,"href":"https:\/\/troncybois.com\/index.php?rest_route=\/wp\/v2\/product\/11195\/revisions"}],"predecessor-version":[{"id":11396,"href":"https:\/\/troncybois.com\/index.php?rest_route=\/wp\/v2\/product\/11195\/revisions\/11396"}],"wp:featuredmedia":[{"embeddable":true,"href":"https:\/\/troncybois.com\/index.php?rest_route=\/wp\/v2\/media\/10666"}],"wp:attachment":[{"href":"https:\/\/troncybois.com\/index.php?rest_route=%2Fwp%2Fv2%2Fmedia&parent=11195"}],"wp:term":[{"taxonomy":"product_brand","embeddable":true,"href":"https:\/\/troncybois.com\/index.php?rest_route=%2Fwp%2Fv2%2Fproduct_brand&post=11195"},{"taxonomy":"product_cat","embeddable":true,"href":"https:\/\/troncybois.com\/index.php?rest_route=%2Fwp%2Fv2%2Fproduct_cat&post=11195"},{"taxonomy":"product_tag","embeddable":true,"href":"https:\/\/troncybois.com\/index.php?rest_route=%2Fwp%2Fv2%2Fproduct_tag&post=11195"}],"curies":[{"name":"wp","href":"https:\/\/api.w.org\/{rel}","templated":true}]}}