{"id":11194,"date":"2023-05-30T14:04:38","date_gmt":"2023-05-30T12:04:38","guid":{"rendered":"https:\/\/antiquewhite-gerbil-448984.hostingersite.com\/?post_type=product&#038;p=11194"},"modified":"2023-05-31T16:38:33","modified_gmt":"2023-05-31T14:38:33","slug":"poele-a-bois-ventile-silencieux-boreal-e1000-11-kw","status":"publish","type":"product","link":"https:\/\/troncybois.com\/?product=poele-a-bois-ventile-silencieux-boreal-e1000-11-kw","title":{"rendered":"Po\u00eale \u00e0 bois ventil\u00e9 silencieux &#8211; BOREAL E1000 11 kW"},"content":{"rendered":"<div class=\"fiche-produit\">\n<p>Le mod\u00e8le de po\u00eale \u00e0 bois E1000 de la marque BOREAL est un appareil de chauffage qui vous permettra de chauffer votre maison d&rsquo;environ 275 m3.<\/p>\n<p>Ce mod\u00e8le dispose de 2 possibilit\u00e9 de pose :<\/p>\n<p>Suspendu au mur gr\u00e2ce au kit de suspension mural<br \/>\nPose libre gr\u00e2ce au socle<\/p>\n<p>Si vous ne poser pas votre po\u00eale sur le socle, il fera office de range-b\u00fbches \u00e0 l&rsquo;endroit que vous le souhaitez ! Il vous offrira la possibilit\u00e9 de chauffer plus rapidement votre pi\u00e8ce de vie gr\u00e2ce \u00e0 son ventilateur int\u00e9gr\u00e9, mais aussi de pouvoir enti\u00e8rement le d\u00e9sactiver pour le rendre silencieux.<\/p>\n<p>Informations cl\u00e9s du Po\u00eale \u00e0 bois ventil\u00e9 &#8211; BOREAL E1000 11 kW<br \/>\nInt\u00e9rieur en vermiculite<br \/>\nFabriqu\u00e9 en acier<br \/>\nPorte en fonte<br \/>\nGrille du foyer en fonte<br \/>\nPossibilit\u00e9 d&rsquo;arr\u00eat total du ventilateur<br \/>\nVitre en c\u00e9ramique<br \/>\nAir primaire r\u00e9glable<br \/>\nTaille des b\u00fbches : 60 cm<br \/>\nGrille du foyer : INCLUS<br \/>\nKit de suspension : INCLUS<br \/>\nSocle range-b\u00fbches : INCLUS<br \/>\nAccessoires compatibles avec le mod\u00e8le de Po\u00eale \u00e0 bois E1000 :<br \/>\nKit de raccordement DINAK : 150mm<br \/>\nRaccord anti-bistre : 150mm<br \/>\nDescription technique du Po\u00eale \u00e0 bois ventil\u00e9 &#8211; BOREAL E1000 11 kW<br \/>\nSyst\u00e8me Verre Propre (SCL)<br \/>\nSyst\u00e8me de Double Combustion (SDC)<br \/>\nVolume de chauffe : 275 m3<br \/>\nRendement : 82 %<br \/>\nPuissance : 13 kW<br \/>\nConsommation : 3 kg\/h<br \/>\nPoids : 103 kg<br \/>\nClasse \u00e9nerg\u00e9tique : A<br \/>\nDiam\u00e8tre des sorties des fum\u00e9es : 150 mm<br \/>\nDimensions du foyer : L 580 x H 306 x P 286 mm<br \/>\n1 Ventilateur<br \/>\nSch\u00e9ma technique du Po\u00eale \u00e0 bois ventil\u00e9 &#8211; BOREAL E1000 11 kW<\/p>\n<p>Cliquez sur le lien suivant pour retrouver le Manuel Utilisateur : T\u00c9L\u00c9CHARGER LE MANUEL<\/p>\n<h2><img fetchpriority=\"high\" decoding=\"async\" src=\"https:\/\/www.poelediscount.com\/img\/cms\/Sch%C3%A9ma%20technique\/BOREAL\/E1000_TECH.png\" alt=\"Sch\u00e9ma technique du poele \u00e0 bois E1000\" width=\"1272\" height=\"496\" \/><\/h2>\n<\/div>\n<div class=\"row\" style=\"padding-top: 20px;\">\n<div class=\"col-xs-12 col-sm-12 col-md-12 col-lg-4\" style=\"text-align: center; padding: 15px 2px 25px 2px;\">\n<p style=\"text-align: left;\">Les diff\u00e9rents syst\u00e8mes du Po\u00eale \u00e0 bois ventil\u00e9 &#8211; BOREAL E1000 11 kW<\/p>\n<p style=\"text-align: left;\">SYSTEME DOUBLE COMBUSTION (SDC) : Gr\u00e2ce \u00e0 cette technologie, il est possible d&rsquo;obtenir une deuxi\u00e8me combustion des gaz non br\u00fbl\u00e9s pendant la premi\u00e8re combustion. De cette mani\u00e8re, on obtient une haute efficacit\u00e9 et des \u00e9conomies de combustible \u00e9lev\u00e9es.<\/p>\n<p style=\"text-align: left;\">SYSTEME VERRE PROPRE (SCL) : consiste en l\u2019entr\u00e9e d\u2019air de l\u2019ext\u00e9rieur de l\u2019appareil (air secondaire) dirig\u00e9e vers la face interne du verre, am\u00e9liorant ainsi la combustion, emp\u00eachant le verre de noircir rapidement et permettant une vision sup\u00e9rieure du feu.<\/p>\n<p style=\"text-align: left;\">\u00c0 propos du fournisseur : La marque BOREAL est une entreprise Espagnole qui poss\u00e8de plus de 30 ann\u00e9es d&rsquo;exp\u00e9rience dans la fabrication et l&rsquo;invocation des appareils de chauffage tel que les po\u00eales et inserts \u00e0 bois. Tous leurs produits sont tr\u00e8s simples \u00e0 installer et poss\u00e8dent les labels EcoDesign 2022 et Flamme Verte.<\/p>\n<p style=\"text-align: left;\">Garantie : Nous vous rappelons que pour la garantie, l&rsquo;installation doit \u00eatre conforme au mode d&#8217;emploi (pr\u00e9conisation du fabricant) et doit respecter les normes en vigueur du pays, pour la France DTU 24.1 ou 24.2.<br \/>\nDe plus, comme pour tous les po\u00eales \u00e0 granul\u00e9s, les appareils sont \u00e0 r\u00e9gler en fonction du tirage naturel de l&rsquo;installation choisie.<\/p>\n<p style=\"text-align: left;\">Questions fr\u00e9quentes<br \/>\nQuelle puissance choisir ?<br \/>\nLivraison<\/p>\n<p>&nbsp;<\/p>\n<\/div>\n<\/div>\n","protected":false},"excerpt":{"rendered":"<div><\/div>\n<p id=\"product_reference\"><label>R\u00e9f\u00e9rence <\/label><br \/>\n<span class=\"editable\">E-10JBGJ54500 + L1<\/span><\/p>\n<p id=\"product_condition\"><label>\u00c9tat : <\/label><br \/>\n<span class=\"editable\">Neuf<\/span><\/p>\n<div id=\"short_description_block\">\n<div id=\"short_description_content\" class=\"rte align_justify\">\n<ul>\n<li>Marque BOREAL<\/li>\n<li>Fabriqu\u00e9 en Espagne<\/li>\n<li>Garantie 2 ans pi\u00e8ces<\/li>\n<li>Flamme Verte<\/li>\n<li>EcoDesign 2022<\/li>\n<li>Non \u00e9tanche : Zone 1<\/li>\n<li>B\u00fbches de 60cm maximum<\/li>\n<\/ul>\n<p><strong><span style=\"color: #218e53;\">D\u00e9lai de disponibilit\u00e9 : 5 \u00e0 12 jours<\/span><\/strong><\/p>\n<p><span style=\"text-decoration: underline;\"><strong>LIVRAISON GRATUITE<\/strong><\/span> (Partout en Europe)<\/p>\n<p>&nbsp;<\/p>\n<\/div>\n<\/div>\n","protected":false},"featured_media":11382,"comment_status":"open","ping_status":"closed","template":"","meta":[],"product_brand":[],"product_cat":[107],"product_tag":[],"class_list":{"0":"post-11194","1":"product","2":"type-product","3":"status-publish","4":"has-post-thumbnail","6":"product_cat-poeles-bois","8":"first","9":"instock","10":"purchasable","11":"product-type-simple"},"jetpack_sharing_enabled":true,"_links":{"self":[{"href":"https:\/\/troncybois.com\/index.php?rest_route=\/wp\/v2\/product\/11194","targetHints":{"allow":["GET"]}}],"collection":[{"href":"https:\/\/troncybois.com\/index.php?rest_route=\/wp\/v2\/product"}],"about":[{"href":"https:\/\/troncybois.com\/index.php?rest_route=\/wp\/v2\/types\/product"}],"replies":[{"embeddable":true,"href":"https:\/\/troncybois.com\/index.php?rest_route=%2Fwp%2Fv2%2Fcomments&post=11194"}],"version-history":[{"count":1,"href":"https:\/\/troncybois.com\/index.php?rest_route=\/wp\/v2\/product\/11194\/revisions"}],"predecessor-version":[{"id":11395,"href":"https:\/\/troncybois.com\/index.php?rest_route=\/wp\/v2\/product\/11194\/revisions\/11395"}],"wp:featuredmedia":[{"embeddable":true,"href":"https:\/\/troncybois.com\/index.php?rest_route=\/wp\/v2\/media\/11382"}],"wp:attachment":[{"href":"https:\/\/troncybois.com\/index.php?rest_route=%2Fwp%2Fv2%2Fmedia&parent=11194"}],"wp:term":[{"taxonomy":"product_brand","embeddable":true,"href":"https:\/\/troncybois.com\/index.php?rest_route=%2Fwp%2Fv2%2Fproduct_brand&post=11194"},{"taxonomy":"product_cat","embeddable":true,"href":"https:\/\/troncybois.com\/index.php?rest_route=%2Fwp%2Fv2%2Fproduct_cat&post=11194"},{"taxonomy":"product_tag","embeddable":true,"href":"https:\/\/troncybois.com\/index.php?rest_route=%2Fwp%2Fv2%2Fproduct_tag&post=11194"}],"curies":[{"name":"wp","href":"https:\/\/api.w.org\/{rel}","templated":true}]}}