{"id":11165,"date":"2023-05-30T14:04:09","date_gmt":"2023-05-30T12:04:09","guid":{"rendered":"https:\/\/antiquewhite-gerbil-448984.hostingersite.com\/?post_type=product&#038;p=11165"},"modified":"2023-05-31T16:38:34","modified_gmt":"2023-05-31T14:38:34","slug":"poele-a-bois-ceramique-lincar-monellina-176an-plus-6-kw","status":"publish","type":"product","link":"https:\/\/troncybois.com\/?product=poele-a-bois-ceramique-lincar-monellina-176an-plus-6-kw","title":{"rendered":"Po\u00eale \u00e0 bois c\u00e9ramique &#8211; LINCAR Monellina 176AN PLUS 6 kW"},"content":{"rendered":"<div class=\"row\" style=\"padding-top: 20px;\">\n<div class=\"col-xs-12 col-sm-12 col-md-12 col-lg-4\" style=\"text-align: center; padding: 15px 2px 25px 2px;\">\n<p style=\"text-align: left;\">Le po\u00eale \u00e0 bois en c\u00e9ramique Monellina 176AN PLUS 6 kW de la marque LINCAR peut chauffer une pi\u00e8ce jusqu&rsquo;\u00e0 114 m3. Ce produit r\u00e9pond aux crit\u00e8res du label Ecodesign 2022 qui \u00e9tablit les normes d&rsquo;un projet \u00e9co-compatible, ses m\u00e9thodes de calculs et d&rsquo;\u00e9valuation dans le but de r\u00e9duire les \u00e9missions dans l&rsquo;atmosph\u00e8re. Laissez-vous s\u00e9duire par son design exclusif !<\/p>\n<p style=\"text-align: left;\">Informations cl\u00e9s sur le Po\u00eale \u00e0 bois en c\u00e9ramique &#8211; LINCAR Monellina 176AN PLUS 6 kW<br \/>\nRev\u00eatement en c\u00e9ramique<br \/>\nFoyer en vermiculite<br \/>\nVitroc\u00e9ramique<br \/>\nCouvercle en fonte \u00e9maill\u00e9e<br \/>\nCompartiment porte-bois<br \/>\nTaille des b\u00fbches : 25 cm<br \/>\n\u00c9vacuation des fum\u00e9es : Sup\u00e9rieur<br \/>\nCaract\u00e9ristiques techniques du Po\u00eale \u00e0 bois en c\u00e9ramique &#8211; LINCAR Monellina 176AN PLUS 6 kW<br \/>\nPuissance br\u00fbl\u00e9e : 6.3 kW<br \/>\nPuissance nominale : 5.8 kW<br \/>\nRendement : 89 %<br \/>\nPoids : 123 kg<br \/>\nVolume de chauffe : 114 m3<br \/>\nClasse \u00e9nerg\u00e9tique : A+<br \/>\nDiam\u00e8tre sortie des fum\u00e9es : 130 mm<br \/>\nDimensions du foyer : L 240 x H 200 mm<br \/>\nDimensions : L 560 x P 500 x H 940 mm<br \/>\nSch\u00e9ma explicatif du Po\u00eale \u00e0 bois en c\u00e9ramique &#8211; LINCAR Monellina 176AN PLUS 6 kW<\/p>\n<p style=\"text-align: left;\">A propos du fabricant : Depuis plus de 50 ans, la marque LINCAR r\u00e9alise des produits fiables, de haute technologie. Engag\u00e9e \u00e9cologiquement, cette marque vous propose une large gamme design avec des mat\u00e9riaux innovants, plus respectueux de l&rsquo;environnement en ayant comme point d&rsquo;honneur la s\u00e9curit\u00e9.<\/p>\n<p style=\"text-align: left;\">Garantie : Nous vous rappelons que pour la garantie, l&rsquo;installation doit \u00eatre conforme au mode d&#8217;emploi (pr\u00e9conisation du fabricant) et doit respecter les normes en vigueur du pays, pour la France DTU 24.1 ou 24.2.<br \/>\nDe plus, comme pour tous les po\u00eales \u00e0 granul\u00e9s, les appareils sont \u00e0 r\u00e9gler en fonction du tirage naturel de l&rsquo;installation choisie.<\/p>\n<p style=\"text-align: left;\">Questions fr\u00e9quentes<br \/>\nQuelle puissance choisir ?<br \/>\nLivraison<\/p>\n<\/div>\n<\/div>\n","protected":false},"excerpt":{"rendered":"<div><\/div>\n<p id=\"product_reference\"><label>R\u00e9f\u00e9rence <\/label><br \/>\n<span class=\"editable\">HFHRS54176730904 <\/span><\/p>\n<p id=\"product_condition\"><label>\u00c9tat : <\/label><br \/>\n<span class=\"editable\">Neuf<\/span><\/p>\n<p id=\"product_ean13\"><label>Ean13: <\/label><br \/>\n8020034706916<\/p>\n<div id=\"short_description_block\">\n<div id=\"short_description_content\" class=\"rte align_justify\">\n<ul>\n<li>Marque LINCAR<\/li>\n<li>Garantie 2 ans pi\u00e8ces<\/li>\n<li>Fabriqu\u00e9 en Italie<\/li>\n<li>EcoDesign2022<\/li>\n<li>Non \u00e9tanche : Zone 1<\/li>\n<\/ul>\n<p><strong><span style=\"color: #218e53;\">D\u00e9lai de disponibilit\u00e9 : 5 \u00e0 12 jours<\/span><\/strong><\/p>\n<p><span style=\"text-decoration: underline;\"><strong>LIVRAISON GRATUITE<\/strong><\/span> (Partout en Europe)<\/p>\n<\/div>\n<\/div>\n","protected":false},"featured_media":11377,"comment_status":"open","ping_status":"closed","template":"","meta":[],"product_brand":[],"product_cat":[107],"product_tag":[],"class_list":{"0":"post-11165","1":"product","2":"type-product","3":"status-publish","4":"has-post-thumbnail","6":"product_cat-poeles-bois","8":"first","9":"instock","10":"purchasable","11":"product-type-simple"},"jetpack_sharing_enabled":true,"_links":{"self":[{"href":"https:\/\/troncybois.com\/index.php?rest_route=\/wp\/v2\/product\/11165","targetHints":{"allow":["GET"]}}],"collection":[{"href":"https:\/\/troncybois.com\/index.php?rest_route=\/wp\/v2\/product"}],"about":[{"href":"https:\/\/troncybois.com\/index.php?rest_route=\/wp\/v2\/types\/product"}],"replies":[{"embeddable":true,"href":"https:\/\/troncybois.com\/index.php?rest_route=%2Fwp%2Fv2%2Fcomments&post=11165"}],"version-history":[{"count":1,"href":"https:\/\/troncybois.com\/index.php?rest_route=\/wp\/v2\/product\/11165\/revisions"}],"predecessor-version":[{"id":11381,"href":"https:\/\/troncybois.com\/index.php?rest_route=\/wp\/v2\/product\/11165\/revisions\/11381"}],"wp:featuredmedia":[{"embeddable":true,"href":"https:\/\/troncybois.com\/index.php?rest_route=\/wp\/v2\/media\/11377"}],"wp:attachment":[{"href":"https:\/\/troncybois.com\/index.php?rest_route=%2Fwp%2Fv2%2Fmedia&parent=11165"}],"wp:term":[{"taxonomy":"product_brand","embeddable":true,"href":"https:\/\/troncybois.com\/index.php?rest_route=%2Fwp%2Fv2%2Fproduct_brand&post=11165"},{"taxonomy":"product_cat","embeddable":true,"href":"https:\/\/troncybois.com\/index.php?rest_route=%2Fwp%2Fv2%2Fproduct_cat&post=11165"},{"taxonomy":"product_tag","embeddable":true,"href":"https:\/\/troncybois.com\/index.php?rest_route=%2Fwp%2Fv2%2Fproduct_tag&post=11165"}],"curies":[{"name":"wp","href":"https:\/\/api.w.org\/{rel}","templated":true}]}}