{"id":11161,"date":"2023-05-30T14:04:08","date_gmt":"2023-05-30T12:04:08","guid":{"rendered":"https:\/\/antiquewhite-gerbil-448984.hostingersite.com\/?post_type=product&#038;p=11161"},"modified":"2023-05-31T16:38:34","modified_gmt":"2023-05-31T14:38:34","slug":"poele-a-bois-ventile-firematic-columbia-12-5-kw","status":"publish","type":"product","link":"https:\/\/troncybois.com\/?product=poele-a-bois-ventile-firematic-columbia-12-5-kw","title":{"rendered":"Po\u00eale \u00e0 bois ventil\u00e9 &#8211; FIREMATIC Columbia 12.5 kW"},"content":{"rendered":"<div class=\"row\" style=\"padding-top: 20px;\">\n<div class=\"col-xs-12 col-sm-12 col-md-12 col-lg-4\" style=\"text-align: center; padding: 15px 2px 25px 2px;\">\n<p style=\"text-align: left;\">Le po\u00eale \u00e0 bois Columbia vous permets de chauffer jusqu&rsquo;\u00e0 335 m3. Ce po\u00eale \u00e0 bois pas cher accepte des b\u00fbches pouvant atteindre 62 cm ! Le mod\u00e8le Columbia poss\u00e8de deux ventilateurs afin de souffler l&rsquo;air chaud produit par le po\u00eale, directement dans la pi\u00e8ce dans laquelle il se situe.<\/p>\n<p style=\"text-align: left;\">Ce mod\u00e8le dispose de 2 possibilit\u00e9 de pose :<\/p>\n<p style=\"text-align: left;\">Suspendu au mur gr\u00e2ce au kit de suspension mural<br \/>\nPose libre gr\u00e2ce au socle<\/p>\n<p style=\"text-align: left;\">Si vous ne poser pas votre po\u00eale sur le socle, il fera office de range-b\u00fbches \u00e0 l&rsquo;endroit que vous le souhaitez ! Il vous offrira la possibilit\u00e9 de chauffer plus rapidement votre pi\u00e8ce de vie gr\u00e2ce \u00e0 ses 2 ventilateurs int\u00e9gr\u00e9.<\/p>\n<p style=\"text-align: left;\">Le mod\u00e8le de po\u00eale \u00e0 bois Columbia poss\u00e8de une puissance comprise entre 12.6 et 16.8 kW.<\/p>\n<p style=\"text-align: left;\">La marque distributeur PoeleDiscount.com vous propose le po\u00eale \u00e0 bois avec four M-170 et M-170L, con\u00e7u par le fabricant FM CALEFACCION sous le nom commercial COLUMBIA.<\/p>\n<p style=\"text-align: left;\">Informations cl\u00e9s sur le Po\u00eale \u00e0 bois ventil\u00e9 &#8211; FIREMATIC Columbia 12.5 kW<br \/>\nRev\u00eatement en acier r\u00e9sistant \u00e0 800\u00b0C<br \/>\nPorte en fonte<br \/>\nGrille du foyer en fonte<br \/>\nSocle range-b\u00fbches<br \/>\nFoyer en vermiculite<br \/>\nAir primaire et secondaire r\u00e9glable<br \/>\nSyst\u00e8me de double combustion<br \/>\nVitroc\u00e9ramique r\u00e9sistant \u00e0 750\u00b0C<br \/>\nVentilateurs \u00e0 3 vitesses<br \/>\n2 Ventilateurs : : 160 m3\/h \/ 20W<br \/>\nThermostat de s\u00e9curit\u00e9<br \/>\nTaille des b\u00fbches : 50 cm<br \/>\n\u00c9vacuation des fum\u00e9es : Sup\u00e9rieur<br \/>\nAccessoires compatibles avec le mod\u00e8le de Po\u00eale \u00e0 bois Columbia :<br \/>\nKit de raccordement DINAK : 150mm<br \/>\nRaccord anti-bistre : 150mm<br \/>\nCaract\u00e9ristiques techniques du Po\u00eale \u00e0 bois avec soufflerie &#8211; FIREMATIC Columbia 12.5 kW<br \/>\nPuissance br\u00fbl\u00e9e : 16.8 kW<br \/>\nPuissance nominale : 12.6 kW<br \/>\nRendement : 75 %<br \/>\nPoids : 120 kg<br \/>\nVolume de chauffe : 335 m3<br \/>\nClasse \u00e9nerg\u00e9tique : A<br \/>\nConsommation : 3.9 kg\/h<br \/>\nDiam\u00e8tre sortie des fum\u00e9es : 150 mm<br \/>\nDimensions : L 679 x P 492 x H 556 mm<br \/>\nDimensions du foyer : L 545 x P 370 x H 285 mm<br \/>\nSch\u00e9ma explicatif du Po\u00eale \u00e0 bois avec soufflerie &#8211; FIREMATIC Columbia 12.5 kW<\/p>\n<p style=\"text-align: left;\">ECODESIGN 2022<br \/>\nCe produit r\u00e9pond aux crit\u00e8res du label EcoDesign 2022 qui \u00e9tablit les normes d&rsquo;un projet \u00e9co-compatible, ses m\u00e9thodes de calculs et d&rsquo;\u00e9valuation dans le but de r\u00e9duire les \u00e9missions dans l&rsquo;atmosph\u00e8re.<\/p>\n<p style=\"text-align: left;\">A propos du fabricant : La marque Espagnole FM CALEFACCI\u00d3N est n\u00e9e en 1966 avec un objectif clair : moderniser les syst\u00e8mes de chauffage que la soci\u00e9t\u00e9 utilisait jusqu&rsquo;\u00e0 pr\u00e9sent. A travers plus de 50 ans d&rsquo;exp\u00e9rience, le Groupe FM a su \u00e9voluer en s&rsquo;adaptant aux march\u00e9s les plus exigeants. Actuellement, le groupe FM est pr\u00e9sent sur le march\u00e9 national Espagnol et exporte tous ses produits dans 50 pays dans le monde.<\/p>\n<p style=\"text-align: left;\">Garantie : Nous vous rappelons que pour la garantie, l&rsquo;installation doit \u00eatre conforme au mode d&#8217;emploi (pr\u00e9conisation du fabricant) et doit respecter les normes en vigueur du pays, pour la France DTU 24.1 ou 24.2.<br \/>\nDe plus, comme pour tous les po\u00eales \u00e0 granul\u00e9s, les appareils sont \u00e0 r\u00e9gler en fonction du tirage naturel de l&rsquo;installation choisie.<\/p>\n<p style=\"text-align: left;\">Questions fr\u00e9quentes<br \/>\nQuelle puissance choisir ?<br \/>\nLivraison<\/p>\n<\/div>\n<\/div>\n","protected":false},"excerpt":{"rendered":"<div><\/div>\n<p id=\"product_reference\"><label>R\u00e9f\u00e9rence <\/label><br \/>\n<span class=\"editable\">170L-701C34BCX5F<\/span><\/p>\n<p id=\"product_condition\"><label>\u00c9tat : <\/label><br \/>\n<span class=\"editable\">Neuf<\/span><\/p>\n<p id=\"product_ean13\"><label>Ean13: <\/label><br \/>\n8427561016424<\/p>\n<div id=\"short_description_block\">\n<div id=\"short_description_content\" class=\"rte align_justify\">\n<ul>\n<li>Marque FM CALEFACCION<\/li>\n<li>Garantie 2 ans pi\u00e8ces<\/li>\n<li>Fabriqu\u00e9 en Espagne<\/li>\n<li>Non \u00e9tanche : Zone 1<\/li>\n<li>EcoDesign 2022<\/li>\n<li>B\u00fbches de 50cm<\/li>\n<\/ul>\n<p><strong><span style=\"color: #218e53;\">D\u00e9lai de disponibilit\u00e9 : 5 \u00e0 12 jours<\/span><\/strong><\/p>\n<p><span style=\"text-decoration: underline;\"><strong>LIVRAISON GRATUITE<\/strong><\/span> (Partout en Europe)<\/p>\n<\/div>\n<\/div>\n","protected":false},"featured_media":11341,"comment_status":"open","ping_status":"closed","template":"","meta":[],"product_brand":[],"product_cat":[107],"product_tag":[],"class_list":{"0":"post-11161","1":"product","2":"type-product","3":"status-publish","4":"has-post-thumbnail","6":"product_cat-poeles-bois","8":"first","9":"instock","10":"purchasable","11":"product-type-simple"},"jetpack_sharing_enabled":true,"_links":{"self":[{"href":"https:\/\/troncybois.com\/index.php?rest_route=\/wp\/v2\/product\/11161","targetHints":{"allow":["GET"]}}],"collection":[{"href":"https:\/\/troncybois.com\/index.php?rest_route=\/wp\/v2\/product"}],"about":[{"href":"https:\/\/troncybois.com\/index.php?rest_route=\/wp\/v2\/types\/product"}],"replies":[{"embeddable":true,"href":"https:\/\/troncybois.com\/index.php?rest_route=%2Fwp%2Fv2%2Fcomments&post=11161"}],"version-history":[{"count":1,"href":"https:\/\/troncybois.com\/index.php?rest_route=\/wp\/v2\/product\/11161\/revisions"}],"predecessor-version":[{"id":11350,"href":"https:\/\/troncybois.com\/index.php?rest_route=\/wp\/v2\/product\/11161\/revisions\/11350"}],"wp:featuredmedia":[{"embeddable":true,"href":"https:\/\/troncybois.com\/index.php?rest_route=\/wp\/v2\/media\/11341"}],"wp:attachment":[{"href":"https:\/\/troncybois.com\/index.php?rest_route=%2Fwp%2Fv2%2Fmedia&parent=11161"}],"wp:term":[{"taxonomy":"product_brand","embeddable":true,"href":"https:\/\/troncybois.com\/index.php?rest_route=%2Fwp%2Fv2%2Fproduct_brand&post=11161"},{"taxonomy":"product_cat","embeddable":true,"href":"https:\/\/troncybois.com\/index.php?rest_route=%2Fwp%2Fv2%2Fproduct_cat&post=11161"},{"taxonomy":"product_tag","embeddable":true,"href":"https:\/\/troncybois.com\/index.php?rest_route=%2Fwp%2Fv2%2Fproduct_tag&post=11161"}],"curies":[{"name":"wp","href":"https:\/\/api.w.org\/{rel}","templated":true}]}}