{"id":11135,"date":"2023-05-30T14:03:45","date_gmt":"2023-05-30T12:03:45","guid":{"rendered":"https:\/\/antiquewhite-gerbil-448984.hostingersite.com\/?post_type=product&#038;p=11135"},"modified":"2023-05-31T16:38:34","modified_gmt":"2023-05-31T14:38:34","slug":"poele-a-bois-en-fonte-bronpi-etna-10-kw","status":"publish","type":"product","link":"https:\/\/troncybois.com\/?product=poele-a-bois-en-fonte-bronpi-etna-10-kw","title":{"rendered":"Po\u00eale \u00e0 bois en fonte &#8211; BRONPI Etna 10 kW"},"content":{"rendered":"<div class=\"row\" style=\"padding-top: 20px;\">\n<div class=\"col-xs-12 col-sm-12 col-md-12 col-lg-4\" style=\"text-align: center; padding: 15px 2px 25px 2px;\">\n<p style=\"text-align: left;\">Le po\u00eale \u00e0 bois en fonte Etna 10 kW de la marque BRONPI est un appareil fabriqu\u00e9 enti\u00e8rement en fonte qui vous permettra de chauffer votre maison jusqu&rsquo;\u00e0 250 m3 tout en pouvant accueillir des b\u00fbches allant jusqu&rsquo;\u00e0 59 cm ! Ce po\u00eale \u00e0 bois en fonte sera parfait pour chauffer votre logement. Laissez-vous s\u00e9duire par son design !<\/p>\n<p style=\"text-align: left;\">Informations cl\u00e9s du Po\u00eale \u00e0 bois en fonte &#8211; BRONPI Etna 10 kW<br \/>\nInt\u00e9rieur en fonte<br \/>\nFabriqu\u00e9 en fonte<br \/>\nVitre en vitroc\u00e9ramique<br \/>\nTaille des b\u00fbches : 59 cm<br \/>\nSortie des fum\u00e9es : Arri\u00e8re ou Sup\u00e9rieur<br \/>\nDescription technique du Po\u00eale \u00e0 bois en fonte &#8211; BRONPI Etna 10 kW<br \/>\nSyst\u00e8me Verre Propre (SCL)<br \/>\nSyst\u00e8me de Double Combustion (SDC)<br \/>\nVolume de chauffe : 250 m3<br \/>\nRendement : 78 %<br \/>\nPuissance : 10 kW<br \/>\nConsommation : 2.7 kg\/h<br \/>\nPoids : 150 kg<br \/>\nClasse \u00e9nerg\u00e9tique : A<br \/>\nDiam\u00e8tre des sorties des fum\u00e9es : 150 mm<br \/>\nDimensions du foyer : L 525 x H 305 x P 350 mm<br \/>\nSch\u00e9ma explicatif du Po\u00eale \u00e0 bois en fonte &#8211; BRONPI Etna 10 kW<\/p>\n<p style=\"text-align: left;\">Cliquez sur le lien suivant pour retrouver le Manuel Utilisateur : T\u00c9L\u00c9CHARGER LE MANUEL<\/p>\n<p style=\"text-align: left;\">Les diff\u00e9rents syst\u00e8mes du Po\u00eale \u00e0 bois 10 kW en fonte &#8211; BRONPI Etna 10 kW<\/p>\n<p style=\"text-align: left;\">SYSTEME VERRE PROPRE (SCL) : consiste en l\u2019entr\u00e9e d\u2019air de l\u2019ext\u00e9rieur de l\u2019appareil (air secondaire) dirig\u00e9e vers la face interne du verre, am\u00e9liorant ainsi la combustion, emp\u00eachant le verre de noircir rapidement et permettant une vision sup\u00e9rieure du feu.<\/p>\n<p style=\"text-align: left;\">SYSTEME DOUBLE COMBUSTION (SDC) : Gr\u00e2ce \u00e0 cette technologie, il est possible d&rsquo;obtenir une deuxi\u00e8me combustion des gaz non br\u00fbl\u00e9s pendant la premi\u00e8re combustion. De cette mani\u00e8re, on obtient une haute efficacit\u00e9 et des \u00e9conomies de combustible \u00e9lev\u00e9es.<\/p>\n<p style=\"text-align: left;\">\u00c0 propos du fournisseur : La marque BRONPI est une entreprise situ\u00e9e pr\u00e8s de Cordoue en Espagne. Innovatrice et performante, cette marque s&rsquo;est sp\u00e9cialis\u00e9e dans les mod\u00e8les de po\u00eales hybrides et sans \u00e9lectricit\u00e9 afin de r\u00e9pondre \u00e0 la demande grandissante d&rsquo;autonomie, d&rsquo;\u00e9cologie et d&rsquo;\u00e9conomie des particuliers.<\/p>\n<p style=\"text-align: left;\">Mode de fonctionnement du Po\u00eale \u00e0 bois en fonte &#8211; BRONPI Etna 10 kW<\/p>\n<p style=\"text-align: left;\">Le mod\u00e8le de po\u00eale \u00e0 bois en fonte Etna fonctionne de la m\u00eame mani\u00e8re qu\u2019un po\u00eale \u00e0 bois classique ou une chemin\u00e9e.<\/p>\n<p style=\"text-align: left;\">Pourquoi choisir un po\u00eale \u00e0 bois 10 kW ?<br \/>\nAvantages d\u2019un po\u00eale \u00e0 bois 10kW<\/p>\n<p style=\"text-align: left;\">Le bois est le combustible le moins cher du march\u00e9, vous ferez des \u00e9conomies d\u00e8s les premi\u00e8res utilisations. Un po\u00eale \u00e0 bois 10 kW \u00e0 l\u2019inverse d\u2019un po\u00eale \u00e0 granul\u00e9s classique ne contient pas d\u2019\u00e9lectronique et donc ne pourra pas tomber en panne.<\/p>\n<p style=\"text-align: left;\">Capacit\u00e9 de chauffe d\u2019un po\u00eale \u00e0 bois 10kW<\/p>\n<p style=\"text-align: left;\">Un po\u00eale \u00e0 bois 10 kW vous permettra, selon votre situation g\u00e9ographique et l\u2019isolation de votre logement, de chauffer entre 55 et 155 m\u00b2. Voici quelques explications qui pourront vous aider \u00e0 d\u00e9terminer de quelle puissance vous avez besoin pour chauffer votre maison.<\/p>\n<p style=\"text-align: left;\">Rendement d\u2019un po\u00eale \u00e0 bois 10kW<\/p>\n<p style=\"text-align: left;\">Le rendement d\u2019un po\u00eale \u00e0 bois 10 kW est le rapport entre l\u2019\u00e9nergie produite et l&rsquo;\u00e9nergie qui est consomm\u00e9e. Le rendement d\u2019un po\u00eale \u00e0 bois ne pourra jamais atteindre les 100 % car la combustion du bois n\u2019est jamais compl\u00e8te. Les po\u00eales \u00e0 granul\u00e9s pas cher obtiennent de meilleurs rendements, car les pellets ont un tr\u00e8s bon pouvoir calorifique et poss\u00e8dent un taux d\u2019humidit\u00e9 tr\u00e8s bas compar\u00e9 aux b\u00fbches de bois.<\/p>\n<p style=\"text-align: left;\">Garantie : Nous vous rappelons que pour la garantie, l&rsquo;installation doit \u00eatre conforme au mode d&#8217;emploi (pr\u00e9conisation du fabricant) et doit respecter les normes en vigueur du pays, pour la France DTU 24.1 ou 24.2.<br \/>\nDe plus, comme pour tous les po\u00eales \u00e0 granul\u00e9s, les appareils sont \u00e0 r\u00e9gler en fonction du tirage naturel de l&rsquo;installation choisie.<\/p>\n<p style=\"text-align: left;\">Questions fr\u00e9quentes<br \/>\nQuelle puissance choisir ?<br \/>\nLivraison<\/p>\n<\/div>\n<\/div>\n","protected":false},"excerpt":{"rendered":"<div><\/div>\n<p id=\"product_reference\"><label>R\u00e9f\u00e9rence <\/label><br \/>\n<span class=\"editable\">ETNA<\/span><\/p>\n<p id=\"product_condition\"><label>\u00c9tat : <\/label><br \/>\n<span class=\"editable\">Neuf<\/span><\/p>\n<p id=\"product_ean13\"><label>Ean13: <\/label><br \/>\n8421994068173<\/p>\n<div id=\"short_description_block\">\n<div id=\"short_description_content\" class=\"rte align_justify\">\n<ul>\n<li>Marque BRONPI<\/li>\n<li>Fabriqu\u00e9 en Espagne<\/li>\n<li>Garantie 7 ans<\/li>\n<li>EcoDesign 2022<\/li>\n<li>Non \u00e9tanche : Zone 1<\/li>\n<\/ul>\n<p><strong><span style=\"color: #218e53;\">D\u00e9lai de disponibilit\u00e9 : 5 \u00e0 12 jours<\/span><\/strong><\/p>\n<p><span style=\"text-decoration: underline;\"><strong>LIVRAISON GRATUITE<\/strong><\/span> (Partout en Europe)<\/p>\n<p>&nbsp;<\/p>\n<\/div>\n<\/div>\n","protected":false},"featured_media":11313,"comment_status":"open","ping_status":"closed","template":"","meta":[],"product_brand":[],"product_cat":[107],"product_tag":[],"class_list":{"0":"post-11135","1":"product","2":"type-product","3":"status-publish","4":"has-post-thumbnail","6":"product_cat-poeles-bois","8":"first","9":"instock","10":"purchasable","11":"product-type-simple"},"jetpack_sharing_enabled":true,"_links":{"self":[{"href":"https:\/\/troncybois.com\/index.php?rest_route=\/wp\/v2\/product\/11135","targetHints":{"allow":["GET"]}}],"collection":[{"href":"https:\/\/troncybois.com\/index.php?rest_route=\/wp\/v2\/product"}],"about":[{"href":"https:\/\/troncybois.com\/index.php?rest_route=\/wp\/v2\/types\/product"}],"replies":[{"embeddable":true,"href":"https:\/\/troncybois.com\/index.php?rest_route=%2Fwp%2Fv2%2Fcomments&post=11135"}],"version-history":[{"count":1,"href":"https:\/\/troncybois.com\/index.php?rest_route=\/wp\/v2\/product\/11135\/revisions"}],"predecessor-version":[{"id":11321,"href":"https:\/\/troncybois.com\/index.php?rest_route=\/wp\/v2\/product\/11135\/revisions\/11321"}],"wp:featuredmedia":[{"embeddable":true,"href":"https:\/\/troncybois.com\/index.php?rest_route=\/wp\/v2\/media\/11313"}],"wp:attachment":[{"href":"https:\/\/troncybois.com\/index.php?rest_route=%2Fwp%2Fv2%2Fmedia&parent=11135"}],"wp:term":[{"taxonomy":"product_brand","embeddable":true,"href":"https:\/\/troncybois.com\/index.php?rest_route=%2Fwp%2Fv2%2Fproduct_brand&post=11135"},{"taxonomy":"product_cat","embeddable":true,"href":"https:\/\/troncybois.com\/index.php?rest_route=%2Fwp%2Fv2%2Fproduct_cat&post=11135"},{"taxonomy":"product_tag","embeddable":true,"href":"https:\/\/troncybois.com\/index.php?rest_route=%2Fwp%2Fv2%2Fproduct_tag&post=11135"}],"curies":[{"name":"wp","href":"https:\/\/api.w.org\/{rel}","templated":true}]}}