{"id":11083,"date":"2023-05-30T14:02:53","date_gmt":"2023-05-30T12:02:53","guid":{"rendered":"https:\/\/antiquewhite-gerbil-448984.hostingersite.com\/?post_type=product&#038;p=11083"},"modified":"2023-05-31T16:38:36","modified_gmt":"2023-05-31T14:38:36","slug":"poele-a-bois-dangle-avec-four-firematic-tucson-11-kw","status":"publish","type":"product","link":"https:\/\/troncybois.com\/?product=poele-a-bois-dangle-avec-four-firematic-tucson-11-kw","title":{"rendered":"Po\u00eale \u00e0 bois d&rsquo;angle avec four &#8211; FIREMATIC Tucson 11 kW"},"content":{"rendered":"<div class=\"row\" style=\"padding-top: 20px;\">\n<div class=\"col-xs-12 col-sm-12 col-md-12 col-lg-4\" style=\"text-align: center; padding: 15px 2px 25px 2px;\">\n<p style=\"text-align: left;\">Le po\u00eale \u00e0 bois d&rsquo;angle avec four Tucson vous permets de chauffer votre maison jusqu&rsquo;\u00e0 295 m3 gr\u00e2ce \u00e0 sa puissance comprise entre 10.9 et 13.3 kW. Ce po\u00eale \u00e0 bois avec four pas cher accepte des b\u00fbches pouvant atteindre 75 cm ! Le mod\u00e8le Tucson poss\u00e8de un syst\u00e8me de double combustion ce qui augmente consid\u00e9rablement son rendement.<\/p>\n<p style=\"text-align: left;\">Il poss\u00e8de un grand four \u00e0 4 \u00e9tages afin de faciliter la cuisson de tous vos plats !<\/p>\n<p style=\"text-align: left;\">La marque distributeur PoeleDiscount.com vous propose le po\u00eale \u00e0 bois avec four CH-9R, con\u00e7u par le fabricant FM CALEFACCION sous le nom commercial TUCSON.<\/p>\n<p style=\"text-align: left;\">Informations cl\u00e9s sur le Po\u00eale \u00e0 bois d&rsquo;angle avec four &#8211; FIREMATIC Tucson 11 kW<br \/>\nRev\u00eatement en acier r\u00e9sistant \u00e0 800\u00b0C<br \/>\nPorte en fonte<br \/>\nGrille du foyer en fonte<br \/>\nFoyer en vermiculite<br \/>\nFour en acier inox en brique r\u00e9fractaire<br \/>\nAir primaire r\u00e9glable<br \/>\nThermom\u00e8tre pour le four<br \/>\nSyst\u00e8me de double combustion<br \/>\nVitroc\u00e9ramique r\u00e9sistant \u00e0 750\u00b0C<br \/>\nTaille des b\u00fbches : 60 cm<br \/>\n\u00c9vacuation des fum\u00e9es : Sup\u00e9rieur<br \/>\nGrille du foyer : INCLUS<br \/>\nPlat du four : INCLUS<br \/>\nGrille du four : INCLUS<br \/>\nAccessoires compatibles avec le mod\u00e8le de Po\u00eale \u00e0 bois Tucson :<br \/>\nKit de raccordement DINAK : 200mm<br \/>\nRaccord anti-bistre : 200mm<br \/>\nCaract\u00e9ristiques techniques du Po\u00eale \u00e0 bois d&rsquo;angle avec four &#8211; FIREMATIC Tucson 11 kW<br \/>\nPuissance br\u00fbl\u00e9e : 13.3 kW<br \/>\nPuissance nominale : 10.9 kW<br \/>\nRendement : 82 %<br \/>\nPoids : 200 kg<br \/>\nVolume de chauffe : 295 m3<br \/>\nClasse \u00e9nerg\u00e9tique : A+<br \/>\nConsommation : 3 kg\/h<br \/>\nDiam\u00e8tre sortie des fum\u00e9es : 200 mm<br \/>\nDimensions : L 1240 x P 830 x H 1120 mm<br \/>\nDimensions du foyer : L 600 x P 405 x H 400 mm<br \/>\nDimensions du four : L 600 x P 435 x H 300 mm<br \/>\nSch\u00e9ma explicatif du Po\u00eale \u00e0 bois d&rsquo;angle avec four &#8211; FIREMATIC Tucson 11 kW<\/p>\n<p style=\"text-align: left;\">ECODESIGN 2022<br \/>\nCe produit r\u00e9pond aux crit\u00e8res du label EcoDesign 2022 qui \u00e9tablit les normes d&rsquo;un projet \u00e9co-compatible, ses m\u00e9thodes de calculs et d&rsquo;\u00e9valuation dans le but de r\u00e9duire les \u00e9missions dans l&rsquo;atmosph\u00e8re.<\/p>\n<p style=\"text-align: left;\">A propos du fabricant : La marque Espagnole FM CALEFACCI\u00d3N est n\u00e9e en 1966 avec un objectif clair : moderniser les syst\u00e8mes de chauffage que la soci\u00e9t\u00e9 utilisait jusqu&rsquo;\u00e0 pr\u00e9sent. A travers plus de 50 ans d&rsquo;exp\u00e9rience, le Groupe FM a su \u00e9voluer en s&rsquo;adaptant aux march\u00e9s les plus exigeants. Actuellement, le groupe FM est pr\u00e9sent sur le march\u00e9 national Espagnol et exporte tous ses produits dans 50 pays dans le monde.<\/p>\n<p style=\"text-align: left;\">\n<p style=\"text-align: left;\">\nGarantie : Nous vous rappelons que pour la garantie, l&rsquo;installation doit \u00eatre conforme au mode d&#8217;emploi (pr\u00e9conisation du fabricant) et doit respecter les normes en vigueur du pays, pour la France DTU 24.1 ou 24.2.<br \/>\nDe plus, comme pour tous les po\u00eales \u00e0 granul\u00e9s, les appareils sont \u00e0 r\u00e9gler en fonction du tirage naturel de l&rsquo;installation choisie.<\/p>\n<p style=\"text-align: left;\">Questions fr\u00e9quentes<br \/>\nQuelle puissance choisir ?<br \/>\nLivraison<\/p>\n<\/div>\n<\/div>\n","protected":false},"excerpt":{"rendered":"<div><\/div>\n<p id=\"product_reference\"><label>R\u00e9f\u00e9rence <\/label><br \/>\n<span class=\"editable\">HGFS+6569R-705C16<\/span><\/p>\n<p id=\"product_condition\"><label>\u00c9tat : <\/label><br \/>\n<span class=\"editable\">Neuf<\/span><\/p>\n<p id=\"product_ean13\"><label>Ean13: <\/label><br \/>\n8427561018220<\/p>\n<div id=\"short_description_block\">\n<div id=\"short_description_content\" class=\"rte align_justify\">\n<ul>\n<li>Marque FM CALEFACCION<\/li>\n<li>Garantie 2 ans pi\u00e8ces<\/li>\n<li>Fabriqu\u00e9 en Espagne<\/li>\n<li>Non \u00e9tanche : Zone 1<\/li>\n<li>EcoDesign 2022<\/li>\n<li>B\u00fbches de 60 maximum<\/li>\n<\/ul>\n<p><strong><span style=\"color: #218e53;\">D\u00e9lai de livraison : 5 \u00e0 12 jours (jours ouvr\u00e9s)<\/span> <\/strong><\/p>\n<p><span style=\"color: #000000;\"><strong><span style=\"text-decoration: underline;\"><strong>LIVRAISON GRATUITE<\/strong><\/span><\/strong> (Partout en Europe)<\/span><\/p>\n<p>&nbsp;<\/p>\n<\/div>\n<\/div>\n","protected":false},"featured_media":11287,"comment_status":"open","ping_status":"closed","template":"","meta":[],"product_brand":[],"product_cat":[107],"product_tag":[],"class_list":{"0":"post-11083","1":"product","2":"type-product","3":"status-publish","4":"has-post-thumbnail","6":"product_cat-poeles-bois","8":"first","9":"instock","10":"purchasable","11":"product-type-simple"},"jetpack_sharing_enabled":true,"_links":{"self":[{"href":"https:\/\/troncybois.com\/index.php?rest_route=\/wp\/v2\/product\/11083","targetHints":{"allow":["GET"]}}],"collection":[{"href":"https:\/\/troncybois.com\/index.php?rest_route=\/wp\/v2\/product"}],"about":[{"href":"https:\/\/troncybois.com\/index.php?rest_route=\/wp\/v2\/types\/product"}],"replies":[{"embeddable":true,"href":"https:\/\/troncybois.com\/index.php?rest_route=%2Fwp%2Fv2%2Fcomments&post=11083"}],"version-history":[{"count":1,"href":"https:\/\/troncybois.com\/index.php?rest_route=\/wp\/v2\/product\/11083\/revisions"}],"predecessor-version":[{"id":11291,"href":"https:\/\/troncybois.com\/index.php?rest_route=\/wp\/v2\/product\/11083\/revisions\/11291"}],"wp:featuredmedia":[{"embeddable":true,"href":"https:\/\/troncybois.com\/index.php?rest_route=\/wp\/v2\/media\/11287"}],"wp:attachment":[{"href":"https:\/\/troncybois.com\/index.php?rest_route=%2Fwp%2Fv2%2Fmedia&parent=11083"}],"wp:term":[{"taxonomy":"product_brand","embeddable":true,"href":"https:\/\/troncybois.com\/index.php?rest_route=%2Fwp%2Fv2%2Fproduct_brand&post=11083"},{"taxonomy":"product_cat","embeddable":true,"href":"https:\/\/troncybois.com\/index.php?rest_route=%2Fwp%2Fv2%2Fproduct_cat&post=11083"},{"taxonomy":"product_tag","embeddable":true,"href":"https:\/\/troncybois.com\/index.php?rest_route=%2Fwp%2Fv2%2Fproduct_tag&post=11083"}],"curies":[{"name":"wp","href":"https:\/\/api.w.org\/{rel}","templated":true}]}}