{"id":11048,"date":"2023-05-30T14:02:25","date_gmt":"2023-05-30T12:02:25","guid":{"rendered":"https:\/\/antiquewhite-gerbil-448984.hostingersite.com\/?post_type=product&#038;p=11048"},"modified":"2024-06-07T15:28:22","modified_gmt":"2024-06-07T13:28:22","slug":"cuisiniere-a-bois-avec-four-bronpi-monza-14-kw-2","status":"publish","type":"product","link":"https:\/\/troncybois.com\/?product=cuisiniere-a-bois-avec-four-bronpi-monza-14-kw-2","title":{"rendered":"Cuisini\u00e8re \u00e0 bois avec four &#8211; BRONPI Monza 14 kW"},"content":{"rendered":"<div class=\"row\" style=\"padding-top: 20px;\">\n<div class=\"col-xs-12 col-sm-12 col-md-12 col-lg-4\" style=\"text-align: center; padding: 15px 2px 25px 2px;\">\n<p style=\"text-align: left;\">La cuisini\u00e8re \u00e0 bois Monza 14 kW de la marque BRONPI est un appareil fabriqu\u00e9 en fonte et en acier. Cet appareil de chauffage vous permettra de cuisiner gr\u00e2ce \u00e0 son four et ses plaques de cuissons tout en chauffant une surface allant jusqu&rsquo;\u00e0 350 m3. Ce mod\u00e8le de cuisini\u00e8re \u00e0 bois peut accueillir des b\u00fbches allant jusqu&rsquo;\u00e0 50 cm !<\/p>\n<p style=\"text-align: left;\">Informations cl\u00e9s de la Cuisini\u00e8re \u00e0 bois avec four &#8211; BRONPI Monza 14 kW<\/p>\n<p style=\"text-align: left;\">Fabriqu\u00e9 en acier et en fonte<br \/>\nFour avec base en brique r\u00e9fractaire<br \/>\nPortes en fonte<br \/>\nFoyer en vermiculite<br \/>\nGrille du foyer en fonte<br \/>\nPlan de travail et cercles en fonte<br \/>\nVitre en vitroc\u00e9ramique<br \/>\nPlat pour le four<br \/>\nFour avec thermom\u00e8tre de 500\u00b0C<br \/>\nR\u00e9gulation de l&rsquo;air de combustion primaire et secondaire<br \/>\nPoign\u00e9es en acier inoxydable<br \/>\nTaille des b\u00fbches maximum : 50 cm<br \/>\nSortie des fum\u00e9es : Sup\u00e9rieur<br \/>\nDescription technique de la Cuisini\u00e8re \u00e0 bois avec four &#8211; BRONPI Monza 14 kW<br \/>\nPuissance : 14 kW<br \/>\nRendement : 85 %<br \/>\nConsommation : 3.9 kg\/h<br \/>\nVolume de chauffe : 350 m3<br \/>\nPoids : 145 kg<br \/>\nDiam\u00e8tre des sorties des fum\u00e9es : 150 mm<br \/>\nDimensions du foyer : L 390 x H 270 x P 360 mm<br \/>\nDimensions du four : L 390 x H 200 x P 340 mm<br \/>\nSch\u00e9ma technique de la Cuisini\u00e8re \u00e0 bois avec four &#8211; BRONPI Monza 14 kW<\/p>\n<p style=\"text-align: left;\">Cliquez sur le lien suivant pour retrouver le Manuel Utilisateur : T\u00c9L\u00c9CHARGER LE MANUEL<\/p>\n<p style=\"text-align: left;\">Les diff\u00e9rents syst\u00e8mes de la Cuisini\u00e8re \u00e0 bois avec four &#8211; BRONPI Monza 14 kW<\/p>\n<p style=\"text-align: left;\">SYSTEME VERRE PROPRE (SCL) : consiste en l\u2019entr\u00e9e d\u2019air de l\u2019ext\u00e9rieur de l\u2019appareil (air secondaire) dirig\u00e9e vers la face interne du verre, am\u00e9liorant ainsi la combustion, emp\u00eachant le verre de noircir rapidement et permettant une vision sup\u00e9rieure du feu.<\/p>\n<p style=\"text-align: left;\">SYSTEME ENVELOPPANT FOUR (SEH) : permet d&rsquo;obtenir une chaleur rapidement et efficacement gr\u00e2ce \u00e0 la trajectoire de la fum\u00e9e provenant de la chambre de combustion dirig\u00e9e sur les c\u00f4t\u00e9s et au-dessus du four, assurant ainsi un chauffage r\u00e9gulier et uniforme.<\/p>\n<p style=\"text-align: left;\">\u00c0 propos du fournisseur : La marque BRONPI est une entreprise situ\u00e9e pr\u00e8s de Cordoue en Espagne. Innovatrice et performante, cette marque s&rsquo;est sp\u00e9cialis\u00e9e dans les mod\u00e8les de po\u00eales hybrides et sans \u00e9lectricit\u00e9 afin de r\u00e9pondre \u00e0 la demande grandissante d&rsquo;autonomie, d&rsquo;\u00e9cologie et d&rsquo;\u00e9conomie des particuliers.<\/p>\n<p style=\"text-align: left;\">Vous aimez la marque BRONPI ? Retrouvez d&rsquo;autres mod\u00e8les de po\u00eales \u00e0 bois de la marque.<br \/>\nVous cherchez un autre mod\u00e8le de cuisini\u00e8re \u00e0 bois ?<br \/>\nVous cherchez une cuisini\u00e8re \u00e0 bois plus grande ? D\u00e9couvrez cet autre mod\u00e8le de cuisini\u00e8re \u00e0 bois<\/p>\n<p style=\"text-align: left;\">Garantie : Nous vous rappelons que pour la garantie, l&rsquo;installation doit \u00eatre conforme au mode d&#8217;emploi (pr\u00e9conisation du fabricant) et doit respecter les normes en vigueur du pays, pour la France DTU 24.1 ou 24.2.<br \/>\nDe plus, comme pour tous les po\u00eales \u00e0 granul\u00e9s, les appareils sont \u00e0 r\u00e9gler en fonction du tirage naturel de l&rsquo;installation choisie.<\/p>\n<p style=\"text-align: left;\">Questions fr\u00e9quentes<br \/>\nQuelle puissance choisir ?<br \/>\nLivraison<\/p>\n<\/div>\n<\/div>\n","protected":false},"excerpt":{"rendered":"<div><\/div>\n<p id=\"product_reference\"><label>R\u00e9f\u00e9rence <\/label><br \/>\n<span class=\"editable\">HVCJ5V-VBVXC5J<\/span><\/p>\n<p><span style=\"font-family: var(--global-body-font-family);\">\u00c9tat :<\/span><\/p>\n<p id=\"product_condition\"><span class=\"editable\">Neuf<\/span><\/p>\n<div id=\"short_description_block\">\n<div id=\"short_description_content\" class=\"rte align_justify\">\n<ul>\n<li>Marque BRONPI<\/li>\n<li>Fabriqu\u00e9 en Espagne<\/li>\n<li>Garantie 5 ans<\/li>\n<li>EcoDesign 2022<\/li>\n<li>Non \u00e9tanche : Zone 1<\/li>\n<li>B\u00fbches de 50 cm<\/li>\n<\/ul>\n<p><strong><span style=\"color: #218e53;\">D\u00e9lai de disponibilit\u00e9 : 3\u00a0\u00e0 4 jours<\/span><\/strong><\/p>\n<p><span style=\"text-decoration: underline;\"><strong>LIVRAISON GRATUITE<\/strong><\/span> (Partout en France )<\/p>\n<p>&nbsp;<\/p>\n<\/div>\n<\/div>\n","protected":false},"featured_media":9782,"comment_status":"open","ping_status":"closed","template":"","meta":[],"product_brand":[],"product_cat":[107],"product_tag":[],"class_list":{"0":"post-11048","1":"product","2":"type-product","3":"status-publish","4":"has-post-thumbnail","6":"product_cat-poeles-bois","8":"first","9":"instock","10":"purchasable","11":"product-type-simple"},"jetpack_sharing_enabled":true,"_links":{"self":[{"href":"https:\/\/troncybois.com\/index.php?rest_route=\/wp\/v2\/product\/11048","targetHints":{"allow":["GET"]}}],"collection":[{"href":"https:\/\/troncybois.com\/index.php?rest_route=\/wp\/v2\/product"}],"about":[{"href":"https:\/\/troncybois.com\/index.php?rest_route=\/wp\/v2\/types\/product"}],"replies":[{"embeddable":true,"href":"https:\/\/troncybois.com\/index.php?rest_route=%2Fwp%2Fv2%2Fcomments&post=11048"}],"version-history":[{"count":2,"href":"https:\/\/troncybois.com\/index.php?rest_route=\/wp\/v2\/product\/11048\/revisions"}],"predecessor-version":[{"id":14255,"href":"https:\/\/troncybois.com\/index.php?rest_route=\/wp\/v2\/product\/11048\/revisions\/14255"}],"wp:featuredmedia":[{"embeddable":true,"href":"https:\/\/troncybois.com\/index.php?rest_route=\/wp\/v2\/media\/9782"}],"wp:attachment":[{"href":"https:\/\/troncybois.com\/index.php?rest_route=%2Fwp%2Fv2%2Fmedia&parent=11048"}],"wp:term":[{"taxonomy":"product_brand","embeddable":true,"href":"https:\/\/troncybois.com\/index.php?rest_route=%2Fwp%2Fv2%2Fproduct_brand&post=11048"},{"taxonomy":"product_cat","embeddable":true,"href":"https:\/\/troncybois.com\/index.php?rest_route=%2Fwp%2Fv2%2Fproduct_cat&post=11048"},{"taxonomy":"product_tag","embeddable":true,"href":"https:\/\/troncybois.com\/index.php?rest_route=%2Fwp%2Fv2%2Fproduct_tag&post=11048"}],"curies":[{"name":"wp","href":"https:\/\/api.w.org\/{rel}","templated":true}]}}