{"id":10904,"date":"2023-05-30T14:00:13","date_gmt":"2023-05-30T12:00:13","guid":{"rendered":"https:\/\/antiquewhite-gerbil-448984.hostingersite.com\/?post_type=product&#038;p=10904"},"modified":"2023-05-31T16:38:39","modified_gmt":"2023-05-31T14:38:39","slug":"poele-a-bois-ceramique-la-nordica-emiliana-6-5-kw","status":"publish","type":"product","link":"https:\/\/troncybois.com\/?product=poele-a-bois-ceramique-la-nordica-emiliana-6-5-kw","title":{"rendered":"Po\u00eale \u00e0 bois c\u00e9ramique &#8211; LA NORDICA Emiliana 6.5 kW"},"content":{"rendered":"<div class=\"row\" style=\"padding-top: 20px;\">\n<div class=\"col-xs-12 col-sm-12 col-md-12 col-lg-4\" style=\"text-align: center; padding: 15px 2px 25px 2px;\">\n<p style=\"text-align: left;\">Le po\u00eale \u00e0 bois en c\u00e9ramique Emiliana 6.5 kW de la marque La Nordica poss\u00e8de un rev\u00eatement en c\u00e9ramique ainsi qu&rsquo;une puissance br\u00fbl\u00e9e de 7.3 kW. Il vous permettra de chauffer une surface jusqu&rsquo;\u00e0 186 m3 et accepte des b\u00fbches de 23 cm. Il s&rsquo;adaptera parfaitement a tous les espaces.<\/p>\n<p style=\"text-align: left;\">Informations cl\u00e9s sur le Po\u00eale \u00e0 bois &#8211; LA NORDICA Emiliana 6.5 kW<br \/>\nFoyer en fonte<br \/>\nRev\u00eatement ext\u00e9rieur en fa\u00efence<br \/>\nPorte, ch\u00e2ssis et t\u00eate en fonte \u00e9maill\u00e9e<br \/>\nTiroir des cendres amovible<br \/>\nVitre c\u00e9ramique r\u00e9sistante \u00e0 750\u00b0<br \/>\nTaille des b\u00fbches : 23 cm<br \/>\nRaccord arriv\u00e9e d\u2019air externe : (OPTION)<br \/>\nCaract\u00e9ristiques techniques du Po\u00eale \u00e0 bois &#8211; LA NORDICA Emiliana 6.5 kW<br \/>\nTechnologie RDT (Portes r\u00e9sistantes \u00e9tanches)<br \/>\nTechnologie CGC (vitre propre)<br \/>\nSyst\u00e8me de post-combustion (basses \u00e9missions)<br \/>\nTechnologie ASC (prise d&rsquo;air externe)<br \/>\nPuissance br\u00fbl\u00e9e : 7.3 kW<br \/>\nPuissance nominale : 6.5 kW<br \/>\nVolume de chauffe : 186 m3<br \/>\nRendement : 88.7 %<br \/>\nDimensions : L 453 x H 950 x P 490 mm<br \/>\nDimensions du foyer : L 273 x H 330 x P 320 mm<br \/>\nPoids : 140 kg<br \/>\nConsommation : 1.7 kg\/h<br \/>\nClasse efficacit\u00e9 \u00e9nerg\u00e9tique : A +<br \/>\nDiam\u00e8tre sortie de fum\u00e9es : 120 mm<br \/>\nDiam\u00e8tre arriv\u00e9e d\u2019air : 100 mm<br \/>\nSch\u00e9ma explicatif du Po\u00eale \u00e0 bois &#8211; LA NORDICA Emiliana 6.5 kW<\/p>\n<p style=\"text-align: left;\">Les syst\u00e8mes technologiques du po\u00eale \u00e0 bois &#8211; LA NORDICA Emiliana 6.5 kW<\/p>\n<p style=\"text-align: left;\">Post Combustion System<br \/>\nLe syst\u00e8me de combustion d\u00e9velopp\u00e9 par La Nordica-Extraflame permet, gr\u00e2ce \u00e0 un syst\u00e8me d\u2019air secondaire\/tertiaire, une postcombustion en mesure de r\u00e9duire drastiquement les \u00e9missions et donc de respecter les norme europ\u00e9ennes les plus s\u00e9v\u00e8res.<\/p>\n<p style=\"text-align: left;\">Resistant Door at the Time<br \/>\nLes portes des produits, r\u00e9alis\u00e9es en fonte de qualit\u00e9 \u00e9lev\u00e9e, sont inalt\u00e9rables dans le temps et garantissent une \u00e9tanch\u00e9it\u00e9 constante.<\/p>\n<p style=\"text-align: left;\">ASC (Prise d&rsquo;air Direct Externe)<br \/>\nSyst\u00e8me qui prend l\u2019air de l\u2019ext\u00e9rieur, le pr\u00e9chauffe pour l\u2019introduire dans l\u2019air ambiant. L\u2019air est ensuite pr\u00e9lev\u00e9 par l\u2019appareil pour la combustion.<\/p>\n<p style=\"text-align: left;\">Clean Glass Control<br \/>\nCe syst\u00e8me qui gr\u00e2ce \u00e0 un parcours sp\u00e9cifique d&rsquo;air pr\u00e9chauff\u00e9 \u00e9vite efficacement l&rsquo;encrassement de la vitre du foyer, son entretien est ainsi facilit\u00e9.<\/p>\n<p style=\"text-align: left;\">A propos du fabricant : En grande innovation constante sur ses produits la marque Nordica est distribu\u00e9 dans 50 pays du monde. Depuis 1968, elle propose une large gamme de produits de qualit\u00e9 made in Italy.<\/p>\n<p style=\"text-align: left;\">Garantie : Nous vous rappelons que pour la garantie, l&rsquo;installation doit \u00eatre conforme au mode d&#8217;emploi (pr\u00e9conisation du fabricant) et doit respecter les normes en vigueur du pays, pour la France DTU 24.1 ou 24.2.<br \/>\nDe plus, comme pour tous les po\u00eales \u00e0 granul\u00e9s, les appareils sont \u00e0 r\u00e9gler en fonction du tirage naturel de l&rsquo;installation choisie.<\/p>\n<p style=\"text-align: left;\">Les r\u00e9glages et la mise en service de ce produit doivent \u00eatre effectu\u00e9s par un professionnel agr\u00e9\u00e9 CAT La Nordica-Extraflame, le listing se trouve ici : https:\/\/www.lanordica-extraflame.com\/fr\/cat\/services-apres-vente.<br \/>\nPensez \u00e0 v\u00e9rifier la disponibilit\u00e9 d&rsquo;un professionnel pr\u00e8s de chez vous.<\/p>\n<p style=\"text-align: left;\">Questions fr\u00e9quentes<br \/>\nQuelle puissance choisir ?<br \/>\nLivraison<\/p>\n<\/div>\n<\/div>\n","protected":false},"excerpt":{"rendered":"<div><\/div>\n<p id=\"product_reference\"><label>R\u00e9f\u00e9rence <\/label><br \/>\n<span class=\"editable\">71145FS4GFUHGF-HG<\/span><\/p>\n<p id=\"product_condition\"><label>\u00c9tat : <\/label><br \/>\n<span class=\"editable\">Neuf<\/span><\/p>\n<p id=\"product_ean13\"><label>Ean13: <\/label><br \/>\n8022724481134<\/p>\n<div id=\"short_description_block\">\n<div id=\"short_description_content\" class=\"rte align_justify\">\n<ul>\n<li>Marque NORDICA<\/li>\n<li>Garantie 2 ans pi\u00e8ces<\/li>\n<li>Fabriqu\u00e9 en Italie<\/li>\n<li>Flamme Verte 7*<\/li>\n<li>EcoDesign 2022<\/li>\n<\/ul>\n<p><strong><span style=\"color: #218e53;\">D\u00e9lai de disponibilit\u00e9 : 5 \u00e0 12 jours<\/span><\/strong><\/p>\n<p><span style=\"text-decoration: underline;\"><strong>LIVRAISON GRATUITE<\/strong><\/span> (Partout en Europe)<\/p>\n<p id=\"availability_date\" style=\"display: none;\"><span id=\"availability_label\" style=\"color: #d0121a; font-weight: bold; text-transform: uppercase;\"><u>Disponible le<\/u>\u00a0:<\/span><\/p>\n<p>&nbsp;<\/p>\n<\/div>\n<\/div>\n","protected":false},"featured_media":11139,"comment_status":"open","ping_status":"closed","template":"","meta":[],"product_brand":[],"product_cat":[112,107],"product_tag":[],"class_list":{"0":"post-10904","1":"product","2":"type-product","3":"status-publish","4":"has-post-thumbnail","6":"product_cat-poeles-a-bois-ceramique","7":"product_cat-poeles-bois","9":"first","10":"instock","11":"purchasable","12":"product-type-simple"},"jetpack_sharing_enabled":true,"_links":{"self":[{"href":"https:\/\/troncybois.com\/index.php?rest_route=\/wp\/v2\/product\/10904","targetHints":{"allow":["GET"]}}],"collection":[{"href":"https:\/\/troncybois.com\/index.php?rest_route=\/wp\/v2\/product"}],"about":[{"href":"https:\/\/troncybois.com\/index.php?rest_route=\/wp\/v2\/types\/product"}],"replies":[{"embeddable":true,"href":"https:\/\/troncybois.com\/index.php?rest_route=%2Fwp%2Fv2%2Fcomments&post=10904"}],"version-history":[{"count":1,"href":"https:\/\/troncybois.com\/index.php?rest_route=\/wp\/v2\/product\/10904\/revisions"}],"predecessor-version":[{"id":11141,"href":"https:\/\/troncybois.com\/index.php?rest_route=\/wp\/v2\/product\/10904\/revisions\/11141"}],"wp:featuredmedia":[{"embeddable":true,"href":"https:\/\/troncybois.com\/index.php?rest_route=\/wp\/v2\/media\/11139"}],"wp:attachment":[{"href":"https:\/\/troncybois.com\/index.php?rest_route=%2Fwp%2Fv2%2Fmedia&parent=10904"}],"wp:term":[{"taxonomy":"product_brand","embeddable":true,"href":"https:\/\/troncybois.com\/index.php?rest_route=%2Fwp%2Fv2%2Fproduct_brand&post=10904"},{"taxonomy":"product_cat","embeddable":true,"href":"https:\/\/troncybois.com\/index.php?rest_route=%2Fwp%2Fv2%2Fproduct_cat&post=10904"},{"taxonomy":"product_tag","embeddable":true,"href":"https:\/\/troncybois.com\/index.php?rest_route=%2Fwp%2Fv2%2Fproduct_tag&post=10904"}],"curies":[{"name":"wp","href":"https:\/\/api.w.org\/{rel}","templated":true}]}}