{"id":10872,"date":"2023-05-30T13:59:39","date_gmt":"2023-05-30T11:59:39","guid":{"rendered":"https:\/\/antiquewhite-gerbil-448984.hostingersite.com\/?post_type=product&#038;p=10872"},"modified":"2023-05-31T16:38:39","modified_gmt":"2023-05-31T14:38:39","slug":"poele-a-bois-etanche-evacalor-patty-8-kw","status":"publish","type":"product","link":"https:\/\/troncybois.com\/?product=poele-a-bois-etanche-evacalor-patty-8-kw","title":{"rendered":"Po\u00eale a bois \u00e9tanche &#8211; EVACALOR Patty 8 kW"},"content":{"rendered":"<div class=\"row\" style=\"padding-top: 20px;\">\n<div class=\"col-xs-12 col-sm-12 col-md-12 col-lg-4\" style=\"text-align: center; padding: 15px 2px 25px 2px;\">\n<p>Le mod\u00e8le de po\u00eale \u00e0 bois \u00e9tanche Patty 8 kW de la marque Evacalor \u00e0 la particularit\u00e9 d&rsquo;\u00eatre \u00e9quip\u00e9 d&rsquo;un syst\u00e8me de triple combustion ce qui permets un rendement optimal de l&rsquo;appareil.<\/p>\n<p>Informations cl\u00e9s du Po\u00eale \u00e0 bois \u00e9tanche &#8211; EVACALOR Patty 8 kW<\/p>\n<p>Porte en fonte<br \/>\nFoyer en vermiculite<br \/>\nTiroir des cendres amovible<br \/>\nTriple combustion r\u00e9glable<br \/>\nR\u00e9glage de l\u2019air de combustion<br \/>\nTaille des b\u00fbches : 25 cm<br \/>\n\u00c9vacuation des fum\u00e9es : Sup\u00e9rieur \/ Arri\u00e8re<br \/>\nDescription technique du Po\u00eale \u00e0 bois \u00e9tanche &#8211; EVACALOR Patty 8 kW<br \/>\nPuissance brul\u00e9e : 8.1 kW<br \/>\nPuissance nominale : 7 kW<br \/>\nRendement : 86 %<br \/>\nConsommation : 1.9 kg\/h<br \/>\nVolume de chauffe : de 120 \u00e0 180 m3<br \/>\nDistances des surfaces inflammables : c\u00f4t\u00e9s et arri\u00e8re 40cm \/ avant 150cm<br \/>\nPoids : 133 kg<br \/>\nTirage : 12 Pa<br \/>\nDimensions : L 492 x P 428 x H 1111 mm<br \/>\nDimensions du foyer : L 300 x P 280 x H 490 mm<br \/>\n\u00c9vacuation des fum\u00e9es: 150 mm<br \/>\nClasse \u00e9nerg\u00e9tique : A +<br \/>\nSch\u00e9ma technique du Po\u00eale \u00e0 bois \u00e9tanche &#8211; EVACALOR Patty 8 kW<\/p>\n<p>Les diff\u00e9rents syst\u00e8mes du Po\u00eale \u00e0 bois \u00e9tanche &#8211; EVA CALOR Patty 8 kW<\/p>\n<p>SYSTEME TRIPLE COMBUSTION : Le processus mis au point par Eva Cal\u00f2r permet d\u2019exploiter au maximum le pouvoir calorique du bois en r\u00e9duisant au maximum les \u00e9missions de C02. Gr\u00e2ce \u00e0 un parcours forc\u00e9, les gaz non br\u00fbl\u00e9s lors des pr\u00e9c\u00e9dentes combustions sont r\u00e9introduits dans la chambre de combustion afin d&rsquo;optimiser le rendement de l&rsquo;appareil. Ce syst\u00e8me permets \u00e9galement de r\u00e9duire les \u00e9missions de C02 dans l\u2019atmosph\u00e8re.<\/p>\n<p>SHS : Le symbole SHS identifie les po\u00eales dot\u00e9s d&rsquo;un syst\u00e8me de combustion herm\u00e9tique. Avec ce syst\u00e8me, l&rsquo;air n\u00e9cessaire \u00e0 la combustion n\u2019est pas pr\u00e9lev\u00e9 dans la pi\u00e8ce o\u00f9 est install\u00e9 le po\u00eale. Cette fonction non seulement offre de meilleures performances et optimise la diffusion de la chaleur, mais renforce \u00e9galement la s\u00e9curit\u00e9 d&rsquo;utilisation du po\u00eale.<\/p>\n<p>\u00c0 propos du fournisseur : La marque EvaCalor est une entreprise italienne sp\u00e9cialis\u00e9e dans la confection de produit de chauffe. Elle propose une large gamme de po\u00eales \u00e0 bois, inserts \u00e0 granul\u00e9s, chaudi\u00e8res. \u00c9cologiquement responsable Eva Calor fait subir tout un tas de test et de contr\u00f4les \u00e0 ses produits afin de garantir la fiabilit\u00e9 et la s\u00e9curit\u00e9.<\/p>\n<p>&nbsp;<\/p>\n<p>Garantie : Nous vous rappelons que pour la garantie, l&rsquo;installation doit \u00eatre conforme au mode d&#8217;emploi (pr\u00e9conisation du fabricant) et doit respecter les normes en vigueur du pays, pour la France DTU 24.1 ou 24.2.<br \/>\nDe plus, comme pour tous les po\u00eales \u00e0 granul\u00e9s, les appareils sont \u00e0 r\u00e9gler en fonction du tirage naturel de l&rsquo;installation choisie.<\/p>\n<p>Questions fr\u00e9quentes<br \/>\nQuelle puissance choisir ?<br \/>\nLivraison<\/p>\n<\/div>\n<\/div>\n","protected":false},"excerpt":{"rendered":"<div><\/div>\n<p id=\"product_reference\"><label>R\u00e9f\u00e9rence <\/label><br \/>\n<span class=\"editable\">90164-GD+TGD<\/span><\/p>\n<p id=\"product_condition\"><label>\u00c9tat : <\/label><br \/>\n<span class=\"editable\">Neuf<\/span><\/p>\n<p id=\"product_ean13\"><label>Ean13: <\/label><br \/>\n8029728008923<\/p>\n<div id=\"short_description_block\">\n<div id=\"short_description_content\" class=\"rte align_justify\">\n<ul>\n<li>Marque EVA CALOR<\/li>\n<li>Fabriqu\u00e9 en Italie<\/li>\n<li>Garantie 2 ans pi\u00e8ces<\/li>\n<li>\u00c9tanche : Zone 1<\/li>\n<li>EcoDesign 2022<\/li>\n<li>B\u00fbches de 25 cm<\/li>\n<\/ul>\n<div id=\"short_description_content\" class=\"rte align_justify\">\n<p><strong><span style=\"color: #218e53;\">D\u00e9lai de disponibilit\u00e9 : 5 \u00e0 12 jours<\/span><\/strong><\/p>\n<p><span style=\"text-decoration: underline;\"><strong>LIVRAISON GRATUITE<\/strong><\/span> (Partout en Europe)<\/p>\n<\/div>\n<\/div>\n<\/div>\n","protected":false},"featured_media":10282,"comment_status":"open","ping_status":"closed","template":"","meta":[],"product_brand":[],"product_cat":[111,107],"product_tag":[],"class_list":{"0":"post-10872","1":"product","2":"type-product","3":"status-publish","4":"has-post-thumbnail","6":"product_cat-poeles-a-bois","7":"product_cat-poeles-bois","9":"first","10":"instock","11":"purchasable","12":"product-type-simple"},"jetpack_sharing_enabled":true,"_links":{"self":[{"href":"https:\/\/troncybois.com\/index.php?rest_route=\/wp\/v2\/product\/10872","targetHints":{"allow":["GET"]}}],"collection":[{"href":"https:\/\/troncybois.com\/index.php?rest_route=\/wp\/v2\/product"}],"about":[{"href":"https:\/\/troncybois.com\/index.php?rest_route=\/wp\/v2\/types\/product"}],"replies":[{"embeddable":true,"href":"https:\/\/troncybois.com\/index.php?rest_route=%2Fwp%2Fv2%2Fcomments&post=10872"}],"version-history":[{"count":1,"href":"https:\/\/troncybois.com\/index.php?rest_route=\/wp\/v2\/product\/10872\/revisions"}],"predecessor-version":[{"id":11124,"href":"https:\/\/troncybois.com\/index.php?rest_route=\/wp\/v2\/product\/10872\/revisions\/11124"}],"wp:featuredmedia":[{"embeddable":true,"href":"https:\/\/troncybois.com\/index.php?rest_route=\/wp\/v2\/media\/10282"}],"wp:attachment":[{"href":"https:\/\/troncybois.com\/index.php?rest_route=%2Fwp%2Fv2%2Fmedia&parent=10872"}],"wp:term":[{"taxonomy":"product_brand","embeddable":true,"href":"https:\/\/troncybois.com\/index.php?rest_route=%2Fwp%2Fv2%2Fproduct_brand&post=10872"},{"taxonomy":"product_cat","embeddable":true,"href":"https:\/\/troncybois.com\/index.php?rest_route=%2Fwp%2Fv2%2Fproduct_cat&post=10872"},{"taxonomy":"product_tag","embeddable":true,"href":"https:\/\/troncybois.com\/index.php?rest_route=%2Fwp%2Fv2%2Fproduct_tag&post=10872"}],"curies":[{"name":"wp","href":"https:\/\/api.w.org\/{rel}","templated":true}]}}