{"id":10871,"date":"2023-05-30T13:59:39","date_gmt":"2023-05-30T11:59:39","guid":{"rendered":"https:\/\/antiquewhite-gerbil-448984.hostingersite.com\/?post_type=product&#038;p=10871"},"modified":"2023-05-31T16:38:39","modified_gmt":"2023-05-31T14:38:39","slug":"poele-a-bois-en-fonte-bronpi-preston-14-kw","status":"publish","type":"product","link":"https:\/\/troncybois.com\/?product=poele-a-bois-en-fonte-bronpi-preston-14-kw","title":{"rendered":"Po\u00eale \u00e0 bois en fonte &#8211; BRONPI Preston 14 kW"},"content":{"rendered":"<div class=\"row\" style=\"padding-top: 20px;\">\n<div class=\"col-xs-12 col-sm-12 col-md-12 col-lg-4\" style=\"text-align: center; padding: 15px 2px 25px 2px;\">\n<p style=\"text-align: left;\">Le mod\u00e8le de po\u00eale \u00e0 bois en fonte Preston 14 kW de la marque BRONPI est un appareil fabriqu\u00e9 enti\u00e8rement en fonte qui vous permettra de chauffer votre maison jusqu&rsquo;\u00e0 357 m3 tout en pouvant accueillir des b\u00fbches allant jusqu&rsquo;\u00e0 60 cm !<\/p>\n<p style=\"text-align: left;\">Informations cl\u00e9s du Po\u00eale \u00e0 bois en fonte &#8211; BRONPI Preston 14 kW<br \/>\nInt\u00e9rieur en fonte<br \/>\nFabriqu\u00e9 en fonte<br \/>\nVitre en vitroc\u00e9ramique<br \/>\nTaille des b\u00fbches : 60 cm<br \/>\nSortie des fum\u00e9es : Sup\u00e9rieur ou Arri\u00e8re<br \/>\nDescription technique du Po\u00eale \u00e0 bois en fonte &#8211; BRONPI Preston 14 kW<br \/>\nSyst\u00e8me Verre Propre (SCL)<br \/>\nSyst\u00e8me de Double Combustion (SDC)<br \/>\nVolume de chauffe : 357 m3<br \/>\nRendement : 75 %<br \/>\nPuissance : 14.3 kW<br \/>\nConsommation : 4.3 kg\/h<br \/>\nPoids : 180 kg<br \/>\nClasse \u00e9nerg\u00e9tique : A<br \/>\nDiam\u00e8tre des sorties des fum\u00e9es : 150 mm<br \/>\nDimensions du foyer : L 550 x H 367 x P 360 mm<br \/>\nSch\u00e9ma technique du Po\u00eale \u00e0 bois en fonte &#8211; BRONPI Preston 14 kW<\/p>\n<p style=\"text-align: left;\">Cliquez sur le lien suivant pour retrouver le Manuel Utilisateur : T\u00c9L\u00c9CHARGER LE MANUEL<\/p>\n<p style=\"text-align: left;\">SYSTEME VERRE PROPRE (SCL) : consiste en l\u2019entr\u00e9e d\u2019air de l\u2019ext\u00e9rieur de l\u2019appareil (air secondaire) dirig\u00e9e vers la face interne du verre, am\u00e9liorant ainsi la combustion, emp\u00eachant le verre de noircir rapidement et permettant une vision sup\u00e9rieure du feu.<\/p>\n<p style=\"text-align: left;\">SYSTEME DOUBLE COMBUSTION (SDC) : Gr\u00e2ce \u00e0 cette technologie, il est possible d&rsquo;obtenir une deuxi\u00e8me combustion des gaz non br\u00fbl\u00e9s pendant la premi\u00e8re combustion. De cette mani\u00e8re, on obtient une haute efficacit\u00e9 et des \u00e9conomies de combustible \u00e9lev\u00e9es.<\/p>\n<p style=\"text-align: left;\">\u00c0 propos du fournisseur : La marque BRONPI est une entreprise situ\u00e9e pr\u00e8s de Cordoue en Espagne. Innovatrice et performante, cette marque s&rsquo;est sp\u00e9cialis\u00e9e dans les mod\u00e8les de po\u00eales hybrides et sans \u00e9lectricit\u00e9 afin de r\u00e9pondre \u00e0 la demande grandissante d&rsquo;autonomie, d&rsquo;\u00e9cologie et d&rsquo;\u00e9conomie des particuliers.<\/p>\n<p style=\"text-align: left;\">Vous aimez la marque BRONPI ? Retrouvez d&rsquo;autres mod\u00e8les de po\u00eales \u00e0 bois de la marque.<br \/>\nD\u00e9couvrez nos autres mod\u00e8les de po\u00eales \u00e0 bois en fonte<br \/>\nPoeleDiscount.com vous propose une large gamme de po\u00eales \u00e0 bois pas cher<\/p>\n<p style=\"text-align: left;\">Garantie : Nous vous rappelons que pour la garantie, l&rsquo;installation doit \u00eatre conforme au mode d&#8217;emploi (pr\u00e9conisation du fabricant) et doit respecter les normes en vigueur du pays, pour la France DTU 24.1 ou 24.2.<br \/>\nDe plus, comme pour tous les po\u00eales \u00e0 granul\u00e9s, les appareils sont \u00e0 r\u00e9gler en fonction du tirage naturel de l&rsquo;installation choisie.<\/p>\n<p style=\"text-align: left;\">Questions fr\u00e9quentes<br \/>\nQuelle puissance choisir ?<br \/>\nLivraison<\/p>\n<\/div>\n<\/div>\n","protected":false},"excerpt":{"rendered":"<div><\/div>\n<p id=\"product_reference\"><label>R\u00e9f\u00e9rence <\/label><br \/>\n<span class=\"editable\">JHJFG5-JHJDF<\/span><\/p>\n<p>&nbsp;<\/p>\n<p id=\"product_condition\"><label>\u00c9tat : <\/label><br \/>\n<span class=\"editable\">Neuf<\/span><\/p>\n<p id=\"product_ean13\"><label>Ean13: <\/label><br \/>\n8421994110513<\/p>\n<div id=\"short_description_block\">\n<div id=\"short_description_content\" class=\"rte align_justify\">\n<ul>\n<li>Marque BRONPI<\/li>\n<li>Fabriqu\u00e9 en Espagne<\/li>\n<li>Garantie 7 ans<\/li>\n<li>EcoDesign 2022<\/li>\n<li>Flamme Verte<\/li>\n<li>Non \u00e9tanche : Zone 1<\/li>\n<\/ul>\n<p><strong><span style=\"color: #218e53;\">D\u00e9lai de disponibilit\u00e9 : 5 \u00e0 12 jours<\/span><\/strong><\/p>\n<p><span style=\"text-decoration: underline;\"><strong>LIVRAISON GRATUITE<\/strong><\/span> (Partout en Europe)<\/p>\n<p id=\"availability_date\" style=\"display: none;\"><span id=\"availability_label\" style=\"color: #d0121a; font-weight: bold; text-transform: uppercase;\"><u>Disponible le<\/u>\u00a0:<\/span><\/p>\n<\/div>\n<\/div>\n","protected":false},"featured_media":11118,"comment_status":"open","ping_status":"closed","template":"","meta":[],"product_brand":[],"product_cat":[108,107],"product_tag":[],"class_list":{"0":"post-10871","1":"product","2":"type-product","3":"status-publish","4":"has-post-thumbnail","6":"product_cat-poeles-a-bois-en-fonte","7":"product_cat-poeles-bois","9":"first","10":"instock","11":"purchasable","12":"product-type-simple"},"jetpack_sharing_enabled":true,"_links":{"self":[{"href":"https:\/\/troncybois.com\/index.php?rest_route=\/wp\/v2\/product\/10871","targetHints":{"allow":["GET"]}}],"collection":[{"href":"https:\/\/troncybois.com\/index.php?rest_route=\/wp\/v2\/product"}],"about":[{"href":"https:\/\/troncybois.com\/index.php?rest_route=\/wp\/v2\/types\/product"}],"replies":[{"embeddable":true,"href":"https:\/\/troncybois.com\/index.php?rest_route=%2Fwp%2Fv2%2Fcomments&post=10871"}],"version-history":[{"count":1,"href":"https:\/\/troncybois.com\/index.php?rest_route=\/wp\/v2\/product\/10871\/revisions"}],"predecessor-version":[{"id":11123,"href":"https:\/\/troncybois.com\/index.php?rest_route=\/wp\/v2\/product\/10871\/revisions\/11123"}],"wp:featuredmedia":[{"embeddable":true,"href":"https:\/\/troncybois.com\/index.php?rest_route=\/wp\/v2\/media\/11118"}],"wp:attachment":[{"href":"https:\/\/troncybois.com\/index.php?rest_route=%2Fwp%2Fv2%2Fmedia&parent=10871"}],"wp:term":[{"taxonomy":"product_brand","embeddable":true,"href":"https:\/\/troncybois.com\/index.php?rest_route=%2Fwp%2Fv2%2Fproduct_brand&post=10871"},{"taxonomy":"product_cat","embeddable":true,"href":"https:\/\/troncybois.com\/index.php?rest_route=%2Fwp%2Fv2%2Fproduct_cat&post=10871"},{"taxonomy":"product_tag","embeddable":true,"href":"https:\/\/troncybois.com\/index.php?rest_route=%2Fwp%2Fv2%2Fproduct_tag&post=10871"}],"curies":[{"name":"wp","href":"https:\/\/api.w.org\/{rel}","templated":true}]}}