{"id":10844,"date":"2023-05-30T13:59:08","date_gmt":"2023-05-30T11:59:08","guid":{"rendered":"https:\/\/antiquewhite-gerbil-448984.hostingersite.com\/?post_type=product&#038;p=10844"},"modified":"2023-05-31T16:38:40","modified_gmt":"2023-05-31T14:38:40","slug":"poele-a-bois-en-fonte-la-nordica-tahiti-9-kw","status":"publish","type":"product","link":"https:\/\/troncybois.com\/?product=poele-a-bois-en-fonte-la-nordica-tahiti-9-kw","title":{"rendered":"Po\u00eale \u00e0 bois en fonte &#8211; LA NORDICA Tahiti 9 kW"},"content":{"rendered":"<div class=\"row\" style=\"padding-top: 20px;\">\n<div class=\"col-xs-12 col-sm-12 col-md-12 col-lg-4\" style=\"text-align: center; padding: 15px 2px 25px 2px;\">\n<p style=\"text-align: left;\">Le po\u00eale \u00e0 bois en fonte Tahiti 9 kW de la marque La Nordica \u00e0 prix discount poss\u00e8de un excellent rendement de 81.5 %. Un po\u00eale \u00e0 bois permet de r\u00e9chauffer une maison en utilisant un combustible naturelle : le bois. Les fum\u00e9es s\u2019\u00e9chappent du foyer gr\u00e2ce au tirage naturelle. Plus le po\u00eale \u00e0 bois monte en temp\u00e9rature plus le tirage est am\u00e9lior\u00e9 et ainsi la combustion parfaite. Cette solution de chauffage est \u00e0 la fois \u00e9cologique et \u00e9conomique qu\u2019esth\u00e9tique. En effet le po\u00eale \u00e0 bois s\u2019adapte \u00e0 tout type d\u2019int\u00e9rieur.<\/p>\n<p style=\"text-align: left;\">Informations cl\u00e9s sur le Po\u00eale \u00e0 bois en fonte &#8211; LA NORDICA Tahiti 9 kW<br \/>\nRev\u00eatement ext\u00e9rieur en fonte \u00e9maill\u00e9e<br \/>\nFoyer en fonte et Nordiker<br \/>\nAir primaire et secondaire r\u00e9glable<br \/>\nPorte de chargement frontale et lat\u00e9rale<br \/>\nVitre vitroc\u00e9ramique<br \/>\nRange-b\u00fbches<br \/>\nRaccord pour une prise d&rsquo;air externe directement sur l&rsquo;appareil<br \/>\nTaille des b\u00fbches : 50 cm<br \/>\n\u00c9vacuation des fum\u00e9es : Sup\u00e9rieur<br \/>\nCaract\u00e9ristiques techniques du Po\u00eale \u00e0 bois en fonte &#8211; LA NORDICA Tahiti 9 kW<br \/>\nPuissance brul\u00e9e : 9.4 kW<br \/>\nPuissance nominale : 7.7 kW<br \/>\nRendement : 81.8 %<br \/>\nConsommation : 2.2 kg\/h<br \/>\nVolume de chauffe : 220 m3<br \/>\nDimensions : L 746 x H 894 x P 483 mm<br \/>\nPoids : 150 kg<br \/>\nDiam\u00e8tre sortie de fum\u00e9es : 150 mm<br \/>\nDiam\u00e8tre prise d&rsquo;air : 100 mm<br \/>\nClasse \u00e9nerg\u00e9tique : A+<br \/>\nSch\u00e9ma technique du Po\u00eale \u00e0 bois en fonte &#8211; LA NORDICA Tahiti 9 kW<\/p>\n<p style=\"text-align: left;\">Cliquez sur le lien suivant pour retrouver le Manuel Utilisateur : T\u00c9L\u00c9CHARGER LE MANUEL<\/p>\n<p style=\"text-align: left;\">Les diff\u00e9rents syst\u00e8mes du Po\u00eale \u00e0 bois en fonte &#8211; LA NORDICA Tahiti 9 kW<\/p>\n<p style=\"text-align: left;\">Post Combustion System : Le syst\u00e8me de combustion d\u00e9velopp\u00e9 par La Nordica-Extraflame permet, gr\u00e2ce \u00e0 un syst\u00e8me d\u2019air secondaire\/tertiaire, une postcombustion en mesure de r\u00e9duire drastiquement les \u00e9missions et donc de respecter les normes europ\u00e9ennes les plus s\u00e9v\u00e8res.<\/p>\n<p style=\"text-align: left;\">RDT (Resistant Door at the Time) : Les portes des produits, r\u00e9alis\u00e9es en fonte de qualit\u00e9 \u00e9lev\u00e9e, sont inalt\u00e9rables dans le temps et garantissent une \u00e9tanch\u00e9it\u00e9 constante.<\/p>\n<p style=\"text-align: left;\">NORDIKER : Pour la r\u00e9alisation des parties r\u00e9fractaires, la marque La Nordica a brevet\u00e9 ce mat\u00e9riau ultra r\u00e9sistant pouvant r\u00e9sister \u00e0 des temp\u00e9ratures de combustion tr\u00e8s \u00e9lev\u00e9s. La couleur claire du mat\u00e9riau intensifie la luminosit\u00e9 de la flamme et offre une simplicit\u00e9 d&rsquo;entretien.<\/p>\n<p style=\"text-align: left;\">BBC (Prise d&rsquo;air Direct Externe) : Ce syst\u00e8me pr\u00e9l\u00e8ve l&rsquo;air frais de l&rsquo;ext\u00e9rieur pour la combustion en l&rsquo;introduisant directement dans la chambre de combustion. (Ceci n&rsquo;est pas une chambre \u00e9tanche)<\/p>\n<p style=\"text-align: left;\">Clean Glass Control : Ce syst\u00e8me qui gr\u00e2ce \u00e0 un parcours sp\u00e9cifique d&rsquo;air pr\u00e9chauff\u00e9 \u00e9vite efficacement l&rsquo;encrassement de la vitre du foyer, son entretien est ainsi facilit\u00e9.<\/p>\n<p style=\"text-align: left;\">A propos du fabricant : La Nordica est une marque italienne qui propose depuis 1968 toute sorte d\u2019appareil de chauffe de grande qualit\u00e9. Sp\u00e9cialis\u00e9e dans la conception de produit \u00e0 bois, La Nordica est une marque r\u00e9put\u00e9e et en constante \u00e9volution. Ses produits sont performants avec de tr\u00e8s bon rendement. Profond\u00e9ment engag\u00e9 dans l\u2019\u00e9cologie, leurs syst\u00e8mes et technologies permettent de r\u00e9duire les \u00e9missions de CO2.<\/p>\n<p style=\"text-align: left;\">Retrouvez ici nos po\u00eales \u00e0 bois<br \/>\nVous appr\u00e9ciez les produits de la marque La Nordica ? D\u00e9couvrez les mod\u00e8les de la marque La Nordica<br \/>\nPoelediscount.com le leader des po\u00eales \u00e0 granul\u00e9s pas chers<\/p>\n<p style=\"text-align: left;\">Garantie : Nous vous rappelons que pour la garantie, l&rsquo;installation doit \u00eatre conforme au mode d&#8217;emploi (pr\u00e9conisation du fabricant) et doit respecter les normes en vigueur du pays, pour la France DTU 24.1 ou 24.2.<br \/>\nDe plus, comme pour tous les po\u00eales \u00e0 granul\u00e9s, les appareils sont \u00e0 r\u00e9gler en fonction du tirage naturel de l&rsquo;installation choisie.<\/p>\n<p style=\"text-align: left;\">Les r\u00e9glages et la mise en service de ce produit doivent \u00eatre effectu\u00e9s par un professionnel agr\u00e9\u00e9 CAT La Nordica-Extraflame, le listing se trouve ici : https:\/\/www.lanordica-extraflame.com\/fr\/cat\/services-apres-vente.<br \/>\nPensez \u00e0 v\u00e9rifier la disponibilit\u00e9 d&rsquo;un professionnel pr\u00e8s de chez vous.<\/p>\n<p style=\"text-align: left;\">Questions fr\u00e9quentes<br \/>\nQuelle puissance choisir ?<br \/>\nLivraison<\/p>\n<\/div>\n<\/div>\n","protected":false},"excerpt":{"rendered":"<div><\/div>\n<p id=\"product_reference\"><label>R\u00e9f\u00e9rence <\/label><br \/>\n<span class=\"editable\">711HGGX65FXHB-KJ<\/span><\/p>\n<p id=\"product_condition\"><label>\u00c9tat : <\/label><br \/>\n<span class=\"editable\">Neuf<\/span><\/p>\n<p id=\"product_ean13\"><label>Ean13: <\/label><br \/>\n8022724000823<\/p>\n<div id=\"short_description_block\">\n<div id=\"short_description_content\" class=\"rte align_justify\">\n<ul>\n<li>Marque LA NORDICA<\/li>\n<li>Fabriqu\u00e9 en Italie<\/li>\n<li>Garantie 2 ans pi\u00e8ces<\/li>\n<li>Flamme Verte<\/li>\n<li>EcoDesign 2022<\/li>\n<li>Non \u00e9tanche : Zone 1<\/li>\n<\/ul>\n<p><strong><span style=\"color: #218e53;\">D\u00e9lai de disponibilit\u00e9 : 5 \u00e0 12 jours<\/span><\/strong><\/p>\n<p><span style=\"text-decoration: underline;\"><strong>LIVRAISON GRATUITE<\/strong><\/span> (Partout en Europe)<\/p>\n<p>&nbsp;<\/p>\n<\/div>\n<\/div>\n","protected":false},"featured_media":11108,"comment_status":"open","ping_status":"closed","template":"","meta":[],"product_brand":[],"product_cat":[107],"product_tag":[],"class_list":{"0":"post-10844","1":"product","2":"type-product","3":"status-publish","4":"has-post-thumbnail","6":"product_cat-poeles-bois","8":"first","9":"instock","10":"purchasable","11":"product-type-simple"},"jetpack_sharing_enabled":true,"_links":{"self":[{"href":"https:\/\/troncybois.com\/index.php?rest_route=\/wp\/v2\/product\/10844","targetHints":{"allow":["GET"]}}],"collection":[{"href":"https:\/\/troncybois.com\/index.php?rest_route=\/wp\/v2\/product"}],"about":[{"href":"https:\/\/troncybois.com\/index.php?rest_route=\/wp\/v2\/types\/product"}],"replies":[{"embeddable":true,"href":"https:\/\/troncybois.com\/index.php?rest_route=%2Fwp%2Fv2%2Fcomments&post=10844"}],"version-history":[{"count":1,"href":"https:\/\/troncybois.com\/index.php?rest_route=\/wp\/v2\/product\/10844\/revisions"}],"predecessor-version":[{"id":11111,"href":"https:\/\/troncybois.com\/index.php?rest_route=\/wp\/v2\/product\/10844\/revisions\/11111"}],"wp:featuredmedia":[{"embeddable":true,"href":"https:\/\/troncybois.com\/index.php?rest_route=\/wp\/v2\/media\/11108"}],"wp:attachment":[{"href":"https:\/\/troncybois.com\/index.php?rest_route=%2Fwp%2Fv2%2Fmedia&parent=10844"}],"wp:term":[{"taxonomy":"product_brand","embeddable":true,"href":"https:\/\/troncybois.com\/index.php?rest_route=%2Fwp%2Fv2%2Fproduct_brand&post=10844"},{"taxonomy":"product_cat","embeddable":true,"href":"https:\/\/troncybois.com\/index.php?rest_route=%2Fwp%2Fv2%2Fproduct_cat&post=10844"},{"taxonomy":"product_tag","embeddable":true,"href":"https:\/\/troncybois.com\/index.php?rest_route=%2Fwp%2Fv2%2Fproduct_tag&post=10844"}],"curies":[{"name":"wp","href":"https:\/\/api.w.org\/{rel}","templated":true}]}}