{"id":10781,"date":"2023-05-30T13:58:14","date_gmt":"2023-05-30T11:58:14","guid":{"rendered":"https:\/\/antiquewhite-gerbil-448984.hostingersite.com\/?post_type=product&#038;p=10781"},"modified":"2023-05-31T16:38:41","modified_gmt":"2023-05-31T14:38:41","slug":"poele-a-bois-bronpi-versailles-10-kw","status":"publish","type":"product","link":"https:\/\/troncybois.com\/?product=poele-a-bois-bronpi-versailles-10-kw","title":{"rendered":"Po\u00eale \u00e0 bois &#8211; BRONPI Versailles 10 kW"},"content":{"rendered":"<div class=\"row\" style=\"padding-top: 20px;\">\n<div class=\"col-xs-12 col-sm-12 col-md-12 col-lg-4\" style=\"text-align: center; padding: 15px 2px 25px 2px;\">\n<p style=\"text-align: left;\">Le po\u00eale \u00e0 bois ventil\u00e9 Versailles de la marque BRONPI est un mod\u00e8le poss\u00e9dant un ventilateur afin de souffler l&rsquo;air chaud dans la pi\u00e8ce dans laquelle il se situe. Vous pourrez couper de fa\u00e7on manuelle la ventilation afin de rendre compl\u00e8tement silencieux votre appareil.<\/p>\n<p style=\"text-align: left;\">Informations cl\u00e9s du Po\u00eale \u00e0 bois ventil\u00e9 &#8211; BRONPI Versailles 10 kW<br \/>\nFabriqu\u00e9 en acier et en fonte<br \/>\nInt\u00e9rieur en fonte<br \/>\nVitre en vitroc\u00e9ramique<br \/>\nVentilation d\u00e9sactivable<br \/>\nGrille en fonte<br \/>\nTaille des b\u00fbches : 55 cm<br \/>\nSortie des fum\u00e9es : Sup\u00e9rieur<br \/>\nDescription technique du Po\u00eale \u00e0 bois ventil\u00e9 &#8211; BRONPI Versailles 10 kW<br \/>\nSyst\u00e8me Double Combustion (SDC)<br \/>\nSyst\u00e8me Vitre Propre (SCL)<br \/>\nVolume de chauffe : 325 m3<br \/>\nRendement : 80.6 %<br \/>\nPuissance : 10 kW<br \/>\nConsommation : 3.7 kg\/h<br \/>\nPoids : 154 kg<br \/>\nClasse \u00e9nerg\u00e9tique : A+<br \/>\nDiam\u00e8tre des sorties des fum\u00e9es : 150 mm<br \/>\nDimensions du foyer : L 580 x H 306 x P 286 mm<br \/>\nSch\u00e9ma technique du Po\u00eale \u00e0 bois ventil\u00e9 &#8211; BRONPI Versailles 10 kW<\/p>\n<p style=\"text-align: left;\">Cliquez sur le lien suivant pour retrouver le Manuel Utilisateur : T\u00c9L\u00c9CHARGER LE MANUEL<\/p>\n<p style=\"text-align: left;\">Les diff\u00e9rents syst\u00e8mes du Po\u00eale \u00e0 bois ventil\u00e9 &#8211; BRONPI Versailles 10 kW<\/p>\n<p style=\"text-align: left;\">SYSTEME DOUBLE COMBUSTION (SDC) : technologie par laquelle, au travers d\u2019une seconde entr\u00e9e d\u2019air pr\u00e9chauff\u00e9 dans la chambre de combustion, il est possible d\u2019obtenir une deuxi\u00e8me combustion des gaz imbr\u00fbl\u00e9s de la premi\u00e8re combustion. Ainsi, vous obtenez une haute performance du po\u00eale ou du foyer, d\u2019\u00e9normes \u00e9conomies en carburant et une r\u00e9duction des \u00e9missions.<\/p>\n<p style=\"text-align: left;\">SYSTEME VERRE PROPRE (SCL) : consiste en l\u2019entr\u00e9e d\u2019air de l\u2019ext\u00e9rieur de l\u2019appareil (air secondaire) dirig\u00e9e vers la face interne du verre, am\u00e9liorant ainsi la combustion, emp\u00eachant le verre de noircir rapidement et permettant une vision sup\u00e9rieure du feu.<\/p>\n<p style=\"text-align: left;\">\u00c0 propos du fournisseur : La marque BRONPI est une entreprise situ\u00e9e pr\u00e8s de Cordoue en Espagne. Innovatrice et performante, cette marque s&rsquo;est sp\u00e9cialis\u00e9e dans les mod\u00e8les de po\u00eales \u00e0 bois, po\u00eales \u00e0 granul\u00e9s afin de r\u00e9pondre \u00e0 une demande grandissante d&rsquo;autonomie, d&rsquo;\u00e9cologie tout en ayant la possibilit\u00e9 d&rsquo;effectuer des \u00e9conomies. Elle poss\u00e8de son propre laboratoire de recherche et de d\u00e9veloppement ce qui permets aux \u00e9quipes de la marque Bronpi de proc\u00e9der \u00e0 tous les tests n\u00e9cessaires avant la mise sur le march\u00e9 de leurs appareils de chauffage.<\/p>\n<p style=\"text-align: left;\">Vous aimez la marque BRONPI ? D\u00e9couvrez tous leurs mod\u00e8les de po\u00eales \u00e0 bois<br \/>\nVous cherchez un mod\u00e8le de po\u00eale \u00e0 bois suspendu ? D\u00e9couvrez ce mod\u00e8le de po\u00eale \u00e0 bois suspendu<br \/>\nPoeleDiscount.com vous propose de nombreux mod\u00e8les de po\u00eales \u00e0 bois pas cher<\/p>\n<p style=\"text-align: left;\">Garantie : Nous vous rappelons que pour la garantie, l&rsquo;installation doit \u00eatre conforme au mode d&#8217;emploi (pr\u00e9conisation du fabricant) et doit respecter les normes en vigueur du pays, pour la France DTU 24.1 ou 24.2.<br \/>\nDe plus, comme pour tous les po\u00eales \u00e0 granul\u00e9s, les appareils sont \u00e0 r\u00e9gler en fonction du tirage naturel de l&rsquo;installation choisie.<\/p>\n<p style=\"text-align: left;\">Questions fr\u00e9quentes<br \/>\nQuelle puissance choisir ?<br \/>\nLivraison<\/p>\n<\/div>\n<\/div>\n","protected":false},"excerpt":{"rendered":"<div><\/div>\n<p id=\"product_reference\"><label>R\u00e9f\u00e9rence <\/label><br \/>\n<span class=\"editable\">HGFD54FHG<\/span><\/p>\n<p id=\"product_condition\"><label>\u00c9tat : <\/label><br \/>\n<span class=\"editable\">Neuf<\/span><\/p>\n<p id=\"product_ean13\"><label>Ean13: <\/label><br \/>\n8421994129461<\/p>\n<div id=\"short_description_block\">\n<div id=\"short_description_content\" class=\"rte align_justify\">\n<ul>\n<li>Marque BRONPI<\/li>\n<li>Fabriqu\u00e9 en Espagne<\/li>\n<li>Garantie 5 ans<\/li>\n<li>EcoDesign 2022<\/li>\n<li>Non \u00e9tanche : Zone 1<\/li>\n<\/ul>\n<p><strong><span style=\"color: #218e53;\">D\u00e9lai de disponibilit\u00e9 : 5 \u00e0 12 jours<\/span><\/strong><\/p>\n<p><span style=\"text-decoration: underline;\"><strong>LIVRAISON GRATUITE<\/strong><\/span> (Partout en Europe)<\/p>\n<p>&nbsp;<\/p>\n<\/div>\n<\/div>\n","protected":false},"featured_media":11034,"comment_status":"open","ping_status":"closed","template":"","meta":[],"product_brand":[],"product_cat":[107],"product_tag":[],"class_list":{"0":"post-10781","1":"product","2":"type-product","3":"status-publish","4":"has-post-thumbnail","6":"product_cat-poeles-bois","8":"first","9":"instock","10":"purchasable","11":"product-type-simple"},"jetpack_sharing_enabled":true,"_links":{"self":[{"href":"https:\/\/troncybois.com\/index.php?rest_route=\/wp\/v2\/product\/10781","targetHints":{"allow":["GET"]}}],"collection":[{"href":"https:\/\/troncybois.com\/index.php?rest_route=\/wp\/v2\/product"}],"about":[{"href":"https:\/\/troncybois.com\/index.php?rest_route=\/wp\/v2\/types\/product"}],"replies":[{"embeddable":true,"href":"https:\/\/troncybois.com\/index.php?rest_route=%2Fwp%2Fv2%2Fcomments&post=10781"}],"version-history":[{"count":1,"href":"https:\/\/troncybois.com\/index.php?rest_route=\/wp\/v2\/product\/10781\/revisions"}],"predecessor-version":[{"id":11041,"href":"https:\/\/troncybois.com\/index.php?rest_route=\/wp\/v2\/product\/10781\/revisions\/11041"}],"wp:featuredmedia":[{"embeddable":true,"href":"https:\/\/troncybois.com\/index.php?rest_route=\/wp\/v2\/media\/11034"}],"wp:attachment":[{"href":"https:\/\/troncybois.com\/index.php?rest_route=%2Fwp%2Fv2%2Fmedia&parent=10781"}],"wp:term":[{"taxonomy":"product_brand","embeddable":true,"href":"https:\/\/troncybois.com\/index.php?rest_route=%2Fwp%2Fv2%2Fproduct_brand&post=10781"},{"taxonomy":"product_cat","embeddable":true,"href":"https:\/\/troncybois.com\/index.php?rest_route=%2Fwp%2Fv2%2Fproduct_cat&post=10781"},{"taxonomy":"product_tag","embeddable":true,"href":"https:\/\/troncybois.com\/index.php?rest_route=%2Fwp%2Fv2%2Fproduct_tag&post=10781"}],"curies":[{"name":"wp","href":"https:\/\/api.w.org\/{rel}","templated":true}]}}