{"id":10780,"date":"2023-05-30T13:58:13","date_gmt":"2023-05-30T11:58:13","guid":{"rendered":"https:\/\/antiquewhite-gerbil-448984.hostingersite.com\/?post_type=product&#038;p=10780"},"modified":"2023-05-31T16:38:42","modified_gmt":"2023-05-31T14:38:42","slug":"poele-a-bois-avec-four-bronpi-murano-14-kw","status":"publish","type":"product","link":"https:\/\/troncybois.com\/?product=poele-a-bois-avec-four-bronpi-murano-14-kw","title":{"rendered":"Po\u00eale \u00e0 bois avec four &#8211; BRONPI Murano 14 kW"},"content":{"rendered":"<div class=\"row\" style=\"padding-top: 20px;\">\n<div class=\"col-xs-12 col-sm-12 col-md-12 col-lg-4\" style=\"text-align: center; padding: 15px 2px 25px 2px;\">\n<p style=\"text-align: left;\">Le po\u00eale \u00e0 bois avec four Murano 14 kW comblera toutes vos attentes et vous offre les avantages d&rsquo;un traditionnel po\u00eale \u00e0 bois tout en alliant un design moderne. Gr\u00e2ce \u00e0 son four int\u00e9gr\u00e9, ce po\u00eale \u00e0 bois avec four vous permettra de concocter vos plats en \u00e9tant ind\u00e9pendant en \u00e9lectricit\u00e9 ! Le mod\u00e8le Murano, est capable de chauffer votre logement jusqu&rsquo;\u00e0 350 m3 et vous pourrez ais\u00e9ment faire br\u00fbler des b\u00fbches de plus de 50 cm !<\/p>\n<p style=\"text-align: left;\">Informations cl\u00e9s du Po\u00eale \u00e0 bois avec four &#8211; BRONPI Murano 14 kW<br \/>\nFabriqu\u00e9 en acier<br \/>\nInt\u00e9rieur en vermiculite<br \/>\nPorte en fonte<br \/>\nVitre en vitroc\u00e9ramique<br \/>\nGrille en fonte<br \/>\nR\u00e9gulation de l&rsquo;air de combustion primaire et secondaire<br \/>\nPoign\u00e9e en acier inoxydable<br \/>\nFour avec brique r\u00e9fractaire<br \/>\nFour avec thermom\u00e8tre de 500\u00b0C<br \/>\nTaille des b\u00fbches : 62 cm<br \/>\nSortie des fum\u00e9es : Sup\u00e9rieur<br \/>\nInt\u00e9rieur du four en inox : OPTION<br \/>\nDescription technique du Po\u00eale \u00e0 bois avec four &#8211; BRONPI Murano 14 kW<br \/>\nSyst\u00e8me Double Combustion (SDC)<br \/>\nSyst\u00e8me Vitre Propre (SCL)<br \/>\nSyst\u00e8me faibles \u00e9missions (SEH)<br \/>\nVolume de chauffe : 350 m3<br \/>\nRendement : 85 %<br \/>\nPuissance : 14 kW<br \/>\nConsommation : 3.9 kg\/h<br \/>\nPoids : 168 kg<br \/>\nClasse \u00e9nerg\u00e9tique : A+<br \/>\nDiam\u00e8tre des sorties des fum\u00e9es : 200 mm<br \/>\nDimensions du foyer : L 610 x H 301 x P 417 mm<br \/>\nDimensions du four : L 610 x H 333 x P 404 mm<br \/>\nSch\u00e9ma technique du Po\u00eale \u00e0 bois avec four &#8211; BRONPI Murano 14 kW<\/p>\n<p style=\"text-align: left;\">Cliquez sur le lien suivant pour retrouver le Manuel Utilisateur : T\u00c9L\u00c9CHARGER LE MANUEL<\/p>\n<p style=\"text-align: left;\">Les diff\u00e9rents syst\u00e8mes du Po\u00eale \u00e0 bois avec four &#8211; BRONPI Murano 14 kW<\/p>\n<p style=\"text-align: left;\">SYSTEME DOUBLE COMBUSTION (SDC) : technologie par laquelle, au travers d\u2019une seconde entr\u00e9e d\u2019air pr\u00e9chauff\u00e9 dans la chambre de combustion, il est possible d\u2019obtenir une deuxi\u00e8me combustion des gaz imbr\u00fbl\u00e9s de la premi\u00e8re combustion. Ainsi, vous obtenez une haute performance du po\u00eale ou du foyer, d\u2019\u00e9normes \u00e9conomies en carburant et une r\u00e9duction des \u00e9missions.<\/p>\n<p style=\"text-align: left;\">SYSTEME VERRE PROPRE (SCL) : consiste en l\u2019entr\u00e9e d\u2019air de l\u2019ext\u00e9rieur de l\u2019appareil (air secondaire) dirig\u00e9e vers la face interne du verre, am\u00e9liorant ainsi la combustion, emp\u00eachant le verre de noircir rapidement et permettant une vision sup\u00e9rieure du feu.<\/p>\n<p style=\"text-align: left;\">SYSTEME ENVELOPPANT FOUR (SEH) : permet d&rsquo;obtenir une chaleur rapidement et efficacement gr\u00e2ce \u00e0 la trajectoire de la fum\u00e9e provenant de la chambre de combustion dirig\u00e9e sur les c\u00f4t\u00e9s et au-dessus du four, assurant ainsi un chauffage r\u00e9gulier et uniforme.<\/p>\n<p style=\"text-align: left;\">\u00c0 propos du fournisseur : La marque BRONPI est une entreprise situ\u00e9e pr\u00e8s de Cordoue en Espagne. Innovatrice et performante, cette marque s&rsquo;est sp\u00e9cialis\u00e9e dans les mod\u00e8les de po\u00eales \u00e0 bois, po\u00eales \u00e0 granul\u00e9s afin de r\u00e9pondre \u00e0 une demande grandissante d&rsquo;autonomie, d&rsquo;\u00e9cologie tout en ayant la possibilit\u00e9 d&rsquo;effectuer des \u00e9conomies. Elle poss\u00e8de son propre laboratoire de recherche et de d\u00e9veloppement ce qui permets aux \u00e9quipes de la marque Bronpi de proc\u00e9der \u00e0 tous les tests n\u00e9cessaires avant la mise sur le march\u00e9 de leurs appareils de chauffage.<\/p>\n<p style=\"text-align: left;\">Vous aimez la marque BRONPI ? D\u00e9couvrez tous leurs mod\u00e8les de po\u00eales \u00e0 bois avec four<br \/>\nVous cherchez un autre mod\u00e8le de po\u00eale \u00e0 bois avec four ? D\u00e9couvrez ce mod\u00e8le de po\u00eale \u00e0 bois avec four<br \/>\nD\u00e9couvrez sur PoeleDiscount.com beaucoup d&rsquo;autres mod\u00e8les de po\u00eales \u00e0 bois avec four<\/p>\n<p style=\"text-align: left;\">Garantie : Nous vous rappelons que pour la garantie, l&rsquo;installation doit \u00eatre conforme au mode d&#8217;emploi (pr\u00e9conisation du fabricant) et doit respecter les normes en vigueur du pays, pour la France DTU 24.1 ou 24.2.<br \/>\nDe plus, comme pour tous les po\u00eales \u00e0 granul\u00e9s, les appareils sont \u00e0 r\u00e9gler en fonction du tirage naturel de l&rsquo;installation choisie.<\/p>\n<p style=\"text-align: left;\">Questions fr\u00e9quentes<br \/>\nQuelle puissance choisir ?<br \/>\nLivraison<\/p>\n<\/div>\n<\/div>\n<p><!--more--><\/p>\n","protected":false},"excerpt":{"rendered":"<div><\/div>\n<p id=\"product_reference\"><label>R\u00e9f\u00e9rence <\/label><br \/>\n<span class=\"editable\">HF68-HGB6U5<\/span><\/p>\n<p id=\"product_condition\"><label>\u00c9tat : <\/label><br \/>\n<span class=\"editable\">Neuf<\/span><\/p>\n<div id=\"short_description_block\">\n<div id=\"short_description_content\" class=\"rte align_justify\">\n<ul>\n<li>Marque BRONPI<\/li>\n<li>Fabriqu\u00e9 en Espagne<\/li>\n<li>Garantie 5 ans<\/li>\n<li>EcoDesign 2022<\/li>\n<li>Non \u00e9tanche : Zone 1<\/li>\n<\/ul>\n<p><strong><span style=\"color: #218e53;\">D\u00e9lai de disponibilit\u00e9 : 5 \u00e0 12 jours<\/span><\/strong><\/p>\n<p><span style=\"text-decoration: underline;\"><strong>LIVRAISON GRATUITE<\/strong><\/span> (Partout en Europe)<\/p>\n<p>&nbsp;<\/p>\n<\/div>\n<\/div>\n","protected":false},"featured_media":11025,"comment_status":"open","ping_status":"closed","template":"","meta":[],"product_brand":[],"product_cat":[107],"product_tag":[],"class_list":{"0":"post-10780","1":"product","2":"type-product","3":"status-publish","4":"has-post-thumbnail","6":"product_cat-poeles-bois","8":"first","9":"instock","10":"purchasable","11":"product-type-simple"},"jetpack_sharing_enabled":true,"_links":{"self":[{"href":"https:\/\/troncybois.com\/index.php?rest_route=\/wp\/v2\/product\/10780","targetHints":{"allow":["GET"]}}],"collection":[{"href":"https:\/\/troncybois.com\/index.php?rest_route=\/wp\/v2\/product"}],"about":[{"href":"https:\/\/troncybois.com\/index.php?rest_route=\/wp\/v2\/types\/product"}],"replies":[{"embeddable":true,"href":"https:\/\/troncybois.com\/index.php?rest_route=%2Fwp%2Fv2%2Fcomments&post=10780"}],"version-history":[{"count":1,"href":"https:\/\/troncybois.com\/index.php?rest_route=\/wp\/v2\/product\/10780\/revisions"}],"predecessor-version":[{"id":11033,"href":"https:\/\/troncybois.com\/index.php?rest_route=\/wp\/v2\/product\/10780\/revisions\/11033"}],"wp:featuredmedia":[{"embeddable":true,"href":"https:\/\/troncybois.com\/index.php?rest_route=\/wp\/v2\/media\/11025"}],"wp:attachment":[{"href":"https:\/\/troncybois.com\/index.php?rest_route=%2Fwp%2Fv2%2Fmedia&parent=10780"}],"wp:term":[{"taxonomy":"product_brand","embeddable":true,"href":"https:\/\/troncybois.com\/index.php?rest_route=%2Fwp%2Fv2%2Fproduct_brand&post=10780"},{"taxonomy":"product_cat","embeddable":true,"href":"https:\/\/troncybois.com\/index.php?rest_route=%2Fwp%2Fv2%2Fproduct_cat&post=10780"},{"taxonomy":"product_tag","embeddable":true,"href":"https:\/\/troncybois.com\/index.php?rest_route=%2Fwp%2Fv2%2Fproduct_tag&post=10780"}],"curies":[{"name":"wp","href":"https:\/\/api.w.org\/{rel}","templated":true}]}}