{"id":10752,"date":"2023-05-30T13:57:49","date_gmt":"2023-05-30T11:57:49","guid":{"rendered":"https:\/\/antiquewhite-gerbil-448984.hostingersite.com\/?post_type=product&#038;p=10752"},"modified":"2023-05-31T16:38:42","modified_gmt":"2023-05-31T14:38:42","slug":"poele-a-bois-en-fonte-la-nordica-marlena-8-kw","status":"publish","type":"product","link":"https:\/\/troncybois.com\/?product=poele-a-bois-en-fonte-la-nordica-marlena-8-kw","title":{"rendered":"Po\u00eale \u00e0 bois en fonte &#8211; LA NORDICA Marlena 8 kW"},"content":{"rendered":"<div class=\"row\" style=\"padding-top: 20px;\">\n<div class=\"col-xs-12 col-sm-12 col-md-12 col-lg-4\" style=\"text-align: center; padding: 15px 2px 25px 2px;\">\n<p style=\"text-align: left;\">Le po\u00eale \u00e0 bois rond en fonte Marlena de la marque La Nordica vous offrira la possibilit\u00e9 de chauffer votre maison jusqu&rsquo;\u00e0 215 m3. Le rev\u00eatement du po\u00eale \u00e0 bois Marlena est enti\u00e8rement fait de fonte \u00e9maill\u00e9e ce qui assure au produit une grande long\u00e9vit\u00e9, un entretien minimal et une forte r\u00e9sistance aux chocs.<\/p>\n<p style=\"text-align: left;\">Retrouvez la Plaque de Protection pour ce mod\u00e8le pour r\u00e9duire la chaleur. \u00c0 monter \u00e0 l&rsquo;arri\u00e8re du mod\u00e8le de po\u00eale \u00e0 bois Marlena afin de r\u00e9duire la distance entre l&rsquo;appareil et les parois inflammables jusqu&rsquo;\u00e0 10 cm.<\/p>\n<p style=\"text-align: left;\">Informations cl\u00e9s du Po\u00eale \u00e0 bois rond en fonte &#8211; LA NORDICA Marlena 8 kW<br \/>\nRev\u00eatement ext\u00e9rieur en fonte \u00e9maill\u00e9e<br \/>\nFoyer en fonte et Nordiker<br \/>\nVitre vitroc\u00e9ramique<br \/>\nPoign\u00e9e ergonomique<br \/>\nAir primaire et secondaire r\u00e9glable<br \/>\nTiroir des cendres<br \/>\nRaccord pour une prise d&rsquo;air externe directement sur l&rsquo;appareil<br \/>\nTaille des b\u00fbches : 33 cm<br \/>\n\u00c9vacuation des fum\u00e9es : Sup\u00e9rieur<br \/>\nPlaque de protection : OPTION<br \/>\nDescription technique du Po\u00eale \u00e0 bois rond en fonte &#8211; LA NORDICA Marlena 8 kW<br \/>\nPuissance br\u00fbl\u00e9e : 8.6 kW<br \/>\nPuissance nominale : 7.5 kW<br \/>\nVolume de chauffe : 215 m3<br \/>\nRendement : 86.5 %<br \/>\nConsommation : 2 kg\/h<br \/>\nPoids : 140 kg<br \/>\nDimensions : L 465 x H 1060 x P 475 mm<br \/>\nDimensions du foyer : L 295 x H 420 X P 310 mm<br \/>\nDiam\u00e8tre des sorties des fum\u00e9es : 130 mm<br \/>\nDiam\u00e8tre arriv\u00e9e d&rsquo;air : 100 mm<br \/>\nClasse \u00e9nerg\u00e9tique : A+<br \/>\nSch\u00e9ma technique du Po\u00eale \u00e0 bois rond en fonte &#8211; LA NORDICA Marlena 8 kW<\/p>\n<p style=\"text-align: left;\">Les diff\u00e9rents syst\u00e8mes du po\u00eale \u00e0 bois rond en fonte &#8211; LA NORDICA Marlena 8 kW<\/p>\n<p style=\"text-align: left;\">Post Combustion System : Le syst\u00e8me de combustion d\u00e9velopp\u00e9 par La Nordica-Extraflame permet, gr\u00e2ce \u00e0 un syst\u00e8me d\u2019air secondaire\/tertiaire, une postcombustion en mesure de r\u00e9duire drastiquement les \u00e9missions et donc de respecter les normes europ\u00e9ennes les plus s\u00e9v\u00e8res.<\/p>\n<p style=\"text-align: left;\">Clean Glass Control : Ce syst\u00e8me qui gr\u00e2ce \u00e0 un parcours sp\u00e9cifique d&rsquo;air pr\u00e9chauff\u00e9 \u00e9vite efficacement l&rsquo;encrassement de la vitre du foyer, son entretien est ainsi facilit\u00e9.<\/p>\n<p style=\"text-align: left;\">RDT (Resistant Door at the Time) : Les portes des produits, r\u00e9alis\u00e9es en fonte de qualit\u00e9 \u00e9lev\u00e9e, sont inalt\u00e9rables dans le temps et garantissent une \u00e9tanch\u00e9it\u00e9 constante.<\/p>\n<p style=\"text-align: left;\">NORDIKER : Pour la r\u00e9alisation des parties r\u00e9fractaires, la marque La Nordica a brevet\u00e9 ce mat\u00e9riau ultra r\u00e9sistant pouvant r\u00e9sister \u00e0 des temp\u00e9ratures de combustion tr\u00e8s \u00e9lev\u00e9s. La couleur claire du mat\u00e9riau intensifie la luminosit\u00e9 de la flamme et offre une simplicit\u00e9 d&rsquo;entretien.<\/p>\n<p style=\"text-align: left;\">BBC (Prise d&rsquo;air Direct Externe) : Ce syst\u00e8me pr\u00e9l\u00e8ve l&rsquo;air frais de l&rsquo;ext\u00e9rieur pour la combustion en l&rsquo;introduisant directement dans la chambre de combustion. (Ceci n&rsquo;est pas une chambre \u00e9tanche)<\/p>\n<p style=\"text-align: left;\">\u00c0 propos du fournisseur : La marque La Nordica est une marque italienne qui a \u00e9t\u00e9 cr\u00e9e en 1968. L\u2019entreprise propose des solutions de chauffage modernes et sophistiqu\u00e9es. Les produits La Nordica respectent l\u2019environnement avec de meilleurs rendements et de faibles \u00e9missions polluantes. Les po\u00eales, cuisini\u00e8res, inserts sont adapt\u00e9s \u00e0 tous les go\u00fbts et exigences.<\/p>\n<p style=\"text-align: left;\">Garantie : Nous vous rappelons que pour la garantie, l&rsquo;installation doit \u00eatre conforme au mode d&#8217;emploi (pr\u00e9conisation du fabricant) et doit respecter les normes en vigueur du pays, pour la France DTU 24.1 ou 24.2.<br \/>\nDe plus, comme pour tous les po\u00eales \u00e0 granul\u00e9s, les appareils sont \u00e0 r\u00e9gler en fonction du tirage naturel de l&rsquo;installation choisie.<\/p>\n<p style=\"text-align: left;\">Les r\u00e9glages et la mise en service de ce produit doivent \u00eatre effectu\u00e9s par un professionnel agr\u00e9\u00e9 CAT La Nordica-Extraflame, le listing se trouve ici : https:\/\/www.lanordica-extraflame.com\/fr\/cat\/services-apres-vente.<br \/>\nPensez \u00e0 v\u00e9rifier la disponibilit\u00e9 d&rsquo;un professionnel pr\u00e8s de chez vous.<\/p>\n<p style=\"text-align: left;\">Questions fr\u00e9quentes<br \/>\nQuelle puissance choisir ?<br \/>\nLivraison<\/p>\n<\/div>\n<\/div>\n","protected":false},"excerpt":{"rendered":"<div><\/div>\n<p id=\"product_reference\"><label>R\u00e9f\u00e9rence <\/label><br \/>\n<span class=\"editable\">7HJGBFX625-CHBC<\/span><\/p>\n<p id=\"product_condition\"><label>\u00c9tat : <\/label><br \/>\n<span class=\"editable\">Neuf<\/span><\/p>\n<p id=\"product_ean13\"><label>Ean13: <\/label><br \/>\n8022724376003<\/p>\n<div id=\"short_description_block\">\n<div id=\"short_description_content\" class=\"rte align_justify\">\n<ul>\n<li>Marque LA NORDICA<\/li>\n<li>Fabriqu\u00e9 en Italie<\/li>\n<li>Garantie 2 ans pi\u00e8ces<\/li>\n<li>Flamme Verte<\/li>\n<li>EcoDesign 2022<\/li>\n<li>Non \u00e9tanche : Zone 1<\/li>\n<\/ul>\n<p><strong><span style=\"color: #218e53;\">D\u00e9lai de disponibilit\u00e9 : 5 \u00e0 12 jours<\/span><\/strong><\/p>\n<p><span style=\"text-decoration: underline;\"><strong>LIVRAISON GRATUITE<\/strong><\/span> (Partout en Europe)<\/p>\n<p id=\"availability_date\" style=\"display: none;\"><span id=\"availability_label\" style=\"color: #d0121a; font-weight: bold; text-transform: uppercase;\"><u>Disponible le<\/u>\u00a0:<\/span><\/p>\n<p>&nbsp;<\/p>\n<\/div>\n<\/div>\n","protected":false},"featured_media":11017,"comment_status":"open","ping_status":"closed","template":"","meta":[],"product_brand":[],"product_cat":[107],"product_tag":[],"class_list":{"0":"post-10752","1":"product","2":"type-product","3":"status-publish","4":"has-post-thumbnail","6":"product_cat-poeles-bois","8":"first","9":"instock","10":"purchasable","11":"product-type-simple"},"jetpack_sharing_enabled":true,"_links":{"self":[{"href":"https:\/\/troncybois.com\/index.php?rest_route=\/wp\/v2\/product\/10752","targetHints":{"allow":["GET"]}}],"collection":[{"href":"https:\/\/troncybois.com\/index.php?rest_route=\/wp\/v2\/product"}],"about":[{"href":"https:\/\/troncybois.com\/index.php?rest_route=\/wp\/v2\/types\/product"}],"replies":[{"embeddable":true,"href":"https:\/\/troncybois.com\/index.php?rest_route=%2Fwp%2Fv2%2Fcomments&post=10752"}],"version-history":[{"count":1,"href":"https:\/\/troncybois.com\/index.php?rest_route=\/wp\/v2\/product\/10752\/revisions"}],"predecessor-version":[{"id":11021,"href":"https:\/\/troncybois.com\/index.php?rest_route=\/wp\/v2\/product\/10752\/revisions\/11021"}],"wp:featuredmedia":[{"embeddable":true,"href":"https:\/\/troncybois.com\/index.php?rest_route=\/wp\/v2\/media\/11017"}],"wp:attachment":[{"href":"https:\/\/troncybois.com\/index.php?rest_route=%2Fwp%2Fv2%2Fmedia&parent=10752"}],"wp:term":[{"taxonomy":"product_brand","embeddable":true,"href":"https:\/\/troncybois.com\/index.php?rest_route=%2Fwp%2Fv2%2Fproduct_brand&post=10752"},{"taxonomy":"product_cat","embeddable":true,"href":"https:\/\/troncybois.com\/index.php?rest_route=%2Fwp%2Fv2%2Fproduct_cat&post=10752"},{"taxonomy":"product_tag","embeddable":true,"href":"https:\/\/troncybois.com\/index.php?rest_route=%2Fwp%2Fv2%2Fproduct_tag&post=10752"}],"curies":[{"name":"wp","href":"https:\/\/api.w.org\/{rel}","templated":true}]}}