{"id":10750,"date":"2023-05-30T13:57:48","date_gmt":"2023-05-30T11:57:48","guid":{"rendered":"https:\/\/antiquewhite-gerbil-448984.hostingersite.com\/?post_type=product&#038;p=10750"},"modified":"2024-06-07T15:40:45","modified_gmt":"2024-06-07T13:40:45","slug":"insert-a-bois-avec-four-bronpi-murano-e-14-kw","status":"publish","type":"product","link":"https:\/\/troncybois.com\/?product=insert-a-bois-avec-four-bronpi-murano-e-14-kw","title":{"rendered":"Insert \u00e0 bois avec four &#8211; BRONPI Murano &#8211; E 14 kW"},"content":{"rendered":"<div class=\"row\" style=\"padding-top: 20px;\">\n<div class=\"col-xs-12 col-sm-12 col-md-12 col-lg-4\" style=\"text-align: center; padding: 15px 2px 25px 2px;\">\n<p style=\"text-align: left;\">L&rsquo;insert \u00e0 bois avec four BRONPI Murano &#8211; E 14 kW vous permettra de profiter d&rsquo;une chaleur conviviale tout en vous offrant la possibilit\u00e9 de vous concocter de bons petits plats, le tout en \u00e9tant ind\u00e9pendant en \u00e9lectricit\u00e9. Ce mod\u00e8le de po\u00eale \u00e0 bois peut accueillir des b\u00fbches de 50 cm. Gr\u00e2ce \u00e0 son espace range-b\u00fbches, ce mod\u00e8le de po\u00eale \u00e0 bois avec four vous \u00e9vitera des allers-retours \u00e0 votre espace de stockage.<\/p>\n<p style=\"text-align: left;\">Informations cl\u00e9s de l&rsquo;Insert \u00e0 bois avec four &#8211; BRONPI Murano &#8211; E 14 kW<br \/>\nFabriqu\u00e9 en fonte et en acier<br \/>\nInt\u00e9rieur en vermiculite<br \/>\nPorte en fonte<br \/>\nVitre en vitroc\u00e9ramique<br \/>\nGrille en fonte<br \/>\nR\u00e9gulation de l&rsquo;air de combustion primaire et secondaire<br \/>\nPoign\u00e9e en acier inoxydable<br \/>\nFour en brique r\u00e9fractaire<br \/>\nFour avec thermom\u00e8tre de 500\u00b0C<br \/>\nTaille des b\u00fbches : 62 cm<br \/>\nSortie des fum\u00e9es : Sup\u00e9rieur<br \/>\nInt\u00e9rieur du four en inox : OPTION<br \/>\nDescription technique de l&rsquo;Insert \u00e0 bois avec four &#8211; BRONPI Murano &#8211; E 14 kW<br \/>\nSyst\u00e8me Double Combustion (SDC)<br \/>\nSyst\u00e8me Vitre Propre (SCL)<br \/>\nSurround Syst\u00e8me Four (SEH)<br \/>\nPuissance : 14 kW<br \/>\nRendement : 85 %<br \/>\nConsommation : 3.9 kg\/h<br \/>\nVolume de chauffe : 350 m3<br \/>\nPoids : 176 kg<br \/>\nClasse \u00e9nerg\u00e9tique : A+<br \/>\nDiam\u00e8tre des sorties des fum\u00e9es : 200 mm<br \/>\nDimensions du four : L 610 x H 333 x P 404 mm<br \/>\nDimensions du foyer : L 610 x H 301 x P 417 mm<br \/>\nSch\u00e9ma technique de l&rsquo;Insert \u00e0 bois avec four &#8211; BRONPI Murano &#8211; E 14 kW<\/p>\n<p style=\"text-align: left;\">Cliquez sur le lien suivant pour retrouver le Manuel Utilisateur : T\u00c9L\u00c9CHARGER LE MANUEL<\/p>\n<p style=\"text-align: left;\">Les diff\u00e9rents syst\u00e8mes de l&rsquo;Insert \u00e0 bois avec four &#8211; BRONPI Murano &#8211; E 14 kW<\/p>\n<p style=\"text-align: left;\">SYSTEME DOUBLE COMBUSTION (SDC) : technologie par laquelle, au travers d\u2019une seconde entr\u00e9e d\u2019air pr\u00e9chauff\u00e9 dans la chambre de combustion, il est possible d\u2019obtenir une deuxi\u00e8me combustion des gaz imbr\u00fbl\u00e9s de la premi\u00e8re combustion. Ainsi, vous obtenez une haute performance du po\u00eale ou du foyer, d\u2019\u00e9normes \u00e9conomies en carburant et une r\u00e9duction des \u00e9missions.<\/p>\n<p style=\"text-align: left;\">SYSTEME VERRE PROPRE (SCL) : consiste en l\u2019entr\u00e9e d\u2019air de l\u2019ext\u00e9rieur de l\u2019appareil (air secondaire) dirig\u00e9e vers la face interne du verre, am\u00e9liorant ainsi la combustion, emp\u00eachant le verre de noircir rapidement et permettant une vision sup\u00e9rieure du feu.<\/p>\n<p style=\"text-align: left;\">SYSTEME ENVELOPPANT FOUR (SEH) : permet d&rsquo;obtenir une chaleur rapidement et efficacement gr\u00e2ce \u00e0 la trajectoire de la fum\u00e9e provenant de la chambre de combustion dirig\u00e9e sur les c\u00f4t\u00e9s et au-dessus du four, assurant ainsi un chauffage r\u00e9gulier et uniforme.<\/p>\n<p style=\"text-align: left;\">\u00c0 propos du fournisseur : La marque BRONPI est une entreprise situ\u00e9e pr\u00e8s de Cordoue en Espagne. Innovatrice et performante, cette marque s&rsquo;est sp\u00e9cialis\u00e9e dans les mod\u00e8les de po\u00eales \u00e0 bois, po\u00eales \u00e0 granul\u00e9s afin de r\u00e9pondre \u00e0 une demande grandissante d&rsquo;autonomie, d&rsquo;\u00e9cologie tout en ayant la possibilit\u00e9 d&rsquo;effectuer des \u00e9conomies. Elle poss\u00e8de son propre laboratoire de recherche et de d\u00e9veloppement ce qui permets aux \u00e9quipes de la marque Bronpi de proc\u00e9der \u00e0 tous les tests n\u00e9cessaires avant la mise sur le march\u00e9 de leurs appareils de chauffage.<\/p>\n<p style=\"text-align: left;\">Garantie : Nous vous rappelons que pour la garantie, l&rsquo;installation doit \u00eatre conforme au mode d&#8217;emploi (pr\u00e9conisation du fabricant) et doit respecter les normes en vigueur du pays, pour la France DTU 24.1 ou 24.2.<br \/>\nDe plus, comme pour tous les po\u00eales \u00e0 granul\u00e9s, les appareils sont \u00e0 r\u00e9gler en fonction du tirage naturel de l&rsquo;installation choisie.<\/p>\n<p style=\"text-align: left;\">Questions fr\u00e9quentes<br \/>\nQuelle puissance choisir ?<br \/>\nLivraison<\/p>\n<\/div>\n<\/div>\n","protected":false},"excerpt":{"rendered":"<div><\/div>\n<p id=\"product_reference\"><label>R\u00e9f\u00e9rence <\/label><br \/>\n<span class=\"editable\">HGGJHFS+6-VJHKJ<\/span><\/p>\n<p id=\"product_condition\"><label>\u00c9tat : <\/label><br \/>\n<span class=\"editable\">Neuf<\/span><\/p>\n<p id=\"product_ean13\"><label>Ean13: <\/label><br \/>\n8421994129157<\/p>\n<div id=\"short_description_block\">\n<div id=\"short_description_content\" class=\"rte align_justify\">\n<ul>\n<li>Marque BRONPI<\/li>\n<li>Fabriqu\u00e9 en Espagne<\/li>\n<li>Garantie 5 ans<\/li>\n<li>EcoDesign 2022<\/li>\n<li>Non \u00e9tanche : Zone 1<\/li>\n<\/ul>\n<p><strong><span style=\"color: #218e53;\">D\u00e9lai de disponibilit\u00e9 :\u00a03 \u00e0 4\u00a0\u00a0jours ouvr\u00e9s\u00a0<\/span><\/strong><\/p>\n<p><span style=\"text-decoration: underline;\"><strong>LIVRAISON GRATUITE<\/strong><\/span> (Uniquement en France )<\/p>\n<p>&nbsp;<\/p>\n<\/div>\n<\/div>\n","protected":false},"featured_media":10995,"comment_status":"open","ping_status":"closed","template":"","meta":[],"product_brand":[],"product_cat":[107],"product_tag":[],"class_list":{"0":"post-10750","1":"product","2":"type-product","3":"status-publish","4":"has-post-thumbnail","6":"product_cat-poeles-bois","8":"first","9":"instock","10":"purchasable","11":"product-type-simple"},"jetpack_sharing_enabled":true,"_links":{"self":[{"href":"https:\/\/troncybois.com\/index.php?rest_route=\/wp\/v2\/product\/10750","targetHints":{"allow":["GET"]}}],"collection":[{"href":"https:\/\/troncybois.com\/index.php?rest_route=\/wp\/v2\/product"}],"about":[{"href":"https:\/\/troncybois.com\/index.php?rest_route=\/wp\/v2\/types\/product"}],"replies":[{"embeddable":true,"href":"https:\/\/troncybois.com\/index.php?rest_route=%2Fwp%2Fv2%2Fcomments&post=10750"}],"version-history":[{"count":2,"href":"https:\/\/troncybois.com\/index.php?rest_route=\/wp\/v2\/product\/10750\/revisions"}],"predecessor-version":[{"id":14257,"href":"https:\/\/troncybois.com\/index.php?rest_route=\/wp\/v2\/product\/10750\/revisions\/14257"}],"wp:featuredmedia":[{"embeddable":true,"href":"https:\/\/troncybois.com\/index.php?rest_route=\/wp\/v2\/media\/10995"}],"wp:attachment":[{"href":"https:\/\/troncybois.com\/index.php?rest_route=%2Fwp%2Fv2%2Fmedia&parent=10750"}],"wp:term":[{"taxonomy":"product_brand","embeddable":true,"href":"https:\/\/troncybois.com\/index.php?rest_route=%2Fwp%2Fv2%2Fproduct_brand&post=10750"},{"taxonomy":"product_cat","embeddable":true,"href":"https:\/\/troncybois.com\/index.php?rest_route=%2Fwp%2Fv2%2Fproduct_cat&post=10750"},{"taxonomy":"product_tag","embeddable":true,"href":"https:\/\/troncybois.com\/index.php?rest_route=%2Fwp%2Fv2%2Fproduct_tag&post=10750"}],"curies":[{"name":"wp","href":"https:\/\/api.w.org\/{rel}","templated":true}]}}