{"id":10719,"date":"2023-05-30T13:57:23","date_gmt":"2023-05-30T11:57:23","guid":{"rendered":"https:\/\/antiquewhite-gerbil-448984.hostingersite.com\/?post_type=product&#038;p=10719"},"modified":"2023-05-31T16:38:43","modified_gmt":"2023-05-31T14:38:43","slug":"poele-a-bois-avec-four-bronpi-suiza-inox-14-kw","status":"publish","type":"product","link":"https:\/\/troncybois.com\/?product=poele-a-bois-avec-four-bronpi-suiza-inox-14-kw","title":{"rendered":"Po\u00eale \u00e0 bois avec four &#8211; BRONPI Suiza Inox 14 kW"},"content":{"rendered":"<div class=\"row\" style=\"padding-top: 20px; text-align: center;\">\n<div class=\"col-xs-12 col-sm-12 col-md-12 col-lg-4\" style=\"text-align: center; padding: 15px 2px 25px 2px;\">\n<p style=\"text-align: left;\">Le po\u00eale \u00e0 bois avec four Suiza Inox 14 kW de la marque BRONPI est un appareil fabriqu\u00e9 en fonte et en acier. Cet appareil de chauffage vous permettra de cuisiner gr\u00e2ce \u00e0 son four int\u00e9gr\u00e9 tout en chauffant votre logement jusqu&rsquo;\u00e0 350 m3. Ce mod\u00e8le de po\u00eale \u00e0 bois avec four peut accueillir des b\u00fbches allant jusqu&rsquo;\u00e0 55 cm !<\/p>\n<p style=\"text-align: left;\">Informations cl\u00e9s du Po\u00eale \u00e0 bois avec four &#8211; BRONPI Suiza Inox 14 kW<\/p>\n<p style=\"text-align: left;\">Fabriqu\u00e9 en acier et en fonte<br \/>\nFour en Inox<br \/>\nInt\u00e9rieur en vermiculite<br \/>\nRange-b\u00fbches<br \/>\nVitre en vitroc\u00e9ramique<br \/>\nFour avec thermom\u00e8tre de 500\u00b0C<br \/>\nR\u00e9gulation de l&rsquo;air de combustion primaire et secondaire<br \/>\nPoign\u00e9es en acier inoxydable<br \/>\nTaille des b\u00fbches : 55 cm<br \/>\nSortie des fum\u00e9es : Sup\u00e9rieur<br \/>\nDescription technique du Po\u00eale \u00e0 bois avec four &#8211; BRONPI Suiza Inox 14 kW<br \/>\nSurround Syst\u00e8me Four (SEH)<br \/>\nSyst\u00e8me Vitre Propre (SCL)<br \/>\nPuissance : 14 kW<br \/>\nRendement : 85 %<br \/>\nConsommation : 3,9 kg\/h<br \/>\nVolume de chauffe : 350 m3<br \/>\nPoids : 140 kg<br \/>\nDiam\u00e8tre des sorties des fum\u00e9es : 200 mm<br \/>\nDimensions du foyer : L 530 x H 369 x P 400 mm<br \/>\nDimensions du four : L 500 x H 250 x P 400 mm<br \/>\nSch\u00e9ma technique du Po\u00eale \u00e0 bois avec four &#8211; BRONPI Suiza Inox 14 kW<\/p>\n<p style=\"text-align: left;\">Cliquez sur le lien suivant pour retrouver le Manuel Utilisateur : T\u00c9L\u00c9CHARGER LE MANUEL<\/p>\n<p style=\"text-align: left;\">SYSTEME VERRE PROPRE (SCL) : consiste en l\u2019entr\u00e9e d\u2019air de l\u2019ext\u00e9rieur de l\u2019appareil (air secondaire) dirig\u00e9e vers la face interne du verre, am\u00e9liorant ainsi la combustion, emp\u00eachant le verre de noircir rapidement et permettant une vision sup\u00e9rieure du feu.<\/p>\n<p style=\"text-align: left;\">SYSTEME ENVELOPPANT FOUR (SEH) : permet d&rsquo;obtenir une chaleur rapidement et efficacement gr\u00e2ce \u00e0 la trajectoire de la fum\u00e9e provenant de la chambre de combustion dirig\u00e9e sur les c\u00f4t\u00e9s et au-dessus du four, assurant ainsi un chauffage r\u00e9gulier et uniforme.<\/p>\n<p style=\"text-align: left;\">\u00c0 propos du fournisseur : La marque BRONPI est une entreprise situ\u00e9e pr\u00e8s de Cordoue en Espagne. Innovatrice et performante, cette marque s&rsquo;est sp\u00e9cialis\u00e9e dans les mod\u00e8les de po\u00eales hybrides et sans \u00e9lectricit\u00e9 afin de r\u00e9pondre \u00e0 la demande grandissante d&rsquo;autonomie, d&rsquo;\u00e9cologie et d&rsquo;\u00e9conomie des particuliers.<\/p>\n<p style=\"text-align: left;\">Vous aimez la marque BRONPI ? D\u00e9couvrez tous leurs mod\u00e8les de po\u00eales \u00e0 bois<br \/>\nVous cherchez un autre mod\u00e8le de po\u00eale \u00e0 bois avec four ? D\u00e9couvrez un autre mod\u00e8le de po\u00eale \u00e0 bois avec four<br \/>\nD\u00e9couvrez de nombreux accessoires pour votre po\u00eale \u00e0 bois<\/p>\n<p style=\"text-align: left;\">Garantie : Nous vous rappelons que pour la garantie, l&rsquo;installation doit \u00eatre conforme au mode d&#8217;emploi (pr\u00e9conisation du fabricant) et doit respecter les normes en vigueur du pays, pour la France DTU 24.1 ou 24.2.<br \/>\nDe plus, comme pour tous les po\u00eales \u00e0 granul\u00e9s, les appareils sont \u00e0 r\u00e9gler en fonction du tirage naturel de l&rsquo;installation choisie.<\/p>\n<p style=\"text-align: left;\">Questions fr\u00e9quentes<br \/>\nQuelle puissance choisir ?<br \/>\nLivraison<\/p>\n<\/div>\n<\/div>\n","protected":false},"excerpt":{"rendered":"<div><\/div>\n<p id=\"product_reference\"><label>R\u00e9f\u00e9rence <\/label><br \/>\n<span class=\"editable\">HJGDF54-UYR<\/span><\/p>\n<p id=\"product_condition\"><label>\u00c9tat : <\/label><br \/>\n<span class=\"editable\">Neuf<\/span><\/p>\n<p id=\"product_ean13\"><label>Ean13: <\/label><br \/>\n8421994080687<\/p>\n<div id=\"short_description_block\">\n<div id=\"short_description_content\" class=\"rte align_justify\">\n<ul>\n<li>Marque BRONPI<\/li>\n<li>Fabriqu\u00e9 en Espagne<\/li>\n<li>Garantie 5 ans<\/li>\n<li>EcoDesign 2022<\/li>\n<li>Non \u00e9tanche : Zone 1<\/li>\n<\/ul>\n<p><strong><span style=\"color: #218e53;\">D\u00e9lai de disponibilit\u00e9 : 5 \u00e0 12 jours<\/span><\/strong><\/p>\n<p><span style=\"text-decoration: underline;\"><strong>LIVRAISON GRATUITE<\/strong><\/span> (Partout en Europe)<\/p>\n<p id=\"availability_date\" style=\"display: none;\"><span id=\"availability_label\" style=\"color: #d0121a; font-weight: bold; text-transform: uppercase;\"><u>Disponible le<\/u>\u00a0:<\/span><\/p>\n<p>&nbsp;<\/p>\n<\/div>\n<\/div>\n","protected":false},"featured_media":10972,"comment_status":"open","ping_status":"closed","template":"","meta":[],"product_brand":[],"product_cat":[107],"product_tag":[],"class_list":{"0":"post-10719","1":"product","2":"type-product","3":"status-publish","4":"has-post-thumbnail","6":"product_cat-poeles-bois","8":"first","9":"instock","10":"purchasable","11":"product-type-simple"},"jetpack_sharing_enabled":true,"_links":{"self":[{"href":"https:\/\/troncybois.com\/index.php?rest_route=\/wp\/v2\/product\/10719","targetHints":{"allow":["GET"]}}],"collection":[{"href":"https:\/\/troncybois.com\/index.php?rest_route=\/wp\/v2\/product"}],"about":[{"href":"https:\/\/troncybois.com\/index.php?rest_route=\/wp\/v2\/types\/product"}],"replies":[{"embeddable":true,"href":"https:\/\/troncybois.com\/index.php?rest_route=%2Fwp%2Fv2%2Fcomments&post=10719"}],"version-history":[{"count":1,"href":"https:\/\/troncybois.com\/index.php?rest_route=\/wp\/v2\/product\/10719\/revisions"}],"predecessor-version":[{"id":10978,"href":"https:\/\/troncybois.com\/index.php?rest_route=\/wp\/v2\/product\/10719\/revisions\/10978"}],"wp:featuredmedia":[{"embeddable":true,"href":"https:\/\/troncybois.com\/index.php?rest_route=\/wp\/v2\/media\/10972"}],"wp:attachment":[{"href":"https:\/\/troncybois.com\/index.php?rest_route=%2Fwp%2Fv2%2Fmedia&parent=10719"}],"wp:term":[{"taxonomy":"product_brand","embeddable":true,"href":"https:\/\/troncybois.com\/index.php?rest_route=%2Fwp%2Fv2%2Fproduct_brand&post=10719"},{"taxonomy":"product_cat","embeddable":true,"href":"https:\/\/troncybois.com\/index.php?rest_route=%2Fwp%2Fv2%2Fproduct_cat&post=10719"},{"taxonomy":"product_tag","embeddable":true,"href":"https:\/\/troncybois.com\/index.php?rest_route=%2Fwp%2Fv2%2Fproduct_tag&post=10719"}],"curies":[{"name":"wp","href":"https:\/\/api.w.org\/{rel}","templated":true}]}}