{"id":10688,"date":"2023-05-30T13:56:57","date_gmt":"2023-05-30T11:56:57","guid":{"rendered":"https:\/\/antiquewhite-gerbil-448984.hostingersite.com\/?post_type=product&#038;p=10688"},"modified":"2023-05-31T16:38:43","modified_gmt":"2023-05-31T14:38:43","slug":"poele-a-bois-chauffage-central-bronpi-hydronova-plus-15-kw","status":"publish","type":"product","link":"https:\/\/troncybois.com\/?product=poele-a-bois-chauffage-central-bronpi-hydronova-plus-15-kw","title":{"rendered":"Po\u00eale \u00e0 bois chauffage central &#8211; BRONPI HydroNova Plus 15 kW"},"content":{"rendered":"<div class=\"row\" style=\"padding-top: 20px;\">\n<div class=\"col-xs-12 col-sm-12 col-md-12 col-lg-4\" style=\"text-align: center; padding: 15px 2px 25px 2px;\">\n<p style=\"text-align: left;\">Avec le po\u00eale \u00e0 bois chauffage central HydroNova Plus de la marque BRONPI, vous pourrez produire votre eau chaude avec une puissance rendue \u00e0 l&rsquo;eau de 10.5 kW tout en chauffant votre maison. Le mod\u00e8le HydroNova Plus poss\u00e8de un syst\u00e8me de triple combustion permettant d&rsquo;utiliser un maximum votre combustible et d&rsquo;atteindre un rendement de 83%. Cet appareil est capable d\u2019accueillir des b\u00fbches de 50cm pour chauffer un volume allant jusqu&rsquo;\u00e0 375m3.<\/p>\n<p style=\"text-align: left;\">Informations cl\u00e9s du Po\u00eale \u00e0 bois chauffage central &#8211; BRONPI HydroNova Plus 15 kW<br \/>\nInt\u00e9rieur en vermiculite<br \/>\nFabriqu\u00e9 en fonte et acier<br \/>\nClasse \u00e9nerg\u00e9tique : A +<br \/>\nVanne de refroidissement thermostatique : OPTION<\/p>\n<p style=\"text-align: left;\">ATTENTION : Mettre obligatoirement une vanne de refroidissement sur les mod\u00e8les HYDRO de la marque BRONPI.<\/p>\n<p style=\"text-align: left;\">Description technique du Po\u00eale \u00e0 bois chauffage central &#8211; BRONPI HydroNova Plus 15 kW<br \/>\nSyst\u00e8me de Triple Combustion (STC)<br \/>\nSyst\u00e8me Verre Propre (SCL)<br \/>\nSyst\u00e8me de faibles \u00e9missions (SBE)<br \/>\nSyst\u00e8me de S\u00e9curit\u00e9 de Surpression (SSS)<br \/>\nVolume chauff\u00e9 : 375 m3<br \/>\nTaille maximum des b\u00fbches : 50 cm<br \/>\nRendement : 83 %<br \/>\nConsommation : 4,25 kg\/h<br \/>\nCapacit\u00e9 du r\u00e9servoir : 35 L<br \/>\nPoids : 183 kg<br \/>\nPuissance globale : 14.8 kW<br \/>\nPuissance c\u00e9d\u00e9e \u00e0 l&rsquo;eau : 12.7 kW<br \/>\nPuissance rendue \u00e0 l&rsquo;air : 2.1 kW<br \/>\nDiam\u00e8tre des sorties des fum\u00e9es : 150 mm<br \/>\nDimensions du foyer : L 500 x H 300 x P 285 mm<br \/>\nPression de travail : 1,5 bar MIN \/ 2.5 bar MAX<br \/>\nSch\u00e9ma technique du Po\u00eale \u00e0 bois chauffage central &#8211; BRONPI HydroNova Plus 15 kW<\/p>\n<p style=\"text-align: left;\">Cliquez sur le lien suivant pour retrouver le Manuel Utilisateur : T\u00c9L\u00c9CHARGER LE MANUEL<\/p>\n<p style=\"text-align: left;\">Sch\u00e9ma explicatif (non fonctionnel) du Po\u00eale \u00e0 bois chauffage central &#8211; BRONPI HydroNova Plus 15 kW<\/p>\n<p style=\"text-align: left;\">SYSTEME TRIPLE COMBUSTION (STC) : Gr\u00e2ce \u00e0 cette technologie, il est possible d&rsquo;obtenir une troisi\u00e8me combustion des gaz non br\u00fbl\u00e9s pendant la deuxi\u00e8me combustion. De cette mani\u00e8re, on obtient une haute efficacit\u00e9 et des \u00e9conomies de combustible \u00e9lev\u00e9es.<\/p>\n<p style=\"text-align: left;\">SYSTEME BASSES EMISSIONS (SBE) : Gr\u00e2ce \u00e0 cette nouvelle technologie, le rendement du po\u00eale est am\u00e9lior\u00e9 en r\u00e9duisant les \u00e9missions de polluants dans l&rsquo;atmosph\u00e8re, ce qui cr\u00e9e un produit totalement \u00e9cologique et durable.<\/p>\n<p style=\"text-align: left;\">SYSTEME DE SECURITE DE SUPRESSION (SSS) : Syst\u00e8me de s\u00e9curit\u00e9 emp\u00eachant la pression de l&rsquo;eau de la chaudi\u00e8re \u00e0 bois de d\u00e9passer la pression maximale des 3 bars.<\/p>\n<p style=\"text-align: left;\">SYSTEME VERRE PROPRE (SCL) : consiste en l\u2019entr\u00e9e d\u2019air de l\u2019ext\u00e9rieur de l\u2019appareil (air secondaire) dirig\u00e9e vers la face interne du verre, am\u00e9liorant ainsi la combustion, emp\u00eachant le verre de noircir rapidement et permettant une vision sup\u00e9rieure du feu.<\/p>\n<p style=\"text-align: left;\">\u00c0 propos du fournisseur : La marque BRONPI est une entreprise situ\u00e9e pr\u00e8s de Cordoue en Espagne. Innovatrice et performante, cette marque s&rsquo;est sp\u00e9cialis\u00e9e dans les mod\u00e8les de po\u00eales hybrides et sans \u00e9lectricit\u00e9 afin de r\u00e9pondre \u00e0 la demande grandissante d&rsquo;autonomie, d&rsquo;\u00e9cologie et d&rsquo;\u00e9conomie des particuliers.<\/p>\n<p style=\"text-align: left;\">Garantie : Nous vous rappelons que pour la garantie, l&rsquo;installation doit \u00eatre conforme au mode d&#8217;emploi (pr\u00e9conisation du fabricant) et doit respecter les normes en vigueur du pays, pour la France DTU 24.1 ou 24.2.<br \/>\nDe plus, comme pour tous les po\u00eales \u00e0 granul\u00e9s, les appareils sont \u00e0 r\u00e9gler en fonction du tirage naturel de l&rsquo;installation choisie.<\/p>\n<p style=\"text-align: left;\">Questions fr\u00e9quentes<br \/>\nQuelle puissance choisir ?<br \/>\nLivraison<\/p>\n<\/div>\n<\/div>\n","protected":false},"excerpt":{"rendered":"<div><\/div>\n<p id=\"product_reference\"><label>R\u00e9f\u00e9rence <\/label><br \/>\n<span class=\"editable\">NBJ16-GCGB<\/span><\/p>\n<p id=\"product_condition\"><label>\u00c9tat : <\/label><br \/>\n<span class=\"editable\">Neuf<\/span><\/p>\n<div id=\"short_description_block\">\n<div id=\"short_description_content\" class=\"rte align_justify\">\n<ul>\n<li>Marque BRONPI<\/li>\n<li>Fabriqu\u00e9 en Espagne<\/li>\n<li>Garantie 2 ans pi\u00e8ces<\/li>\n<li>Garantie 5 ans corps de chauffe<\/li>\n<li>Non \u00e9tanche : Zone 1<\/li>\n<li>EcoDesign 2022<\/li>\n<\/ul>\n<p><strong><span style=\"color: #218e53;\">D\u00e9lai de disponibilit\u00e9 : 5 \u00e0 12 jours<\/span><\/strong><\/p>\n<p><span style=\"text-decoration: underline;\"><strong>LIVRAISON GRATUITE<\/strong><\/span> (Partout en Europe)<\/p>\n<p>&nbsp;<\/p>\n<\/div>\n<\/div>\n","protected":false},"featured_media":10908,"comment_status":"open","ping_status":"closed","template":"","meta":[],"product_brand":[],"product_cat":[107],"product_tag":[],"class_list":{"0":"post-10688","1":"product","2":"type-product","3":"status-publish","4":"has-post-thumbnail","6":"product_cat-poeles-bois","8":"first","9":"instock","10":"purchasable","11":"product-type-simple"},"jetpack_sharing_enabled":true,"_links":{"self":[{"href":"https:\/\/troncybois.com\/index.php?rest_route=\/wp\/v2\/product\/10688","targetHints":{"allow":["GET"]}}],"collection":[{"href":"https:\/\/troncybois.com\/index.php?rest_route=\/wp\/v2\/product"}],"about":[{"href":"https:\/\/troncybois.com\/index.php?rest_route=\/wp\/v2\/types\/product"}],"replies":[{"embeddable":true,"href":"https:\/\/troncybois.com\/index.php?rest_route=%2Fwp%2Fv2%2Fcomments&post=10688"}],"version-history":[{"count":1,"href":"https:\/\/troncybois.com\/index.php?rest_route=\/wp\/v2\/product\/10688\/revisions"}],"predecessor-version":[{"id":10915,"href":"https:\/\/troncybois.com\/index.php?rest_route=\/wp\/v2\/product\/10688\/revisions\/10915"}],"wp:featuredmedia":[{"embeddable":true,"href":"https:\/\/troncybois.com\/index.php?rest_route=\/wp\/v2\/media\/10908"}],"wp:attachment":[{"href":"https:\/\/troncybois.com\/index.php?rest_route=%2Fwp%2Fv2%2Fmedia&parent=10688"}],"wp:term":[{"taxonomy":"product_brand","embeddable":true,"href":"https:\/\/troncybois.com\/index.php?rest_route=%2Fwp%2Fv2%2Fproduct_brand&post=10688"},{"taxonomy":"product_cat","embeddable":true,"href":"https:\/\/troncybois.com\/index.php?rest_route=%2Fwp%2Fv2%2Fproduct_cat&post=10688"},{"taxonomy":"product_tag","embeddable":true,"href":"https:\/\/troncybois.com\/index.php?rest_route=%2Fwp%2Fv2%2Fproduct_tag&post=10688"}],"curies":[{"name":"wp","href":"https:\/\/api.w.org\/{rel}","templated":true}]}}