{"id":10662,"date":"2023-05-30T13:56:31","date_gmt":"2023-05-30T11:56:31","guid":{"rendered":"https:\/\/antiquewhite-gerbil-448984.hostingersite.com\/?post_type=product&#038;p=10662"},"modified":"2023-05-31T16:38:44","modified_gmt":"2023-05-31T14:38:44","slug":"poele-a-bois-etanche-evacalor-ginevra-9-kw","status":"publish","type":"product","link":"https:\/\/troncybois.com\/?product=poele-a-bois-etanche-evacalor-ginevra-9-kw","title":{"rendered":"Po\u00eale a bois \u00e9tanche &#8211; EVACALOR Ginevra 9 kW"},"content":{"rendered":"<div class=\"row\" style=\"padding-top: 20px;\">\n<div class=\"col-xs-12 col-sm-12 col-md-12 col-lg-4\" style=\"text-align: center; padding: 15px 2px 25px 2px;\">\n<p style=\"text-align: left;\">Le po\u00eale \u00e0 bois \u00e9tanche Ginevra de la marque EVA CALOR est capable de chauffer un volume entre 140 et 200 m3. Il poss\u00e8de un syst\u00e8me de triple combustion, ce qui lui permet d&rsquo;atteindre un excellent rendement de 86 %. Son design est original et gr\u00e2ce \u00e0 son rev\u00eatement en pierre naturelle, ce po\u00eale \u00e0 bois accumulera la chaleur produite et la restituera sur une longue p\u00e9riode apr\u00e8s l&rsquo;extinction du feu.<\/p>\n<p style=\"text-align: left;\">Informations cl\u00e9s du Po\u00eale \u00e0 bois \u00e9tanche &#8211; EVA CALOR Ginevra 9 kW<br \/>\nPorte en fonte<br \/>\nRev\u00eatement en pierre<br \/>\nFoyer en vermiculite<br \/>\nRange-b\u00fbches<br \/>\nR\u00e9glage de l\u2019air de combustion<br \/>\nTriple combustion r\u00e9glable<br \/>\nTiroir des cendres amovible<br \/>\nTaille des b\u00fbches : 25 cm<br \/>\n\u00c9vacuation des fum\u00e9es : Arri\u00e8re \/ Sup\u00e9rieur<br \/>\nDescription technique du Po\u00eale \u00e0 bois \u00e9tanche &#8211; EVA CALOR Ginevra 9 kW<br \/>\nPuissance br\u00fbl\u00e9e : 9.5 kW<br \/>\nPuissance nominale : 8 kW<br \/>\nRendement : 86 %<br \/>\nConsommation : 2.4 kg\/h<br \/>\nVolume de chauffe : de 140 \u00e0 200 m3<br \/>\nClasse \u00e9nerg\u00e9tique : A+<br \/>\nTirage de la chemin\u00e9e : 10 Pa<\/p>\n<p style=\"text-align: left;\">Poids : 175 kg<br \/>\nDiam\u00e8tre des sorties des fum\u00e9es : 150 mm<br \/>\nDiam\u00e8tre d&rsquo;arriv\u00e9e d&rsquo;air : 80 mm<br \/>\nDimensions : L 476 x H 1129 x P 417 mm<br \/>\nDimensions du foyer : L 300 x H 490 X P 280 mm<br \/>\nSch\u00e9ma explicatif du Po\u00eale \u00e0 bois \u00e9tanche &#8211; EVA CALOR Ginevra 9 kW<\/p>\n<p style=\"text-align: left;\">Les diff\u00e9rents syst\u00e8mes du Po\u00eale \u00e0 bois \u00e9tanche &#8211; EVA CALOR Ginevra 9 kW<\/p>\n<p style=\"text-align: left;\">SHS : Le symbole SHS identifie les po\u00eales dot\u00e9s d&rsquo;un syst\u00e8me de combustion herm\u00e9tique. Avec ce syst\u00e8me, l&rsquo;air n\u00e9cessaire \u00e0 la combustion n\u2019est pas pr\u00e9lev\u00e9 dans la pi\u00e8ce o\u00f9 est install\u00e9 le po\u00eale. Cette fonction non seulement offre de meilleures performances et optimise la diffusion de la chaleur, mais renforce \u00e9galement la s\u00e9curit\u00e9 d&rsquo;utilisation du po\u00eale.<\/p>\n<p style=\"text-align: left;\">TRIPLE COMBUSTION : Gr\u00e2ce \u00e0 cette technologie, il est possible d&rsquo;obtenir une troisi\u00e8me combustion des gaz non br\u00fbl\u00e9s lors les pr\u00e9c\u00e9dentes. L&rsquo;air est amen\u00e9 au niveau du brasier ce qui entra\u00eene une troisi\u00e8me combustion des gaz non br\u00fbl\u00e9s pr\u00e9c\u00e9demment. De cette mani\u00e8re, l&rsquo;appareil consume presque toute la quantit\u00e9 de gaz et cela permet d&rsquo;obtenir de meilleurs rendements mais \u00e9galement de r\u00e9duire consid\u00e9rablement les \u00e9missions de C02. On obtient donc une haute efficacit\u00e9 et des \u00e9conomies de combustible \u00e9lev\u00e9es.<\/p>\n<p style=\"text-align: left;\">\u00c0 propos du fournisseur : La marque EVA CALOR est une marque italienne qui propose des solutions de chauffage modernes et sophistiqu\u00e9es. Leurs produits respectent l\u2019environnement avec de meilleurs rendements et de faibles \u00e9missions polluantes. Les po\u00eales \u00e0 granul\u00e9s, cuisini\u00e8res, inserts sont adapt\u00e9s \u00e0 tous les go\u00fbts et exigences.<\/p>\n<p style=\"text-align: left;\">Garantie : Nous vous rappelons que pour la garantie, l&rsquo;installation doit \u00eatre conforme au mode d&#8217;emploi (pr\u00e9conisation du fabricant) et doit respecter les normes en vigueur du pays, pour la France DTU 24.1 ou 24.2.<br \/>\nDe plus, comme pour tous les po\u00eales \u00e0 granul\u00e9s, les appareils sont \u00e0 r\u00e9gler en fonction du tirage naturel de l&rsquo;installation choisie.<\/p>\n<p style=\"text-align: left;\">Questions fr\u00e9quentes<br \/>\nQuelle puissance choisir ?<br \/>\nLivraison<\/p>\n<\/div>\n<\/div>\n","protected":false},"excerpt":{"rendered":"<div><\/div>\n<p id=\"product_reference\"><label>R\u00e9f\u00e9rence <\/label><br \/>\n<span class=\"editable\">901683GVH 5-BCH<\/span><\/p>\n<p id=\"product_condition\"><label>\u00c9tat : <\/label><br \/>\n<span class=\"editable\">Neuf<\/span><\/p>\n<p id=\"product_ean13\"><label>Ean13: <\/label><br \/>\n8029728009296<\/p>\n<div id=\"short_description_block\">\n<div id=\"short_description_content\" class=\"rte align_justify\">\n<ul>\n<li>Marque EVA CALOR<\/li>\n<li>Fabriqu\u00e9 en Italie<\/li>\n<li>Garantie 2 ans pi\u00e8ces<\/li>\n<li>\u00c9tanche : Zone 1<\/li>\n<li>EcoDesign 2022<\/li>\n<\/ul>\n<p><strong><span style=\"color: #218e53;\">D\u00e9lai de disponibilit\u00e9 : 5 \u00e0 12 jours<\/span><\/strong><\/p>\n<p><span style=\"text-decoration: underline;\"><strong>LIVRAISON GRATUITE<\/strong><\/span> (Partout en Europe)<\/p>\n<p id=\"availability_date\" style=\"display: none;\"><span id=\"availability_label\" style=\"color: #d0121a; font-weight: bold; text-transform: uppercase;\"><u>Disponible le<\/u>\u00a0:<\/span><\/p>\n<\/div>\n<\/div>\n","protected":false},"featured_media":10895,"comment_status":"open","ping_status":"closed","template":"","meta":[],"product_brand":[],"product_cat":[107],"product_tag":[],"class_list":{"0":"post-10662","1":"product","2":"type-product","3":"status-publish","4":"has-post-thumbnail","6":"product_cat-poeles-bois","8":"first","9":"instock","10":"purchasable","11":"product-type-simple"},"jetpack_sharing_enabled":true,"_links":{"self":[{"href":"https:\/\/troncybois.com\/index.php?rest_route=\/wp\/v2\/product\/10662","targetHints":{"allow":["GET"]}}],"collection":[{"href":"https:\/\/troncybois.com\/index.php?rest_route=\/wp\/v2\/product"}],"about":[{"href":"https:\/\/troncybois.com\/index.php?rest_route=\/wp\/v2\/types\/product"}],"replies":[{"embeddable":true,"href":"https:\/\/troncybois.com\/index.php?rest_route=%2Fwp%2Fv2%2Fcomments&post=10662"}],"version-history":[{"count":1,"href":"https:\/\/troncybois.com\/index.php?rest_route=\/wp\/v2\/product\/10662\/revisions"}],"predecessor-version":[{"id":10903,"href":"https:\/\/troncybois.com\/index.php?rest_route=\/wp\/v2\/product\/10662\/revisions\/10903"}],"wp:featuredmedia":[{"embeddable":true,"href":"https:\/\/troncybois.com\/index.php?rest_route=\/wp\/v2\/media\/10895"}],"wp:attachment":[{"href":"https:\/\/troncybois.com\/index.php?rest_route=%2Fwp%2Fv2%2Fmedia&parent=10662"}],"wp:term":[{"taxonomy":"product_brand","embeddable":true,"href":"https:\/\/troncybois.com\/index.php?rest_route=%2Fwp%2Fv2%2Fproduct_brand&post=10662"},{"taxonomy":"product_cat","embeddable":true,"href":"https:\/\/troncybois.com\/index.php?rest_route=%2Fwp%2Fv2%2Fproduct_cat&post=10662"},{"taxonomy":"product_tag","embeddable":true,"href":"https:\/\/troncybois.com\/index.php?rest_route=%2Fwp%2Fv2%2Fproduct_tag&post=10662"}],"curies":[{"name":"wp","href":"https:\/\/api.w.org\/{rel}","templated":true}]}}