{"id":10511,"date":"2023-05-30T13:54:19","date_gmt":"2023-05-30T11:54:19","guid":{"rendered":"https:\/\/antiquewhite-gerbil-448984.hostingersite.com\/?post_type=product&#038;p=10511"},"modified":"2023-05-31T16:38:47","modified_gmt":"2023-05-31T14:38:47","slug":"poele-a-bois-cheminee-avec-four-bronpi-ebro-14-kw","status":"publish","type":"product","link":"https:\/\/troncybois.com\/?product=poele-a-bois-cheminee-avec-four-bronpi-ebro-14-kw","title":{"rendered":"Po\u00eale \u00e0 bois chemin\u00e9e avec four &#8211; BRONPI Ebro 14 KW"},"content":{"rendered":"<div class=\"row\" style=\"padding-top: 20px;\">\n<div class=\"col-xs-12 col-sm-12 col-md-12 col-lg-4\" style=\"text-align: center; padding: 15px 2px 25px 2px;\">\n<div class=\"fiche-produit\">\n<p>&nbsp;<\/p>\n<p>La chemin\u00e9e \u00e0 bois Ebro 14 kW de la marque BRONPI comblera toutes vos attentes et vous offre les avantages d&rsquo;un traditionnel po\u00eale \u00e0 bois tout en alliant le design moderne d&rsquo;une chemin\u00e9e avec la possibilit\u00e9 de r\u00e9chauffer et cuire vos plats gr\u00e2ce \u00e0 son four int\u00e9gr\u00e9. Ce mod\u00e8le de po\u00eale \u00e0 bois chemin\u00e9e peut accueillir des b\u00fbches de bois pouvant aller jusqu&rsquo;\u00e0 55 cm. Disposant d&rsquo;un espace range-b\u00fbches, ce mod\u00e8le de po\u00eale \u00e0 bois avec four vous \u00e9vitera des allers-retours \u00e0 votre espace de stockage.<\/p>\n<p>Informations cl\u00e9s du Po\u00eale \u00e0 bois chemin\u00e9e avec four &#8211; BRONPI Ebro 14 kW<br \/>\nFabriqu\u00e9 en acier et en fonte<br \/>\nInt\u00e9rieur en vermiculite<br \/>\nTaille des b\u00fbches : 50 cm<br \/>\nFour en brique r\u00e9fractaire<br \/>\nPoign\u00e9es patin\u00e9es en bronze vieilli<br \/>\nTiroir des cendres amovible<br \/>\nVitre en vitroc\u00e9ramique<br \/>\nGrille en fonte amovible<br \/>\nR\u00e9gulation de l&rsquo;air de combustion primaire<br \/>\nFour avec thermom\u00e8tre de 500\u00b0C<br \/>\nCache-tuyau r\u00e9glable en hauteur : de 2400 mm \u00e0 2890 mm<br \/>\nDescription technique du Po\u00eale \u00e0 bois chemin\u00e9e avec four &#8211; BRONPI Ebro 14 kW<br \/>\nSyst\u00e8me Double Combustion (SDC)<br \/>\nSyst\u00e8me Vitre Propre (SCL)<br \/>\nSyst\u00e8me double chambre (SC2)<br \/>\nSurround Syst\u00e8me Four (SEH)<br \/>\nPuissance : 14 kW<br \/>\nRendement : 78 %<br \/>\nConsommation : 4,2 kg\/h<br \/>\nVolume de chauffe : 350 m3<br \/>\nPoids : 192 kg<br \/>\nClasse \u00e9nerg\u00e9tique : A<br \/>\nDiam\u00e8tre des sortie de fum\u00e9es : 200 mm<br \/>\nDimensions du foyer : L 560 x H 205 x P 370 mm<br \/>\nDimensions du four : L 490 x H 160 x P 410 mm<br \/>\nSch\u00e9ma technique du Po\u00eale \u00e0 bois chemin\u00e9e avec four &#8211; BRONPI Ebro 14 kW<\/p>\n<p>Cliquez sur le lien suivant pour retrouver le Manuel Utilisateur : T\u00c9L\u00c9CHARGER LE MANUEL<\/p>\n<p>Les diff\u00e9rents syst\u00e8mes du Po\u00eale \u00e0 bois chemin\u00e9e avec four &#8211; BRONPI Ebro 14 kW<\/p>\n<p>SYST\u00c8ME DOUBLE COMBUSTION (SDC) : technologie par laquelle, au travers d\u2019une seconde entr\u00e9e d\u2019air pr\u00e9chauff\u00e9 dans la chambre de combustion, il est possible d\u2019obtenir une deuxi\u00e8me combustion des gaz imbr\u00fbl\u00e9s de la premi\u00e8re combustion. Ainsi, vous obtenez une haute performance du po\u00eale ou du foyer, d\u2019\u00e9normes \u00e9conomies en carburant et une r\u00e9duction des \u00e9missions.<\/p>\n<p>SYST\u00c8ME VERRE PROPRE (SCL) : consiste en l\u2019entr\u00e9e d\u2019air de l\u2019ext\u00e9rieur de l\u2019appareil (air secondaire) dirig\u00e9e vers la face interne du verre, am\u00e9liorant ainsi la combustion, emp\u00eachant le verre de noircir rapidement et permettant une vision sup\u00e9rieure du feu.<\/p>\n<p>SYST\u00c8ME ENVELOPPANT FOUR (SEH) : permet d&rsquo;obtenir une chaleur rapidement et efficacement gr\u00e2ce \u00e0 la trajectoire de la fum\u00e9e provenant de la chambre de combustion dirig\u00e9e sur les c\u00f4t\u00e9s et au-dessus du four, assurant ainsi un chauffage r\u00e9gulier et uniforme.<\/p>\n<p>SYST\u00c8ME DOUBLE CHAMBRE (SC2) : implique la cr\u00e9ation d\u2019une chambre d\u2019air entre la chambre de combustion et la surface ext\u00e9rieure du po\u00eale pour r\u00e9duire la temp\u00e9rature superficielle de l\u2019appareil, r\u00e9duisant ainsi tout choc thermique contre les murs et cr\u00e9ant une convection naturelle efficace.<\/p>\n<p>\u00c0 propos du fournisseur : La marque BRONPI est une entreprise situ\u00e9e pr\u00e8s de Cordoue en Espagne. Innovatrice et performante, cette marque s&rsquo;est sp\u00e9cialis\u00e9e dans les mod\u00e8les de po\u00eales \u00e0 bois, po\u00eales \u00e0 granul\u00e9s afin de r\u00e9pondre \u00e0 une demande grandissante d&rsquo;autonomie, d&rsquo;\u00e9cologie tout en ayant la possibilit\u00e9 d&rsquo;effectuer des \u00e9conomies. Elle poss\u00e8de son propre laboratoire de recherche et de d\u00e9veloppement ce qui permets aux \u00e9quipes de la marque Bronpi de proc\u00e9der \u00e0 tous les tests n\u00e9cessaires avant la mise sur le march\u00e9 de leurs appareils de chauffage.<\/p>\n<p>Pourquoi choisir un po\u00eale \u00e0 bois 14 kW ?<\/p>\n<p>Un po\u00eale \u00e0 bois 14 kW vous permettra de chauffer entre 75 m2 et 200 m2. Un \u00e9cart qui peux para\u00eetre incompr\u00e9hensible au premier abord mais tout d\u00e9pendra de l&rsquo;isolation de votre maison et de votre situation g\u00e9ographique.<\/p>\n<p>Ce type d&rsquo;appareil de chauffage vous permettra directement sur le court terme de faire des \u00e9conomies. En effet, le bois b\u00fbche reste le combustible le moins cher du march\u00e9 avec les granul\u00e9s avec un prix au kWh aux alentours de 0.04\u20ac. En choisissant un po\u00eale \u00e0 bois de 14 kW, vous faites aussi un geste pour la plan\u00e8te car le bois est une \u00e9nergie verte et renouvelable.<\/p>\n<p>&nbsp;<\/p>\n<p>Garantie : Nous vous rappelons que pour la garantie, l&rsquo;installation doit \u00eatre conforme au mode d&#8217;emploi (pr\u00e9conisation du fabricant) et doit respecter les normes en vigueur du pays, pour la France DTU 24.1 ou 24.2.<br \/>\nDe plus, comme pour tous les po\u00eales \u00e0 granul\u00e9s, les appareils sont \u00e0 r\u00e9gler en fonction du tirage naturel de l&rsquo;installation choisie.<\/p>\n<p>Questions fr\u00e9quentes<br \/>\nQuelle puissance choisir ?<br \/>\nLivraison<\/p>\n<\/div>\n<\/div>\n<\/div>\n","protected":false},"excerpt":{"rendered":"<div><\/div>\n<p id=\"product_reference\"><label>R\u00e9f\u00e9rence <\/label><br \/>\n<span class=\"editable\">FDC-5DS4254SDF<\/span><\/p>\n<p id=\"product_condition\"><label>\u00c9tat : <\/label><br \/>\n<span class=\"editable\">Neuf<\/span><\/p>\n<p id=\"product_ean13\"><label>Ean13: <\/label><br \/>\n8421994055111<\/p>\n<div id=\"short_description_block\">\n<div id=\"short_description_content\" class=\"rte align_justify\">\n<ul>\n<li>Marque BRONPI<\/li>\n<li>Fabriqu\u00e9 en Espagne<\/li>\n<li>Garantie 5 ans<\/li>\n<li>EcoDesign 2022<\/li>\n<li>Flamme Verte<\/li>\n<li>Non \u00e9tanche : Zone 1<\/li>\n<\/ul>\n<p><strong><span style=\"color: #218e53;\">D\u00e9lai de disponibilit\u00e9 : 5 \u00e0 12 jours<\/span><\/strong><\/p>\n<p><span style=\"text-decoration: underline;\"><strong>LIVRAISON GRATUITE<\/strong><\/span> (Partout en Europe)<\/p>\n<p>&nbsp;<\/p>\n<\/div>\n<\/div>\n","protected":false},"featured_media":10727,"comment_status":"open","ping_status":"closed","template":"","meta":[],"product_brand":[],"product_cat":[107],"product_tag":[],"class_list":{"0":"post-10511","1":"product","2":"type-product","3":"status-publish","4":"has-post-thumbnail","6":"product_cat-poeles-bois","8":"first","9":"instock","10":"purchasable","11":"product-type-simple"},"jetpack_sharing_enabled":true,"_links":{"self":[{"href":"https:\/\/troncybois.com\/index.php?rest_route=\/wp\/v2\/product\/10511","targetHints":{"allow":["GET"]}}],"collection":[{"href":"https:\/\/troncybois.com\/index.php?rest_route=\/wp\/v2\/product"}],"about":[{"href":"https:\/\/troncybois.com\/index.php?rest_route=\/wp\/v2\/types\/product"}],"replies":[{"embeddable":true,"href":"https:\/\/troncybois.com\/index.php?rest_route=%2Fwp%2Fv2%2Fcomments&post=10511"}],"version-history":[{"count":1,"href":"https:\/\/troncybois.com\/index.php?rest_route=\/wp\/v2\/product\/10511\/revisions"}],"predecessor-version":[{"id":10736,"href":"https:\/\/troncybois.com\/index.php?rest_route=\/wp\/v2\/product\/10511\/revisions\/10736"}],"wp:featuredmedia":[{"embeddable":true,"href":"https:\/\/troncybois.com\/index.php?rest_route=\/wp\/v2\/media\/10727"}],"wp:attachment":[{"href":"https:\/\/troncybois.com\/index.php?rest_route=%2Fwp%2Fv2%2Fmedia&parent=10511"}],"wp:term":[{"taxonomy":"product_brand","embeddable":true,"href":"https:\/\/troncybois.com\/index.php?rest_route=%2Fwp%2Fv2%2Fproduct_brand&post=10511"},{"taxonomy":"product_cat","embeddable":true,"href":"https:\/\/troncybois.com\/index.php?rest_route=%2Fwp%2Fv2%2Fproduct_cat&post=10511"},{"taxonomy":"product_tag","embeddable":true,"href":"https:\/\/troncybois.com\/index.php?rest_route=%2Fwp%2Fv2%2Fproduct_tag&post=10511"}],"curies":[{"name":"wp","href":"https:\/\/api.w.org\/{rel}","templated":true}]}}