{"id":10426,"date":"2023-05-30T13:52:56","date_gmt":"2023-05-30T11:52:56","guid":{"rendered":"https:\/\/antiquewhite-gerbil-448984.hostingersite.com\/?post_type=product&#038;p=10426"},"modified":"2023-05-31T16:38:49","modified_gmt":"2023-05-31T14:38:49","slug":"poele-a-bois-ceramique-lincar-monella-184-10-5-kw","status":"publish","type":"product","link":"https:\/\/troncybois.com\/?product=poele-a-bois-ceramique-lincar-monella-184-10-5-kw","title":{"rendered":"Po\u00eale \u00e0 bois c\u00e9ramique &#8211; LINCAR Monella 184 10.5 kW"},"content":{"rendered":"<div class=\"row\" style=\"padding-top: 20px;\">\n<div class=\"col-xs-12 col-sm-12 col-md-12 col-lg-4\" style=\"text-align: center; padding: 15px 2px 25px 2px;\">\n<blockquote>\n<p style=\"text-align: left;\">Le po\u00eale \u00e0 bois en c\u00e9ramique et fonte Monella 184 10.5 kW de la marque LINCAR peut chauffer une pi\u00e8ce jusqu&rsquo;\u00e0 225 m3. Le mod\u00e8le Monella 184N peut \u00eatre raccord\u00e9 directement \u00e0 l&rsquo;air ext\u00e9rieur gr\u00e2ce \u00e0 sa prise d&rsquo;air situ\u00e9e \u00e0 l&rsquo;arri\u00e8re. Laissez-vous s\u00e9duire par son design exclusif !<\/p>\n<p style=\"text-align: left;\">Retrouvez le m\u00eame mod\u00e8le avec un four : Po\u00eale \u00e0 bois avec four c\u00e9ramique &#8211; LINCAR Monella 185 10.5 kW<\/p>\n<p style=\"text-align: left;\">Informations cl\u00e9s sur le Po\u00eale \u00e0 bois c\u00e9ramique &#8211; LINCAR Monella 184 10.5 kW<br \/>\nRev\u00eatement en c\u00e9ramique et fonte<br \/>\nFoyer en vermiculite<br \/>\nVitroc\u00e9ramique<br \/>\nT\u00eate en fonte et c\u00e9ramique<br \/>\nCompartiment porte-bois<br \/>\nSortie des fum\u00e9es : sup\u00e9rieur<br \/>\nTaille des b\u00fbches : 25 cm<br \/>\nCaract\u00e9ristiques techniques du Po\u00eale \u00e0 bois c\u00e9ramique &#8211; LINCAR Monella 184 10.5 kW<br \/>\nPuissance br\u00fbl\u00e9e : 10.6 kW<br \/>\nPuissance nominale : 9.6 kW<br \/>\nRendement : 91 %<br \/>\nPoids : 210 kg<br \/>\nVolume de chauffe : 225 m3<br \/>\nClasse d\u2019efficacit\u00e9 \u00e9nerg\u00e9tique : A+<br \/>\nDiam\u00e8tre sortie des fum\u00e9es : 150 mm<br \/>\nDiam\u00e8tre prise d&rsquo;air : 45 mm<br \/>\nDimensions du foyer : L 305 x H 305 mm<br \/>\nDimensions : L 660 x P 560 x H 1120 mm<br \/>\nSch\u00e9ma explicatif du Po\u00eale \u00e0 bois c\u00e9ramique &#8211; LINCAR Monella 184 10.5 kW<\/p>\n<p style=\"text-align: left;\">A propos du fabricant : Depuis plus de 50 ans, la marque LINCAR r\u00e9alise des produits fiables, de haute technologie. Engag\u00e9e \u00e9cologiquement, cette marque vous propose une large gamme design avec des mat\u00e9riaux innovants, plus respectueux de l&rsquo;environnement en ayant comme point d&rsquo;honneur la s\u00e9curit\u00e9.<\/p>\n<p style=\"text-align: left;\">Garantie : Nous vous rappelons que pour la garantie, l&rsquo;installation doit \u00eatre conforme au mode d&#8217;emploi (pr\u00e9conisation du fabricant) et doit respecter les normes en vigueur du pays, pour la France DTU 24.1 ou 24.2.<br \/>\nDe plus, comme pour tous les po\u00eales \u00e0 granul\u00e9s, les appareils sont \u00e0 r\u00e9gler en fonction du tirage naturel de l&rsquo;installation choisie.<\/p>\n<p style=\"text-align: left;\">Questions fr\u00e9quentes<br \/>\nQuelle puissance choisir ?<br \/>\nLivraison<\/p>\n<\/blockquote>\n<\/div>\n<\/div>\n","protected":false},"excerpt":{"rendered":"<div><\/div>\n<p id=\"product_reference\"><label>R\u00e9f\u00e9rence <\/label><br \/>\n<span class=\"editable\">HGFDS567FSSD-5<\/span><\/p>\n<p id=\"product_condition\"><label>\u00c9tat : <\/label><br \/>\n<span class=\"editable\">Neuf<\/span><\/p>\n<p id=\"product_ean13\"><label>Ean13: <\/label><br \/>\n8020034705384<\/p>\n<div id=\"short_description_block\">\n<div id=\"short_description_content\" class=\"rte align_justify\">\n<ul>\n<li>Marque LINCAR<\/li>\n<li>Garantie 2 ans pi\u00e8ces<\/li>\n<li>Fabriqu\u00e9 en Italie<\/li>\n<li>Non \u00e9tanche : Zone 1<\/li>\n<li>EcoDesign 2022<\/li>\n<\/ul>\n<p><strong><span style=\"color: #218e53;\">D\u00e9lai de disponibilit\u00e9 : 5 \u00e0 12 jours<\/span><\/strong><\/p>\n<p><span style=\"text-decoration: underline;\"><strong>LIVRAISON GRATUITE<\/strong><\/span> (Partout en Europe)<\/p>\n<p id=\"availability_date\" style=\"display: none;\"><span id=\"availability_label\" style=\"color: #d0121a; font-weight: bold; text-transform: uppercase;\"><u>Disponible le<\/u>\u00a0:<\/span><\/p>\n<\/div>\n<\/div>\n<div class=\"gsniprev-block-16\">\n<p>&nbsp;<\/p>\n<\/div>\n","protected":false},"featured_media":10681,"comment_status":"open","ping_status":"closed","template":"","meta":[],"product_brand":[],"product_cat":[107],"product_tag":[],"class_list":{"0":"post-10426","1":"product","2":"type-product","3":"status-publish","4":"has-post-thumbnail","6":"product_cat-poeles-bois","8":"first","9":"instock","10":"purchasable","11":"product-type-simple"},"jetpack_sharing_enabled":true,"_links":{"self":[{"href":"https:\/\/troncybois.com\/index.php?rest_route=\/wp\/v2\/product\/10426","targetHints":{"allow":["GET"]}}],"collection":[{"href":"https:\/\/troncybois.com\/index.php?rest_route=\/wp\/v2\/product"}],"about":[{"href":"https:\/\/troncybois.com\/index.php?rest_route=\/wp\/v2\/types\/product"}],"replies":[{"embeddable":true,"href":"https:\/\/troncybois.com\/index.php?rest_route=%2Fwp%2Fv2%2Fcomments&post=10426"}],"version-history":[{"count":1,"href":"https:\/\/troncybois.com\/index.php?rest_route=\/wp\/v2\/product\/10426\/revisions"}],"predecessor-version":[{"id":10687,"href":"https:\/\/troncybois.com\/index.php?rest_route=\/wp\/v2\/product\/10426\/revisions\/10687"}],"wp:featuredmedia":[{"embeddable":true,"href":"https:\/\/troncybois.com\/index.php?rest_route=\/wp\/v2\/media\/10681"}],"wp:attachment":[{"href":"https:\/\/troncybois.com\/index.php?rest_route=%2Fwp%2Fv2%2Fmedia&parent=10426"}],"wp:term":[{"taxonomy":"product_brand","embeddable":true,"href":"https:\/\/troncybois.com\/index.php?rest_route=%2Fwp%2Fv2%2Fproduct_brand&post=10426"},{"taxonomy":"product_cat","embeddable":true,"href":"https:\/\/troncybois.com\/index.php?rest_route=%2Fwp%2Fv2%2Fproduct_cat&post=10426"},{"taxonomy":"product_tag","embeddable":true,"href":"https:\/\/troncybois.com\/index.php?rest_route=%2Fwp%2Fv2%2Fproduct_tag&post=10426"}],"curies":[{"name":"wp","href":"https:\/\/api.w.org\/{rel}","templated":true}]}}