{"id":10424,"date":"2023-05-30T13:52:55","date_gmt":"2023-05-30T11:52:55","guid":{"rendered":"https:\/\/antiquewhite-gerbil-448984.hostingersite.com\/?post_type=product&#038;p=10424"},"modified":"2023-05-31T16:38:49","modified_gmt":"2023-05-31T14:38:49","slug":"poele-a-bois-ceramique-origine-phebo-vesta-12-5-kw","status":"publish","type":"product","link":"https:\/\/troncybois.com\/?product=poele-a-bois-ceramique-origine-phebo-vesta-12-5-kw","title":{"rendered":"Po\u00eale \u00e0 bois c\u00e9ramique &#8211; ORIGINE PHEBO Vesta 12.5 kW"},"content":{"rendered":"<div class=\"row\" style=\"padding-top: 20px;\">\n<div class=\"col-xs-12 col-sm-12 col-md-12 col-lg-4\" style=\"text-align: center; padding: 15px 2px 25px 2px;\">\n<p style=\"text-align: left;\">Le po\u00eale \u00e0 bois en c\u00e9ramique Vesta de la marque Origine PHEBO saura vous s\u00e9duire par son design et la qualit\u00e9 de ses finitions. Ce mod\u00e8le est disponible en version ventil\u00e9 (OPTION) afin que l&rsquo;air chaud produit par le po\u00eale \u00e0 bois en c\u00e9ramique soit souffl\u00e9 dans la pi\u00e8ce dans laquelle il se trouve.<\/p>\n<p style=\"text-align: left;\">Le bois re\u00e7oit de l&rsquo;oxyg\u00e8ne par les c\u00f4t\u00e9s et le haut dans le foyer plut\u00f4t que par le bas, ce qui permet une combustion plus lente et homog\u00e8ne. Le r\u00e9sultat est une dur\u00e9e de feu plus longue et un r\u00e9sidu de cendres inf\u00e9rieur par rapport aux syst\u00e8mes traditionnels.<\/p>\n<p style=\"text-align: left;\">Chez ORIGINE PH, tout est possible ! N&rsquo;h\u00e9sitez pas \u00e0 nous contacter pour d\u00e9finir votre mod\u00e8le sur-mesure.<\/p>\n<p style=\"text-align: left;\">Informations cl\u00e9s du Po\u00eale \u00e0 bois c\u00e9ramique &#8211; ORIGINE PHEBO Vesta 12.5 kW<br \/>\nRev\u00eatement en c\u00e9ramique<br \/>\nFoyer en r\u00e9fractaire<br \/>\nPorte en acier inox bruni<br \/>\nD\u00e9coration faite \u00e0 la main<br \/>\n\u00c9vacuation des fum\u00e9es : Sup\u00e9rieur<br \/>\nTaille des b\u00fbches : 25 cm<br \/>\nKit de ventilation : OPTION<br \/>\nDescription technique du Po\u00eale \u00e0 bois c\u00e9ramique &#8211; ORIGINE PHEBO Vesta 12.5 kW<br \/>\nPuissance nominale : 10.7 kW<br \/>\nPuissance br\u00fbl\u00e9e : 12.4 kW<br \/>\nConsommation : 2.3 kg\/h<br \/>\nRendement : 85.9 %<br \/>\nPoids : 155 kg<br \/>\nVolume de chauffe : jusqu&rsquo;\u00e0 305 m3<br \/>\nDiam\u00e8tre des sorties des fum\u00e9es : 130 mm<br \/>\nDimensions du foyer : L 310 x H 210 x P 310 mm<br \/>\nDimensions : L 650 x H 1140 x P 470 mm<br \/>\nClasse \u00e9nerg\u00e9tique : A+<br \/>\nSch\u00e9ma technique du Po\u00eale \u00e0 bois c\u00e9ramique &#8211; ORIGINE PHEBO Vesta 12.5 kW<\/p>\n<p style=\"text-align: left;\">A propos du fournisseur : La marque ORIGINE PH est vendu en exclusivit\u00e9 sur notre site PoeleDiscount.com. Entreprise familiale et passionn\u00e9e fond\u00e9e au d\u00e9but des ann\u00e9es 2000, cette entreprise se distingue par sa grande flexibilit\u00e9, il est possible de vous fournir un produit hautement personnalis\u00e9 aussi bien au niveau technique qu\u2019esth\u00e9tique ! Chaque demande est soigneusement \u00e9valu\u00e9e, il suffit de demander ! Parmi les po\u00eales de la marque, se trouvent les rendements les plus \u00e9lev\u00e9s de la branche ! Les fabricants ont r\u00e9ussi \u00e0 atteindre avec certains mod\u00e8les pr\u00e8s de 98% de rendement ! Ce qui signifie un faible impact sur l\u2019environnement et une optimisation maximale du combustible utilis\u00e9.<\/p>\n<p style=\"text-align: left;\">Garantie : Nous vous rappelons que pour la garantie, l&rsquo;installation doit \u00eatre conforme au mode d&#8217;emploi (pr\u00e9conisation du fabricant) et doit respecter les normes en vigueur du pays, pour la France DTU 24.1 ou 24.2.<br \/>\nDe plus, comme pour tous les po\u00eales \u00e0 granul\u00e9s, les appareils sont \u00e0 r\u00e9gler en fonction du tirage naturel de l&rsquo;installation choisie.<\/p>\n<p style=\"text-align: left;\">Questions fr\u00e9quentes<br \/>\nQuelle puissance choisir ?<br \/>\nLivraison<\/p>\n<\/div>\n<\/div>\n","protected":false},"excerpt":{"rendered":"<div><\/div>\n<p id=\"product_reference\"><label>R\u00e9f\u00e9rence <\/label><br \/>\n<span class=\"editable\">GD-656DFS5H5620<\/span><\/p>\n<p id=\"product_condition\"><label>\u00c9tat : <\/label><br \/>\n<span class=\"editable\">Neuf<\/span><\/p>\n<div id=\"short_description_block\">\n<div id=\"short_description_content\" class=\"rte align_justify\">\n<ul>\n<li>Marque ORIGINE PHEBO<\/li>\n<li>Fabriqu\u00e9 en Italie<\/li>\n<li>Garantie 2 ans pi\u00e8ces<\/li>\n<li>Non \u00e9tanche : Zone 1<\/li>\n<li>EcoDesign 2022<\/li>\n<\/ul>\n<p><strong><span style=\"color: #218e53;\">D\u00e9lai de disponibilit\u00e9 : 5 \u00e0 12 jours<\/span><\/strong><\/p>\n<p><span style=\"text-decoration: underline;\"><strong>LIVRAISON GRATUITE<\/strong><\/span> (Partout en Europe)<\/p>\n<p id=\"availability_date\" style=\"display: none;\"><span id=\"availability_label\" style=\"color: #d0121a; font-weight: bold; text-transform: uppercase;\"><u>Disponible le<\/u>\u00a0:<\/span><\/p>\n<\/div>\n<\/div>\n<div class=\"gsniprev-block-16\">\n<p>&nbsp;<\/p>\n<\/div>\n","protected":false},"featured_media":10669,"comment_status":"open","ping_status":"closed","template":"","meta":[],"product_brand":[],"product_cat":[107],"product_tag":[],"class_list":{"0":"post-10424","1":"product","2":"type-product","3":"status-publish","4":"has-post-thumbnail","6":"product_cat-poeles-bois","8":"first","9":"instock","10":"purchasable","11":"product-type-simple"},"jetpack_sharing_enabled":true,"_links":{"self":[{"href":"https:\/\/troncybois.com\/index.php?rest_route=\/wp\/v2\/product\/10424","targetHints":{"allow":["GET"]}}],"collection":[{"href":"https:\/\/troncybois.com\/index.php?rest_route=\/wp\/v2\/product"}],"about":[{"href":"https:\/\/troncybois.com\/index.php?rest_route=\/wp\/v2\/types\/product"}],"replies":[{"embeddable":true,"href":"https:\/\/troncybois.com\/index.php?rest_route=%2Fwp%2Fv2%2Fcomments&post=10424"}],"version-history":[{"count":1,"href":"https:\/\/troncybois.com\/index.php?rest_route=\/wp\/v2\/product\/10424\/revisions"}],"predecessor-version":[{"id":10675,"href":"https:\/\/troncybois.com\/index.php?rest_route=\/wp\/v2\/product\/10424\/revisions\/10675"}],"wp:featuredmedia":[{"embeddable":true,"href":"https:\/\/troncybois.com\/index.php?rest_route=\/wp\/v2\/media\/10669"}],"wp:attachment":[{"href":"https:\/\/troncybois.com\/index.php?rest_route=%2Fwp%2Fv2%2Fmedia&parent=10424"}],"wp:term":[{"taxonomy":"product_brand","embeddable":true,"href":"https:\/\/troncybois.com\/index.php?rest_route=%2Fwp%2Fv2%2Fproduct_brand&post=10424"},{"taxonomy":"product_cat","embeddable":true,"href":"https:\/\/troncybois.com\/index.php?rest_route=%2Fwp%2Fv2%2Fproduct_cat&post=10424"},{"taxonomy":"product_tag","embeddable":true,"href":"https:\/\/troncybois.com\/index.php?rest_route=%2Fwp%2Fv2%2Fproduct_tag&post=10424"}],"curies":[{"name":"wp","href":"https:\/\/api.w.org\/{rel}","templated":true}]}}