{"id":10324,"date":"2023-05-30T13:51:31","date_gmt":"2023-05-30T11:51:31","guid":{"rendered":"https:\/\/antiquewhite-gerbil-448984.hostingersite.com\/?post_type=product&#038;p=10324"},"modified":"2023-05-31T16:38:51","modified_gmt":"2023-05-31T14:38:51","slug":"poele-a-bois-ventile-la-nordica-oriana-10-kw","status":"publish","type":"product","link":"https:\/\/troncybois.com\/?product=poele-a-bois-ventile-la-nordica-oriana-10-kw","title":{"rendered":"Po\u00eale \u00e0 bois ventil\u00e9 &#8211; LA NORDICA Oriana 10 kW"},"content":{"rendered":"<div class=\"row\" style=\"padding-top: 20px;\">\n<div class=\"col-xs-12 col-sm-12 col-md-12 col-lg-4\" style=\"text-align: center; padding: 15px 2px 25px 2px;\">\n<p style=\"text-align: left;\">Le po\u00eale a bois ventil\u00e9 Oriana de la marque LA NORDICA poss\u00e8de un rev\u00eatement en fonte ou en pierre ou encore en c\u00e9ramique. Avec une puissance brul\u00e9e de 9.8 kW il peut chauffer un volume pouvant aller jusqu&rsquo;\u00e0 238 m3. Ce mod\u00e8le de po\u00eale \u00e0 bois ventil\u00e9 poss\u00e8de un thermostat de s\u00e9rie qui permet d&rsquo;allumer ou d&rsquo;\u00e9teindre la ventilation ou la canalisation en fonction de la temp\u00e9rature d\u00e9finie sur le po\u00eale.<\/p>\n<p style=\"text-align: left;\">Vous aurez la possibilit\u00e9 de transformer le mod\u00e8le Oriana lors de l\u2019installation en un produit canalis\u00e9 avec une \u00e9vacuation arri\u00e8re d\u00e9di\u00e9e \u00e0 cet effet.<\/p>\n<p style=\"text-align: left;\">ATTENTION : Une configuration exclut l\u2019autre (soit mod\u00e8le canalis\u00e9 \/ soit mod\u00e8le ventil\u00e9)<\/p>\n<p style=\"text-align: left;\">Informations cl\u00e9s sur le Po\u00eale \u00e0 bois ventil\u00e9 &#8211; LA NORDICA Oriana 10 kW<br \/>\nRev\u00eatement en fonte ou en pierre naturelle ou en c\u00e9ramique<br \/>\nTiroir \u00e0 cendres amovible<br \/>\nVitroc\u00e9ramique<br \/>\nFoyer en fonte et NORDIKER<br \/>\nPorte de foyer en fonte \u00e9maill\u00e9e<br \/>\nSocle inf\u00e9rieur et poign\u00e9e en bois naturel<br \/>\nFa\u00e7ade et couvercle en fonte \u00e9maill\u00e9e<br \/>\nVentilation frontale haute et basse d\u00e9sactivable<br \/>\nThermostat Wireless<br \/>\n\u00c9cran LCD<br \/>\nRaccord pour une prise d&rsquo;air externe directement sur l&rsquo;appareil<br \/>\nTailles des b\u00fbches : 33 cm<br \/>\n\u00c9vacuation des fum\u00e9es : Sup\u00e9rieur<br \/>\nCaract\u00e9ristiques techniques du Po\u00eale \u00e0 bois ventil\u00e9 &#8211; LA NORDICA Oriana 10 kW<br \/>\nPuissance br\u00fbl\u00e9e : 9.8 kW<br \/>\nPuissance nominale : 8.3 kW<br \/>\nVolume de chauffe : 238 m3<br \/>\nRendement : 85 %<br \/>\nConsommation : 2.3 Kg\/h<br \/>\nDiam\u00e8tre sortie de fum\u00e9es : 150 mm<br \/>\nDiam\u00e8tre arriv\u00e9e d&rsquo;air : 120 mm<br \/>\nDiam\u00e8tre sortie canalisable : 100 mm<br \/>\nDimensions : L 636 x H 1313 x P 554 mm<br \/>\nDimensions du foyer : L 300 x H 400 x P 360 mm<br \/>\nPoids : 239 kg en fonte \/ 264 kg en pierre \/ 228 kg en fa\u00efence<br \/>\nClasse \u00e9nerg\u00e9tique : A+<br \/>\nSch\u00e9ma explicatif du Po\u00eale \u00e0 bois ventil\u00e9 &#8211; LA NORDICA Oriana 10 kW<\/p>\n<p style=\"text-align: left;\">Les diff\u00e9rents syst\u00e8mes du Po\u00eale \u00e0 bois ventil\u00e9 &#8211; LA NORDICA Oriana 10 kW<\/p>\n<p style=\"text-align: left;\">BBC (Prise d&rsquo;air Direct Externe) : Ce syst\u00e8me pr\u00e9l\u00e8ve l&rsquo;air frais de l&rsquo;ext\u00e9rieur pour la combustion en l&rsquo;introduisant directement dans la chambre de combustion. (Ceci n&rsquo;est pas une chambre \u00e9tanche)<\/p>\n<p style=\"text-align: left;\">Post Combustion System : Le syst\u00e8me de combustion d\u00e9velopp\u00e9 par La Nordica-Extraflame permet, gr\u00e2ce \u00e0 un syst\u00e8me d\u2019air secondaire\/tertiaire, une postcombustion en mesure de r\u00e9duire drastiquement les \u00e9missions et donc de respecter les norme europ\u00e9ennes les plus s\u00e9v\u00e8res.<\/p>\n<p style=\"text-align: left;\">CGC (Clean Glass Control) : Ce syst\u00e8me qui gr\u00e2ce \u00e0 un parcours sp\u00e9cifique d&rsquo;air pr\u00e9chauff\u00e9 \u00e9vite efficacement l&rsquo;encrassement de la vitre du foyer, son entretien est ainsi facilit\u00e9.<\/p>\n<p style=\"text-align: left;\">RDT (Resistant Door at the Time) : Les portes des produits, r\u00e9alis\u00e9es en fonte de qualit\u00e9 \u00e9lev\u00e9e, sont inalt\u00e9rables dans le temps et garantissent une \u00e9tanch\u00e9it\u00e9 constante.<\/p>\n<p style=\"text-align: left;\">NORDIKER : Pour la r\u00e9alisation des parties r\u00e9fractaires, la marque La Nordica a brevet\u00e9 ce mat\u00e9riau ultra r\u00e9sistant pouvant r\u00e9sister \u00e0 des temp\u00e9ratures de combustion tr\u00e8s \u00e9lev\u00e9s. La couleur claire du mat\u00e9riau intensifie la luminosit\u00e9 de la flamme et offre une simplicit\u00e9 d&rsquo;entretien.<\/p>\n<p style=\"text-align: left;\">PRS (Syst\u00e8me radiant) : Syst\u00e8me \u00e9changeur \u00e0 haute efficacit\u00e9 qui assure une transmission de chaleur \u00e0 l\u2019air ambiant.<\/p>\n<p style=\"text-align: left;\">A propos du fabricant : En innovation constante sur ses produits, la marque La Nordica est distribu\u00e9 dans plus de 50 pays \u00e0 travers le monde. Depuis 1968, elle propose une large gamme de produits de qualit\u00e9 made in Italy.<\/p>\n<p style=\"text-align: left;\">Garantie : Nous vous rappelons que pour la garantie, l&rsquo;installation doit \u00eatre conforme au mode d&#8217;emploi (pr\u00e9conisation du fabricant) et doit respecter les normes en vigueur du pays, pour la France DTU 24.1 ou 24.2.<br \/>\nDe plus, comme pour tous les po\u00eales \u00e0 granul\u00e9s, les appareils sont \u00e0 r\u00e9gler en fonction du tirage naturel de l&rsquo;installation choisie.<\/p>\n<p style=\"text-align: left;\">Les r\u00e9glages et la mise en service de ce produit doivent \u00eatre effectu\u00e9s par un professionnel agr\u00e9\u00e9 CAT La Nordica-Extraflame, le listing se trouve ici : https:\/\/www.lanordica-extraflame.com\/fr\/cat\/services-apres-vente.<br \/>\nPensez \u00e0 v\u00e9rifier la disponibilit\u00e9 d&rsquo;un professionnel pr\u00e8s de chez vous.<\/p>\n<p style=\"text-align: left;\">Questions fr\u00e9quentes<br \/>\nQuelle puissance choisir ?<br \/>\nLivraison<\/p>\n<\/div>\n<\/div>\n","protected":false},"excerpt":{"rendered":"<div><\/div>\n<p id=\"product_reference\"><label>R\u00e9f\u00e9rence <\/label><br \/>\n<span class=\"editable\">HGFSD56FD-GFDS<\/span><\/p>\n<p id=\"product_condition\"><label>\u00c9tat : <\/label><br \/>\n<span class=\"editable\">Neuf<\/span><\/p>\n<p id=\"product_ean13\"><label>Ean13: <\/label><br \/>\n8022724000144<\/p>\n<div id=\"short_description_block\">\n<div id=\"short_description_content\" class=\"rte align_justify\">\n<ul>\n<li>Marque LA NORDICA<\/li>\n<li>Fabriqu\u00e9 en Italie<\/li>\n<li>Garantie 2 ans pi\u00e8ces<\/li>\n<li>Flamme Verte<\/li>\n<li>EcoDesign 2022<\/li>\n<li>Non \u00e9tanche : Zone 1<\/li>\n<\/ul>\n<p><strong><span style=\"color: #218e53;\">D\u00e9lai de disponibilit\u00e9 : 5 \u00e0 12 jours<\/span><\/strong><\/p>\n<p><span style=\"text-decoration: underline;\"><strong>LIVRAISON GRATUITE<\/strong><\/span> (Partout en Europe)<\/p>\n<\/div>\n<\/div>\n<div class=\"gsniprev-block-16\">\n<p>&nbsp;<\/p>\n<\/div>\n","protected":false},"featured_media":10483,"comment_status":"open","ping_status":"closed","template":"","meta":[],"product_brand":[],"product_cat":[107],"product_tag":[],"class_list":{"0":"post-10324","1":"product","2":"type-product","3":"status-publish","4":"has-post-thumbnail","6":"product_cat-poeles-bois","8":"first","9":"instock","10":"purchasable","11":"product-type-simple"},"jetpack_sharing_enabled":true,"_links":{"self":[{"href":"https:\/\/troncybois.com\/index.php?rest_route=\/wp\/v2\/product\/10324","targetHints":{"allow":["GET"]}}],"collection":[{"href":"https:\/\/troncybois.com\/index.php?rest_route=\/wp\/v2\/product"}],"about":[{"href":"https:\/\/troncybois.com\/index.php?rest_route=\/wp\/v2\/types\/product"}],"replies":[{"embeddable":true,"href":"https:\/\/troncybois.com\/index.php?rest_route=%2Fwp%2Fv2%2Fcomments&post=10324"}],"version-history":[{"count":1,"href":"https:\/\/troncybois.com\/index.php?rest_route=\/wp\/v2\/product\/10324\/revisions"}],"predecessor-version":[{"id":10496,"href":"https:\/\/troncybois.com\/index.php?rest_route=\/wp\/v2\/product\/10324\/revisions\/10496"}],"wp:featuredmedia":[{"embeddable":true,"href":"https:\/\/troncybois.com\/index.php?rest_route=\/wp\/v2\/media\/10483"}],"wp:attachment":[{"href":"https:\/\/troncybois.com\/index.php?rest_route=%2Fwp%2Fv2%2Fmedia&parent=10324"}],"wp:term":[{"taxonomy":"product_brand","embeddable":true,"href":"https:\/\/troncybois.com\/index.php?rest_route=%2Fwp%2Fv2%2Fproduct_brand&post=10324"},{"taxonomy":"product_cat","embeddable":true,"href":"https:\/\/troncybois.com\/index.php?rest_route=%2Fwp%2Fv2%2Fproduct_cat&post=10324"},{"taxonomy":"product_tag","embeddable":true,"href":"https:\/\/troncybois.com\/index.php?rest_route=%2Fwp%2Fv2%2Fproduct_tag&post=10324"}],"curies":[{"name":"wp","href":"https:\/\/api.w.org\/{rel}","templated":true}]}}