{"id":10317,"date":"2023-05-30T13:51:29","date_gmt":"2023-05-30T11:51:29","guid":{"rendered":"https:\/\/antiquewhite-gerbil-448984.hostingersite.com\/?post_type=product&#038;p=10317"},"modified":"2023-05-31T16:38:54","modified_gmt":"2023-05-31T14:38:54","slug":"poele-a-bois-mixte-de-masse-la-valmarecchia-v100sl","status":"publish","type":"product","link":"https:\/\/troncybois.com\/?product=poele-a-bois-mixte-de-masse-la-valmarecchia-v100sl","title":{"rendered":"Po\u00eale \u00e0 bois mixte de masse &#8211; LA VALMARECCHIA V100SL"},"content":{"rendered":"<div class=\"row\" style=\"padding-top: 20px;\">\n<div class=\"col-xs-12 col-sm-12 col-md-12 col-lg-4\" style=\"text-align: center; padding: 15px 2px 25px 2px;\">\n<p style=\"text-align: left;\">Le po\u00eale \u00e0 bois mixte de masse en pierre V100S de la marque LA VALMARECCHIA est capable de chauffer un volume d&rsquo;environ 230 m3. Avec le mod\u00e8le V100SL, vous aurez la possibilit\u00e9 d&rsquo;utiliser du bois b\u00fbche mais aussi des granul\u00e9s de bois sans avoir besoin de modifier quoi que ce soit dans la chambre de combustion.<\/p>\n<p style=\"text-align: left;\">En 24 heures, avec seulement 2 recharges, profitez d&rsquo;une chaleur saine et confortable que seul ce type de po\u00eale peut vous procurer. Il poss\u00e8de un excellent rendement de 86% pour une puissance nominale de 21 kW. Le rev\u00eatement de ce mod\u00e8le de po\u00eale \u00e0 bois mixte de masse est fait en pierre naturelle.<\/p>\n<p style=\"text-align: left;\">Informations cl\u00e9s du Po\u00eale \u00e0 bois mixte de masse &#8211; LA VALMARECCHIA V100SL 21 kW<br \/>\nRev\u00eatement en c\u00e9ramique<br \/>\nFoyer en acier inox \u00e9pais<br \/>\nStructure en acier peint<br \/>\nAir primaire r\u00e9glable<br \/>\nEnviron 12 heures de chaleur continue apr\u00e8s l&rsquo;extinction du feu<br \/>\nCombustible : Bois b\u00fbches ou granul\u00e9s de bois<br \/>\nTaille des b\u00fbches : 35 cm<br \/>\n\u00c9vacuation des fum\u00e9es : Sup\u00e9rieur<br \/>\nDescription technique du Po\u00eale \u00e0 bois mixte de masse &#8211; LA VALMARECCHIA V100SL 21 kW<br \/>\nPuissance nominale : 21.1 kW<br \/>\nRendement : 86 %<br \/>\nVolume de chauffe : 230 m3<br \/>\nQuantit\u00e9 de bois premi\u00e8re charge : 5 \u00e0 6 kg<br \/>\nQuantit\u00e9 de bois deuxi\u00e8me charge : 2 \u00e0 3 kg<br \/>\nPoids : 400 kg<br \/>\nDiam\u00e8tre des sorties des fum\u00e9es : mm<br \/>\nDimensions : L 660 x H 1315 x P 660 mm<br \/>\nDimensions du foyer : L x H X P mm<br \/>\nClasse \u00e9nerg\u00e9tique :<br \/>\nDistance minimale des surfaces inflammables : c\u00f4t\u00e9 25cm \/ arri\u00e8re 25cm \/ avant 50cm<br \/>\nSch\u00e9ma explicatif du Po\u00eale \u00e0 bois de masse mixte &#8211; LA VALMARECCHIA V100SL 21 kW<\/p>\n<p style=\"text-align: left;\">\u00c0 propos du fournisseur : Les po\u00eales de masse de la marque La Valmarecchia produisent une chaleur douce et uniforme dans tout votre logement. Ces po\u00eales de masse, ont la particularit\u00e9 d&rsquo;\u00eatre vraiment tr\u00e8s peu gourmand en combustible afin de d\u00e9gager une chaleur continue pendant 12 heures cons\u00e9cutives ! De quoi faire de grandes \u00e9conomies de combustible et d&rsquo;aller votre budget chauffage.<\/p>\n<p style=\"text-align: left;\">Garantie : Nous vous rappelons que pour la garantie, l&rsquo;installation doit \u00eatre conforme au mode d&#8217;emploi (pr\u00e9conisation du fabricant) et doit respecter les normes en vigueur du pays, pour la France DTU 24.1 ou 24.2.<br \/>\nDe plus, comme pour tous les po\u00eales \u00e0 granul\u00e9s, les appareils sont \u00e0 r\u00e9gler en fonction du tirage naturel de l&rsquo;installation choisie.<\/p>\n<p style=\"text-align: left;\">Questions fr\u00e9quentes<br \/>\nQuelle puissance choisir ?<br \/>\nLivraison<\/p>\n<\/div>\n<\/div>\n","protected":false},"excerpt":{"rendered":"<div><\/div>\n<p id=\"product_reference\"><label>R\u00e9f\u00e9rence <\/label><br \/>\n<span class=\"editable\">NHFD5D-FDHGXC<\/span><\/p>\n<p id=\"product_condition\"><label>\u00c9tat : <\/label><br \/>\n<span class=\"editable\">Neuf<\/span><\/p>\n<div id=\"short_description_block\">\n<div id=\"short_description_content\" class=\"rte align_justify\">\n<ul>\n<li>Marque LA VALMARECCHIA<\/li>\n<li>Garantie 5 ans<\/li>\n<li>Fabriqu\u00e9 en Italie<\/li>\n<li>Non \u00e9tanche: Zone 1<\/li>\n<li>EcoDesign 2022<\/li>\n<li>Certifi\u00e9 UNI EN 15250:2007<\/li>\n<\/ul>\n<p><strong><span style=\"color: #218e53;\">D\u00e9lai de disponibilit\u00e9 : 5 \u00e0 12 jours<\/span><\/strong><\/p>\n<p><span style=\"text-decoration: underline;\"><strong>LIVRAISON GRATUITE<\/strong><\/span> (Partout en Europe)<\/p>\n<\/div>\n<\/div>\n","protected":false},"featured_media":10413,"comment_status":"open","ping_status":"closed","template":"","meta":[],"product_brand":[],"product_cat":[107],"product_tag":[],"class_list":{"0":"post-10317","1":"product","2":"type-product","3":"status-publish","4":"has-post-thumbnail","6":"product_cat-poeles-bois","8":"first","9":"instock","10":"purchasable","11":"product-type-simple"},"jetpack_sharing_enabled":true,"_links":{"self":[{"href":"https:\/\/troncybois.com\/index.php?rest_route=\/wp\/v2\/product\/10317","targetHints":{"allow":["GET"]}}],"collection":[{"href":"https:\/\/troncybois.com\/index.php?rest_route=\/wp\/v2\/product"}],"about":[{"href":"https:\/\/troncybois.com\/index.php?rest_route=\/wp\/v2\/types\/product"}],"replies":[{"embeddable":true,"href":"https:\/\/troncybois.com\/index.php?rest_route=%2Fwp%2Fv2%2Fcomments&post=10317"}],"version-history":[{"count":1,"href":"https:\/\/troncybois.com\/index.php?rest_route=\/wp\/v2\/product\/10317\/revisions"}],"predecessor-version":[{"id":10417,"href":"https:\/\/troncybois.com\/index.php?rest_route=\/wp\/v2\/product\/10317\/revisions\/10417"}],"wp:featuredmedia":[{"embeddable":true,"href":"https:\/\/troncybois.com\/index.php?rest_route=\/wp\/v2\/media\/10413"}],"wp:attachment":[{"href":"https:\/\/troncybois.com\/index.php?rest_route=%2Fwp%2Fv2%2Fmedia&parent=10317"}],"wp:term":[{"taxonomy":"product_brand","embeddable":true,"href":"https:\/\/troncybois.com\/index.php?rest_route=%2Fwp%2Fv2%2Fproduct_brand&post=10317"},{"taxonomy":"product_cat","embeddable":true,"href":"https:\/\/troncybois.com\/index.php?rest_route=%2Fwp%2Fv2%2Fproduct_cat&post=10317"},{"taxonomy":"product_tag","embeddable":true,"href":"https:\/\/troncybois.com\/index.php?rest_route=%2Fwp%2Fv2%2Fproduct_tag&post=10317"}],"curies":[{"name":"wp","href":"https:\/\/api.w.org\/{rel}","templated":true}]}}