{"id":10025,"date":"2023-05-30T13:23:53","date_gmt":"2023-05-30T11:23:53","guid":{"rendered":"https:\/\/antiquewhite-gerbil-448984.hostingersite.com\/?post_type=product&#038;p=10025"},"modified":"2024-05-30T22:06:33","modified_gmt":"2024-05-30T20:06:33","slug":"chaudiere-a-granules-evacalor-ev34-34-kw","status":"publish","type":"product","link":"https:\/\/troncybois.com\/?product=chaudiere-a-granules-evacalor-ev34-34-kw","title":{"rendered":"Chaudi\u00e8re \u00e0 granul\u00e9s &#8211; EVACALOR EV34 34 KW"},"content":{"rendered":"<div class=\"fiche-produit\">\n<h4 class=\"titolo_h4 brevetesto_scheda_prodotto\">CHAUDI\u00c8RE CLASSE 5<\/h4>\n<p>Double porte<br \/>\nR\u00e9serve de pellet de 90 kg<br \/>\n5 puissances de fonctionnement<br \/>\nAfficheur avec menu dans 6 langues<br \/>\nFoyer autonettoyant<br \/>\nSyst\u00e8me d\u2019acheminement du pellet qui n\u2019a pas br\u00fbl\u00e9<br \/>\nNettoyage automatique de l\u2019Eco-box<br \/>\nNettoyage automatique des turbulateurs<br \/>\nFonctionnement continu du moteur de la vis sans fin pour un silence maximal<br \/>\nTiroir des cendres amovible pour la r\u00e9cup\u00e9ration des cendres dans un<br \/>\ncompartiment s\u00e9par\u00e9<br \/>\nIsolation haut rendement<br \/>\nEntretien minimis\u00e9<br \/>\nT\u00e9l\u00e9commande fournie<br \/>\nThermostat de s\u00e9curit\u00e9<br \/>\nPr\u00e9disposition pour thermostat ext\u00e9rieur<br \/>\nDouble pressostat de s\u00e9curit\u00e9<br \/>\nTransducteur de pression pour l\u2019eau<br \/>\nChronothermostat<br \/>\nPompe de circulation<br \/>\nVase d\u2019expansion<br \/>\nVanne de s\u00e9curit\u00e9<br \/>\nVanne trois voies et \u00e9changeur \u00e0 plaques\u00a0(EV 34 ACS)<\/p>\n<p style=\"text-align: center;\"><strong>Puissance brul\u00e9: max 34 kW \u2013 min 9,5 kW<\/strong><br \/>\n<strong>Puissance a l\u2019eau: max 31,5 kW \u2013 min 8,5 kW<\/strong><br \/>\n<strong>Classe d\u2019Efficacit\u00e9 \u00c9nerg\u00e9tique: A+<\/strong><br \/>\n<strong>Rendement: Pmax 94,5% \u2013 Pmin 91,5% (\u00e0 l&rsquo;eau)<\/strong><br \/>\n<strong>CO \u00e9missions \u00e0 13% O2: Pmax 0,005% \u2013 Pmin 0,004%<\/strong><br \/>\n<strong>Consommation de pellets: max 7,14 kg\/h \u2013 min 1,97 kg\/h<\/strong><br \/>\n<strong>Capacit\u00e9 du r\u00e9servoir: 90 kg<\/strong><br \/>\n<strong>Volume de chauffe: 450 \u2013 850 mc<\/strong><br \/>\n<strong>Distance minimale des surfaces inflammables: c\u00f4t\u00e9: 25 cm &#8211; arri\u00e8re: 25 cm &#8211; avant: 100 cm<\/strong><br \/>\n<strong>Tension \/ Fr\u00e9quence: 230 V \/ 50 Hz<\/strong><br \/>\n<strong>Puissance nominale \u00e9lectrique: 400 W<\/strong><br \/>\n<strong>Mesures: L 81,7 x P 73,7 x H 141,9 cm<\/strong><br \/>\n<strong>Poid: 350 kg<\/strong><br \/>\n<strong>Chambre de combustion en acier<\/strong><br \/>\n<strong>Foyer autonettoyant<\/strong><br \/>\n<strong>Est conforme aux: EN 303-5:2012 &#8211; BImSchV II &#8211; 15a B-VG &#8211; LRV\/VKF &#8211; BAFA<\/strong><br \/>\n<strong>T\u00e9l\u00e9commande: Inclus<\/strong><br \/>\n<strong>Tiroir amovible pour la r\u00e9cup\u00e9ration des cendres<\/strong><br \/>\n<strong>\u00c9vacuation des fum\u00e9es: Arri\u00e8re<\/strong><br \/>\n<strong>Brasero avec nettoyage automatique<\/strong><br \/>\n<strong>Nettoyage automatique eco-box<\/strong><br \/>\n<strong>Nettoyage \u00e9changeurs automatique<\/strong><br \/>\n<strong>Eau chaudi\u00e8res: 40 litres<\/strong><br \/>\n<strong>Kit d\u2019eau chaude sanitaire: Option<\/strong><br \/>\n<strong>Module WIFI pour la t\u00e9l\u00e9commande: Option<\/strong><br \/>\n<strong>Chauffe-eau: Option<\/strong><\/p>\n<p style=\"text-align: center;\"><img decoding=\"async\" class=\"imageFloatLeft\" src=\"https:\/\/cdn1.poelediscount.com\/2524-thickbox_default\/chaudiere-a-granules-evacalor-ev34-34-kw.jpg\" alt=\"\" \/><\/p>\n<\/div>\n<p>&nbsp;<\/p>\n<div>\n<p><strong><u>Garantie<\/u>\u00a0:\u00a0<\/strong>Nous vous rappelons que pour la garantie, l&rsquo;installation doit \u00eatre conforme au mode d&#8217;emploi (pr\u00e9conisation du fabricant) et doit respecter les normes en vigueur du pays, pour la France DTU 24.1 ou 24.2.<br \/>\nDe plus, comme pour tous les po\u00eales \u00e0 granul\u00e9s, les appareils sont \u00e0 r\u00e9gler en fonction du tirage naturel de l&rsquo;installation choisie.<\/p>\n<\/div>\n<div class=\"row\" style=\"padding-top: 20px;\">\n<div class=\"col-xs-12 col-sm-12 col-md-12 col-lg-4\" style=\"text-align: center; padding: 15px 2px 25px 2px;\">Questions fr\u00e9quentes<\/div>\n<div class=\"col-xs-12 col-sm-12 col-md-12 col-lg-4\" style=\"text-align: center; padding: 15px 2px 25px 2px;\">Quelle puissance choisir ?<\/div>\n<div class=\"col-xs-12 col-sm-12 col-md-12 col-lg-4\" style=\"text-align: center; padding: 15px 2px 25px 2px;\">Livraison<\/div>\n<\/div>\n","protected":false},"excerpt":{"rendered":"<p id=\"product_reference\"><label>R\u00e9f\u00e9rence <\/label><br \/>\n<span class=\"editable\">098765467<\/span><\/p>\n<p id=\"product_condition\"><label>\u00c9tat : <\/label><br \/>\n<span class=\"editable\">Neuf<\/span><\/p>\n<p id=\"product_ean13\"><label>Ean13: <\/label><br \/>\n8029728009142<\/p>\n<div id=\"short_description_block\">\n<div id=\"short_description_content\" class=\"rte align_justify\">\n<div id=\"short_description_content\" class=\"rte align_justify\">\n<div class=\"rte align_justify\">\n<p>Chaudi\u00e8re \u00e0 granul\u00e9s EVACALOR EV34 34 KW<\/p>\n<p><strong><strong>Garantie : 2 ans pi\u00e8ces<\/strong><\/strong><\/p>\n<p><strong><span style=\"color: #218e53;\">D\u00e9lai de livraison : 5 \u00e0 12 jours ouvr\u00e9s<\/span> <\/strong><\/p>\n<p><span style=\"text-decoration: underline;\"><strong>LIVRAISON GRATUITE<\/strong><\/span> (Partout en Europe)<\/p>\n<\/div>\n<\/div>\n<\/div>\n<\/div>\n<div class=\"attribute_list\">\n<div id=\"uniform-group_6\" class=\"selector\" style=\"width: 191.667px;\"><\/div>\n<\/div>\n<p><!-- end attribute_list --><\/p>\n","protected":false},"featured_media":10222,"comment_status":"open","ping_status":"closed","template":"","meta":[],"product_brand":[],"product_cat":[98,99],"product_tag":[],"class_list":{"0":"post-10025","1":"product","2":"type-product","3":"status-publish","4":"has-post-thumbnail","6":"product_cat-chaudieres","7":"product_cat-chaudieres-a-granules","9":"first","10":"instock","11":"sale","12":"purchasable","13":"product-type-simple"},"jetpack_sharing_enabled":true,"_links":{"self":[{"href":"https:\/\/troncybois.com\/index.php?rest_route=\/wp\/v2\/product\/10025","targetHints":{"allow":["GET"]}}],"collection":[{"href":"https:\/\/troncybois.com\/index.php?rest_route=\/wp\/v2\/product"}],"about":[{"href":"https:\/\/troncybois.com\/index.php?rest_route=\/wp\/v2\/types\/product"}],"replies":[{"embeddable":true,"href":"https:\/\/troncybois.com\/index.php?rest_route=%2Fwp%2Fv2%2Fcomments&post=10025"}],"version-history":[{"count":1,"href":"https:\/\/troncybois.com\/index.php?rest_route=\/wp\/v2\/product\/10025\/revisions"}],"predecessor-version":[{"id":10232,"href":"https:\/\/troncybois.com\/index.php?rest_route=\/wp\/v2\/product\/10025\/revisions\/10232"}],"wp:featuredmedia":[{"embeddable":true,"href":"https:\/\/troncybois.com\/index.php?rest_route=\/wp\/v2\/media\/10222"}],"wp:attachment":[{"href":"https:\/\/troncybois.com\/index.php?rest_route=%2Fwp%2Fv2%2Fmedia&parent=10025"}],"wp:term":[{"taxonomy":"product_brand","embeddable":true,"href":"https:\/\/troncybois.com\/index.php?rest_route=%2Fwp%2Fv2%2Fproduct_brand&post=10025"},{"taxonomy":"product_cat","embeddable":true,"href":"https:\/\/troncybois.com\/index.php?rest_route=%2Fwp%2Fv2%2Fproduct_cat&post=10025"},{"taxonomy":"product_tag","embeddable":true,"href":"https:\/\/troncybois.com\/index.php?rest_route=%2Fwp%2Fv2%2Fproduct_tag&post=10025"}],"curies":[{"name":"wp","href":"https:\/\/api.w.org\/{rel}","templated":true}]}}