{"id":10023,"date":"2023-05-30T13:23:52","date_gmt":"2023-05-30T11:23:52","guid":{"rendered":"https:\/\/antiquewhite-gerbil-448984.hostingersite.com\/?post_type=product&#038;p=10023"},"modified":"2024-05-30T22:09:16","modified_gmt":"2024-05-30T20:09:16","slug":"chaudiere-a-granules-evacalor-ev50-45-kw","status":"publish","type":"product","link":"https:\/\/troncybois.com\/?product=chaudiere-a-granules-evacalor-ev50-45-kw","title":{"rendered":"Chaudi\u00e8re \u00e0 granul\u00e9s &#8211; EVACALOR EV50 45 kW"},"content":{"rendered":"<div class=\"fiche-produit\">\n<p><strong>La chaudi\u00e8re \u00e0 granul\u00e9s EV50<\/strong> de la marque <strong>EVA CALOR<\/strong> vous offrira la possibilit\u00e9 de chauffer toute votre maison en la reliant \u00e0 votre syst\u00e8me de chauffage central.<\/p>\n<p>Comme une chaudi\u00e8re \u00e0 fioul ou \u00e0 gaz, la<strong> chaudi\u00e8re \u00e0 granul\u00e9s<\/strong> vous offre la possibilit\u00e9 de chauffer votre eau sanitaire, tout en profitant du bien \u00eatre de la flamme. N\u00e9anmoins, le syst\u00e8me ECS reste g\u00e9n\u00e9ralement une option qu&rsquo;il faut ajouter en compl\u00e9ment de l&rsquo;appareil. La combustion des granul\u00e9s de bois, produit de la chaleur qui est r\u00e9cup\u00e9r\u00e9e par un \u00e9changeur de chaleur et transmise \u00e0 l&rsquo;eau. Cette eau est mise en circulation par une pompe et dirig\u00e9e vers les radiateurs ou planchers chauffants.<\/p>\n<p>Avec une puissance rendue \u00e0 l&rsquo;eau comprise entre 11 et 41 kW, cette <strong>chaudi\u00e8re \u00e0 pellets<\/strong> est un appareil de chauffage performant et pourra chauffer un volume pouvant atteindre les 1250 m3.<\/p>\n<h2>Informations cl\u00e9s sur la Chaudi\u00e8re \u00e0 granul\u00e9s &#8211; EVA CALOR EV50 45 kW<\/h2>\n<ul>\n<li>Rev\u00eatement en acier<\/li>\n<li>Chambre de combustion en acier<\/li>\n<li>Brasier en acier<\/li>\n<li>Double porte<\/li>\n<li>Nettoyage automatique des \u00e9changeurs<\/li>\n<li>5 puissances de fonctionnement<\/li>\n<li>Syst\u00e8me d\u2019acheminement du pellet imbr\u00fbl\u00e9<\/li>\n<li>Fonctionnement continu du moteur de la vis sans fin pour un silence maximum<\/li>\n<li>Thermostat de s\u00e9curit\u00e9<\/li>\n<li>Double pressostat de s\u00e9curit\u00e9<\/li>\n<li>Pr\u00e9disposition pour le thermostat ext\u00e9rieur<\/li>\n<li>Transducteur de pression pour l\u2019eau<\/li>\n<li>Chrono-thermostat<\/li>\n<li>Pompe de circulation<\/li>\n<li>Vase d\u2019expansion et vanne de s\u00e9curit\u00e9<\/li>\n<li>\u00c9vacuation des fum\u00e9es : Arri\u00e8re<\/li>\n<li>T\u00e9l\u00e9commande\u00a0: OPTION<\/li>\n<li>Module WIFI\u00a0: OPTION<\/li>\n<\/ul>\n<h2>Caract\u00e9ristiques techniques de la Chaudi\u00e8re \u00e0 granul\u00e9s &#8211; EVA CALOR EV50 45 kW<\/h2>\n<ul>\n<li>Puissance rendue \u00e0 l&rsquo;eau : Pmin 11.4 \/ Pmax 41.8 kW<\/li>\n<li>Puissance br\u00fbl\u00e9e : Pmin 12 \/ Pmax 45.5 kW<\/li>\n<li>Volume de chauffe : 1250 m3<\/li>\n<li>Dimensions : L 817 x H 1419 x P 737 mm<\/li>\n<li>Poids : 318 kg<\/li>\n<li>Rendement : min 92 \/ max 95.3 %<\/li>\n<li>Consommation : de 2.5 \u00e0 9.4 kg\/h<\/li>\n<li>Diam\u00e8tre sortie de fum\u00e9es : 100 mm<\/li>\n<li>Capacit\u00e9 du r\u00e9servoir : 85 kg<\/li>\n<li>Capacit\u00e9 du r\u00e9servoir d&rsquo;eau : 40 L<\/li>\n<li>Classe \u00e9nerg\u00e9tique : A+<\/li>\n<li>Tension \/ Fr\u00e9quence: 230 V \/ 50 Hz<\/li>\n<li>Distance minimale des surfaces inflammables: c\u00f4t\u00e9 25cm \/ arri\u00e8re 25cm \/ avant 100cm<\/li>\n<\/ul>\n<h3>Sch\u00e9ma technique de la Chaudi\u00e8re \u00e0 granul\u00e9s &#8211; EVA CALOR EV50 45 kW<\/h3>\n<div><img fetchpriority=\"high\" decoding=\"async\" src=\"https:\/\/www.poelediscount.com\/img\/cms\/Sch%C3%A9ma%20technique\/CHAUDIERES\/EV50%2050%20kW.png\" alt=\"Technique EV50\" width=\"1013\" height=\"507\" \/><\/div>\n<h3>Sch\u00e9ma explicatif (non fonctionnel) de la Chaudi\u00e8re \u00e0 pellets &#8211; EVA CALOR EV50 45 kW<\/h3>\n<p><img decoding=\"async\" src=\"https:\/\/www.poelediscount.com\/img\/cms\/Sch%C3%A9ma%20technique\/CHAUDIERES\/Sch%C3%A9ma%20de%20base%20HYDRO.png\" alt=\"Sch\u00e9ma non fonctionnel\" width=\"759\" height=\"537\" \/><\/p>\n<h3>Les diff\u00e9rents syst\u00e8mes d<strong>e la <\/strong>Chaudi\u00e8re \u00e0 granul\u00e9s &#8211; EVA CALOR EV50 45 kW<\/h3>\n<p><span style=\"text-decoration: underline;\">ECODESIGN 2022<\/span> : Ce produit r\u00e9pond aux crit\u00e8res du label EcoDesign 2022 qui \u00e9tablit les normes d&rsquo;un projet \u00e9co-compatible, ses m\u00e9thodes de calculs et d&rsquo;\u00e9valuation dans le but de r\u00e9duire les \u00e9missions dans l&rsquo;atmosph\u00e8re.<\/p>\n<p><strong>\u00c0 propos du fabricant : Eva calor<\/strong> est une entreprise italienne sp\u00e9cialis\u00e9e dans la confection de produits de chauffage domestique. Elle propose une large gamme de po\u00eales \u00e0 granul\u00e9s, inserts \u00e0 pellets et chaudi\u00e8res. \u00c9cologiquement responsable<strong>, Eva Calor<\/strong> fait subir de tests et de contr\u00f4les \u00e0 ses produits afin de garantir la fiabilit\u00e9 et la s\u00e9curit\u00e9.<\/p>\n<\/div>\n<p>&nbsp;<\/p>\n<div>\n<p><strong><u>Garantie<\/u>\u00a0:\u00a0<\/strong>Nous vous rappelons que pour la garantie, l&rsquo;installation doit \u00eatre conforme au mode d&#8217;emploi (pr\u00e9conisation du fabricant) et doit respecter les normes en vigueur du pays, pour la France DTU 24.1 ou 24.2.<br \/>\nDe plus, comme pour tous les po\u00eales \u00e0 granul\u00e9s, les appareils sont \u00e0 r\u00e9gler en fonction du tirage naturel de l&rsquo;installation choisie.<\/p>\n<\/div>\n<div class=\"row\" style=\"padding-top: 20px;\">\n<div class=\"col-xs-12 col-sm-12 col-md-12 col-lg-4\" style=\"text-align: center; padding: 15px 2px 25px 2px;\">Questions fr\u00e9quentes<\/div>\n<div class=\"col-xs-12 col-sm-12 col-md-12 col-lg-4\" style=\"text-align: center; padding: 15px 2px 25px 2px;\">Quelle puissance choisir ?<\/div>\n<div class=\"col-xs-12 col-sm-12 col-md-12 col-lg-4\" style=\"text-align: center; padding: 15px 2px 25px 2px;\">Livraison<\/div>\n<\/div>\n","protected":false},"excerpt":{"rendered":"<div><\/div>\n<p id=\"product_reference\"><label>R\u00e9f\u00e9rence <\/label><br \/>\n<span class=\"editable\">564768908<\/span><\/p>\n<p id=\"product_condition\"><label>\u00c9tat : <\/label><br \/>\n<span class=\"editable\">Neuf<\/span><\/p>\n<p id=\"product_ean13\"><label>Ean13: <\/label><br \/>\n8029728017673<\/p>\n<div id=\"short_description_block\">\n<div id=\"short_description_content\" class=\"rte align_justify\">\n<ul>\n<li>Marque EVA CALOR<\/li>\n<li>Garantie 2 en pi\u00e8ces<\/li>\n<li>Fabriqu\u00e9 en Italie<\/li>\n<li>Non \u00e9tanche : Zone 1<\/li>\n<li>EcoDesign 2022<\/li>\n<\/ul>\n<p><strong><span style=\"color: #218e53;\">D\u00e9lai de livraison : 5 \u00e0 12 jours ouvr\u00e9s<\/span> <\/strong><\/p>\n<p><span style=\"text-decoration: underline;\"><strong>LIVRAISON GRATUITE<\/strong><\/span> (Partout en Europe)<\/p>\n<\/div>\n<\/div>\n<div class=\"attribute_list\">\n<div id=\"uniform-group_6\" class=\"selector\" style=\"width: 191.667px;\"><\/div>\n<\/div>\n<p><!-- end attribute_list --><\/p>\n","protected":false},"featured_media":10211,"comment_status":"open","ping_status":"closed","template":"","meta":[],"product_brand":[],"product_cat":[98,99],"product_tag":[],"class_list":{"0":"post-10023","1":"product","2":"type-product","3":"status-publish","4":"has-post-thumbnail","6":"product_cat-chaudieres","7":"product_cat-chaudieres-a-granules","9":"first","10":"instock","11":"sale","12":"purchasable","13":"product-type-simple"},"jetpack_sharing_enabled":true,"_links":{"self":[{"href":"https:\/\/troncybois.com\/index.php?rest_route=\/wp\/v2\/product\/10023","targetHints":{"allow":["GET"]}}],"collection":[{"href":"https:\/\/troncybois.com\/index.php?rest_route=\/wp\/v2\/product"}],"about":[{"href":"https:\/\/troncybois.com\/index.php?rest_route=\/wp\/v2\/types\/product"}],"replies":[{"embeddable":true,"href":"https:\/\/troncybois.com\/index.php?rest_route=%2Fwp%2Fv2%2Fcomments&post=10023"}],"version-history":[{"count":1,"href":"https:\/\/troncybois.com\/index.php?rest_route=\/wp\/v2\/product\/10023\/revisions"}],"predecessor-version":[{"id":10216,"href":"https:\/\/troncybois.com\/index.php?rest_route=\/wp\/v2\/product\/10023\/revisions\/10216"}],"wp:featuredmedia":[{"embeddable":true,"href":"https:\/\/troncybois.com\/index.php?rest_route=\/wp\/v2\/media\/10211"}],"wp:attachment":[{"href":"https:\/\/troncybois.com\/index.php?rest_route=%2Fwp%2Fv2%2Fmedia&parent=10023"}],"wp:term":[{"taxonomy":"product_brand","embeddable":true,"href":"https:\/\/troncybois.com\/index.php?rest_route=%2Fwp%2Fv2%2Fproduct_brand&post=10023"},{"taxonomy":"product_cat","embeddable":true,"href":"https:\/\/troncybois.com\/index.php?rest_route=%2Fwp%2Fv2%2Fproduct_cat&post=10023"},{"taxonomy":"product_tag","embeddable":true,"href":"https:\/\/troncybois.com\/index.php?rest_route=%2Fwp%2Fv2%2Fproduct_tag&post=10023"}],"curies":[{"name":"wp","href":"https:\/\/api.w.org\/{rel}","templated":true}]}}