{"id":10016,"date":"2023-05-30T13:23:51","date_gmt":"2023-05-30T11:23:51","guid":{"rendered":"https:\/\/antiquewhite-gerbil-448984.hostingersite.com\/?post_type=product&#038;p=10016"},"modified":"2024-05-30T22:11:34","modified_gmt":"2024-05-30T20:11:34","slug":"chaudiere-a-granules-extraflame-pr20-22-kw","status":"publish","type":"product","link":"https:\/\/troncybois.com\/?product=chaudiere-a-granules-extraflame-pr20-22-kw","title":{"rendered":"Chaudi\u00e8re \u00e0 granul\u00e9s &#8211; EXTRAFLAME PR20 22 kW"},"content":{"rendered":"<div class=\"fiche-produit\">\n<h2>Informations cl\u00e9s sur <strong>la Chaudi\u00e8re \u00e0 granul\u00e9s &#8211; EXTRAFLAME PR20 22 kW<\/strong><\/h2>\n<ul>\n<li>Bougie d&rsquo;allumage en c\u00e9ramique<\/li>\n<li>Rev\u00eatement en acier \u00e9maill\u00e9<\/li>\n<li>Foyer en acier \u00e9pais<\/li>\n<li>Porte du foyer en fonte<\/li>\n<li>Brasier en fonte<\/li>\n<li>Brasier autonettoyant avec syst\u00e8me Brushless<\/li>\n<li>Vase d&rsquo;expansion<\/li>\n<li>Soupape de s\u00e9curit\u00e9 3 bar<\/li>\n<li>Branchement sur la partie sup\u00e9rieure<\/li>\n<li>S\u00e9curit\u00e9 thermiques et de pression<\/li>\n<li>R\u00e9-allumage automatique apr\u00e8s coupure de courant<\/li>\n<li>\u00c9vacuation des fum\u00e9es : Arri\u00e8re \/ Lat\u00e9ral<\/li>\n<li>Wifi int\u00e9gr\u00e9 avec l&rsquo;application : Total Control 2.0<\/li>\n<li>Kit fiche expansion : INCLUS<\/li>\n<li>R\u00e9servoir suppl\u00e9mentaire\u00a0: OPTION<\/li>\n<\/ul>\n<h2>Caract\u00e9ristiques techniques d<strong>e la Chaudi\u00e8re \u00e0 granul\u00e9s &#8211; EXTRAFLAME PR20 22 kW<\/strong><\/h2>\n<ul>\n<li>Puissance nominale : Pmin 5.7 \/ Pmax 20 kW<\/li>\n<li>Puissance br\u00fbl\u00e9e : Pmin 6 \/ Pmax 21.7 kW<\/li>\n<li>Volume de chauffe : 573 m3<\/li>\n<li>Dimensions : L 822 x H 1398 x P 817 mm<\/li>\n<li>Poids : 310 kg<\/li>\n<li>Rendement : min 88.4 \/ max 92.4 %<\/li>\n<li>Consommation : de 1.4 \u00e0 4.6 kg\/h<\/li>\n<li>Diam\u00e8tre sortie de fum\u00e9es : 100 mm<\/li>\n<li>Capacit\u00e9 du r\u00e9servoir : 75 kg<\/li>\n<li>Liquide contenu dans l&rsquo;\u00e9changeur : 46 L<\/li>\n<li>Classe \u00e9nerg\u00e9tique : A+<\/li>\n<li>Pression de travail : 3 bar<\/li>\n<\/ul>\n<h3>Sch\u00e9ma explicatif de la <strong>Chaudi\u00e8re \u00e0 granul\u00e9s &#8211; EXTRAFLAME PR20 22 kW<\/strong><\/h3>\n<div><img fetchpriority=\"high\" decoding=\"async\" src=\"https:\/\/www.poelediscount.com\/img\/cms\/Sch%C3%A9ma%20technique\/CHAUDIERES\/tech_pr20.png\" alt=\"Technique PR20 chaudi\u00e8re extraflamme\" width=\"1287\" height=\"730\" \/><\/div>\n<h3>Les diff\u00e9rents syst\u00e8mes d<strong>e la Chaudi\u00e8re \u00e0 granul\u00e9s &#8211; EXTRAFLAME PR20 22 kW<\/strong><\/h3>\n<p><img decoding=\"async\" src=\"https:\/\/www.poelediscount.com\/img\/cms\/Sch%C3%A9ma%20technique\/LOGOS%20syst%C3%A8mes%20Nordica%20Extraflame\/PR20_Syst%C3%A8mes.png\" alt=\"Syst\u00e8mes PR20 extraflamme\" width=\"1229\" height=\"226\" \/><\/p>\n<p><strong>A propos du fabricant :<\/strong> La marque italienne <strong>EXTRAFLAME<\/strong> a \u00e9t\u00e9 cr\u00e9e en 1968 et propose une large gamme de produits, comme des po\u00eales \u00e0 bois, des chemin\u00e9es et cuisini\u00e8res ainsi que des thermo-produits et chaudi\u00e8res \u00e0 granul\u00e9s de qualit\u00e9.<\/p>\n<ul>\n<li>Vous cherchez une chaudi\u00e8re plus puissante ? D\u00e9couvrez un autre mod\u00e8le de chaudi\u00e8re \u00e0 granul\u00e9s<\/li>\n<li>Vous cherchez une chaudi\u00e8re \u00e0 air puls\u00e9 ? D\u00e9couvrez tous les mod\u00e8les de\u00a0chaudi\u00e8res \u00e0 air puls\u00e9<\/li>\n<li>PoeleDiscount.com\u00a0le leader des chaudi\u00e8res \u00e0 prix direct usine !<\/li>\n<\/ul>\n<\/div>\n<p>&nbsp;<\/p>\n<div>\n<p><strong><u>Garantie<\/u>\u00a0:\u00a0<\/strong>Nous vous rappelons que pour la garantie, l&rsquo;installation doit \u00eatre conforme au mode d&#8217;emploi (pr\u00e9conisation du fabricant) et doit respecter les normes en vigueur du pays, pour la France DTU 24.1 ou 24.2.<br \/>\nDe plus, comme pour tous les po\u00eales \u00e0 granul\u00e9s, les appareils sont \u00e0 r\u00e9gler en fonction du tirage naturel de l&rsquo;installation choisie.<\/p>\n<p class=\"fiche-produit\">Les r\u00e9glages et la mise en service de ce produit doivent \u00eatre effectu\u00e9s par un professionnel agr\u00e9\u00e9 CAT La Nordica-Extraflame, le listing se trouve ici : https:\/\/www.lanordica-extraflame.com\/fr\/cat\/services-apres-vente.<br \/>\nPensez \u00e0 v\u00e9rifier la disponibilit\u00e9 d&rsquo;un professionnel pr\u00e8s de chez vous.<\/p>\n<\/div>\n<div class=\"row\" style=\"padding-top: 20px;\">\n<div class=\"col-xs-12 col-sm-12 col-md-12 col-lg-4\" style=\"text-align: center; padding: 15px 2px 25px 2px;\">Questions fr\u00e9quentes<\/div>\n<div class=\"col-xs-12 col-sm-12 col-md-12 col-lg-4\" style=\"text-align: center; padding: 15px 2px 25px 2px;\">Quelle puissance choisir ?<\/div>\n<div class=\"col-xs-12 col-sm-12 col-md-12 col-lg-4\" style=\"text-align: center; padding: 15px 2px 25px 2px;\">Livraison<\/div>\n<\/div>\n","protected":false},"excerpt":{"rendered":"<div><\/div>\n<p id=\"product_reference\"><label>R\u00e9f\u00e9rence <\/label><br \/>\n<span class=\"editable\">098765789<\/span><\/p>\n<p id=\"product_condition\"><label>\u00c9tat : <\/label><br \/>\n<span class=\"editable\">Neuf<\/span><\/p>\n<p id=\"product_ean13\"><label>Ean13: <\/label><br \/>\n8008269003758<\/p>\n<div id=\"short_description_block\">\n<div id=\"short_description_content\" class=\"rte align_justify\">\n<ul>\n<li>Marque EXTRAFLAME<\/li>\n<li>Garantie 2 en pi\u00e8ces<\/li>\n<li>Fabriqu\u00e9 en Italie<\/li>\n<li>Programmable &#8211; Eco-stop (StandBy)<\/li>\n<li>Non \u00e9tanche : Zone 1<\/li>\n<li>Flamme Verte<\/li>\n<li>EcoDesign 2022<\/li>\n<\/ul>\n<p><strong><span style=\"color: #218e53;\">D\u00e9lai de livraison : 5 \u00e0 12 jours ouvr\u00e9s<\/span> <\/strong><\/p>\n<p><span style=\"text-decoration: underline;\"><strong>LIVRAISON GRATUITE<\/strong><\/span> (Partout en Europe)<\/p>\n<\/div>\n<\/div>\n","protected":false},"featured_media":10180,"comment_status":"open","ping_status":"closed","template":"","meta":[],"product_brand":[],"product_cat":[98,99],"product_tag":[],"class_list":{"0":"post-10016","1":"product","2":"type-product","3":"status-publish","4":"has-post-thumbnail","6":"product_cat-chaudieres","7":"product_cat-chaudieres-a-granules","9":"first","10":"instock","11":"sale","12":"purchasable","13":"product-type-simple"},"jetpack_sharing_enabled":true,"_links":{"self":[{"href":"https:\/\/troncybois.com\/index.php?rest_route=\/wp\/v2\/product\/10016","targetHints":{"allow":["GET"]}}],"collection":[{"href":"https:\/\/troncybois.com\/index.php?rest_route=\/wp\/v2\/product"}],"about":[{"href":"https:\/\/troncybois.com\/index.php?rest_route=\/wp\/v2\/types\/product"}],"replies":[{"embeddable":true,"href":"https:\/\/troncybois.com\/index.php?rest_route=%2Fwp%2Fv2%2Fcomments&post=10016"}],"version-history":[{"count":1,"href":"https:\/\/troncybois.com\/index.php?rest_route=\/wp\/v2\/product\/10016\/revisions"}],"predecessor-version":[{"id":10182,"href":"https:\/\/troncybois.com\/index.php?rest_route=\/wp\/v2\/product\/10016\/revisions\/10182"}],"wp:featuredmedia":[{"embeddable":true,"href":"https:\/\/troncybois.com\/index.php?rest_route=\/wp\/v2\/media\/10180"}],"wp:attachment":[{"href":"https:\/\/troncybois.com\/index.php?rest_route=%2Fwp%2Fv2%2Fmedia&parent=10016"}],"wp:term":[{"taxonomy":"product_brand","embeddable":true,"href":"https:\/\/troncybois.com\/index.php?rest_route=%2Fwp%2Fv2%2Fproduct_brand&post=10016"},{"taxonomy":"product_cat","embeddable":true,"href":"https:\/\/troncybois.com\/index.php?rest_route=%2Fwp%2Fv2%2Fproduct_cat&post=10016"},{"taxonomy":"product_tag","embeddable":true,"href":"https:\/\/troncybois.com\/index.php?rest_route=%2Fwp%2Fv2%2Fproduct_tag&post=10016"}],"curies":[{"name":"wp","href":"https:\/\/api.w.org\/{rel}","templated":true}]}}