{"id":10015,"date":"2023-05-30T13:23:51","date_gmt":"2023-05-30T11:23:51","guid":{"rendered":"https:\/\/antiquewhite-gerbil-448984.hostingersite.com\/?post_type=product&#038;p=10015"},"modified":"2024-05-30T22:11:11","modified_gmt":"2024-05-30T20:11:11","slug":"chaudiere-a-granules-extraflame-pk30-32-5-kw","status":"publish","type":"product","link":"https:\/\/troncybois.com\/?product=chaudiere-a-granules-extraflame-pk30-32-5-kw","title":{"rendered":"Chaudi\u00e8re \u00e0 granul\u00e9s &#8211; EXTRAFLAME PK30 32.5 kW"},"content":{"rendered":"<div class=\"fiche-produit\">\n<p>La <strong>chaudi\u00e8re \u00e0 granul\u00e9s<\/strong> PK30 de la marque EXTRAFLAME poss\u00e8de une puissance nominale de 32.5 kW. Cette <strong>chaudi\u00e8re \u00e0 granul\u00e9s<\/strong> rev\u00eatement en acier \u00e9maill\u00e9 est \u00e9quip\u00e9e de nombreux capteurs de contr\u00f4le de combustion et de s\u00e9curit\u00e9 ainsi que d&rsquo;un syst\u00e8me de nettoyage automatique efficace.<\/p>\n<h2>Informations cl\u00e9s sur la Chaudi\u00e8re \u00e0 granul\u00e9s &#8211; EXTRAFLAME PK30<strong> 32.5 <\/strong>kW<\/h2>\n<ul>\n<li>Chambre de combustion en acier \u00e9pais<\/li>\n<li>Porte et foyer en fonte<\/li>\n<li>Bougie c\u00e9ramique<\/li>\n<li>\u00c9changeur \u00e0 faisceau tubulaire avec nettoyage automatique<\/li>\n<li>Tiroir \u00e0 cendres amovible<\/li>\n<li>Brasier autonettoyant avec syst\u00e8me Brushless<\/li>\n<li>Circulateur avec contr\u00f4le PWM<\/li>\n<li>Motor\u00e9ducteur Brushless pour le chargement des granul\u00e9s (vis sans fin externe)<\/li>\n<li>Senseur r\u00e9servoir pour niveau minimum du pellet<\/li>\n<li>Sonde dans la chambre de combustion<\/li>\n<li>S\u00e9curit\u00e9s thermiques et de pression<\/li>\n<li>Soupape de s\u00e9curit\u00e9 3 bar<\/li>\n<li>Vase d&rsquo;expansion<\/li>\n<li>\u00c9vent Air<\/li>\n<li>Mont\u00e9 sur roulettes pour facilit\u00e9 la mise en place<\/li>\n<li>Syst\u00e8me adaptatif innovant pour r\u00e9guler et maintenir constant l&rsquo;air de combustion dans le temps<\/li>\n<li>Chargement r\u00e9servoir frontal<\/li>\n<li><span style=\"color: #7cd320;\"><span style=\"color: #000000;\">\u00c9vacuation des fum\u00e9es : Arri\u00e8re \/ Lat\u00e9ral<\/span><br \/>\n<\/span><\/li>\n<li>Wifi int\u00e9gr\u00e9 avec l&rsquo;application : Total Control 2.0<\/li>\n<\/ul>\n<h2>Caract\u00e9ristiques techniques de la<span style=\"background-color: #ffffff;\"> Chaudi\u00e8re \u00e0 granul\u00e9s &#8211; EXTRAFLAME PK30<strong> 32.5 <\/strong>kW<\/span><\/h2>\n<ul>\n<li>Puissance nominale : Pmin 8.9 kW \/ Pmax 30.0 kW<\/li>\n<li><span style=\"background-color: #ffffff;\">Puissance br\u00fbl\u00e9e : Pmin 9.6 \/ Pmax 32.5 kW<\/span><\/li>\n<li>Puissance rendue \u00e0 l&rsquo;eau : Pmin 8.9 \/ Pmax 30.0 kW<\/li>\n<li>Rendement : min 92.7 \/ max 92.4 %<\/li>\n<li>Consommation : de 2.0 \u00e0 6.8 kg\/h<\/li>\n<li>Capacit\u00e9 du r\u00e9servoir : 75 kg<\/li>\n<li>Volume de chauffe : 860 m3<\/li>\n<li>Poids : 310 kg<\/li>\n<li>Dimensions : L 892 x P 745 x H 1400 mm<\/li>\n<li>Pression d&rsquo;exercice : 3 bar<\/li>\n<li>Diam\u00e8tre sortie des fum\u00e9es : 120 mm<\/li>\n<li><span style=\"color: #000000;\">Classe \u00e9nerg\u00e9tique : A+<\/span><\/li>\n<\/ul>\n<h3>Sch\u00e9ma technique de la Chaudi\u00e8re \u00e0 granul\u00e9s &#8211; EXTRAFLAME PK30 32.5 kW<\/h3>\n<p>Cliquez sur le lien suivant pour retrouver le lien vers le Manuel Utilisateur: T\u00c9L\u00c9CHARGER LE MANUEL<\/p>\n<p><img fetchpriority=\"high\" decoding=\"async\" src=\"https:\/\/www.poelediscount.com\/img\/cms\/Sch%C3%A9ma%20technique\/CHAUDIERES\/sch%C3%A9ma_technique_PK30_extraflame.png\" alt=\"sch\u00e9ma technique chaudi\u00e8re \u00e0 granul\u00e9s PK30 extraflame\" width=\"1334\" height=\"834\" \/><\/p>\n<h3>Les diff\u00e9rents syst\u00e8mes d<strong>e la Chaudi\u00e8re \u00e0 granul\u00e9s &#8211; EXTRAFLAME PK30 32.5 kW<br \/>\n<\/strong><\/h3>\n<p><img decoding=\"async\" src=\"https:\/\/www.poelediscount.com\/img\/cms\/Sch%C3%A9ma%20technique\/CHAUDIERES\/Diff%C3%A9rents_syst%C3%A8mes_PK15.png\" alt=\"Chaudi\u00e8re \u00e0 granul\u00e9s - EXTRAFLAME PK15 16 kW\" width=\"734\" height=\"132\" \/><\/p>\n<p><strong>A propos du fournisseur : <\/strong>EXTRAFLAME est une entreprise italienne sp\u00e9cialis\u00e9e dans la confection d&rsquo;appareils de chauffage. Elle propose une large gamme de po\u00eales \u00e0 granul\u00e9s, insert, cuisini\u00e8re, chaudi\u00e8res de qualit\u00e9. \u00c9cologiquement responsable la marque fait subir tout un tas de test et de contr\u00f4les \u00e0 ses produits afin de garantir la fiabilit\u00e9 et la s\u00e9curit\u00e9.<\/p>\n<\/div>\n<p>&nbsp;<\/p>\n<div>\n<p><strong><u>Garantie<\/u>\u00a0:\u00a0<\/strong>Nous vous rappelons que pour la garantie, l&rsquo;installation doit \u00eatre conforme au mode d&#8217;emploi (pr\u00e9conisation du fabricant) et doit respecter les normes en vigueur du pays, pour la France DTU 24.1 ou 24.2.<br \/>\nDe plus, comme pour tous les po\u00eales \u00e0 granul\u00e9s, les appareils sont \u00e0 r\u00e9gler en fonction du tirage naturel de l&rsquo;installation choisie.<\/p>\n<p class=\"fiche-produit\">Les r\u00e9glages et la mise en service de ce produit doivent \u00eatre effectu\u00e9s par un professionnel agr\u00e9\u00e9 CAT La Nordica-Extraflame, le listing se trouve ici : https:\/\/www.lanordica-extraflame.com\/fr\/cat\/services-apres-vente.<br \/>\nPensez \u00e0 v\u00e9rifier la disponibilit\u00e9 d&rsquo;un professionnel pr\u00e8s de chez vous.<\/p>\n<\/div>\n<div class=\"row\" style=\"padding-top: 20px;\">\n<div class=\"col-xs-12 col-sm-12 col-md-12 col-lg-4\" style=\"text-align: center; padding: 15px 2px 25px 2px;\">Questions fr\u00e9quentes<\/div>\n<div class=\"col-xs-12 col-sm-12 col-md-12 col-lg-4\" style=\"text-align: center; padding: 15px 2px 25px 2px;\">Quelle puissance choisir ?<\/div>\n<div class=\"col-xs-12 col-sm-12 col-md-12 col-lg-4\" style=\"text-align: center; padding: 15px 2px 25px 2px;\">Livraison<\/div>\n<\/div>\n","protected":false},"excerpt":{"rendered":"<div><\/div>\n<p id=\"product_reference\"><label>R\u00e9f\u00e9rence <\/label><br \/>\n<span class=\"editable\">98765436<\/span><\/p>\n<p id=\"product_condition\"><label>\u00c9tat : <\/label><br \/>\n<span class=\"editable\">Neuf<\/span><\/p>\n<p id=\"product_ean13\"><label>Ean13: <\/label><br \/>\n8008269003741<\/p>\n<div id=\"short_description_block\">\n<div id=\"short_description_content\" class=\"rte align_justify\">\n<ul>\n<li>Marque EXTRAFLAME<\/li>\n<li>Fabriqu\u00e9 en Italie<\/li>\n<li>Garantie 2 ans pi\u00e8ces<\/li>\n<li>Non \u00e9tanche : Zone 1<\/li>\n<li>EcoDesign 2022<\/li>\n<li>Flamme Verte<\/li>\n<\/ul>\n<p><strong><span style=\"color: #218e53;\">D\u00e9lai de livraison : 5 \u00e0 12 jours ouvr\u00e9s<\/span> <\/strong><\/p>\n<p><span style=\"text-decoration: underline;\"><strong>LIVRAISON GRATUITE<\/strong><\/span> (Partout en Europe)<\/p>\n<\/div>\n<\/div>\n","protected":false},"featured_media":10175,"comment_status":"open","ping_status":"closed","template":"","meta":[],"product_brand":[],"product_cat":[98,99],"product_tag":[],"class_list":{"0":"post-10015","1":"product","2":"type-product","3":"status-publish","4":"has-post-thumbnail","6":"product_cat-chaudieres","7":"product_cat-chaudieres-a-granules","9":"first","10":"instock","11":"sale","12":"purchasable","13":"product-type-simple"},"jetpack_sharing_enabled":true,"_links":{"self":[{"href":"https:\/\/troncybois.com\/index.php?rest_route=\/wp\/v2\/product\/10015","targetHints":{"allow":["GET"]}}],"collection":[{"href":"https:\/\/troncybois.com\/index.php?rest_route=\/wp\/v2\/product"}],"about":[{"href":"https:\/\/troncybois.com\/index.php?rest_route=\/wp\/v2\/types\/product"}],"replies":[{"embeddable":true,"href":"https:\/\/troncybois.com\/index.php?rest_route=%2Fwp%2Fv2%2Fcomments&post=10015"}],"version-history":[{"count":1,"href":"https:\/\/troncybois.com\/index.php?rest_route=\/wp\/v2\/product\/10015\/revisions"}],"predecessor-version":[{"id":10179,"href":"https:\/\/troncybois.com\/index.php?rest_route=\/wp\/v2\/product\/10015\/revisions\/10179"}],"wp:featuredmedia":[{"embeddable":true,"href":"https:\/\/troncybois.com\/index.php?rest_route=\/wp\/v2\/media\/10175"}],"wp:attachment":[{"href":"https:\/\/troncybois.com\/index.php?rest_route=%2Fwp%2Fv2%2Fmedia&parent=10015"}],"wp:term":[{"taxonomy":"product_brand","embeddable":true,"href":"https:\/\/troncybois.com\/index.php?rest_route=%2Fwp%2Fv2%2Fproduct_brand&post=10015"},{"taxonomy":"product_cat","embeddable":true,"href":"https:\/\/troncybois.com\/index.php?rest_route=%2Fwp%2Fv2%2Fproduct_cat&post=10015"},{"taxonomy":"product_tag","embeddable":true,"href":"https:\/\/troncybois.com\/index.php?rest_route=%2Fwp%2Fv2%2Fproduct_tag&post=10015"}],"curies":[{"name":"wp","href":"https:\/\/api.w.org\/{rel}","templated":true}]}}