{"id":10010,"date":"2023-05-30T13:23:50","date_gmt":"2023-05-30T11:23:50","guid":{"rendered":"https:\/\/antiquewhite-gerbil-448984.hostingersite.com\/?post_type=product&#038;p=10010"},"modified":"2024-05-30T22:15:51","modified_gmt":"2024-05-30T20:15:51","slug":"reservoir-de-stockage-a-granules-extraflame","status":"publish","type":"product","link":"https:\/\/troncybois.com\/?product=reservoir-de-stockage-a-granules-extraflame","title":{"rendered":"R\u00e9servoir de stockage \u00e0 granul\u00e9s &#8211; EXTRAFLAME"},"content":{"rendered":"<div class=\"fiche-produit\">\n<p><strong>R\u00e9servoir de stockage \u00e0 granul\u00e9s pour chaudi\u00e8res<\/strong> de la marque EXTRAFLAME<\/p>\n<div class=\"caratteristiche centrato-mobile\">\n<p><span style=\"text-decoration: underline;\">Informations sur le r\u00e9servoir \u00e0 pellets<\/span> :<\/p>\n<ul>\n<li>Capacit\u00e9 de stockage : 300 kg<\/li>\n<li>Dimensions : L 1190 x H 2050 x P 653 mm<\/li>\n<\/ul>\n<\/div>\n<p><span style=\"text-decoration: underline;\">Compatible avec les mod\u00e8les de chaudi\u00e8re \u00e0 granul\u00e9s suivants<\/span> :<\/p>\n<ul>\n<li>PR20<\/li>\n<li>PR30<\/li>\n<li>PK15<\/li>\n<li>PK20<\/li>\n<li>PK30<\/li>\n<\/ul>\n<\/div>\n<div class=\"row\" style=\"padding-top: 20px;\">\n<div class=\"col-xs-12 col-sm-12 col-md-12 col-lg-4\" style=\"text-align: center; padding: 15px 2px 25px 2px;\">Questions fr\u00e9quentes<\/div>\n<div class=\"col-xs-12 col-sm-12 col-md-12 col-lg-4\" style=\"text-align: center; padding: 15px 2px 25px 2px;\">Quelle puissance choisir ?<\/div>\n<div class=\"col-xs-12 col-sm-12 col-md-12 col-lg-4\" style=\"text-align: center; padding: 15px 2px 25px 2px;\">Livraison<\/div>\n<\/div>\n","protected":false},"excerpt":{"rendered":"<p id=\"product_reference\"><label>R\u00e9f\u00e9rence <\/label><br \/>\n<span class=\"editable\">92082380987654<\/span><\/p>\n<p><span style=\"font-family: var(--global-body-font-family);\">\u00c9tat :<\/span><\/p>\n<p id=\"product_condition\"><span class=\"editable\">Neuf<\/span><\/p>\n<p id=\"product_ean13\"><label>Ean13: <\/label><br \/>\n8008269000078<\/p>\n<div id=\"short_description_block\">\n<div id=\"short_description_content\" class=\"rte align_justify\">\n<ul>\n<li>Marque EXTRAFLAME<\/li>\n<li>Garantie 2 en pi\u00e8ces<\/li>\n<li>Fabriqu\u00e9 en Italie<\/li>\n<\/ul>\n<p><strong><span style=\"color: #218e53;\">D\u00e9lai de livraison : 5 \u00e0 12 jours ouvr\u00e9s<\/span> <\/strong><\/p>\n<p><span style=\"text-decoration: underline;\"><strong>LIVRAISON GRATUITE<\/strong><\/span> (Partout en Europe)<\/p>\n<\/div>\n<\/div>\n","protected":false},"featured_media":10138,"comment_status":"open","ping_status":"closed","template":"","meta":[],"product_brand":[],"product_cat":[98,99],"product_tag":[],"class_list":{"0":"post-10010","1":"product","2":"type-product","3":"status-publish","4":"has-post-thumbnail","6":"product_cat-chaudieres","7":"product_cat-chaudieres-a-granules","9":"first","10":"instock","11":"sale","12":"purchasable","13":"product-type-simple"},"jetpack_sharing_enabled":true,"_links":{"self":[{"href":"https:\/\/troncybois.com\/index.php?rest_route=\/wp\/v2\/product\/10010","targetHints":{"allow":["GET"]}}],"collection":[{"href":"https:\/\/troncybois.com\/index.php?rest_route=\/wp\/v2\/product"}],"about":[{"href":"https:\/\/troncybois.com\/index.php?rest_route=\/wp\/v2\/types\/product"}],"replies":[{"embeddable":true,"href":"https:\/\/troncybois.com\/index.php?rest_route=%2Fwp%2Fv2%2Fcomments&post=10010"}],"version-history":[{"count":1,"href":"https:\/\/troncybois.com\/index.php?rest_route=\/wp\/v2\/product\/10010\/revisions"}],"predecessor-version":[{"id":10147,"href":"https:\/\/troncybois.com\/index.php?rest_route=\/wp\/v2\/product\/10010\/revisions\/10147"}],"wp:featuredmedia":[{"embeddable":true,"href":"https:\/\/troncybois.com\/index.php?rest_route=\/wp\/v2\/media\/10138"}],"wp:attachment":[{"href":"https:\/\/troncybois.com\/index.php?rest_route=%2Fwp%2Fv2%2Fmedia&parent=10010"}],"wp:term":[{"taxonomy":"product_brand","embeddable":true,"href":"https:\/\/troncybois.com\/index.php?rest_route=%2Fwp%2Fv2%2Fproduct_brand&post=10010"},{"taxonomy":"product_cat","embeddable":true,"href":"https:\/\/troncybois.com\/index.php?rest_route=%2Fwp%2Fv2%2Fproduct_cat&post=10010"},{"taxonomy":"product_tag","embeddable":true,"href":"https:\/\/troncybois.com\/index.php?rest_route=%2Fwp%2Fv2%2Fproduct_tag&post=10010"}],"curies":[{"name":"wp","href":"https:\/\/api.w.org\/{rel}","templated":true}]}}