{"id":10004,"date":"2023-05-30T13:23:48","date_gmt":"2023-05-30T11:23:48","guid":{"rendered":"https:\/\/antiquewhite-gerbil-448984.hostingersite.com\/?post_type=product&#038;p=10004"},"modified":"2024-05-30T22:21:46","modified_gmt":"2024-05-30T20:21:46","slug":"poele-a-granules-hydraulique-evacalor-venere-12-5-kw","status":"publish","type":"product","link":"https:\/\/troncybois.com\/?product=poele-a-granules-hydraulique-evacalor-venere-12-5-kw","title":{"rendered":"Po\u00eale \u00e0 granules hydraulique &#8211; EVACALOR Venere 12.5 kW"},"content":{"rendered":"<div class=\"fiche-produit\">\n<p><strong>Le po\u00eale \u00e0 granul\u00e9s hydro Venere 12.5 kW <\/strong>de la marque<strong> EvaCalor <\/strong>vous s\u00e9duira par son design unique. Ce type d&rsquo;appareil vous permettra de vous servir de votre po\u00eale \u00e0 pellets de la m\u00eame mani\u00e8re qu&rsquo;une chaudi\u00e8re qui, raccord\u00e9 au syst\u00e8me de chauffage central alimentera vos radiateurs et planchers chauffants<strong>.<br \/>\n<\/strong><\/p>\n<h2>Informations cl\u00e9s d<strong>u po\u00eale \u00e0 granul\u00e9s hydraulique &#8211; EVACALOR Venere 12.5 kW :<br \/>\n<\/strong><\/h2>\n<ul>\n<li>Rev\u00eatement en fa\u00efence<\/li>\n<li>Chambre de combustion en acier<\/li>\n<li>Brasier acier inox<\/li>\n<li>5 puissances de fonctionnement<\/li>\n<li>Afficheur avec menu dans 6 langues<\/li>\n<li>Poign\u00e9e amovible<\/li>\n<li>Thermostat de s\u00e9curit\u00e9<\/li>\n<li>Pr\u00e9disposition pour thermostat ext\u00e9rieur<\/li>\n<li>Pressostat de s\u00e9curit\u00e9<\/li>\n<li>Capteur de pression pour l&rsquo;eau<\/li>\n<li>Chrono-thermostat<\/li>\n<li>Pompe de circulation<\/li>\n<li>Vase d&rsquo;expansion<\/li>\n<li>Vanne de s\u00e9curit\u00e9<\/li>\n<li>T\u00e9l\u00e9commande (INCLUS)<\/li>\n<li>Module WIFI pour la t\u00e9l\u00e9commande (OPTION)<\/li>\n<li>Chauffe-eau (OPTION)<\/li>\n<\/ul>\n<h2>Description technique <strong>du po\u00eale \u00e0 granul\u00e9s hydraulique &#8211; EVACALOR Venere 12.5<\/strong> kW :<\/h2>\n<ul>\n<li style=\"text-align: left;\">Puissance nominale : max 11,0 kW \u2013 min 3,2 kW<\/li>\n<li style=\"text-align: left;\">Puissance br\u00fbl\u00e9e : max 12.5 kW &#8211; min 3.5 kW<\/li>\n<li style=\"text-align: left;\">Puissance rendue \u00e0 l\u2019eau : max 9,0 kW \u2013 min 2,2 kW<\/li>\n<li style=\"text-align: left;\">Rendement : Pmax 91,0 % \u2013 Pmin 93,0 %<\/li>\n<li style=\"text-align: left;\">Consommation de pellets : max 2,6 kg\/h \u2013 min 0,7 kg\/h<\/li>\n<li style=\"text-align: left;\">Capacit\u00e9 du r\u00e9servoir : 20 kg<\/li>\n<li style=\"text-align: left;\">Volume de chauffe : 180 \u00e0 240 m3<\/li>\n<li style=\"text-align: left;\">Distance des surfaces inflammables : c\u00f4t\u00e9 20cm \/ arri\u00e8re 20cm \/ avant 100cm<\/li>\n<li style=\"text-align: left;\">Tension \/ Fr\u00e9quence : 230 V \/ 50 Hz<\/li>\n<li style=\"text-align: left;\">Puissance nominale \u00e9lectrique : 380 W<\/li>\n<li style=\"text-align: left;\">Dimensions : L 552 x P 587 x H 942 mm<\/li>\n<li style=\"text-align: left;\">Poids : 149 kg<\/li>\n<li style=\"text-align: left;\">Classe \u00e9nerg\u00e9tique : A+<\/li>\n<li style=\"text-align: left;\">\u00c9vacuation des fum\u00e9es : Arri\u00e8re<\/li>\n<li style=\"text-align: left;\">Diam\u00e8tre des sorties des fum\u00e9es : 80 mm<\/li>\n<li style=\"text-align: left;\">Diam\u00e8tre arriv\u00e9e d&rsquo;air : 42 mm<\/li>\n<\/ul>\n<h2>Sch\u00e9ma technique <strong>du po\u00eale \u00e0 granul\u00e9s hydraulique &#8211; EVACALOR Venere 12.5<\/strong> kW :<\/h2>\n<p><img fetchpriority=\"high\" decoding=\"async\" src=\"https:\/\/www.poelediscount.com\/img\/cms\/VENERE_1.png\" alt=\"\" width=\"659\" height=\"414\" \/><\/p>\n<h3>Mode de fonctionnement du <strong>po\u00eale<\/strong><strong> \u00e0 granul\u00e9s hydraulique &#8211; EVACALOR Venere 12.5<\/strong> kW :<\/h3>\n<ul>\n<li>Le syst\u00e8me <span style=\"text-decoration: underline;\">Eco-Stop (StandBy)<\/span> qui permet au <strong>po\u00eale \u00e0 granul\u00e9s<\/strong> de s&rsquo;\u00e9teindre une fois la temp\u00e9rature souhait\u00e9e atteinte et de red\u00e9marrer lorsque celle ci aura diminuer.<\/li>\n<li>Le syst\u00e8me <span style=\"text-decoration: underline;\">Modulation<\/span> qui permet au <strong>po\u00eale \u00e0 granules<\/strong> de fonctionner en continu afin d&rsquo;\u00e9viter les red\u00e9marrages, lorsque la temp\u00e9rature demand\u00e9e est atteinte celui ci va se r\u00e9guler automatiquement afin de diminuer sa puissance au minimum tout en maintenant la temp\u00e9rature.<\/li>\n<li>Le syst\u00e8me <span style=\"text-decoration: underline;\">Programmable<\/span> permettant de d\u00e9marrer et d&rsquo;\u00e9teindre le <strong>po\u00eale<\/strong> \u00e0 un moment pr\u00e9cis de la journ\u00e9e.<\/li>\n<\/ul>\n<h3>Les diff\u00e9rents syst\u00e8mes du\u00a0<strong>po\u00eale \u00e0 granul\u00e9s hydraulique &#8211; EVACALOR Venere 12.5<\/strong> kW :<\/h3>\n<p><span style=\"text-decoration: underline;\">ECODESIGN 2022<\/span> : Ce produit r\u00e9pond aux crit\u00e8res du label Ecodesign 2022 qui \u00e9tablit les normes d&rsquo;un projet \u00e9co-compatible, avec des m\u00e9thodes de calculs et d&rsquo;\u00e9valuations dans le but de r\u00e9duire les \u00e9missions dans l&rsquo;atmosph\u00e8re.<\/p>\n<p><span style=\"text-decoration: underline;\">CLASSIFICATION ENVIRONNEMENTALE<\/span> : Le produit est conforme aux normes environnementales les plus strictes et classifi\u00e9 4 \u00e9toiles.<\/p>\n<p>L\u2019entreprise italienne <strong>Eva calor<\/strong> vous propose des produits de chauffes technologique et moderne. Tr\u00e8s ax\u00e9 sur la s\u00e9curit\u00e9 et la fiabilit\u00e9 la marque teste et contr\u00f4le tous ses produits tout en respectant l\u2019environnement.<\/p>\n<\/div>\n<p>&nbsp;<\/p>\n<div>\n<p><strong><u>Garantie<\/u>\u00a0:\u00a0<\/strong>Nous vous rappelons que pour la garantie, l&rsquo;installation doit \u00eatre conforme au mode d&#8217;emploi (pr\u00e9conisation du fabricant) et doit respecter les normes en vigueur du pays, pour la France DTU 24.1 ou 24.2.<br \/>\nDe plus, comme pour tous les po\u00eales \u00e0 granul\u00e9s, les appareils sont \u00e0 r\u00e9gler en fonction du tirage naturel de l&rsquo;installation choisie.<\/p>\n<\/div>\n<div class=\"row\" style=\"padding-top: 20px;\">\n<div class=\"col-xs-12 col-sm-12 col-md-12 col-lg-4\" style=\"text-align: center; padding: 15px 2px 25px 2px;\">Questions fr\u00e9quentes<\/div>\n<div class=\"col-xs-12 col-sm-12 col-md-12 col-lg-4\" style=\"text-align: center; padding: 15px 2px 25px 2px;\">Quelle puissance choisir ?<\/div>\n<div class=\"col-xs-12 col-sm-12 col-md-12 col-lg-4\" style=\"text-align: center; padding: 15px 2px 25px 2px;\">Livraison<\/div>\n<\/div>\n","protected":false},"excerpt":{"rendered":"<div><\/div>\n<p id=\"product_reference\"><label>R\u00e9f\u00e9rence <\/label><br \/>\n<span class=\"editable\">0987657899<\/span><\/p>\n<p id=\"product_condition\"><label>\u00c9tat : <\/label><br \/>\n<span class=\"editable\">Neuf<\/span><\/p>\n<p id=\"product_ean13\"><label>Ean13: <\/label><br \/>\n8029728017475<\/p>\n<div id=\"short_description_block\">\n<div id=\"short_description_content\" class=\"rte align_justify\">\n<ul>\n<li>Po\u00eale \u00e0 granules hydraulique EVACALOR Venere 13 kW<\/li>\n<li>Garantie : 2 ans pi\u00e8ces<\/li>\n<li>Non \u00e9tanche : Zone 1<\/li>\n<\/ul>\n<p><strong><span style=\"color: #218e53;\">D\u00e9lai de livraison : 5 \u00e0 12 jours ouvr\u00e9s<\/span> <\/strong><\/p>\n<p><span style=\"text-decoration: underline;\"><strong>LIVRAISON GRATUITE<\/strong><\/span> (Partout en Europe)<\/p>\n<\/div>\n<\/div>\n<div class=\"attribute_list\">\n<div id=\"uniform-group_2\" class=\"selector\" style=\"width: 191.667px;\"><\/div>\n<\/div>\n<p><!-- end attribute_list --><\/p>\n","protected":false},"featured_media":10095,"comment_status":"open","ping_status":"closed","template":"","meta":[],"product_brand":[],"product_cat":[98,102],"product_tag":[],"class_list":{"0":"post-10004","1":"product","2":"type-product","3":"status-publish","4":"has-post-thumbnail","6":"product_cat-chaudieres","7":"product_cat-poeles-a-granules-chauffage-central","9":"first","10":"instock","11":"sale","12":"purchasable","13":"product-type-simple"},"jetpack_sharing_enabled":true,"_links":{"self":[{"href":"https:\/\/troncybois.com\/index.php?rest_route=\/wp\/v2\/product\/10004","targetHints":{"allow":["GET"]}}],"collection":[{"href":"https:\/\/troncybois.com\/index.php?rest_route=\/wp\/v2\/product"}],"about":[{"href":"https:\/\/troncybois.com\/index.php?rest_route=\/wp\/v2\/types\/product"}],"replies":[{"embeddable":true,"href":"https:\/\/troncybois.com\/index.php?rest_route=%2Fwp%2Fv2%2Fcomments&post=10004"}],"version-history":[{"count":1,"href":"https:\/\/troncybois.com\/index.php?rest_route=\/wp\/v2\/product\/10004\/revisions"}],"predecessor-version":[{"id":10100,"href":"https:\/\/troncybois.com\/index.php?rest_route=\/wp\/v2\/product\/10004\/revisions\/10100"}],"wp:featuredmedia":[{"embeddable":true,"href":"https:\/\/troncybois.com\/index.php?rest_route=\/wp\/v2\/media\/10095"}],"wp:attachment":[{"href":"https:\/\/troncybois.com\/index.php?rest_route=%2Fwp%2Fv2%2Fmedia&parent=10004"}],"wp:term":[{"taxonomy":"product_brand","embeddable":true,"href":"https:\/\/troncybois.com\/index.php?rest_route=%2Fwp%2Fv2%2Fproduct_brand&post=10004"},{"taxonomy":"product_cat","embeddable":true,"href":"https:\/\/troncybois.com\/index.php?rest_route=%2Fwp%2Fv2%2Fproduct_cat&post=10004"},{"taxonomy":"product_tag","embeddable":true,"href":"https:\/\/troncybois.com\/index.php?rest_route=%2Fwp%2Fv2%2Fproduct_tag&post=10004"}],"curies":[{"name":"wp","href":"https:\/\/api.w.org\/{rel}","templated":true}]}}