{"id":10003,"date":"2023-05-30T13:23:48","date_gmt":"2023-05-30T11:23:48","guid":{"rendered":"https:\/\/antiquewhite-gerbil-448984.hostingersite.com\/?post_type=product&#038;p=10003"},"modified":"2024-05-30T22:21:25","modified_gmt":"2024-05-30T20:21:25","slug":"poele-a-granules-hydraulique-evacalor-tosca-24-kw","status":"publish","type":"product","link":"https:\/\/troncybois.com\/?product=poele-a-granules-hydraulique-evacalor-tosca-24-kw","title":{"rendered":"Po\u00eale \u00e0 granules hydraulique &#8211; EVACALOR Tosca 24 kw"},"content":{"rendered":"<div class=\"fiche-produit\">\n<p>La technologie utilis\u00e9e pour la\u00a0construction de ce produit est synonyme de grande qualit\u00e9 gr\u00e2ce \u00e0 ses \u00e9changeurs en\u00a0acier Corten, plus r\u00e9sistant et durable.<\/p>\n<p>R\u00e9serve de pellet de 25 kg<br \/>\n5 puissances de fonctionnement<br \/>\nAfficheur avec menu dans 6 langues<br \/>\nTiroir \u00e0 cendres amovible pour r\u00e9cup\u00e9ration de cendres<br \/>\nPoign\u00e9e amovible<br \/>\nT\u00e9l\u00e9commande fournie<br \/>\nThermostat de s\u00e9curit\u00e9<br \/>\nPr\u00e9disposition pour thermostat ext\u00e9rieur<br \/>\nPressostat de s\u00e9curit\u00e9<br \/>\nTransducteur de pression pour l\u2019eau<br \/>\nChronothermostat<br \/>\nPompe de circulation<br \/>\nVase d\u2019expansion<br \/>\nVanne de s\u00e9curit\u00e9<\/p>\n<p style=\"text-align: center;\"><strong>Puissance brul\u00e9: max 25,5 kW \u2013 min 5,3 kW<\/strong><br \/>\n<strong>Puissance nominale: max 23 kW \u2013 min 5 kW<\/strong><br \/>\n<strong>Puissance a l\u2019eau: max 20,5 kW \u2013 min 3,5 kW<\/strong><br \/>\n<strong>Rendement: Pmax 90% \u2013 Pmin 94,5%<\/strong><br \/>\n<strong>CO \u00e9missions \u00e0 13% O2: Pmax 0,016% \u2013 Pmin 0,020%<\/strong><br \/>\n<strong>Consommation de pellets: max 5,4 kg\/h \u2013 min 1,1 kg\/h<\/strong><br \/>\n<strong>Capacit\u00e9 du r\u00e9servoir: 25 kg<\/strong><br \/>\n<strong>Volume de chauffe: 400 \u2013 520 mc<\/strong><br \/>\n<strong>Distance minimale des surfaces inflammables: c\u00f4t\u00e9: 20 cm &#8211; arri\u00e8re: 20 cm &#8211; avant: 100 cm<\/strong><br \/>\n<strong>Tension \/ Fr\u00e9quence: 230 V \/ 50 Hz<\/strong><br \/>\n<strong>Puissance nominale \u00e9lectrique: 380 W<\/strong><br \/>\n<strong>Mesures: L 60,6 x P 60,5 x H 120,3 cm<\/strong><br \/>\n<strong>Poids: 167,9 kg<\/strong><br \/>\n<strong>Chambre de combustion en acier<\/strong><br \/>\n<strong>Foyer en acier inox<\/strong><br \/>\n<strong>Est conforme aux: EN14785 &#8211; BImSchV II &#8211; 15a B-VG &#8211; LRV\/VKF &#8211; BAFA<\/strong><br \/>\n<strong>T\u00e9l\u00e9commande: Inclus<\/strong><br \/>\n<strong>Module WIFI pour la t\u00e9l\u00e9commande: Option<\/strong><br \/>\n<strong>Tiroir amovible pour la r\u00e9cup\u00e9ration des cendres<\/strong><br \/>\n<strong>\u00c9vacuation des fum\u00e9es: Arri\u00e8re<\/strong><br \/>\n<strong>Plates-formes de protection: Option<\/strong><br \/>\n<strong>Kit d\u2019eau chaude sanitaire: Option<\/strong><br \/>\n<strong>Chauffe-eau: Option<\/strong><\/p>\n<p style=\"text-align: center;\"><strong><img decoding=\"async\" class=\"imageFloatLeft\" src=\"https:\/\/cdn2.poelediscount.com\/2459-thickbox_default\/poele-a-granules-hydraulique-evacalor-tosca-24-kw.jpg\" alt=\"\" \/><\/strong><\/p>\n<\/div>\n<p>&nbsp;<\/p>\n<div>\n<p><strong><u>Garantie<\/u>\u00a0:\u00a0<\/strong>Nous vous rappelons que pour la garantie, l&rsquo;installation doit \u00eatre conforme au mode d&#8217;emploi (pr\u00e9conisation du fabricant) et doit respecter les normes en vigueur du pays, pour la France DTU 24.1 ou 24.2.<br \/>\nDe plus, comme pour tous les po\u00eales \u00e0 granul\u00e9s, les appareils sont \u00e0 r\u00e9gler en fonction du tirage naturel de l&rsquo;installation choisie.<\/p>\n<\/div>\n<div class=\"row\" style=\"padding-top: 20px;\">\n<div class=\"col-xs-12 col-sm-12 col-md-12 col-lg-4\" style=\"text-align: center; padding: 15px 2px 25px 2px;\">Questions fr\u00e9quentes<\/div>\n<div class=\"col-xs-12 col-sm-12 col-md-12 col-lg-4\" style=\"text-align: center; padding: 15px 2px 25px 2px;\">Quelle puissance choisir ?<\/div>\n<div class=\"col-xs-12 col-sm-12 col-md-12 col-lg-4\" style=\"text-align: center; padding: 15px 2px 25px 2px;\">Livraison<\/div>\n<\/div>\n","protected":false},"excerpt":{"rendered":"<p id=\"product_reference\"><label>R\u00e9f\u00e9rence <\/label><br \/>\n<span class=\"editable\">8976543768<\/span><\/p>\n<p id=\"product_condition\"><label>\u00c9tat : <\/label><br \/>\n<span class=\"editable\">Neuf<\/span><\/p>\n<p id=\"product_ean13\"><label>Ean13: <\/label><br \/>\n8029728638762<\/p>\n<div id=\"short_description_block\">\n<div id=\"short_description_content\" class=\"rte align_justify\">\n<div id=\"short_description_content\" class=\"rte align_justify\">\n<p>Po\u00eale \u00e0 granules hydraulique EVACALOR Tosca 24 kw<\/p>\n<p><strong><strong>Garantie : 2 ans pi\u00e8ces<\/strong><\/strong><\/p>\n<p><strong><span style=\"color: #218e53;\">D\u00e9lai de livraison : 5 \u00e0 12 jours ouvr\u00e9s<\/span> <\/strong><\/p>\n<p><span style=\"text-decoration: underline;\"><strong>LIVRAISON GRATUITE<\/strong><\/span> (Partout en Europe)<\/p>\n<\/div>\n<\/div>\n<\/div>\n<div class=\"attribute_list\">\n<div id=\"uniform-group_2\" class=\"selector\" style=\"width: 191.667px;\"><\/div>\n<\/div>\n<p><!-- end attribute_list --><\/p>\n","protected":false},"featured_media":10090,"comment_status":"open","ping_status":"closed","template":"","meta":[],"product_brand":[],"product_cat":[98,102],"product_tag":[],"class_list":{"0":"post-10003","1":"product","2":"type-product","3":"status-publish","4":"has-post-thumbnail","6":"product_cat-chaudieres","7":"product_cat-poeles-a-granules-chauffage-central","9":"first","10":"instock","11":"sale","12":"purchasable","13":"product-type-simple"},"jetpack_sharing_enabled":true,"_links":{"self":[{"href":"https:\/\/troncybois.com\/index.php?rest_route=\/wp\/v2\/product\/10003","targetHints":{"allow":["GET"]}}],"collection":[{"href":"https:\/\/troncybois.com\/index.php?rest_route=\/wp\/v2\/product"}],"about":[{"href":"https:\/\/troncybois.com\/index.php?rest_route=\/wp\/v2\/types\/product"}],"replies":[{"embeddable":true,"href":"https:\/\/troncybois.com\/index.php?rest_route=%2Fwp%2Fv2%2Fcomments&post=10003"}],"version-history":[{"count":1,"href":"https:\/\/troncybois.com\/index.php?rest_route=\/wp\/v2\/product\/10003\/revisions"}],"predecessor-version":[{"id":10094,"href":"https:\/\/troncybois.com\/index.php?rest_route=\/wp\/v2\/product\/10003\/revisions\/10094"}],"wp:featuredmedia":[{"embeddable":true,"href":"https:\/\/troncybois.com\/index.php?rest_route=\/wp\/v2\/media\/10090"}],"wp:attachment":[{"href":"https:\/\/troncybois.com\/index.php?rest_route=%2Fwp%2Fv2%2Fmedia&parent=10003"}],"wp:term":[{"taxonomy":"product_brand","embeddable":true,"href":"https:\/\/troncybois.com\/index.php?rest_route=%2Fwp%2Fv2%2Fproduct_brand&post=10003"},{"taxonomy":"product_cat","embeddable":true,"href":"https:\/\/troncybois.com\/index.php?rest_route=%2Fwp%2Fv2%2Fproduct_cat&post=10003"},{"taxonomy":"product_tag","embeddable":true,"href":"https:\/\/troncybois.com\/index.php?rest_route=%2Fwp%2Fv2%2Fproduct_tag&post=10003"}],"curies":[{"name":"wp","href":"https:\/\/api.w.org\/{rel}","templated":true}]}}