{"id":10002,"date":"2023-05-30T13:23:48","date_gmt":"2023-05-30T11:23:48","guid":{"rendered":"https:\/\/antiquewhite-gerbil-448984.hostingersite.com\/?post_type=product&#038;p=10002"},"modified":"2024-05-30T22:21:02","modified_gmt":"2024-05-30T20:21:02","slug":"poele-a-granules-hydraulique-evacalor-venere-175-kw","status":"publish","type":"product","link":"https:\/\/troncybois.com\/?product=poele-a-granules-hydraulique-evacalor-venere-175-kw","title":{"rendered":"Po\u00eale \u00e0 granules hydraulique &#8211; EVACALOR Venere 17,5 kW"},"content":{"rendered":"<div class=\"fiche-produit\">\n<p>Po\u00eale \u00e0 granules hydraulique <strong>EVACALOR Venere 17,5 kW<\/strong><\/p>\n<p><strong>Caract\u00e9ristiques : <\/strong><\/p>\n<div>&#8211; Rev\u00eatement en fa\u00efence<\/div>\n<div>&#8211; R\u00e9serve de pellet de 23 kg<\/div>\n<div>&#8211; 5 puissances de fonctionnement<\/div>\n<div>&#8211; Afficheur avec menu dans 6 langues<\/div>\n<div>-Poign\u00e9e amovible<\/div>\n<div>&#8211; T\u00e9l\u00e9commande fournie<\/div>\n<div>&#8211; Thermostat de s\u00e9curit\u00e9<\/div>\n<div>&#8211; Pr\u00e9disposition pour thermostat ext\u00e9rieur<\/div>\n<div>&#8211; Pressostat de s\u00e9curit\u00e9<\/div>\n<div>&#8211; Transducteur de pression pour l\u2019eau<\/div>\n<div>&#8211; Chronothermostat<\/div>\n<div>&#8211; Pompe de circulation<\/div>\n<div>&#8211; Vase d\u2019expansion<\/div>\n<div>&#8211; Vanne de s\u00e9curit\u00e9<\/div>\n<div><\/div>\n<div>\n<p style=\"text-align: center;\"><strong>Puissance brul\u00e9: max 17,5 kW \u2013 min 4,5 kW<\/strong><br \/>\n<strong>Puissance nominale: max 16,0 kW \u2013 min 4,0 kW<\/strong><br \/>\n<strong>Puissance a l\u2019eau: max 13,0 kW \u2013 min 2,5 kW<\/strong><br \/>\n<strong>Classe d\u2019efficacit\u00e9 \u00e9nerg\u00e9tique: A+<\/strong><br \/>\n<strong>Rendement: Pmax 91,5% \u2013 Pmin 95,5%<\/strong><br \/>\n<strong>CO \u00e9missions \u00e0 13% O2: Pmax 0,008% \u2013 Pmin 0,007%<\/strong><br \/>\n<strong>Consommation de pellets: max 3,7 kg\/h \u2013 min 0,9 kg\/h<\/strong><br \/>\n<strong>Capacit\u00e9 du r\u00e9servoir: 23 kg<\/strong><br \/>\n<strong>Volume de chauffe: 250 \u2013 350 m3<\/strong><br \/>\n<strong>Distance minimale des surfaces inflammables: c\u00f4t\u00e9: 20 cm &#8211; arri\u00e8re: 20 cm &#8211; avant: 100 cm<\/strong><br \/>\n<strong>Tension \/ Fr\u00e9quence: 230 V \/ 50 Hz<\/strong><br \/>\n<strong>Puissance nominale \u00e9lectrique: 450 W<\/strong><br \/>\n<strong>Mesures: L 55,2 x P 58,7 x H 110,3 cm<\/strong><br \/>\n<strong>Poids: 190 kg<\/strong><br \/>\n<strong>Chambre de combustion en acier<\/strong><br \/>\n<strong>Foyer en acier inox<\/strong><br \/>\n<strong>Est conforme aux: EN14785 &#8211; BImSchV II &#8211; 15a B-VG &#8211; LRV\/VKF &#8211; BAFA<\/strong><br \/>\n<strong>T\u00e9l\u00e9commande: Inclus<\/strong><br \/>\n<strong>\u00c9vacuation des fum\u00e9es: Arri\u00e8re<\/strong><br \/>\n<strong>Chauffe-eau: En option<\/strong><\/p>\n<div style=\"text-align: center;\"><strong>Module WIFI pour la t\u00e9l\u00e9commande: En option\u00a0<\/strong><\/div>\n<div style=\"text-align: center;\"><img decoding=\"async\" class=\"imageFloatLeft\" src=\"https:\/\/cdn2.poelediscount.com\/6613-thickbox_default\/poele-a-granules-hydraulique-evacalor-venere-175-kw.jpg\" alt=\"\" \/><\/div>\n<\/div>\n<\/div>\n<p>&nbsp;<\/p>\n<div>\n<p><strong><u>Garantie<\/u>\u00a0:\u00a0<\/strong>Nous vous rappelons que pour la garantie, l&rsquo;installation doit \u00eatre conforme au mode d&#8217;emploi (pr\u00e9conisation du fabricant) et doit respecter les normes en vigueur du pays, pour la France DTU 24.1 ou 24.2.<br \/>\nDe plus, comme pour tous les po\u00eales \u00e0 granul\u00e9s, les appareils sont \u00e0 r\u00e9gler en fonction du tirage naturel de l&rsquo;installation choisie.<\/p>\n<\/div>\n<div class=\"row\" style=\"padding-top: 20px;\">\n<div class=\"col-xs-12 col-sm-12 col-md-12 col-lg-4\" style=\"text-align: center; padding: 15px 2px 25px 2px;\">Questions fr\u00e9quentes<\/div>\n<div class=\"col-xs-12 col-sm-12 col-md-12 col-lg-4\" style=\"text-align: center; padding: 15px 2px 25px 2px;\">Quelle puissance choisir ?<\/div>\n<div class=\"col-xs-12 col-sm-12 col-md-12 col-lg-4\" style=\"text-align: center; padding: 15px 2px 25px 2px;\">Livraison<\/div>\n<\/div>\n","protected":false},"excerpt":{"rendered":"<div><\/div>\n<p id=\"product_reference\"><label>R\u00e9f\u00e9rence <\/label><br \/>\n<span class=\"editable\">8976546<\/span><\/p>\n<p id=\"product_condition\"><label>\u00c9tat : <\/label><br \/>\n<span class=\"editable\">Neuf<\/span><\/p>\n<div id=\"short_description_block\">\n<div id=\"short_description_content\" class=\"rte align_justify\">\n<p>Po\u00eale \u00e0 granules hydraulique <strong>EVACALOR Venere 17,5 kW<br \/>\n<\/strong><\/p>\n<p><strong><strong>Garantie : 2 ans pi\u00e8ces<\/strong><\/strong><\/p>\n<p><strong><span style=\"color: #218e53;\">D\u00e9lai de livraison : 5 \u00e0 12 jours ouvr\u00e9s<\/span> <\/strong><\/p>\n<p><span style=\"text-decoration: underline;\"><strong>LIVRAISON GRATUITE<\/strong><\/span> (Partout en Europe)<\/p>\n<\/div>\n<\/div>\n<div class=\"attribute_list\">\n<div id=\"uniform-group_2\" class=\"selector\" style=\"width: 191.667px;\"><\/div>\n<\/div>\n<p><!-- end attribute_list --><\/p>\n","protected":false},"featured_media":10080,"comment_status":"open","ping_status":"closed","template":"","meta":[],"product_brand":[],"product_cat":[98,99],"product_tag":[],"class_list":{"0":"post-10002","1":"product","2":"type-product","3":"status-publish","4":"has-post-thumbnail","6":"product_cat-chaudieres","7":"product_cat-chaudieres-a-granules","9":"first","10":"instock","11":"sale","12":"purchasable","13":"product-type-simple"},"jetpack_sharing_enabled":true,"_links":{"self":[{"href":"https:\/\/troncybois.com\/index.php?rest_route=\/wp\/v2\/product\/10002","targetHints":{"allow":["GET"]}}],"collection":[{"href":"https:\/\/troncybois.com\/index.php?rest_route=\/wp\/v2\/product"}],"about":[{"href":"https:\/\/troncybois.com\/index.php?rest_route=\/wp\/v2\/types\/product"}],"replies":[{"embeddable":true,"href":"https:\/\/troncybois.com\/index.php?rest_route=%2Fwp%2Fv2%2Fcomments&post=10002"}],"version-history":[{"count":1,"href":"https:\/\/troncybois.com\/index.php?rest_route=\/wp\/v2\/product\/10002\/revisions"}],"predecessor-version":[{"id":10086,"href":"https:\/\/troncybois.com\/index.php?rest_route=\/wp\/v2\/product\/10002\/revisions\/10086"}],"wp:featuredmedia":[{"embeddable":true,"href":"https:\/\/troncybois.com\/index.php?rest_route=\/wp\/v2\/media\/10080"}],"wp:attachment":[{"href":"https:\/\/troncybois.com\/index.php?rest_route=%2Fwp%2Fv2%2Fmedia&parent=10002"}],"wp:term":[{"taxonomy":"product_brand","embeddable":true,"href":"https:\/\/troncybois.com\/index.php?rest_route=%2Fwp%2Fv2%2Fproduct_brand&post=10002"},{"taxonomy":"product_cat","embeddable":true,"href":"https:\/\/troncybois.com\/index.php?rest_route=%2Fwp%2Fv2%2Fproduct_cat&post=10002"},{"taxonomy":"product_tag","embeddable":true,"href":"https:\/\/troncybois.com\/index.php?rest_route=%2Fwp%2Fv2%2Fproduct_tag&post=10002"}],"curies":[{"name":"wp","href":"https:\/\/api.w.org\/{rel}","templated":true}]}}