{"id":10000,"date":"2023-05-30T13:23:48","date_gmt":"2023-05-30T11:23:48","guid":{"rendered":"https:\/\/antiquewhite-gerbil-448984.hostingersite.com\/?post_type=product&#038;p=10000"},"modified":"2024-05-30T22:20:16","modified_gmt":"2024-05-30T20:20:16","slug":"chaudiere-a-granules-a-air-pulse-evacalor-duna-20-kw","status":"publish","type":"product","link":"https:\/\/troncybois.com\/?product=chaudiere-a-granules-a-air-pulse-evacalor-duna-20-kw","title":{"rendered":"Chaudi\u00e8re \u00e0 granul\u00e9s \u00e0 air puls\u00e9 &#8211; EVACALOR Duna 20 kW"},"content":{"rendered":"<div class=\"fiche-produit\">\n<p><strong>La chaudi\u00e8re \u00e0 air puls\u00e9 Duna<\/strong> <strong>20 kW<\/strong> de la marque <strong>EVACALOR<\/strong> est un g\u00e9n\u00e9rateur de chaleur s&rsquo;adaptant aux grandes pi\u00e8ces. Elle souffle de l&rsquo;air chaud uniquement dans la pi\u00e8ce dans laquelle elle se situe est sera parfaite pour les serres, les salles de gym et hangars.<\/p>\n<h2>Informations cl\u00e9s sur la Chaudi\u00e8re \u00e0 granul\u00e9s \u00e0 air puls\u00e9 &#8211; EVACALOR Duna 20 kW<\/h2>\n<ul>\n<li>Double porte<\/li>\n<li>Ventilation forc\u00e9e<\/li>\n<li>Chambre de combustion en acier<\/li>\n<li>Brasier en acier<\/li>\n<li>Poign\u00e9e amovible<\/li>\n<li>Tiroir des cendres amovible<\/li>\n<li>Afficheur avec menu dans 6 langues<\/li>\n<li>5 puissances de fonctionnement<\/li>\n<li>Ventilation frontale<\/li>\n<li>Thermostat de s\u00e9curit\u00e9<\/li>\n<li>Pressostat de s\u00e9curit\u00e9<\/li>\n<li>Chrono thermostat<\/li>\n<li>Pr\u00e9disposition pour thermostat ext\u00e9rieur<\/li>\n<li>\u00c9vacuation des fum\u00e9es : Sup\u00e9rieur<\/li>\n<li>T\u00e9l\u00e9commande : OPTION<\/li>\n<li>Module WIFI : OPTION<\/li>\n<\/ul>\n<h2>Caract\u00e9ristiques techniques de la Chaudi\u00e8re \u00e0 granul\u00e9s \u00e0 air puls\u00e9 &#8211; EVACALOR Duna 20 kW<\/h2>\n<ul>\n<li>Puissance nominale : max 18.5 kW \/ min 7 kW<\/li>\n<li>Puissance brul\u00e9e : max 20.5 kW \/ min 7.7 kW<\/li>\n<li>Rendement : Pmax 90% \/ Pmin 94.5%<\/li>\n<li>Consommation de pellets : max 4.3 kg\/h \/ min 1.6 kg\/h<\/li>\n<li>Capacit\u00e9 du r\u00e9servoir : 40 kg<\/li>\n<li>Volume de chauffe : de 300 \u00e0 400 m3<\/li>\n<li>Poids : 273 kg<\/li>\n<li>Dimensions : L 1039 x P 452 x H 1343 mm<\/li>\n<li>Distance minimale des surfaces inflammables : c\u00f4t\u00e9 20cm \/ arri\u00e8re 8cm \/ avant 100cm<\/li>\n<li>Puissance nominale \u00e9lectrique : 450W<\/li>\n<li>Tension \/ Fr\u00e9quence : 230V \/ 50Hz<\/li>\n<li>CO \u00e9missions \u00e0 13% O2 : Pmax 0,005% \/ Pmin 0,009%<\/li>\n<li>Diam\u00e8tre sortie des fum\u00e9es : 80 mm<\/li>\n<\/ul>\n<h3>Sch\u00e9ma explicatif de la Chaudi\u00e8re \u00e0 granul\u00e9s \u00e0 air puls\u00e9 &#8211; EVACALOR Duna 20 kW<\/h3>\n<p><img fetchpriority=\"high\" decoding=\"async\" src=\"https:\/\/www.poelediscount.com\/img\/cms\/DUNA.png\" alt=\"\" width=\"728\" height=\"495\" \/><\/p>\n<h3>Les diff\u00e9rents syst\u00e8mes d<strong>e la Chaudi\u00e8re \u00e0 granul\u00e9s \u00e0 air puls\u00e9 &#8211; EVACALOR Duna 20 kW<br \/>\n<\/strong><\/h3>\n<p><strong>ECODESIGN 2022<\/strong><br \/>\nCe produit r\u00e9pond aux crit\u00e8res du label Ecodesign 2022 qui \u00e9tablit les normes d&rsquo;un projet \u00e9co-compatible, ses m\u00e9thodes de calculs et d&rsquo;\u00e9valuation sont \u00e9tablis dans le but de r\u00e9duire les \u00e9missions dans l&rsquo;atmosph\u00e8re.<strong><br \/>\n<\/strong><\/p>\n<p><strong>CLASSIFICATION ENVIRONNEMENTALE<\/strong><br \/>\nLe produit est conforme aux normes environnementales les plus strictes et classifi\u00e9 4 \u00e9toiles.<\/p>\n<p><strong>A propos du fournisseur : <\/strong>Eva calor est une entreprise italienne sp\u00e9cialis\u00e9e dans la confection d&rsquo;appareils de chauffage. Elle propose une large gamme de po\u00eales \u00e0 granul\u00e9s, insert, cuisini\u00e8re, <strong>chaudi\u00e8re \u00e0 granul\u00e9s \u00e0 air puls\u00e9<\/strong> de qualit\u00e9. \u00c9cologiquement responsable la marque fait subir tout un tas de test et de contr\u00f4les \u00e0 ses produits afin de garantir la fiabilit\u00e9 et la s\u00e9curit\u00e9.<\/p>\n<\/div>\n<p>&nbsp;<\/p>\n<div>\n<p><strong><u>Garantie<\/u>\u00a0:\u00a0<\/strong>Nous vous rappelons que pour la garantie, l&rsquo;installation doit \u00eatre conforme au mode d&#8217;emploi (pr\u00e9conisation du fabricant) et doit respecter les normes en vigueur du pays, pour la France DTU 24.1 ou 24.2.<br \/>\nDe plus, comme pour tous les po\u00eales \u00e0 granul\u00e9s, les appareils sont \u00e0 r\u00e9gler en fonction du tirage naturel de l&rsquo;installation choisie.<\/p>\n<\/div>\n<div class=\"row\" style=\"padding-top: 20px;\">\n<div class=\"col-xs-12 col-sm-12 col-md-12 col-lg-4\" style=\"text-align: center; padding: 15px 2px 25px 2px;\">Questions fr\u00e9quentes<\/div>\n<div class=\"col-xs-12 col-sm-12 col-md-12 col-lg-4\" style=\"text-align: center; padding: 15px 2px 25px 2px;\">Quelle puissance choisir ?<\/div>\n<div class=\"col-xs-12 col-sm-12 col-md-12 col-lg-4\" style=\"text-align: center; padding: 15px 2px 25px 2px;\">Livraison<\/div>\n<\/div>\n","protected":false},"excerpt":{"rendered":"<p id=\"product_reference\"><label>R\u00e9f\u00e9rence <\/label><br \/>\n<span class=\"editable\">890765789<\/span><\/p>\n<p id=\"product_condition\"><label>\u00c9tat : <\/label><br \/>\n<span class=\"editable\">Neuf<\/span><\/p>\n<p id=\"product_ean13\"><label>Ean13: <\/label><br \/>\n8029728639875<\/p>\n<div id=\"short_description_block\">\n<div id=\"short_description_content\" class=\"rte align_justify\">\n<ul>\n<li>Marque EVACALOR<\/li>\n<li>Garantie : 2 ans pi\u00e8ces<\/li>\n<li>Non \u00e9tanche : Zone 1<\/li>\n<li>EcoDesign 2022<\/li>\n<\/ul>\n<p><strong><span style=\"color: #218e53;\">D\u00e9lai de livraison : 5 \u00e0 12 jours ouvr\u00e9s<\/span> <\/strong><\/p>\n<p><span style=\"text-decoration: underline;\"><strong>LIVRAISON GRATUITE<\/strong><\/span> (Partout en Europe)<\/p>\n<\/div>\n<\/div>\n<p><!-- end attribute_list --><\/p>\n","protected":false},"featured_media":10056,"comment_status":"open","ping_status":"closed","template":"","meta":[],"product_brand":[],"product_cat":[98,103],"product_tag":[],"class_list":{"0":"post-10000","1":"product","2":"type-product","3":"status-publish","4":"has-post-thumbnail","6":"product_cat-chaudieres","7":"product_cat-chaudieres-a-granules-a-air-pulse","9":"first","10":"instock","11":"sale","12":"purchasable","13":"product-type-simple"},"jetpack_sharing_enabled":true,"_links":{"self":[{"href":"https:\/\/troncybois.com\/index.php?rest_route=\/wp\/v2\/product\/10000","targetHints":{"allow":["GET"]}}],"collection":[{"href":"https:\/\/troncybois.com\/index.php?rest_route=\/wp\/v2\/product"}],"about":[{"href":"https:\/\/troncybois.com\/index.php?rest_route=\/wp\/v2\/types\/product"}],"replies":[{"embeddable":true,"href":"https:\/\/troncybois.com\/index.php?rest_route=%2Fwp%2Fv2%2Fcomments&post=10000"}],"version-history":[{"count":1,"href":"https:\/\/troncybois.com\/index.php?rest_route=\/wp\/v2\/product\/10000\/revisions"}],"predecessor-version":[{"id":10067,"href":"https:\/\/troncybois.com\/index.php?rest_route=\/wp\/v2\/product\/10000\/revisions\/10067"}],"wp:featuredmedia":[{"embeddable":true,"href":"https:\/\/troncybois.com\/index.php?rest_route=\/wp\/v2\/media\/10056"}],"wp:attachment":[{"href":"https:\/\/troncybois.com\/index.php?rest_route=%2Fwp%2Fv2%2Fmedia&parent=10000"}],"wp:term":[{"taxonomy":"product_brand","embeddable":true,"href":"https:\/\/troncybois.com\/index.php?rest_route=%2Fwp%2Fv2%2Fproduct_brand&post=10000"},{"taxonomy":"product_cat","embeddable":true,"href":"https:\/\/troncybois.com\/index.php?rest_route=%2Fwp%2Fv2%2Fproduct_cat&post=10000"},{"taxonomy":"product_tag","embeddable":true,"href":"https:\/\/troncybois.com\/index.php?rest_route=%2Fwp%2Fv2%2Fproduct_tag&post=10000"}],"curies":[{"name":"wp","href":"https:\/\/api.w.org\/{rel}","templated":true}]}}